{"id":1084,"date":"2025-02-17T19:16:42","date_gmt":"2025-02-17T18:16:42","guid":{"rendered":"https:\/\/ringoyotto.com\/producto\/lata-de-pescado-y-pavo-con-verduras-wild-balance\/"},"modified":"2026-04-04T11:42:55","modified_gmt":"2026-04-04T09:42:55","slug":"lata-de-pescado-y-pavo-con-verduras-wild-balance","status":"publish","type":"product","link":"https:\/\/ringoyotto.com\/en\/product\/lata-de-pescado-y-pavo-con-verduras-wild-balance\/","title":{"rendered":"Lata de Pescado y Pavo con verduras Wild Balance"},"content":{"rendered":"<p>Composici\u00f3n: 60% pavo fresco (45% pavo entero, 10% h\u00edgado de pavo, 5% coraz\u00f3n de pavo), 30% pescaditos salvajes (espad\u00edn), 7% zanahoria y 3% espinacas.<br \/>\nComponentes anal\u00edticos: Prote\u00edna: 16%, grasa: 13%, fibra bruta: &lt;0,5%, minerales 2,5%, humedad: 68%.<\/p>","protected":false},"excerpt":{"rendered":"<p>Lata completa de Espad\u00edn y Pavo con zanahoria y espinacas frescas cocinada al vapor para perros.<\/p>","protected":false},"featured_media":1048,"template":"","meta":[],"product_brand":[85],"product_cat":[23,24],"product_tag":[],"para_quien":[99],"class_list":{"0":"post-1084","1":"product","2":"type-product","3":"status-publish","4":"has-post-thumbnail","6":"product_brand-wild-balance","7":"product_cat-1-alimentacion","8":"product_cat-comida-humeda","9":"para_quien-perro","11":"first","12":"instock","13":"taxable","14":"shipping-taxable","15":"purchasable","16":"product-type-simple"},"yoast_head":"<!-- This site is optimized with the Yoast SEO plugin v27.4 - https:\/\/yoast.com\/product\/yoast-seo-wordpress\/ -->\n<title>Lata de Pescado y Pavo con verduras Wild Balance - Ringo &amp; Otto<\/title>\n<meta name=\"robots\" content=\"index, follow, max-snippet:-1, max-image-preview:large, max-video-preview:-1\" \/>\n<link rel=\"canonical\" href=\"https:\/\/ringoyotto.com\/en\/product\/lata-de-pescado-y-pavo-con-verduras-wild-balance\/\" \/>\n<meta property=\"og:locale\" content=\"en_GB\" \/>\n<meta property=\"og:type\" content=\"article\" \/>\n<meta property=\"og:title\" content=\"Lata de Pescado y Pavo con verduras Wild Balance - Ringo &amp; Otto\" \/>\n<meta property=\"og:description\" content=\"Lata completa de Espad\u00edn y Pavo con zanahoria y espinacas frescas cocinada al vapor para perros.\" \/>\n<meta property=\"og:url\" content=\"https:\/\/ringoyotto.com\/en\/product\/lata-de-pescado-y-pavo-con-verduras-wild-balance\/\" \/>\n<meta property=\"og:site_name\" content=\"Ringo &amp; Otto\" \/>\n<meta property=\"article:publisher\" content=\"https:\/\/www.facebook.com\/ringoyotto\" \/>\n<meta property=\"article:modified_time\" content=\"2026-04-04T09:42:55+00:00\" \/>\n<meta property=\"og:image\" content=\"https:\/\/ringoyotto.com\/wp-content\/uploads\/2025\/02\/Lata-pescado-y-pavo-wild-balance.webp\" \/>\n\t<meta property=\"og:image:width\" content=\"1080\" \/>\n\t<meta property=\"og:image:height\" content=\"1080\" \/>\n\t<meta property=\"og:image:type\" content=\"image\/webp\" \/>\n<meta name=\"twitter:card\" content=\"summary_large_image\" \/>\n<meta name=\"twitter:label1\" content=\"Estimated reading time\" \/>\n\t<meta name=\"twitter:data1\" content=\"1 minute\" \/>\n<script type=\"application\/ld+json\" class=\"yoast-schema-graph\">{\"@context\":\"https:\\\/\\\/schema.org\",\"@graph\":[{\"@type\":\"WebPage\",\"@id\":\"https:\\\/\\\/ringoyotto.com\\\/producto\\\/lata-de-pescado-y-pavo-con-verduras-wild-balance\\\/\",\"url\":\"https:\\\/\\\/ringoyotto.com\\\/producto\\\/lata-de-pescado-y-pavo-con-verduras-wild-balance\\\/\",\"name\":\"Lata de Pescado y Pavo con verduras Wild Balance - Ringo &amp; Otto\",\"isPartOf\":{\"@id\":\"https:\\\/\\\/ringoyotto.com\\\/#website\"},\"primaryImageOfPage\":{\"@id\":\"https:\\\/\\\/ringoyotto.com\\\/producto\\\/lata-de-pescado-y-pavo-con-verduras-wild-balance\\\/#primaryimage\"},\"image\":{\"@id\":\"https:\\\/\\\/ringoyotto.com\\\/producto\\\/lata-de-pescado-y-pavo-con-verduras-wild-balance\\\/#primaryimage\"},\"thumbnailUrl\":\"https:\\\/\\\/ringoyotto.com\\\/wp-content\\\/uploads\\\/2025\\\/02\\\/Lata-pescado-y-pavo-wild-balance.webp\",\"datePublished\":\"2025-02-17T18:16:42+00:00\",\"dateModified\":\"2026-04-04T09:42:55+00:00\",\"breadcrumb\":{\"@id\":\"https:\\\/\\\/ringoyotto.com\\\/producto\\\/lata-de-pescado-y-pavo-con-verduras-wild-balance\\\/#breadcrumb\"},\"inLanguage\":\"en-GB\",\"potentialAction\":[{\"@type\":\"ReadAction\",\"target\":[\"https:\\\/\\\/ringoyotto.com\\\/producto\\\/lata-de-pescado-y-pavo-con-verduras-wild-balance\\\/\"]}]},{\"@type\":\"ImageObject\",\"inLanguage\":\"en-GB\",\"@id\":\"https:\\\/\\\/ringoyotto.com\\\/producto\\\/lata-de-pescado-y-pavo-con-verduras-wild-balance\\\/#primaryimage\",\"url\":\"https:\\\/\\\/ringoyotto.com\\\/wp-content\\\/uploads\\\/2025\\\/02\\\/Lata-pescado-y-pavo-wild-balance.webp\",\"contentUrl\":\"https:\\\/\\\/ringoyotto.com\\\/wp-content\\\/uploads\\\/2025\\\/02\\\/Lata-pescado-y-pavo-wild-balance.webp\",\"width\":1080,\"height\":1080},{\"@type\":\"BreadcrumbList\",\"@id\":\"https:\\\/\\\/ringoyotto.com\\\/producto\\\/lata-de-pescado-y-pavo-con-verduras-wild-balance\\\/#breadcrumb\",\"itemListElement\":[{\"@type\":\"ListItem\",\"position\":1,\"name\":\"Portada\",\"item\":\"https:\\\/\\\/ringoyotto.com\\\/\"},{\"@type\":\"ListItem\",\"position\":2,\"name\":\"Tienda\",\"item\":\"https:\\\/\\\/ringoyotto.com\\\/tienda\\\/\"},{\"@type\":\"ListItem\",\"position\":3,\"name\":\"Lata de Pescado y Pavo con verduras Wild Balance\"}]},{\"@type\":\"WebSite\",\"@id\":\"https:\\\/\\\/ringoyotto.com\\\/#website\",\"url\":\"https:\\\/\\\/ringoyotto.com\\\/\",\"name\":\"Ringo & Otto\",\"description\":\"Productos para perros y gatos\",\"publisher\":{\"@id\":\"https:\\\/\\\/ringoyotto.com\\\/#organization\"},\"potentialAction\":[{\"@type\":\"SearchAction\",\"target\":{\"@type\":\"EntryPoint\",\"urlTemplate\":\"https:\\\/\\\/ringoyotto.com\\\/?s={search_term_string}\"},\"query-input\":{\"@type\":\"PropertyValueSpecification\",\"valueRequired\":true,\"valueName\":\"search_term_string\"}}],\"inLanguage\":\"en-GB\"},{\"@type\":\"Organization\",\"@id\":\"https:\\\/\\\/ringoyotto.com\\\/#organization\",\"name\":\"Ringo & Otto\",\"url\":\"https:\\\/\\\/ringoyotto.com\\\/\",\"logo\":{\"@type\":\"ImageObject\",\"inLanguage\":\"en-GB\",\"@id\":\"https:\\\/\\\/ringoyotto.com\\\/#\\\/schema\\\/logo\\\/image\\\/\",\"url\":\"https:\\\/\\\/ringoyotto.com\\\/wp-content\\\/uploads\\\/2024\\\/09\\\/167919506_134587955336806_6223653715767570006_n-removebg-preview.png\",\"contentUrl\":\"https:\\\/\\\/ringoyotto.com\\\/wp-content\\\/uploads\\\/2024\\\/09\\\/167919506_134587955336806_6223653715767570006_n-removebg-preview.png\",\"width\":568,\"height\":439,\"caption\":\"Ringo & Otto\"},\"image\":{\"@id\":\"https:\\\/\\\/ringoyotto.com\\\/#\\\/schema\\\/logo\\\/image\\\/\"},\"sameAs\":[\"https:\\\/\\\/www.facebook.com\\\/ringoyotto\",\"https:\\\/\\\/www.instagram.com\\\/ringoyotto\\\/?hl=es\",\"https:\\\/\\\/www.tiktok.com\\\/@ringoyotto\"]}]}<\/script>\n<!-- \/ Yoast SEO plugin. -->","yoast_head_json":{"title":"Lata de Pescado y Pavo con verduras Wild Balance - Ringo &amp; Otto","robots":{"index":"index","follow":"follow","max-snippet":"max-snippet:-1","max-image-preview":"max-image-preview:large","max-video-preview":"max-video-preview:-1"},"canonical":"https:\/\/ringoyotto.com\/en\/product\/lata-de-pescado-y-pavo-con-verduras-wild-balance\/","og_locale":"en_GB","og_type":"article","og_title":"Lata de Pescado y Pavo con verduras Wild Balance - Ringo &amp; Otto","og_description":"Lata completa de Espad\u00edn y Pavo con zanahoria y espinacas frescas cocinada al vapor para perros.","og_url":"https:\/\/ringoyotto.com\/en\/product\/lata-de-pescado-y-pavo-con-verduras-wild-balance\/","og_site_name":"Ringo &amp; Otto","article_publisher":"https:\/\/www.facebook.com\/ringoyotto","article_modified_time":"2026-04-04T09:42:55+00:00","og_image":[{"width":1080,"height":1080,"url":"https:\/\/ringoyotto.com\/wp-content\/uploads\/2025\/02\/Lata-pescado-y-pavo-wild-balance.webp","type":"image\/webp"}],"twitter_card":"summary_large_image","twitter_misc":{"Estimated reading time":"1 minute"},"schema":{"@context":"https:\/\/schema.org","@graph":[{"@type":"WebPage","@id":"https:\/\/ringoyotto.com\/producto\/lata-de-pescado-y-pavo-con-verduras-wild-balance\/","url":"https:\/\/ringoyotto.com\/producto\/lata-de-pescado-y-pavo-con-verduras-wild-balance\/","name":"Lata de Pescado y Pavo con verduras Wild Balance - Ringo &amp; Otto","isPartOf":{"@id":"https:\/\/ringoyotto.com\/#website"},"primaryImageOfPage":{"@id":"https:\/\/ringoyotto.com\/producto\/lata-de-pescado-y-pavo-con-verduras-wild-balance\/#primaryimage"},"image":{"@id":"https:\/\/ringoyotto.com\/producto\/lata-de-pescado-y-pavo-con-verduras-wild-balance\/#primaryimage"},"thumbnailUrl":"https:\/\/ringoyotto.com\/wp-content\/uploads\/2025\/02\/Lata-pescado-y-pavo-wild-balance.webp","datePublished":"2025-02-17T18:16:42+00:00","dateModified":"2026-04-04T09:42:55+00:00","breadcrumb":{"@id":"https:\/\/ringoyotto.com\/producto\/lata-de-pescado-y-pavo-con-verduras-wild-balance\/#breadcrumb"},"inLanguage":"en-GB","potentialAction":[{"@type":"ReadAction","target":["https:\/\/ringoyotto.com\/producto\/lata-de-pescado-y-pavo-con-verduras-wild-balance\/"]}]},{"@type":"ImageObject","inLanguage":"en-GB","@id":"https:\/\/ringoyotto.com\/producto\/lata-de-pescado-y-pavo-con-verduras-wild-balance\/#primaryimage","url":"https:\/\/ringoyotto.com\/wp-content\/uploads\/2025\/02\/Lata-pescado-y-pavo-wild-balance.webp","contentUrl":"https:\/\/ringoyotto.com\/wp-content\/uploads\/2025\/02\/Lata-pescado-y-pavo-wild-balance.webp","width":1080,"height":1080},{"@type":"BreadcrumbList","@id":"https:\/\/ringoyotto.com\/producto\/lata-de-pescado-y-pavo-con-verduras-wild-balance\/#breadcrumb","itemListElement":[{"@type":"ListItem","position":1,"name":"Portada","item":"https:\/\/ringoyotto.com\/"},{"@type":"ListItem","position":2,"name":"Tienda","item":"https:\/\/ringoyotto.com\/tienda\/"},{"@type":"ListItem","position":3,"name":"Lata de Pescado y Pavo con verduras Wild Balance"}]},{"@type":"WebSite","@id":"https:\/\/ringoyotto.com\/#website","url":"https:\/\/ringoyotto.com\/","name":"Ringo & Otto","description":"Productos para perros y gatos","publisher":{"@id":"https:\/\/ringoyotto.com\/#organization"},"potentialAction":[{"@type":"SearchAction","target":{"@type":"EntryPoint","urlTemplate":"https:\/\/ringoyotto.com\/?s={search_term_string}"},"query-input":{"@type":"PropertyValueSpecification","valueRequired":true,"valueName":"search_term_string"}}],"inLanguage":"en-GB"},{"@type":"Organization","@id":"https:\/\/ringoyotto.com\/#organization","name":"Ringo & Otto","url":"https:\/\/ringoyotto.com\/","logo":{"@type":"ImageObject","inLanguage":"en-GB","@id":"https:\/\/ringoyotto.com\/#\/schema\/logo\/image\/","url":"https:\/\/ringoyotto.com\/wp-content\/uploads\/2024\/09\/167919506_134587955336806_6223653715767570006_n-removebg-preview.png","contentUrl":"https:\/\/ringoyotto.com\/wp-content\/uploads\/2024\/09\/167919506_134587955336806_6223653715767570006_n-removebg-preview.png","width":568,"height":439,"caption":"Ringo & Otto"},"image":{"@id":"https:\/\/ringoyotto.com\/#\/schema\/logo\/image\/"},"sameAs":["https:\/\/www.facebook.com\/ringoyotto","https:\/\/www.instagram.com\/ringoyotto\/?hl=es","https:\/\/www.tiktok.com\/@ringoyotto"]}]}},"_links":{"self":[{"href":"https:\/\/ringoyotto.com\/en\/wp-json\/wp\/v2\/product\/1084","targetHints":{"allow":["GET"]}}],"collection":[{"href":"https:\/\/ringoyotto.com\/en\/wp-json\/wp\/v2\/product"}],"about":[{"href":"https:\/\/ringoyotto.com\/en\/wp-json\/wp\/v2\/types\/product"}],"wp:featuredmedia":[{"embeddable":true,"href":"https:\/\/ringoyotto.com\/en\/wp-json\/wp\/v2\/media\/1048"}],"wp:attachment":[{"href":"https:\/\/ringoyotto.com\/en\/wp-json\/wp\/v2\/media?parent=1084"}],"wp:term":[{"taxonomy":"product_brand","embeddable":true,"href":"https:\/\/ringoyotto.com\/en\/wp-json\/wp\/v2\/product_brand?post=1084"},{"taxonomy":"product_cat","embeddable":true,"href":"https:\/\/ringoyotto.com\/en\/wp-json\/wp\/v2\/product_cat?post=1084"},{"taxonomy":"product_tag","embeddable":true,"href":"https:\/\/ringoyotto.com\/en\/wp-json\/wp\/v2\/product_tag?post=1084"},{"taxonomy":"para_quien","embeddable":true,"href":"https:\/\/ringoyotto.com\/en\/wp-json\/wp\/v2\/para_quien?post=1084"}],"curies":[{"name":"wp","href":"https:\/\/api.w.org\/{rel}","templated":true}]}}