{"id":1237,"date":"2025-03-06T12:24:58","date_gmt":"2025-03-06T11:24:58","guid":{"rendered":"https:\/\/ringoyotto.com\/producto\/yowup-con-pollo-articular\/"},"modified":"2025-05-14T13:08:48","modified_gmt":"2025-05-14T11:08:48","slug":"yowup-con-pollo-articular","status":"publish","type":"product","link":"https:\/\/ringoyotto.com\/en\/product\/yowup-con-pollo-articular\/","title":{"rendered":"YowUp! con Pollo Articular"},"content":{"rendered":"<p>Ingredientes:<br \/>\nProductos l\u00e1cteos fermentados (Yogur sin lactosa) 90,2%, cereales 4,5%, pollo deshuesado 3%, pectina 1%, col\u00e1geno 0,5%, oligofructosa seca 0,5%, aromatizantes, HCl glucosamina 0,1%, sulfato de condroitina 0,05%.<\/p>\n<p>Composantes anal\u00edticos:<br \/>\nProte\u00edna bruta 4,0% \u00b7 Contenido de grasa 0,3% \u00b7 Fibra bruta 0,8% \u00b7 Cenizas 0,7% \u00b7 Humedad 85,1%<\/p>\n<p>Aditivos nutricionales (por kg):<br \/>\nContenido en lactosa: &lt; 0,01 g en 100 g \u00b7 Aditivos\/kg: Vitamina E 200 UI \u00b7 Informaci\u00f3n nutricional: 0% grasa, sin az\u00facar a\u00f1adido, sin lactosa, con fibra prebi\u00f3tica, con col\u00e1geno y condroprotectores.<\/p>\n<p>Modo de conservaci\u00f3n:<br \/>\nConservar a temperatura ambiente. Una vez abierto puede aguantar sin fr\u00edo hasta 48 horas, pero lo recomendable es guardarlo en la nevera. All\u00ed se mantendr\u00e1 en perfectas condiciones durante 5 d\u00edas.<\/p>","protected":false},"excerpt":{"rendered":"<p>Yogur con condroprotectores, col\u00e1geno y c\u00farcuma para mejorar las articulaciones y fortalece sus huesos.<\/p>","protected":false},"featured_media":1201,"template":"","meta":[],"product_brand":[],"product_cat":[23,88],"product_tag":[],"para_quien":[99],"class_list":{"0":"post-1237","1":"product","2":"type-product","3":"status-publish","4":"has-post-thumbnail","6":"product_cat-1-alimentacion","7":"product_cat-cremas-caldos-yogures","8":"para_quien-perro","10":"first","11":"instock","12":"taxable","13":"shipping-taxable","14":"purchasable","15":"product-type-simple"},"yoast_head":"<!-- This site is optimized with the Yoast SEO plugin v27.4 - https:\/\/yoast.com\/product\/yoast-seo-wordpress\/ -->\n<title>YowUp! con Pollo Articular - Ringo &amp; Otto<\/title>\n<meta name=\"robots\" content=\"index, follow, max-snippet:-1, max-image-preview:large, max-video-preview:-1\" \/>\n<link rel=\"canonical\" href=\"https:\/\/ringoyotto.com\/en\/product\/yowup-con-pollo-articular\/\" \/>\n<meta property=\"og:locale\" content=\"en_GB\" \/>\n<meta property=\"og:type\" content=\"article\" \/>\n<meta property=\"og:title\" content=\"YowUp! con Pollo Articular - Ringo &amp; Otto\" \/>\n<meta property=\"og:description\" content=\"Yogur con condroprotectores, col\u00e1geno y c\u00farcuma para mejorar las articulaciones y fortalece sus huesos.\" \/>\n<meta property=\"og:url\" content=\"https:\/\/ringoyotto.com\/en\/product\/yowup-con-pollo-articular\/\" \/>\n<meta property=\"og:site_name\" content=\"Ringo &amp; Otto\" \/>\n<meta property=\"article:publisher\" content=\"https:\/\/www.facebook.com\/ringoyotto\" \/>\n<meta property=\"article:modified_time\" content=\"2025-05-14T11:08:48+00:00\" \/>\n<meta property=\"og:image\" content=\"https:\/\/ringoyotto.com\/wp-content\/uploads\/2025\/03\/yowup-articular.png\" \/>\n\t<meta property=\"og:image:width\" content=\"768\" \/>\n\t<meta property=\"og:image:height\" content=\"768\" \/>\n\t<meta property=\"og:image:type\" content=\"image\/png\" \/>\n<meta name=\"twitter:card\" content=\"summary_large_image\" \/>\n<meta name=\"twitter:label1\" content=\"Estimated reading time\" \/>\n\t<meta name=\"twitter:data1\" content=\"1 minute\" \/>\n<script type=\"application\/ld+json\" class=\"yoast-schema-graph\">{\"@context\":\"https:\\\/\\\/schema.org\",\"@graph\":[{\"@type\":\"WebPage\",\"@id\":\"https:\\\/\\\/ringoyotto.com\\\/producto\\\/yowup-con-pollo-articular\\\/\",\"url\":\"https:\\\/\\\/ringoyotto.com\\\/producto\\\/yowup-con-pollo-articular\\\/\",\"name\":\"YowUp! con Pollo Articular - Ringo &amp; Otto\",\"isPartOf\":{\"@id\":\"https:\\\/\\\/ringoyotto.com\\\/#website\"},\"primaryImageOfPage\":{\"@id\":\"https:\\\/\\\/ringoyotto.com\\\/producto\\\/yowup-con-pollo-articular\\\/#primaryimage\"},\"image\":{\"@id\":\"https:\\\/\\\/ringoyotto.com\\\/producto\\\/yowup-con-pollo-articular\\\/#primaryimage\"},\"thumbnailUrl\":\"https:\\\/\\\/ringoyotto.com\\\/wp-content\\\/uploads\\\/2025\\\/03\\\/yowup-articular.png\",\"datePublished\":\"2025-03-06T11:24:58+00:00\",\"dateModified\":\"2025-05-14T11:08:48+00:00\",\"breadcrumb\":{\"@id\":\"https:\\\/\\\/ringoyotto.com\\\/producto\\\/yowup-con-pollo-articular\\\/#breadcrumb\"},\"inLanguage\":\"en-GB\",\"potentialAction\":[{\"@type\":\"ReadAction\",\"target\":[\"https:\\\/\\\/ringoyotto.com\\\/producto\\\/yowup-con-pollo-articular\\\/\"]}]},{\"@type\":\"ImageObject\",\"inLanguage\":\"en-GB\",\"@id\":\"https:\\\/\\\/ringoyotto.com\\\/producto\\\/yowup-con-pollo-articular\\\/#primaryimage\",\"url\":\"https:\\\/\\\/ringoyotto.com\\\/wp-content\\\/uploads\\\/2025\\\/03\\\/yowup-articular.png\",\"contentUrl\":\"https:\\\/\\\/ringoyotto.com\\\/wp-content\\\/uploads\\\/2025\\\/03\\\/yowup-articular.png\",\"width\":768,\"height\":768},{\"@type\":\"BreadcrumbList\",\"@id\":\"https:\\\/\\\/ringoyotto.com\\\/producto\\\/yowup-con-pollo-articular\\\/#breadcrumb\",\"itemListElement\":[{\"@type\":\"ListItem\",\"position\":1,\"name\":\"Portada\",\"item\":\"https:\\\/\\\/ringoyotto.com\\\/\"},{\"@type\":\"ListItem\",\"position\":2,\"name\":\"Tienda\",\"item\":\"https:\\\/\\\/ringoyotto.com\\\/tienda\\\/\"},{\"@type\":\"ListItem\",\"position\":3,\"name\":\"YowUp! con Pollo Articular\"}]},{\"@type\":\"WebSite\",\"@id\":\"https:\\\/\\\/ringoyotto.com\\\/#website\",\"url\":\"https:\\\/\\\/ringoyotto.com\\\/\",\"name\":\"Ringo & Otto\",\"description\":\"Productos para perros y gatos\",\"publisher\":{\"@id\":\"https:\\\/\\\/ringoyotto.com\\\/#organization\"},\"potentialAction\":[{\"@type\":\"SearchAction\",\"target\":{\"@type\":\"EntryPoint\",\"urlTemplate\":\"https:\\\/\\\/ringoyotto.com\\\/?s={search_term_string}\"},\"query-input\":{\"@type\":\"PropertyValueSpecification\",\"valueRequired\":true,\"valueName\":\"search_term_string\"}}],\"inLanguage\":\"en-GB\"},{\"@type\":\"Organization\",\"@id\":\"https:\\\/\\\/ringoyotto.com\\\/#organization\",\"name\":\"Ringo & Otto\",\"url\":\"https:\\\/\\\/ringoyotto.com\\\/\",\"logo\":{\"@type\":\"ImageObject\",\"inLanguage\":\"en-GB\",\"@id\":\"https:\\\/\\\/ringoyotto.com\\\/#\\\/schema\\\/logo\\\/image\\\/\",\"url\":\"https:\\\/\\\/ringoyotto.com\\\/wp-content\\\/uploads\\\/2024\\\/09\\\/167919506_134587955336806_6223653715767570006_n-removebg-preview.png\",\"contentUrl\":\"https:\\\/\\\/ringoyotto.com\\\/wp-content\\\/uploads\\\/2024\\\/09\\\/167919506_134587955336806_6223653715767570006_n-removebg-preview.png\",\"width\":568,\"height\":439,\"caption\":\"Ringo & Otto\"},\"image\":{\"@id\":\"https:\\\/\\\/ringoyotto.com\\\/#\\\/schema\\\/logo\\\/image\\\/\"},\"sameAs\":[\"https:\\\/\\\/www.facebook.com\\\/ringoyotto\",\"https:\\\/\\\/www.instagram.com\\\/ringoyotto\\\/?hl=es\",\"https:\\\/\\\/www.tiktok.com\\\/@ringoyotto\"]}]}<\/script>\n<!-- \/ Yoast SEO plugin. -->","yoast_head_json":{"title":"YowUp! con Pollo Articular - Ringo &amp; Otto","robots":{"index":"index","follow":"follow","max-snippet":"max-snippet:-1","max-image-preview":"max-image-preview:large","max-video-preview":"max-video-preview:-1"},"canonical":"https:\/\/ringoyotto.com\/en\/product\/yowup-con-pollo-articular\/","og_locale":"en_GB","og_type":"article","og_title":"YowUp! con Pollo Articular - Ringo &amp; Otto","og_description":"Yogur con condroprotectores, col\u00e1geno y c\u00farcuma para mejorar las articulaciones y fortalece sus huesos.","og_url":"https:\/\/ringoyotto.com\/en\/product\/yowup-con-pollo-articular\/","og_site_name":"Ringo &amp; Otto","article_publisher":"https:\/\/www.facebook.com\/ringoyotto","article_modified_time":"2025-05-14T11:08:48+00:00","og_image":[{"width":768,"height":768,"url":"https:\/\/ringoyotto.com\/wp-content\/uploads\/2025\/03\/yowup-articular.png","type":"image\/png"}],"twitter_card":"summary_large_image","twitter_misc":{"Estimated reading time":"1 minute"},"schema":{"@context":"https:\/\/schema.org","@graph":[{"@type":"WebPage","@id":"https:\/\/ringoyotto.com\/producto\/yowup-con-pollo-articular\/","url":"https:\/\/ringoyotto.com\/producto\/yowup-con-pollo-articular\/","name":"YowUp! con Pollo Articular - Ringo &amp; Otto","isPartOf":{"@id":"https:\/\/ringoyotto.com\/#website"},"primaryImageOfPage":{"@id":"https:\/\/ringoyotto.com\/producto\/yowup-con-pollo-articular\/#primaryimage"},"image":{"@id":"https:\/\/ringoyotto.com\/producto\/yowup-con-pollo-articular\/#primaryimage"},"thumbnailUrl":"https:\/\/ringoyotto.com\/wp-content\/uploads\/2025\/03\/yowup-articular.png","datePublished":"2025-03-06T11:24:58+00:00","dateModified":"2025-05-14T11:08:48+00:00","breadcrumb":{"@id":"https:\/\/ringoyotto.com\/producto\/yowup-con-pollo-articular\/#breadcrumb"},"inLanguage":"en-GB","potentialAction":[{"@type":"ReadAction","target":["https:\/\/ringoyotto.com\/producto\/yowup-con-pollo-articular\/"]}]},{"@type":"ImageObject","inLanguage":"en-GB","@id":"https:\/\/ringoyotto.com\/producto\/yowup-con-pollo-articular\/#primaryimage","url":"https:\/\/ringoyotto.com\/wp-content\/uploads\/2025\/03\/yowup-articular.png","contentUrl":"https:\/\/ringoyotto.com\/wp-content\/uploads\/2025\/03\/yowup-articular.png","width":768,"height":768},{"@type":"BreadcrumbList","@id":"https:\/\/ringoyotto.com\/producto\/yowup-con-pollo-articular\/#breadcrumb","itemListElement":[{"@type":"ListItem","position":1,"name":"Portada","item":"https:\/\/ringoyotto.com\/"},{"@type":"ListItem","position":2,"name":"Tienda","item":"https:\/\/ringoyotto.com\/tienda\/"},{"@type":"ListItem","position":3,"name":"YowUp! con Pollo Articular"}]},{"@type":"WebSite","@id":"https:\/\/ringoyotto.com\/#website","url":"https:\/\/ringoyotto.com\/","name":"Ringo & Otto","description":"Productos para perros y gatos","publisher":{"@id":"https:\/\/ringoyotto.com\/#organization"},"potentialAction":[{"@type":"SearchAction","target":{"@type":"EntryPoint","urlTemplate":"https:\/\/ringoyotto.com\/?s={search_term_string}"},"query-input":{"@type":"PropertyValueSpecification","valueRequired":true,"valueName":"search_term_string"}}],"inLanguage":"en-GB"},{"@type":"Organization","@id":"https:\/\/ringoyotto.com\/#organization","name":"Ringo & Otto","url":"https:\/\/ringoyotto.com\/","logo":{"@type":"ImageObject","inLanguage":"en-GB","@id":"https:\/\/ringoyotto.com\/#\/schema\/logo\/image\/","url":"https:\/\/ringoyotto.com\/wp-content\/uploads\/2024\/09\/167919506_134587955336806_6223653715767570006_n-removebg-preview.png","contentUrl":"https:\/\/ringoyotto.com\/wp-content\/uploads\/2024\/09\/167919506_134587955336806_6223653715767570006_n-removebg-preview.png","width":568,"height":439,"caption":"Ringo & Otto"},"image":{"@id":"https:\/\/ringoyotto.com\/#\/schema\/logo\/image\/"},"sameAs":["https:\/\/www.facebook.com\/ringoyotto","https:\/\/www.instagram.com\/ringoyotto\/?hl=es","https:\/\/www.tiktok.com\/@ringoyotto"]}]}},"_links":{"self":[{"href":"https:\/\/ringoyotto.com\/en\/wp-json\/wp\/v2\/product\/1237","targetHints":{"allow":["GET"]}}],"collection":[{"href":"https:\/\/ringoyotto.com\/en\/wp-json\/wp\/v2\/product"}],"about":[{"href":"https:\/\/ringoyotto.com\/en\/wp-json\/wp\/v2\/types\/product"}],"wp:featuredmedia":[{"embeddable":true,"href":"https:\/\/ringoyotto.com\/en\/wp-json\/wp\/v2\/media\/1201"}],"wp:attachment":[{"href":"https:\/\/ringoyotto.com\/en\/wp-json\/wp\/v2\/media?parent=1237"}],"wp:term":[{"taxonomy":"product_brand","embeddable":true,"href":"https:\/\/ringoyotto.com\/en\/wp-json\/wp\/v2\/product_brand?post=1237"},{"taxonomy":"product_cat","embeddable":true,"href":"https:\/\/ringoyotto.com\/en\/wp-json\/wp\/v2\/product_cat?post=1237"},{"taxonomy":"product_tag","embeddable":true,"href":"https:\/\/ringoyotto.com\/en\/wp-json\/wp\/v2\/product_tag?post=1237"},{"taxonomy":"para_quien","embeddable":true,"href":"https:\/\/ringoyotto.com\/en\/wp-json\/wp\/v2\/para_quien?post=1237"}],"curies":[{"name":"wp","href":"https:\/\/api.w.org\/{rel}","templated":true}]}}