{"id":1244,"date":"2025-03-06T12:24:58","date_gmt":"2025-03-06T11:24:58","guid":{"rendered":"https:\/\/ringoyotto.com\/producto\/yowup-cat-milk\/"},"modified":"2025-09-19T18:28:46","modified_gmt":"2025-09-19T16:28:46","slug":"yowup-cat-milk","status":"publish","type":"product","link":"https:\/\/ringoyotto.com\/en\/product\/yowup-cat-milk\/","title":{"rendered":"YowUp! Cat Milk"},"content":{"rendered":"<p>Ingredientes:<br \/>\nLeche desnatada (sin lactosa) 99,7%<br \/>\nGlucosamina clorhidrato 0,31%<br \/>\nSulfato de condroitina 0,06%<br \/>\nMinerales<\/p>\n<p>Aditivos nutricionales por kg:<br \/>\nVitamina D3 (3a671) 300 UI<\/p>\n<p>Composici\u00f3n anal\u00edtica:<br \/>\nProte\u00edna: 3,2%<br \/>\nGrasa: 0,3%<br \/>\nFibras brutas: 0,0%<br \/>\nCenizas brutas: 0,7%<br \/>\nHumedad: 90,6%<br \/>\nCalcio: 0,12%<br \/>\nF\u00f3sforo: 0,11%<br \/>\nSodio: 0,07%<br \/>\nLactosa: &lt;0,01%<\/p>\n<p>Gatos de 1-2 kg: 15-30 ml al d\u00eda.<br \/>\nGatos de 2-4 kg: 30-60 ml al d\u00eda.<br \/>\nGatos de 4-6 kg: 60-90 ml al d\u00eda.<br \/>\nGatos de m\u00e1s de 6 kg: Hasta 120 ml al d\u00eda.<\/p>\n<p>Se puede dar s\u00f3lo o mezclarla con otros alimento. Una vez abierto, conserva el envase en el frigor\u00edfico y cons\u00famelo en un plazo de 3 a 4 d\u00edas para garantizar su frescura.<\/p>","protected":false},"excerpt":{"rendered":"<p>Leche especialmente dise\u00f1ada para gatos, sin grasa ni lactosa, y enriquecida con prebi\u00f3ticos, col\u00e1geno y Omega 3. Perfecta para cuidar la salud digestiva, la piel y el pelaje.<\/p>","protected":false},"featured_media":1207,"template":"","meta":[],"product_brand":[],"product_cat":[23,88],"product_tag":[],"para_quien":[100],"class_list":{"0":"post-1244","1":"product","2":"type-product","3":"status-publish","4":"has-post-thumbnail","6":"product_cat-1-alimentacion","7":"product_cat-cremas-caldos-yogures","8":"para_quien-gato","10":"first","11":"instock","12":"taxable","13":"shipping-taxable","14":"purchasable","15":"product-type-simple"},"yoast_head":"<!-- This site is optimized with the Yoast SEO plugin v27.4 - https:\/\/yoast.com\/product\/yoast-seo-wordpress\/ -->\n<title>YowUp! Cat Milk - Ringo &amp; Otto<\/title>\n<meta name=\"robots\" content=\"index, follow, max-snippet:-1, max-image-preview:large, max-video-preview:-1\" \/>\n<link rel=\"canonical\" href=\"https:\/\/ringoyotto.com\/en\/product\/yowup-cat-milk\/\" \/>\n<meta property=\"og:locale\" content=\"en_GB\" \/>\n<meta property=\"og:type\" content=\"article\" \/>\n<meta property=\"og:title\" content=\"YowUp! Cat Milk - Ringo &amp; Otto\" \/>\n<meta property=\"og:description\" content=\"Leche especialmente dise\u00f1ada para gatos, sin grasa ni lactosa, y enriquecida con prebi\u00f3ticos, col\u00e1geno y Omega 3. Perfecta para cuidar la salud digestiva, la piel y el pelaje.\" \/>\n<meta property=\"og:url\" content=\"https:\/\/ringoyotto.com\/en\/product\/yowup-cat-milk\/\" \/>\n<meta property=\"og:site_name\" content=\"Ringo &amp; Otto\" \/>\n<meta property=\"article:publisher\" content=\"https:\/\/www.facebook.com\/ringoyotto\" \/>\n<meta property=\"article:modified_time\" content=\"2025-09-19T16:28:46+00:00\" \/>\n<meta property=\"og:image\" content=\"https:\/\/ringoyotto.com\/wp-content\/uploads\/2025\/03\/yowup-leche-gato.webp\" \/>\n\t<meta property=\"og:image:width\" content=\"840\" \/>\n\t<meta property=\"og:image:height\" content=\"840\" \/>\n\t<meta property=\"og:image:type\" content=\"image\/webp\" \/>\n<meta name=\"twitter:card\" content=\"summary_large_image\" \/>\n<meta name=\"twitter:label1\" content=\"Estimated reading time\" \/>\n\t<meta name=\"twitter:data1\" content=\"1 minute\" \/>\n<script type=\"application\/ld+json\" class=\"yoast-schema-graph\">{\"@context\":\"https:\\\/\\\/schema.org\",\"@graph\":[{\"@type\":\"WebPage\",\"@id\":\"https:\\\/\\\/ringoyotto.com\\\/producto\\\/yowup-cat-milk\\\/\",\"url\":\"https:\\\/\\\/ringoyotto.com\\\/producto\\\/yowup-cat-milk\\\/\",\"name\":\"YowUp! Cat Milk - Ringo &amp; Otto\",\"isPartOf\":{\"@id\":\"https:\\\/\\\/ringoyotto.com\\\/#website\"},\"primaryImageOfPage\":{\"@id\":\"https:\\\/\\\/ringoyotto.com\\\/producto\\\/yowup-cat-milk\\\/#primaryimage\"},\"image\":{\"@id\":\"https:\\\/\\\/ringoyotto.com\\\/producto\\\/yowup-cat-milk\\\/#primaryimage\"},\"thumbnailUrl\":\"https:\\\/\\\/ringoyotto.com\\\/wp-content\\\/uploads\\\/2025\\\/03\\\/yowup-leche-gato.webp\",\"datePublished\":\"2025-03-06T11:24:58+00:00\",\"dateModified\":\"2025-09-19T16:28:46+00:00\",\"breadcrumb\":{\"@id\":\"https:\\\/\\\/ringoyotto.com\\\/producto\\\/yowup-cat-milk\\\/#breadcrumb\"},\"inLanguage\":\"en-GB\",\"potentialAction\":[{\"@type\":\"ReadAction\",\"target\":[\"https:\\\/\\\/ringoyotto.com\\\/producto\\\/yowup-cat-milk\\\/\"]}]},{\"@type\":\"ImageObject\",\"inLanguage\":\"en-GB\",\"@id\":\"https:\\\/\\\/ringoyotto.com\\\/producto\\\/yowup-cat-milk\\\/#primaryimage\",\"url\":\"https:\\\/\\\/ringoyotto.com\\\/wp-content\\\/uploads\\\/2025\\\/03\\\/yowup-leche-gato.webp\",\"contentUrl\":\"https:\\\/\\\/ringoyotto.com\\\/wp-content\\\/uploads\\\/2025\\\/03\\\/yowup-leche-gato.webp\",\"width\":840,\"height\":840},{\"@type\":\"BreadcrumbList\",\"@id\":\"https:\\\/\\\/ringoyotto.com\\\/producto\\\/yowup-cat-milk\\\/#breadcrumb\",\"itemListElement\":[{\"@type\":\"ListItem\",\"position\":1,\"name\":\"Portada\",\"item\":\"https:\\\/\\\/ringoyotto.com\\\/\"},{\"@type\":\"ListItem\",\"position\":2,\"name\":\"Tienda\",\"item\":\"https:\\\/\\\/ringoyotto.com\\\/tienda\\\/\"},{\"@type\":\"ListItem\",\"position\":3,\"name\":\"YowUp! Cat Milk\"}]},{\"@type\":\"WebSite\",\"@id\":\"https:\\\/\\\/ringoyotto.com\\\/#website\",\"url\":\"https:\\\/\\\/ringoyotto.com\\\/\",\"name\":\"Ringo & Otto\",\"description\":\"Productos para perros y gatos\",\"publisher\":{\"@id\":\"https:\\\/\\\/ringoyotto.com\\\/#organization\"},\"potentialAction\":[{\"@type\":\"SearchAction\",\"target\":{\"@type\":\"EntryPoint\",\"urlTemplate\":\"https:\\\/\\\/ringoyotto.com\\\/?s={search_term_string}\"},\"query-input\":{\"@type\":\"PropertyValueSpecification\",\"valueRequired\":true,\"valueName\":\"search_term_string\"}}],\"inLanguage\":\"en-GB\"},{\"@type\":\"Organization\",\"@id\":\"https:\\\/\\\/ringoyotto.com\\\/#organization\",\"name\":\"Ringo & Otto\",\"url\":\"https:\\\/\\\/ringoyotto.com\\\/\",\"logo\":{\"@type\":\"ImageObject\",\"inLanguage\":\"en-GB\",\"@id\":\"https:\\\/\\\/ringoyotto.com\\\/#\\\/schema\\\/logo\\\/image\\\/\",\"url\":\"https:\\\/\\\/ringoyotto.com\\\/wp-content\\\/uploads\\\/2024\\\/09\\\/167919506_134587955336806_6223653715767570006_n-removebg-preview.png\",\"contentUrl\":\"https:\\\/\\\/ringoyotto.com\\\/wp-content\\\/uploads\\\/2024\\\/09\\\/167919506_134587955336806_6223653715767570006_n-removebg-preview.png\",\"width\":568,\"height\":439,\"caption\":\"Ringo & Otto\"},\"image\":{\"@id\":\"https:\\\/\\\/ringoyotto.com\\\/#\\\/schema\\\/logo\\\/image\\\/\"},\"sameAs\":[\"https:\\\/\\\/www.facebook.com\\\/ringoyotto\",\"https:\\\/\\\/www.instagram.com\\\/ringoyotto\\\/?hl=es\",\"https:\\\/\\\/www.tiktok.com\\\/@ringoyotto\"]}]}<\/script>\n<!-- \/ Yoast SEO plugin. -->","yoast_head_json":{"title":"YowUp! Cat Milk - Ringo &amp; Otto","robots":{"index":"index","follow":"follow","max-snippet":"max-snippet:-1","max-image-preview":"max-image-preview:large","max-video-preview":"max-video-preview:-1"},"canonical":"https:\/\/ringoyotto.com\/en\/product\/yowup-cat-milk\/","og_locale":"en_GB","og_type":"article","og_title":"YowUp! Cat Milk - Ringo &amp; Otto","og_description":"Leche especialmente dise\u00f1ada para gatos, sin grasa ni lactosa, y enriquecida con prebi\u00f3ticos, col\u00e1geno y Omega 3. Perfecta para cuidar la salud digestiva, la piel y el pelaje.","og_url":"https:\/\/ringoyotto.com\/en\/product\/yowup-cat-milk\/","og_site_name":"Ringo &amp; Otto","article_publisher":"https:\/\/www.facebook.com\/ringoyotto","article_modified_time":"2025-09-19T16:28:46+00:00","og_image":[{"width":840,"height":840,"url":"https:\/\/ringoyotto.com\/wp-content\/uploads\/2025\/03\/yowup-leche-gato.webp","type":"image\/webp"}],"twitter_card":"summary_large_image","twitter_misc":{"Estimated reading time":"1 minute"},"schema":{"@context":"https:\/\/schema.org","@graph":[{"@type":"WebPage","@id":"https:\/\/ringoyotto.com\/producto\/yowup-cat-milk\/","url":"https:\/\/ringoyotto.com\/producto\/yowup-cat-milk\/","name":"YowUp! Cat Milk - Ringo &amp; Otto","isPartOf":{"@id":"https:\/\/ringoyotto.com\/#website"},"primaryImageOfPage":{"@id":"https:\/\/ringoyotto.com\/producto\/yowup-cat-milk\/#primaryimage"},"image":{"@id":"https:\/\/ringoyotto.com\/producto\/yowup-cat-milk\/#primaryimage"},"thumbnailUrl":"https:\/\/ringoyotto.com\/wp-content\/uploads\/2025\/03\/yowup-leche-gato.webp","datePublished":"2025-03-06T11:24:58+00:00","dateModified":"2025-09-19T16:28:46+00:00","breadcrumb":{"@id":"https:\/\/ringoyotto.com\/producto\/yowup-cat-milk\/#breadcrumb"},"inLanguage":"en-GB","potentialAction":[{"@type":"ReadAction","target":["https:\/\/ringoyotto.com\/producto\/yowup-cat-milk\/"]}]},{"@type":"ImageObject","inLanguage":"en-GB","@id":"https:\/\/ringoyotto.com\/producto\/yowup-cat-milk\/#primaryimage","url":"https:\/\/ringoyotto.com\/wp-content\/uploads\/2025\/03\/yowup-leche-gato.webp","contentUrl":"https:\/\/ringoyotto.com\/wp-content\/uploads\/2025\/03\/yowup-leche-gato.webp","width":840,"height":840},{"@type":"BreadcrumbList","@id":"https:\/\/ringoyotto.com\/producto\/yowup-cat-milk\/#breadcrumb","itemListElement":[{"@type":"ListItem","position":1,"name":"Portada","item":"https:\/\/ringoyotto.com\/"},{"@type":"ListItem","position":2,"name":"Tienda","item":"https:\/\/ringoyotto.com\/tienda\/"},{"@type":"ListItem","position":3,"name":"YowUp! Cat Milk"}]},{"@type":"WebSite","@id":"https:\/\/ringoyotto.com\/#website","url":"https:\/\/ringoyotto.com\/","name":"Ringo & Otto","description":"Productos para perros y gatos","publisher":{"@id":"https:\/\/ringoyotto.com\/#organization"},"potentialAction":[{"@type":"SearchAction","target":{"@type":"EntryPoint","urlTemplate":"https:\/\/ringoyotto.com\/?s={search_term_string}"},"query-input":{"@type":"PropertyValueSpecification","valueRequired":true,"valueName":"search_term_string"}}],"inLanguage":"en-GB"},{"@type":"Organization","@id":"https:\/\/ringoyotto.com\/#organization","name":"Ringo & Otto","url":"https:\/\/ringoyotto.com\/","logo":{"@type":"ImageObject","inLanguage":"en-GB","@id":"https:\/\/ringoyotto.com\/#\/schema\/logo\/image\/","url":"https:\/\/ringoyotto.com\/wp-content\/uploads\/2024\/09\/167919506_134587955336806_6223653715767570006_n-removebg-preview.png","contentUrl":"https:\/\/ringoyotto.com\/wp-content\/uploads\/2024\/09\/167919506_134587955336806_6223653715767570006_n-removebg-preview.png","width":568,"height":439,"caption":"Ringo & Otto"},"image":{"@id":"https:\/\/ringoyotto.com\/#\/schema\/logo\/image\/"},"sameAs":["https:\/\/www.facebook.com\/ringoyotto","https:\/\/www.instagram.com\/ringoyotto\/?hl=es","https:\/\/www.tiktok.com\/@ringoyotto"]}]}},"_links":{"self":[{"href":"https:\/\/ringoyotto.com\/en\/wp-json\/wp\/v2\/product\/1244","targetHints":{"allow":["GET"]}}],"collection":[{"href":"https:\/\/ringoyotto.com\/en\/wp-json\/wp\/v2\/product"}],"about":[{"href":"https:\/\/ringoyotto.com\/en\/wp-json\/wp\/v2\/types\/product"}],"wp:featuredmedia":[{"embeddable":true,"href":"https:\/\/ringoyotto.com\/en\/wp-json\/wp\/v2\/media\/1207"}],"wp:attachment":[{"href":"https:\/\/ringoyotto.com\/en\/wp-json\/wp\/v2\/media?parent=1244"}],"wp:term":[{"taxonomy":"product_brand","embeddable":true,"href":"https:\/\/ringoyotto.com\/en\/wp-json\/wp\/v2\/product_brand?post=1244"},{"taxonomy":"product_cat","embeddable":true,"href":"https:\/\/ringoyotto.com\/en\/wp-json\/wp\/v2\/product_cat?post=1244"},{"taxonomy":"product_tag","embeddable":true,"href":"https:\/\/ringoyotto.com\/en\/wp-json\/wp\/v2\/product_tag?post=1244"},{"taxonomy":"para_quien","embeddable":true,"href":"https:\/\/ringoyotto.com\/en\/wp-json\/wp\/v2\/para_quien?post=1244"}],"curies":[{"name":"wp","href":"https:\/\/api.w.org\/{rel}","templated":true}]}}