{"id":1253,"date":"2025-03-06T12:28:38","date_gmt":"2025-03-06T11:28:38","guid":{"rendered":"https:\/\/ringoyotto.com\/producto\/pelaje-brutal\/"},"modified":"2025-08-28T20:22:53","modified_gmt":"2025-08-28T18:22:53","slug":"pelaje-brutal","status":"publish","type":"product","link":"https:\/\/ringoyotto.com\/en\/product\/pelaje-brutal\/","title":{"rendered":"Pelaje Brutal Wild Balance"},"content":{"rendered":"<p>Alimento complementario para perros y gatos.<\/p>\n<p>Ingredientes:<br \/>\nLevadura de cerveza, Ascophyllum nodosum, espirulina y semillas de ch\u00eda.<\/p>\n<p>Informaci\u00f3n nutricional:<br \/>\nProte\u00edna bruta: 38,5%<br \/>\nGrasa bruta: 5,2%<br \/>\nFibra bruta: 12,0%<br \/>\nMateria inorg\u00e1nica: 11,1%<br \/>\nHumedad: 7,4%<\/p>\n<p>Beneficios:<br \/>\nAlivia molestias y picores en la piel<br \/>\nReduce la ca\u00edda de pelo<br \/>\nMejora la salud de la dermis<\/p>\n<p>Modo de uso<br \/>\nA\u00f1adir la dosis recomendada en su comida. Incluye cucharita medidora:<br \/>\nRazas peque\u00f1as de perros (&lt;10Kg) y gatos: 2 cucharita\/d\u00eda. Perros medianos (de 11 a 25Kg): 4 cucharitas\/d\u00eda. Razas grandes de perros (de 26 a 40Kg): 8 cucharitas\/d\u00eda. Razas muy grandes de perros (&gt;40Kg): 14 cucharitas\/d\u00eda.<\/p>\n<p>Recomendaciones<br \/>\nAlmacenar en un lugar fresco y seco<br \/>\nEvitar el uso en perritos y gatitos con diabetes.<br \/>\nNo administrar en el caso de padecer problemas digestivos graves.<\/p>","protected":false},"excerpt":{"rendered":"<p>PELAJE BRUTAL es un suplemento que ayuda a mejorar la salud de la piel y el pelo de tu peludo. Este mix est\u00e1 elaborado a base de ingredientes naturales que ayudan a la absorci\u00f3n de los nutrientes en el cabello. Producto 100% natural, sin conservantes ni aditivos.<\/p>\n<p>Este suplemento ayudar\u00e1 a aliviar las molestias causadas por la dermatitis o alergias, y cuida de la salud general de su piel y pelo. Incluyendo Pelaje Brutal en sus comidas, vas a notar que en muy pocas semanas su pelaje tiene m\u00e1s brillo, su manto es m\u00e1s denso y se le reduce la ca\u00edda del pelo. Recomendado para perros y gatos.<\/p>","protected":false},"featured_media":1150,"template":"","meta":[],"product_brand":[85],"product_cat":[23,27],"product_tag":[],"para_quien":[100,99],"class_list":{"0":"post-1253","1":"product","2":"type-product","3":"status-publish","4":"has-post-thumbnail","6":"product_brand-wild-balance","7":"product_cat-1-alimentacion","8":"product_cat-suplementos","9":"para_quien-gato","10":"para_quien-perro","12":"first","13":"instock","14":"taxable","15":"shipping-taxable","16":"purchasable","17":"product-type-simple"},"yoast_head":"<!-- This site is optimized with the Yoast SEO plugin v27.4 - https:\/\/yoast.com\/product\/yoast-seo-wordpress\/ -->\n<title>Pelaje Brutal Wild Balance - Ringo &amp; Otto<\/title>\n<meta name=\"robots\" content=\"index, follow, max-snippet:-1, max-image-preview:large, max-video-preview:-1\" \/>\n<link rel=\"canonical\" href=\"https:\/\/ringoyotto.com\/en\/product\/pelaje-brutal\/\" \/>\n<meta property=\"og:locale\" content=\"en_GB\" \/>\n<meta property=\"og:type\" content=\"article\" \/>\n<meta property=\"og:title\" content=\"Pelaje Brutal Wild Balance - Ringo &amp; Otto\" \/>\n<meta property=\"og:description\" content=\"PELAJE BRUTAL es un suplemento que ayuda a mejorar la salud de la piel y el pelo de tu peludo. Este mix est\u00e1 elaborado a base de ingredientes naturales que ayudan a la absorci\u00f3n de los nutrientes en el cabello. Producto 100% natural, sin conservantes ni aditivos.  Este suplemento ayudar\u00e1 a aliviar las molestias causadas por la dermatitis o alergias, y cuida de la salud general de su piel y pelo. Incluyendo Pelaje Brutal en sus comidas, vas a notar que en muy pocas semanas su pelaje tiene m\u00e1s brillo, su manto es m\u00e1s denso y se le reduce la ca\u00edda del pelo. Recomendado para perros y gatos.\" \/>\n<meta property=\"og:url\" content=\"https:\/\/ringoyotto.com\/en\/product\/pelaje-brutal\/\" \/>\n<meta property=\"og:site_name\" content=\"Ringo &amp; Otto\" \/>\n<meta property=\"article:publisher\" content=\"https:\/\/www.facebook.com\/ringoyotto\" \/>\n<meta property=\"article:modified_time\" content=\"2025-08-28T18:22:53+00:00\" \/>\n<meta property=\"og:image\" content=\"https:\/\/ringoyotto.com\/wp-content\/uploads\/2025\/03\/pelaje-brutal.webp\" \/>\n\t<meta property=\"og:image:width\" content=\"800\" \/>\n\t<meta property=\"og:image:height\" content=\"800\" \/>\n\t<meta property=\"og:image:type\" content=\"image\/webp\" \/>\n<meta name=\"twitter:card\" content=\"summary_large_image\" \/>\n<meta name=\"twitter:label1\" content=\"Estimated reading time\" \/>\n\t<meta name=\"twitter:data1\" content=\"1 minute\" \/>\n<script type=\"application\/ld+json\" class=\"yoast-schema-graph\">{\"@context\":\"https:\\\/\\\/schema.org\",\"@graph\":[{\"@type\":\"WebPage\",\"@id\":\"https:\\\/\\\/ringoyotto.com\\\/producto\\\/pelaje-brutal\\\/\",\"url\":\"https:\\\/\\\/ringoyotto.com\\\/producto\\\/pelaje-brutal\\\/\",\"name\":\"Pelaje Brutal Wild Balance - Ringo &amp; Otto\",\"isPartOf\":{\"@id\":\"https:\\\/\\\/ringoyotto.com\\\/#website\"},\"primaryImageOfPage\":{\"@id\":\"https:\\\/\\\/ringoyotto.com\\\/producto\\\/pelaje-brutal\\\/#primaryimage\"},\"image\":{\"@id\":\"https:\\\/\\\/ringoyotto.com\\\/producto\\\/pelaje-brutal\\\/#primaryimage\"},\"thumbnailUrl\":\"https:\\\/\\\/ringoyotto.com\\\/wp-content\\\/uploads\\\/2025\\\/03\\\/pelaje-brutal.webp\",\"datePublished\":\"2025-03-06T11:28:38+00:00\",\"dateModified\":\"2025-08-28T18:22:53+00:00\",\"breadcrumb\":{\"@id\":\"https:\\\/\\\/ringoyotto.com\\\/producto\\\/pelaje-brutal\\\/#breadcrumb\"},\"inLanguage\":\"en-GB\",\"potentialAction\":[{\"@type\":\"ReadAction\",\"target\":[\"https:\\\/\\\/ringoyotto.com\\\/producto\\\/pelaje-brutal\\\/\"]}]},{\"@type\":\"ImageObject\",\"inLanguage\":\"en-GB\",\"@id\":\"https:\\\/\\\/ringoyotto.com\\\/producto\\\/pelaje-brutal\\\/#primaryimage\",\"url\":\"https:\\\/\\\/ringoyotto.com\\\/wp-content\\\/uploads\\\/2025\\\/03\\\/pelaje-brutal.webp\",\"contentUrl\":\"https:\\\/\\\/ringoyotto.com\\\/wp-content\\\/uploads\\\/2025\\\/03\\\/pelaje-brutal.webp\",\"width\":800,\"height\":800},{\"@type\":\"BreadcrumbList\",\"@id\":\"https:\\\/\\\/ringoyotto.com\\\/producto\\\/pelaje-brutal\\\/#breadcrumb\",\"itemListElement\":[{\"@type\":\"ListItem\",\"position\":1,\"name\":\"Portada\",\"item\":\"https:\\\/\\\/ringoyotto.com\\\/\"},{\"@type\":\"ListItem\",\"position\":2,\"name\":\"Tienda\",\"item\":\"https:\\\/\\\/ringoyotto.com\\\/tienda\\\/\"},{\"@type\":\"ListItem\",\"position\":3,\"name\":\"Pelaje Brutal Wild Balance\"}]},{\"@type\":\"WebSite\",\"@id\":\"https:\\\/\\\/ringoyotto.com\\\/#website\",\"url\":\"https:\\\/\\\/ringoyotto.com\\\/\",\"name\":\"Ringo & Otto\",\"description\":\"Productos para perros y gatos\",\"publisher\":{\"@id\":\"https:\\\/\\\/ringoyotto.com\\\/#organization\"},\"potentialAction\":[{\"@type\":\"SearchAction\",\"target\":{\"@type\":\"EntryPoint\",\"urlTemplate\":\"https:\\\/\\\/ringoyotto.com\\\/?s={search_term_string}\"},\"query-input\":{\"@type\":\"PropertyValueSpecification\",\"valueRequired\":true,\"valueName\":\"search_term_string\"}}],\"inLanguage\":\"en-GB\"},{\"@type\":\"Organization\",\"@id\":\"https:\\\/\\\/ringoyotto.com\\\/#organization\",\"name\":\"Ringo & Otto\",\"url\":\"https:\\\/\\\/ringoyotto.com\\\/\",\"logo\":{\"@type\":\"ImageObject\",\"inLanguage\":\"en-GB\",\"@id\":\"https:\\\/\\\/ringoyotto.com\\\/#\\\/schema\\\/logo\\\/image\\\/\",\"url\":\"https:\\\/\\\/ringoyotto.com\\\/wp-content\\\/uploads\\\/2024\\\/09\\\/167919506_134587955336806_6223653715767570006_n-removebg-preview.png\",\"contentUrl\":\"https:\\\/\\\/ringoyotto.com\\\/wp-content\\\/uploads\\\/2024\\\/09\\\/167919506_134587955336806_6223653715767570006_n-removebg-preview.png\",\"width\":568,\"height\":439,\"caption\":\"Ringo & Otto\"},\"image\":{\"@id\":\"https:\\\/\\\/ringoyotto.com\\\/#\\\/schema\\\/logo\\\/image\\\/\"},\"sameAs\":[\"https:\\\/\\\/www.facebook.com\\\/ringoyotto\",\"https:\\\/\\\/www.instagram.com\\\/ringoyotto\\\/?hl=es\",\"https:\\\/\\\/www.tiktok.com\\\/@ringoyotto\"]}]}<\/script>\n<!-- \/ Yoast SEO plugin. -->","yoast_head_json":{"title":"Pelaje Brutal Wild Balance - Ringo &amp; Otto","robots":{"index":"index","follow":"follow","max-snippet":"max-snippet:-1","max-image-preview":"max-image-preview:large","max-video-preview":"max-video-preview:-1"},"canonical":"https:\/\/ringoyotto.com\/en\/product\/pelaje-brutal\/","og_locale":"en_GB","og_type":"article","og_title":"Pelaje Brutal Wild Balance - Ringo &amp; Otto","og_description":"PELAJE BRUTAL es un suplemento que ayuda a mejorar la salud de la piel y el pelo de tu peludo. Este mix est\u00e1 elaborado a base de ingredientes naturales que ayudan a la absorci\u00f3n de los nutrientes en el cabello. Producto 100% natural, sin conservantes ni aditivos.  Este suplemento ayudar\u00e1 a aliviar las molestias causadas por la dermatitis o alergias, y cuida de la salud general de su piel y pelo. Incluyendo Pelaje Brutal en sus comidas, vas a notar que en muy pocas semanas su pelaje tiene m\u00e1s brillo, su manto es m\u00e1s denso y se le reduce la ca\u00edda del pelo. Recomendado para perros y gatos.","og_url":"https:\/\/ringoyotto.com\/en\/product\/pelaje-brutal\/","og_site_name":"Ringo &amp; Otto","article_publisher":"https:\/\/www.facebook.com\/ringoyotto","article_modified_time":"2025-08-28T18:22:53+00:00","og_image":[{"width":800,"height":800,"url":"https:\/\/ringoyotto.com\/wp-content\/uploads\/2025\/03\/pelaje-brutal.webp","type":"image\/webp"}],"twitter_card":"summary_large_image","twitter_misc":{"Estimated reading time":"1 minute"},"schema":{"@context":"https:\/\/schema.org","@graph":[{"@type":"WebPage","@id":"https:\/\/ringoyotto.com\/producto\/pelaje-brutal\/","url":"https:\/\/ringoyotto.com\/producto\/pelaje-brutal\/","name":"Pelaje Brutal Wild Balance - Ringo &amp; Otto","isPartOf":{"@id":"https:\/\/ringoyotto.com\/#website"},"primaryImageOfPage":{"@id":"https:\/\/ringoyotto.com\/producto\/pelaje-brutal\/#primaryimage"},"image":{"@id":"https:\/\/ringoyotto.com\/producto\/pelaje-brutal\/#primaryimage"},"thumbnailUrl":"https:\/\/ringoyotto.com\/wp-content\/uploads\/2025\/03\/pelaje-brutal.webp","datePublished":"2025-03-06T11:28:38+00:00","dateModified":"2025-08-28T18:22:53+00:00","breadcrumb":{"@id":"https:\/\/ringoyotto.com\/producto\/pelaje-brutal\/#breadcrumb"},"inLanguage":"en-GB","potentialAction":[{"@type":"ReadAction","target":["https:\/\/ringoyotto.com\/producto\/pelaje-brutal\/"]}]},{"@type":"ImageObject","inLanguage":"en-GB","@id":"https:\/\/ringoyotto.com\/producto\/pelaje-brutal\/#primaryimage","url":"https:\/\/ringoyotto.com\/wp-content\/uploads\/2025\/03\/pelaje-brutal.webp","contentUrl":"https:\/\/ringoyotto.com\/wp-content\/uploads\/2025\/03\/pelaje-brutal.webp","width":800,"height":800},{"@type":"BreadcrumbList","@id":"https:\/\/ringoyotto.com\/producto\/pelaje-brutal\/#breadcrumb","itemListElement":[{"@type":"ListItem","position":1,"name":"Portada","item":"https:\/\/ringoyotto.com\/"},{"@type":"ListItem","position":2,"name":"Tienda","item":"https:\/\/ringoyotto.com\/tienda\/"},{"@type":"ListItem","position":3,"name":"Pelaje Brutal Wild Balance"}]},{"@type":"WebSite","@id":"https:\/\/ringoyotto.com\/#website","url":"https:\/\/ringoyotto.com\/","name":"Ringo & Otto","description":"Productos para perros y gatos","publisher":{"@id":"https:\/\/ringoyotto.com\/#organization"},"potentialAction":[{"@type":"SearchAction","target":{"@type":"EntryPoint","urlTemplate":"https:\/\/ringoyotto.com\/?s={search_term_string}"},"query-input":{"@type":"PropertyValueSpecification","valueRequired":true,"valueName":"search_term_string"}}],"inLanguage":"en-GB"},{"@type":"Organization","@id":"https:\/\/ringoyotto.com\/#organization","name":"Ringo & Otto","url":"https:\/\/ringoyotto.com\/","logo":{"@type":"ImageObject","inLanguage":"en-GB","@id":"https:\/\/ringoyotto.com\/#\/schema\/logo\/image\/","url":"https:\/\/ringoyotto.com\/wp-content\/uploads\/2024\/09\/167919506_134587955336806_6223653715767570006_n-removebg-preview.png","contentUrl":"https:\/\/ringoyotto.com\/wp-content\/uploads\/2024\/09\/167919506_134587955336806_6223653715767570006_n-removebg-preview.png","width":568,"height":439,"caption":"Ringo & Otto"},"image":{"@id":"https:\/\/ringoyotto.com\/#\/schema\/logo\/image\/"},"sameAs":["https:\/\/www.facebook.com\/ringoyotto","https:\/\/www.instagram.com\/ringoyotto\/?hl=es","https:\/\/www.tiktok.com\/@ringoyotto"]}]}},"_links":{"self":[{"href":"https:\/\/ringoyotto.com\/en\/wp-json\/wp\/v2\/product\/1253","targetHints":{"allow":["GET"]}}],"collection":[{"href":"https:\/\/ringoyotto.com\/en\/wp-json\/wp\/v2\/product"}],"about":[{"href":"https:\/\/ringoyotto.com\/en\/wp-json\/wp\/v2\/types\/product"}],"wp:featuredmedia":[{"embeddable":true,"href":"https:\/\/ringoyotto.com\/en\/wp-json\/wp\/v2\/media\/1150"}],"wp:attachment":[{"href":"https:\/\/ringoyotto.com\/en\/wp-json\/wp\/v2\/media?parent=1253"}],"wp:term":[{"taxonomy":"product_brand","embeddable":true,"href":"https:\/\/ringoyotto.com\/en\/wp-json\/wp\/v2\/product_brand?post=1253"},{"taxonomy":"product_cat","embeddable":true,"href":"https:\/\/ringoyotto.com\/en\/wp-json\/wp\/v2\/product_cat?post=1253"},{"taxonomy":"product_tag","embeddable":true,"href":"https:\/\/ringoyotto.com\/en\/wp-json\/wp\/v2\/product_tag?post=1253"},{"taxonomy":"para_quien","embeddable":true,"href":"https:\/\/ringoyotto.com\/en\/wp-json\/wp\/v2\/para_quien?post=1253"}],"curies":[{"name":"wp","href":"https:\/\/api.w.org\/{rel}","templated":true}]}}