{"id":1254,"date":"2025-03-06T12:28:44","date_gmt":"2025-03-06T11:28:44","guid":{"rendered":"https:\/\/ringoyotto.com\/producto\/articulaciones-de-acero\/"},"modified":"2025-12-23T18:52:51","modified_gmt":"2025-12-23T17:52:51","slug":"articulaciones-de-acero","status":"publish","type":"product","link":"https:\/\/ringoyotto.com\/en\/product\/articulaciones-de-acero\/","title":{"rendered":"Articulaciones de Acero"},"content":{"rendered":"<p>Alimento complementario para perros y gatos.<\/p>\n<p>Ingredientes:<br \/>\nAlfalfa, c\u00farcuma, c\u00e1scaro de huevo, MSM, mejill\u00f3n de labio verde, semillas de ch\u00eda.<\/p>\n<p>Informaci\u00f3n nutricional:<br \/>\nProte\u00edna bruta: 22,0%<br \/>\nGrasas bruta: 4,5%<br \/>\nFibra bruta: &lt;2,0%<br \/>\nMateria inorg\u00e1nica: 19,5%<br \/>\nHumedad: 12,8%<\/p>\n<p>Beneficios del condroprotector natural para perros:<br \/>\n\u2022 Nutre y protege los tendones, articulaciones y ligamentos<br \/>\n\u2022 Alivia el dolor articular<br \/>\n\u2022 Poder antiinflamatorio<br \/>\n\u2022 Mejora la movilidad de los peludos senior<\/p>\n<p>Modo de uso:<br \/>\nA\u00f1adir la dosis recomendada en la comida y mezclar bien. Incluye cucharita medidora en el interior:<br \/>\nPerros mini y peque\u00f1os (&lt;5Kg) y gatos: 2 cucharita\/d\u00eda. Perros medianos (de 6 a 10Kg): 4 cucharitas\/d\u00eda. Razas grandes de perros (de 11 a 25Kg): 6 cucharitas\/d\u00eda. Razas muy grandes de perros (&gt;25Kg): 8 cucharitas\/d\u00eda.<\/p>\n<p>Recomendaciones:<br \/>\nAlmacenar en un lugar fresco y seco<br \/>\nReducir el consumo en perritas y gatitas gestantes.<br \/>\nNo administrar en el caso de padecer enfermedades hep\u00e1ticas graves.<br \/>\nPadece o tiene tendencia a la formaci\u00f3n de cristales de oxalato c\u00e1lcico.<\/p>","protected":false},"excerpt":{"rendered":"<p>ARTICULACIONES DE ACERO es un condroprotector natural para perros y gatos que ayuda a mejorar la salud de sus articulaciones y ligamentos. Es muy importante usar este suplemento a modo de prevenci\u00f3n cuando nuestros peludos ya tienen una edad o si tienen tendencia a padecer alguna enfermedad que afecta a las articulaciones.<\/p>\n<p>Su ingrediente principal, el extracto de mejill\u00f3n de labio verde, tiene un gran poder antiinflamatorio y condroprotector. Te recomendamos este suplemento si tu peludo padece artritis, artrosis o displasia. Incluy\u00e9ndolo en sus comidas, vas a notar que en muy pocas semanas su movilidad mejora y el dolor de sus articulaciones disminuye. Recomendado para perros y gatos.<\/p>","protected":false},"featured_media":1219,"template":"","meta":[],"product_brand":[85],"product_cat":[23,27],"product_tag":[],"para_quien":[100,99],"class_list":{"0":"post-1254","1":"product","2":"type-product","3":"status-publish","4":"has-post-thumbnail","6":"product_brand-wild-balance","7":"product_cat-1-alimentacion","8":"product_cat-suplementos","9":"para_quien-gato","10":"para_quien-perro","12":"first","13":"outofstock","14":"taxable","15":"shipping-taxable","16":"purchasable","17":"product-type-simple"},"yoast_head":"<!-- This site is optimized with the Yoast SEO plugin v27.4 - https:\/\/yoast.com\/product\/yoast-seo-wordpress\/ -->\n<title>Articulaciones de Acero - Ringo &amp; Otto<\/title>\n<meta name=\"robots\" content=\"index, follow, max-snippet:-1, max-image-preview:large, max-video-preview:-1\" \/>\n<link rel=\"canonical\" href=\"https:\/\/ringoyotto.com\/en\/product\/articulaciones-de-acero\/\" \/>\n<meta property=\"og:locale\" content=\"en_GB\" \/>\n<meta property=\"og:type\" content=\"article\" \/>\n<meta property=\"og:title\" content=\"Articulaciones de Acero - Ringo &amp; Otto\" \/>\n<meta property=\"og:description\" content=\"ARTICULACIONES DE ACERO es un condroprotector natural para perros y gatos que ayuda a mejorar la salud de sus articulaciones y ligamentos. Es muy importante usar este suplemento a modo de prevenci\u00f3n cuando nuestros peludos ya tienen una edad o si tienen tendencia a padecer alguna enfermedad que afecta a las articulaciones.  Su ingrediente principal, el extracto de mejill\u00f3n de labio verde, tiene un gran poder antiinflamatorio y condroprotector. Te recomendamos este suplemento si tu peludo padece artritis, artrosis o displasia. Incluy\u00e9ndolo en sus comidas, vas a notar que en muy pocas semanas su movilidad mejora y el dolor de sus articulaciones disminuye. Recomendado para perros y gatos.\" \/>\n<meta property=\"og:url\" content=\"https:\/\/ringoyotto.com\/en\/product\/articulaciones-de-acero\/\" \/>\n<meta property=\"og:site_name\" content=\"Ringo &amp; Otto\" \/>\n<meta property=\"article:publisher\" content=\"https:\/\/www.facebook.com\/ringoyotto\" \/>\n<meta property=\"article:modified_time\" content=\"2025-12-23T17:52:51+00:00\" \/>\n<meta property=\"og:image\" content=\"https:\/\/ringoyotto.com\/wp-content\/uploads\/2025\/03\/articulaciones-de-acero.webp\" \/>\n\t<meta property=\"og:image:width\" content=\"800\" \/>\n\t<meta property=\"og:image:height\" content=\"800\" \/>\n\t<meta property=\"og:image:type\" content=\"image\/webp\" \/>\n<meta name=\"twitter:card\" content=\"summary_large_image\" \/>\n<meta name=\"twitter:label1\" content=\"Estimated reading time\" \/>\n\t<meta name=\"twitter:data1\" content=\"1 minute\" \/>\n<script type=\"application\/ld+json\" class=\"yoast-schema-graph\">{\"@context\":\"https:\\\/\\\/schema.org\",\"@graph\":[{\"@type\":\"WebPage\",\"@id\":\"https:\\\/\\\/ringoyotto.com\\\/producto\\\/articulaciones-de-acero\\\/\",\"url\":\"https:\\\/\\\/ringoyotto.com\\\/producto\\\/articulaciones-de-acero\\\/\",\"name\":\"Articulaciones de Acero - Ringo &amp; Otto\",\"isPartOf\":{\"@id\":\"https:\\\/\\\/ringoyotto.com\\\/#website\"},\"primaryImageOfPage\":{\"@id\":\"https:\\\/\\\/ringoyotto.com\\\/producto\\\/articulaciones-de-acero\\\/#primaryimage\"},\"image\":{\"@id\":\"https:\\\/\\\/ringoyotto.com\\\/producto\\\/articulaciones-de-acero\\\/#primaryimage\"},\"thumbnailUrl\":\"https:\\\/\\\/ringoyotto.com\\\/wp-content\\\/uploads\\\/2025\\\/03\\\/articulaciones-de-acero.webp\",\"datePublished\":\"2025-03-06T11:28:44+00:00\",\"dateModified\":\"2025-12-23T17:52:51+00:00\",\"breadcrumb\":{\"@id\":\"https:\\\/\\\/ringoyotto.com\\\/producto\\\/articulaciones-de-acero\\\/#breadcrumb\"},\"inLanguage\":\"en-GB\",\"potentialAction\":[{\"@type\":\"ReadAction\",\"target\":[\"https:\\\/\\\/ringoyotto.com\\\/producto\\\/articulaciones-de-acero\\\/\"]}]},{\"@type\":\"ImageObject\",\"inLanguage\":\"en-GB\",\"@id\":\"https:\\\/\\\/ringoyotto.com\\\/producto\\\/articulaciones-de-acero\\\/#primaryimage\",\"url\":\"https:\\\/\\\/ringoyotto.com\\\/wp-content\\\/uploads\\\/2025\\\/03\\\/articulaciones-de-acero.webp\",\"contentUrl\":\"https:\\\/\\\/ringoyotto.com\\\/wp-content\\\/uploads\\\/2025\\\/03\\\/articulaciones-de-acero.webp\",\"width\":800,\"height\":800},{\"@type\":\"BreadcrumbList\",\"@id\":\"https:\\\/\\\/ringoyotto.com\\\/producto\\\/articulaciones-de-acero\\\/#breadcrumb\",\"itemListElement\":[{\"@type\":\"ListItem\",\"position\":1,\"name\":\"Portada\",\"item\":\"https:\\\/\\\/ringoyotto.com\\\/\"},{\"@type\":\"ListItem\",\"position\":2,\"name\":\"Tienda\",\"item\":\"https:\\\/\\\/ringoyotto.com\\\/tienda\\\/\"},{\"@type\":\"ListItem\",\"position\":3,\"name\":\"Articulaciones de Acero\"}]},{\"@type\":\"WebSite\",\"@id\":\"https:\\\/\\\/ringoyotto.com\\\/#website\",\"url\":\"https:\\\/\\\/ringoyotto.com\\\/\",\"name\":\"Ringo & Otto\",\"description\":\"Productos para perros y gatos\",\"publisher\":{\"@id\":\"https:\\\/\\\/ringoyotto.com\\\/#organization\"},\"potentialAction\":[{\"@type\":\"SearchAction\",\"target\":{\"@type\":\"EntryPoint\",\"urlTemplate\":\"https:\\\/\\\/ringoyotto.com\\\/?s={search_term_string}\"},\"query-input\":{\"@type\":\"PropertyValueSpecification\",\"valueRequired\":true,\"valueName\":\"search_term_string\"}}],\"inLanguage\":\"en-GB\"},{\"@type\":\"Organization\",\"@id\":\"https:\\\/\\\/ringoyotto.com\\\/#organization\",\"name\":\"Ringo & Otto\",\"url\":\"https:\\\/\\\/ringoyotto.com\\\/\",\"logo\":{\"@type\":\"ImageObject\",\"inLanguage\":\"en-GB\",\"@id\":\"https:\\\/\\\/ringoyotto.com\\\/#\\\/schema\\\/logo\\\/image\\\/\",\"url\":\"https:\\\/\\\/ringoyotto.com\\\/wp-content\\\/uploads\\\/2024\\\/09\\\/167919506_134587955336806_6223653715767570006_n-removebg-preview.png\",\"contentUrl\":\"https:\\\/\\\/ringoyotto.com\\\/wp-content\\\/uploads\\\/2024\\\/09\\\/167919506_134587955336806_6223653715767570006_n-removebg-preview.png\",\"width\":568,\"height\":439,\"caption\":\"Ringo & Otto\"},\"image\":{\"@id\":\"https:\\\/\\\/ringoyotto.com\\\/#\\\/schema\\\/logo\\\/image\\\/\"},\"sameAs\":[\"https:\\\/\\\/www.facebook.com\\\/ringoyotto\",\"https:\\\/\\\/www.instagram.com\\\/ringoyotto\\\/?hl=es\",\"https:\\\/\\\/www.tiktok.com\\\/@ringoyotto\"]}]}<\/script>\n<!-- \/ Yoast SEO plugin. -->","yoast_head_json":{"title":"Articulaciones de Acero - Ringo &amp; Otto","robots":{"index":"index","follow":"follow","max-snippet":"max-snippet:-1","max-image-preview":"max-image-preview:large","max-video-preview":"max-video-preview:-1"},"canonical":"https:\/\/ringoyotto.com\/en\/product\/articulaciones-de-acero\/","og_locale":"en_GB","og_type":"article","og_title":"Articulaciones de Acero - Ringo &amp; Otto","og_description":"ARTICULACIONES DE ACERO es un condroprotector natural para perros y gatos que ayuda a mejorar la salud de sus articulaciones y ligamentos. Es muy importante usar este suplemento a modo de prevenci\u00f3n cuando nuestros peludos ya tienen una edad o si tienen tendencia a padecer alguna enfermedad que afecta a las articulaciones.  Su ingrediente principal, el extracto de mejill\u00f3n de labio verde, tiene un gran poder antiinflamatorio y condroprotector. Te recomendamos este suplemento si tu peludo padece artritis, artrosis o displasia. Incluy\u00e9ndolo en sus comidas, vas a notar que en muy pocas semanas su movilidad mejora y el dolor de sus articulaciones disminuye. Recomendado para perros y gatos.","og_url":"https:\/\/ringoyotto.com\/en\/product\/articulaciones-de-acero\/","og_site_name":"Ringo &amp; Otto","article_publisher":"https:\/\/www.facebook.com\/ringoyotto","article_modified_time":"2025-12-23T17:52:51+00:00","og_image":[{"width":800,"height":800,"url":"https:\/\/ringoyotto.com\/wp-content\/uploads\/2025\/03\/articulaciones-de-acero.webp","type":"image\/webp"}],"twitter_card":"summary_large_image","twitter_misc":{"Estimated reading time":"1 minute"},"schema":{"@context":"https:\/\/schema.org","@graph":[{"@type":"WebPage","@id":"https:\/\/ringoyotto.com\/producto\/articulaciones-de-acero\/","url":"https:\/\/ringoyotto.com\/producto\/articulaciones-de-acero\/","name":"Articulaciones de Acero - Ringo &amp; Otto","isPartOf":{"@id":"https:\/\/ringoyotto.com\/#website"},"primaryImageOfPage":{"@id":"https:\/\/ringoyotto.com\/producto\/articulaciones-de-acero\/#primaryimage"},"image":{"@id":"https:\/\/ringoyotto.com\/producto\/articulaciones-de-acero\/#primaryimage"},"thumbnailUrl":"https:\/\/ringoyotto.com\/wp-content\/uploads\/2025\/03\/articulaciones-de-acero.webp","datePublished":"2025-03-06T11:28:44+00:00","dateModified":"2025-12-23T17:52:51+00:00","breadcrumb":{"@id":"https:\/\/ringoyotto.com\/producto\/articulaciones-de-acero\/#breadcrumb"},"inLanguage":"en-GB","potentialAction":[{"@type":"ReadAction","target":["https:\/\/ringoyotto.com\/producto\/articulaciones-de-acero\/"]}]},{"@type":"ImageObject","inLanguage":"en-GB","@id":"https:\/\/ringoyotto.com\/producto\/articulaciones-de-acero\/#primaryimage","url":"https:\/\/ringoyotto.com\/wp-content\/uploads\/2025\/03\/articulaciones-de-acero.webp","contentUrl":"https:\/\/ringoyotto.com\/wp-content\/uploads\/2025\/03\/articulaciones-de-acero.webp","width":800,"height":800},{"@type":"BreadcrumbList","@id":"https:\/\/ringoyotto.com\/producto\/articulaciones-de-acero\/#breadcrumb","itemListElement":[{"@type":"ListItem","position":1,"name":"Portada","item":"https:\/\/ringoyotto.com\/"},{"@type":"ListItem","position":2,"name":"Tienda","item":"https:\/\/ringoyotto.com\/tienda\/"},{"@type":"ListItem","position":3,"name":"Articulaciones de Acero"}]},{"@type":"WebSite","@id":"https:\/\/ringoyotto.com\/#website","url":"https:\/\/ringoyotto.com\/","name":"Ringo & Otto","description":"Productos para perros y gatos","publisher":{"@id":"https:\/\/ringoyotto.com\/#organization"},"potentialAction":[{"@type":"SearchAction","target":{"@type":"EntryPoint","urlTemplate":"https:\/\/ringoyotto.com\/?s={search_term_string}"},"query-input":{"@type":"PropertyValueSpecification","valueRequired":true,"valueName":"search_term_string"}}],"inLanguage":"en-GB"},{"@type":"Organization","@id":"https:\/\/ringoyotto.com\/#organization","name":"Ringo & Otto","url":"https:\/\/ringoyotto.com\/","logo":{"@type":"ImageObject","inLanguage":"en-GB","@id":"https:\/\/ringoyotto.com\/#\/schema\/logo\/image\/","url":"https:\/\/ringoyotto.com\/wp-content\/uploads\/2024\/09\/167919506_134587955336806_6223653715767570006_n-removebg-preview.png","contentUrl":"https:\/\/ringoyotto.com\/wp-content\/uploads\/2024\/09\/167919506_134587955336806_6223653715767570006_n-removebg-preview.png","width":568,"height":439,"caption":"Ringo & Otto"},"image":{"@id":"https:\/\/ringoyotto.com\/#\/schema\/logo\/image\/"},"sameAs":["https:\/\/www.facebook.com\/ringoyotto","https:\/\/www.instagram.com\/ringoyotto\/?hl=es","https:\/\/www.tiktok.com\/@ringoyotto"]}]}},"_links":{"self":[{"href":"https:\/\/ringoyotto.com\/en\/wp-json\/wp\/v2\/product\/1254","targetHints":{"allow":["GET"]}}],"collection":[{"href":"https:\/\/ringoyotto.com\/en\/wp-json\/wp\/v2\/product"}],"about":[{"href":"https:\/\/ringoyotto.com\/en\/wp-json\/wp\/v2\/types\/product"}],"wp:featuredmedia":[{"embeddable":true,"href":"https:\/\/ringoyotto.com\/en\/wp-json\/wp\/v2\/media\/1219"}],"wp:attachment":[{"href":"https:\/\/ringoyotto.com\/en\/wp-json\/wp\/v2\/media?parent=1254"}],"wp:term":[{"taxonomy":"product_brand","embeddable":true,"href":"https:\/\/ringoyotto.com\/en\/wp-json\/wp\/v2\/product_brand?post=1254"},{"taxonomy":"product_cat","embeddable":true,"href":"https:\/\/ringoyotto.com\/en\/wp-json\/wp\/v2\/product_cat?post=1254"},{"taxonomy":"product_tag","embeddable":true,"href":"https:\/\/ringoyotto.com\/en\/wp-json\/wp\/v2\/product_tag?post=1254"},{"taxonomy":"para_quien","embeddable":true,"href":"https:\/\/ringoyotto.com\/en\/wp-json\/wp\/v2\/para_quien?post=1254"}],"curies":[{"name":"wp","href":"https:\/\/api.w.org\/{rel}","templated":true}]}}