{"id":1256,"date":"2025-03-06T12:28:44","date_gmt":"2025-03-06T11:28:44","guid":{"rendered":"https:\/\/ringoyotto.com\/producto\/pelaje-radiante-capsulas-omega-3-de-aceite-de-pescado\/"},"modified":"2025-06-18T18:57:52","modified_gmt":"2025-06-18T16:57:52","slug":"pelaje-radiante-capsulas-omega-3-de-aceite-de-pescado","status":"publish","type":"product","link":"https:\/\/ringoyotto.com\/en\/product\/pelaje-radiante-capsulas-omega-3-de-aceite-de-pescado\/","title":{"rendered":"PELAJE RADIANTE C\u00e1psulas Omega 3 de aceite de pescado"},"content":{"rendered":"<p>Ingredientes:<br \/>\n100% Aceite de pescado.<br \/>\nPor c\u00e1psula: 159mg EPA, 106mg DHA y 10mg vitamina E.<\/p>\n<p>Informaci\u00f3n nutricional:<br \/>\nProte\u00edna bruta &lt;0,3%<br \/>\nFibra bruta &lt;2,0%<br \/>\nGrasa bruta 92,2%<br \/>\nMateria inorg\u00e1nica &lt;0,4%<br \/>\nHumedad 6,8%.<\/p>\n<p>Beneficios:<br \/>\n&#8211; Mantiene la piel y el pelo sanos<br \/>\n&#8211; Tambi\u00e9n, cuida la salud cardiovascular<br \/>\n&#8211; Adem\u00e1s, Fortalece el sistema inmunitario<br \/>\n&#8211; Mantiene las articulaciones flexibles, ayuda a su desarrollo y act\u00faa como antiinflamatorio.<br \/>\n&#8211; En casos de alergia, ayuda a disminuir picores e irritaci\u00f3n.<br \/>\n&#8211; Recomendado para la gestaci\u00f3n y la lactancia, ya que estimula el desarrollo adecuado del cerebro.<\/p>\n<p>Cantidad recomendada seg\u00fan peso:<br \/>\n&lt;10kg : 1 c\u00e1psula\/d\u00eda 10-19kg: 2 c\u00e1psulas\/d\u00eda 20-29kg: 3 c\u00e1psulas\/d\u00eda &gt;30kg: 4 c\u00e1psulas\/d\u00eda<\/p>\n<p>Si tu perro o gato tiene alguna condici\u00f3n m\u00e9dica, te recomendamos que consultes a tu veterinario antes de administrarlo.<\/p>\n<p>\u00bfC\u00f3mo est\u00e1 hecho el aceite de las perlas?<br \/>\nEl aceite est\u00e1 producido con pescados cuidadosamente seleccionados (sardina, caballa y arenque) pescados en aguas fr\u00edas y se usa una destilaci\u00f3n a nivel molecular para asegurar la calidad del aceite y que est\u00e9 libre de impurezas.<\/p>\n<p>El bote contiene 60 perlas de aceite de pescado natural. Debido a ello, mant\u00e9n este bote en un lugar fresco (10-25\u00ba) y oscuro, evita la exposici\u00f3n directa a la luz solar.9<\/p>","protected":false},"excerpt":{"rendered":"<p>Las c\u00e1psulas de omega 3 de aceite de pescado aportan un brillo extra a su pelaje y cuidan de su salud general. Con concentrado de Omega 3 y nutrientes esenciales para una salud de hierro. Recomendado para perros y gatos. Puedes d\u00e1rselo a diario a\u00f1adi\u00e9ndolo a su raci\u00f3n de BARF Wild Balance o con cualquier otro tipo de alimentaci\u00f3n.<\/p>\n<p>El bote contiene 60 c\u00e1psulas de omega 3 de aceite de pescados peque\u00f1os (sardina, caballa y arenque).<\/p>","protected":false},"featured_media":1153,"template":"","meta":[],"product_brand":[85],"product_cat":[23,27],"product_tag":[],"para_quien":[100,99],"class_list":{"0":"post-1256","1":"product","2":"type-product","3":"status-publish","4":"has-post-thumbnail","6":"product_brand-wild-balance","7":"product_cat-1-alimentacion","8":"product_cat-suplementos","9":"para_quien-gato","10":"para_quien-perro","12":"first","13":"instock","14":"taxable","15":"shipping-taxable","16":"purchasable","17":"product-type-simple"},"yoast_head":"<!-- This site is optimized with the Yoast SEO plugin v27.4 - https:\/\/yoast.com\/product\/yoast-seo-wordpress\/ -->\n<title>PELAJE RADIANTE C\u00e1psulas Omega 3 de aceite de pescado - Ringo &amp; Otto<\/title>\n<meta name=\"robots\" content=\"index, follow, max-snippet:-1, max-image-preview:large, max-video-preview:-1\" \/>\n<link rel=\"canonical\" href=\"https:\/\/ringoyotto.com\/en\/product\/pelaje-radiante-capsulas-omega-3-de-aceite-de-pescado\/\" \/>\n<meta property=\"og:locale\" content=\"en_GB\" \/>\n<meta property=\"og:type\" content=\"article\" \/>\n<meta property=\"og:title\" content=\"PELAJE RADIANTE C\u00e1psulas Omega 3 de aceite de pescado - Ringo &amp; Otto\" \/>\n<meta property=\"og:description\" content=\"Las c\u00e1psulas de omega 3 de aceite de pescado aportan un brillo extra a su pelaje y cuidan de su salud general. Con concentrado de Omega 3 y nutrientes esenciales para una salud de hierro. Recomendado para perros y gatos. Puedes d\u00e1rselo a diario a\u00f1adi\u00e9ndolo a su raci\u00f3n de BARF Wild Balance o con cualquier otro tipo de alimentaci\u00f3n.  El bote contiene 60 c\u00e1psulas de omega 3 de aceite de pescados peque\u00f1os (sardina, caballa y arenque).\" \/>\n<meta property=\"og:url\" content=\"https:\/\/ringoyotto.com\/en\/product\/pelaje-radiante-capsulas-omega-3-de-aceite-de-pescado\/\" \/>\n<meta property=\"og:site_name\" content=\"Ringo &amp; Otto\" \/>\n<meta property=\"article:publisher\" content=\"https:\/\/www.facebook.com\/ringoyotto\" \/>\n<meta property=\"article:modified_time\" content=\"2025-06-18T16:57:52+00:00\" \/>\n<meta property=\"og:image\" content=\"https:\/\/ringoyotto.com\/wp-content\/uploads\/2025\/03\/pelaje-radiante.webp\" \/>\n\t<meta property=\"og:image:width\" content=\"800\" \/>\n\t<meta property=\"og:image:height\" content=\"800\" \/>\n\t<meta property=\"og:image:type\" content=\"image\/webp\" \/>\n<meta name=\"twitter:card\" content=\"summary_large_image\" \/>\n<meta name=\"twitter:label1\" content=\"Estimated reading time\" \/>\n\t<meta name=\"twitter:data1\" content=\"2 minutes\" \/>\n<script type=\"application\/ld+json\" class=\"yoast-schema-graph\">{\"@context\":\"https:\\\/\\\/schema.org\",\"@graph\":[{\"@type\":\"WebPage\",\"@id\":\"https:\\\/\\\/ringoyotto.com\\\/producto\\\/pelaje-radiante-capsulas-omega-3-de-aceite-de-pescado\\\/\",\"url\":\"https:\\\/\\\/ringoyotto.com\\\/producto\\\/pelaje-radiante-capsulas-omega-3-de-aceite-de-pescado\\\/\",\"name\":\"PELAJE RADIANTE C\u00e1psulas Omega 3 de aceite de pescado - Ringo &amp; Otto\",\"isPartOf\":{\"@id\":\"https:\\\/\\\/ringoyotto.com\\\/#website\"},\"primaryImageOfPage\":{\"@id\":\"https:\\\/\\\/ringoyotto.com\\\/producto\\\/pelaje-radiante-capsulas-omega-3-de-aceite-de-pescado\\\/#primaryimage\"},\"image\":{\"@id\":\"https:\\\/\\\/ringoyotto.com\\\/producto\\\/pelaje-radiante-capsulas-omega-3-de-aceite-de-pescado\\\/#primaryimage\"},\"thumbnailUrl\":\"https:\\\/\\\/ringoyotto.com\\\/wp-content\\\/uploads\\\/2025\\\/03\\\/pelaje-radiante.webp\",\"datePublished\":\"2025-03-06T11:28:44+00:00\",\"dateModified\":\"2025-06-18T16:57:52+00:00\",\"breadcrumb\":{\"@id\":\"https:\\\/\\\/ringoyotto.com\\\/producto\\\/pelaje-radiante-capsulas-omega-3-de-aceite-de-pescado\\\/#breadcrumb\"},\"inLanguage\":\"en-GB\",\"potentialAction\":[{\"@type\":\"ReadAction\",\"target\":[\"https:\\\/\\\/ringoyotto.com\\\/producto\\\/pelaje-radiante-capsulas-omega-3-de-aceite-de-pescado\\\/\"]}]},{\"@type\":\"ImageObject\",\"inLanguage\":\"en-GB\",\"@id\":\"https:\\\/\\\/ringoyotto.com\\\/producto\\\/pelaje-radiante-capsulas-omega-3-de-aceite-de-pescado\\\/#primaryimage\",\"url\":\"https:\\\/\\\/ringoyotto.com\\\/wp-content\\\/uploads\\\/2025\\\/03\\\/pelaje-radiante.webp\",\"contentUrl\":\"https:\\\/\\\/ringoyotto.com\\\/wp-content\\\/uploads\\\/2025\\\/03\\\/pelaje-radiante.webp\",\"width\":800,\"height\":800},{\"@type\":\"BreadcrumbList\",\"@id\":\"https:\\\/\\\/ringoyotto.com\\\/producto\\\/pelaje-radiante-capsulas-omega-3-de-aceite-de-pescado\\\/#breadcrumb\",\"itemListElement\":[{\"@type\":\"ListItem\",\"position\":1,\"name\":\"Portada\",\"item\":\"https:\\\/\\\/ringoyotto.com\\\/\"},{\"@type\":\"ListItem\",\"position\":2,\"name\":\"Tienda\",\"item\":\"https:\\\/\\\/ringoyotto.com\\\/tienda\\\/\"},{\"@type\":\"ListItem\",\"position\":3,\"name\":\"PELAJE RADIANTE C\u00e1psulas Omega 3 de aceite de pescado\"}]},{\"@type\":\"WebSite\",\"@id\":\"https:\\\/\\\/ringoyotto.com\\\/#website\",\"url\":\"https:\\\/\\\/ringoyotto.com\\\/\",\"name\":\"Ringo & Otto\",\"description\":\"Productos para perros y gatos\",\"publisher\":{\"@id\":\"https:\\\/\\\/ringoyotto.com\\\/#organization\"},\"potentialAction\":[{\"@type\":\"SearchAction\",\"target\":{\"@type\":\"EntryPoint\",\"urlTemplate\":\"https:\\\/\\\/ringoyotto.com\\\/?s={search_term_string}\"},\"query-input\":{\"@type\":\"PropertyValueSpecification\",\"valueRequired\":true,\"valueName\":\"search_term_string\"}}],\"inLanguage\":\"en-GB\"},{\"@type\":\"Organization\",\"@id\":\"https:\\\/\\\/ringoyotto.com\\\/#organization\",\"name\":\"Ringo & Otto\",\"url\":\"https:\\\/\\\/ringoyotto.com\\\/\",\"logo\":{\"@type\":\"ImageObject\",\"inLanguage\":\"en-GB\",\"@id\":\"https:\\\/\\\/ringoyotto.com\\\/#\\\/schema\\\/logo\\\/image\\\/\",\"url\":\"https:\\\/\\\/ringoyotto.com\\\/wp-content\\\/uploads\\\/2024\\\/09\\\/167919506_134587955336806_6223653715767570006_n-removebg-preview.png\",\"contentUrl\":\"https:\\\/\\\/ringoyotto.com\\\/wp-content\\\/uploads\\\/2024\\\/09\\\/167919506_134587955336806_6223653715767570006_n-removebg-preview.png\",\"width\":568,\"height\":439,\"caption\":\"Ringo & Otto\"},\"image\":{\"@id\":\"https:\\\/\\\/ringoyotto.com\\\/#\\\/schema\\\/logo\\\/image\\\/\"},\"sameAs\":[\"https:\\\/\\\/www.facebook.com\\\/ringoyotto\",\"https:\\\/\\\/www.instagram.com\\\/ringoyotto\\\/?hl=es\",\"https:\\\/\\\/www.tiktok.com\\\/@ringoyotto\"]}]}<\/script>\n<!-- \/ Yoast SEO plugin. -->","yoast_head_json":{"title":"PELAJE RADIANTE C\u00e1psulas Omega 3 de aceite de pescado - Ringo &amp; Otto","robots":{"index":"index","follow":"follow","max-snippet":"max-snippet:-1","max-image-preview":"max-image-preview:large","max-video-preview":"max-video-preview:-1"},"canonical":"https:\/\/ringoyotto.com\/en\/product\/pelaje-radiante-capsulas-omega-3-de-aceite-de-pescado\/","og_locale":"en_GB","og_type":"article","og_title":"PELAJE RADIANTE C\u00e1psulas Omega 3 de aceite de pescado - Ringo &amp; Otto","og_description":"Las c\u00e1psulas de omega 3 de aceite de pescado aportan un brillo extra a su pelaje y cuidan de su salud general. Con concentrado de Omega 3 y nutrientes esenciales para una salud de hierro. Recomendado para perros y gatos. Puedes d\u00e1rselo a diario a\u00f1adi\u00e9ndolo a su raci\u00f3n de BARF Wild Balance o con cualquier otro tipo de alimentaci\u00f3n.  El bote contiene 60 c\u00e1psulas de omega 3 de aceite de pescados peque\u00f1os (sardina, caballa y arenque).","og_url":"https:\/\/ringoyotto.com\/en\/product\/pelaje-radiante-capsulas-omega-3-de-aceite-de-pescado\/","og_site_name":"Ringo &amp; Otto","article_publisher":"https:\/\/www.facebook.com\/ringoyotto","article_modified_time":"2025-06-18T16:57:52+00:00","og_image":[{"width":800,"height":800,"url":"https:\/\/ringoyotto.com\/wp-content\/uploads\/2025\/03\/pelaje-radiante.webp","type":"image\/webp"}],"twitter_card":"summary_large_image","twitter_misc":{"Estimated reading time":"2 minutes"},"schema":{"@context":"https:\/\/schema.org","@graph":[{"@type":"WebPage","@id":"https:\/\/ringoyotto.com\/producto\/pelaje-radiante-capsulas-omega-3-de-aceite-de-pescado\/","url":"https:\/\/ringoyotto.com\/producto\/pelaje-radiante-capsulas-omega-3-de-aceite-de-pescado\/","name":"PELAJE RADIANTE C\u00e1psulas Omega 3 de aceite de pescado - Ringo &amp; Otto","isPartOf":{"@id":"https:\/\/ringoyotto.com\/#website"},"primaryImageOfPage":{"@id":"https:\/\/ringoyotto.com\/producto\/pelaje-radiante-capsulas-omega-3-de-aceite-de-pescado\/#primaryimage"},"image":{"@id":"https:\/\/ringoyotto.com\/producto\/pelaje-radiante-capsulas-omega-3-de-aceite-de-pescado\/#primaryimage"},"thumbnailUrl":"https:\/\/ringoyotto.com\/wp-content\/uploads\/2025\/03\/pelaje-radiante.webp","datePublished":"2025-03-06T11:28:44+00:00","dateModified":"2025-06-18T16:57:52+00:00","breadcrumb":{"@id":"https:\/\/ringoyotto.com\/producto\/pelaje-radiante-capsulas-omega-3-de-aceite-de-pescado\/#breadcrumb"},"inLanguage":"en-GB","potentialAction":[{"@type":"ReadAction","target":["https:\/\/ringoyotto.com\/producto\/pelaje-radiante-capsulas-omega-3-de-aceite-de-pescado\/"]}]},{"@type":"ImageObject","inLanguage":"en-GB","@id":"https:\/\/ringoyotto.com\/producto\/pelaje-radiante-capsulas-omega-3-de-aceite-de-pescado\/#primaryimage","url":"https:\/\/ringoyotto.com\/wp-content\/uploads\/2025\/03\/pelaje-radiante.webp","contentUrl":"https:\/\/ringoyotto.com\/wp-content\/uploads\/2025\/03\/pelaje-radiante.webp","width":800,"height":800},{"@type":"BreadcrumbList","@id":"https:\/\/ringoyotto.com\/producto\/pelaje-radiante-capsulas-omega-3-de-aceite-de-pescado\/#breadcrumb","itemListElement":[{"@type":"ListItem","position":1,"name":"Portada","item":"https:\/\/ringoyotto.com\/"},{"@type":"ListItem","position":2,"name":"Tienda","item":"https:\/\/ringoyotto.com\/tienda\/"},{"@type":"ListItem","position":3,"name":"PELAJE RADIANTE C\u00e1psulas Omega 3 de aceite de pescado"}]},{"@type":"WebSite","@id":"https:\/\/ringoyotto.com\/#website","url":"https:\/\/ringoyotto.com\/","name":"Ringo & Otto","description":"Productos para perros y gatos","publisher":{"@id":"https:\/\/ringoyotto.com\/#organization"},"potentialAction":[{"@type":"SearchAction","target":{"@type":"EntryPoint","urlTemplate":"https:\/\/ringoyotto.com\/?s={search_term_string}"},"query-input":{"@type":"PropertyValueSpecification","valueRequired":true,"valueName":"search_term_string"}}],"inLanguage":"en-GB"},{"@type":"Organization","@id":"https:\/\/ringoyotto.com\/#organization","name":"Ringo & Otto","url":"https:\/\/ringoyotto.com\/","logo":{"@type":"ImageObject","inLanguage":"en-GB","@id":"https:\/\/ringoyotto.com\/#\/schema\/logo\/image\/","url":"https:\/\/ringoyotto.com\/wp-content\/uploads\/2024\/09\/167919506_134587955336806_6223653715767570006_n-removebg-preview.png","contentUrl":"https:\/\/ringoyotto.com\/wp-content\/uploads\/2024\/09\/167919506_134587955336806_6223653715767570006_n-removebg-preview.png","width":568,"height":439,"caption":"Ringo & Otto"},"image":{"@id":"https:\/\/ringoyotto.com\/#\/schema\/logo\/image\/"},"sameAs":["https:\/\/www.facebook.com\/ringoyotto","https:\/\/www.instagram.com\/ringoyotto\/?hl=es","https:\/\/www.tiktok.com\/@ringoyotto"]}]}},"_links":{"self":[{"href":"https:\/\/ringoyotto.com\/en\/wp-json\/wp\/v2\/product\/1256","targetHints":{"allow":["GET"]}}],"collection":[{"href":"https:\/\/ringoyotto.com\/en\/wp-json\/wp\/v2\/product"}],"about":[{"href":"https:\/\/ringoyotto.com\/en\/wp-json\/wp\/v2\/types\/product"}],"wp:featuredmedia":[{"embeddable":true,"href":"https:\/\/ringoyotto.com\/en\/wp-json\/wp\/v2\/media\/1153"}],"wp:attachment":[{"href":"https:\/\/ringoyotto.com\/en\/wp-json\/wp\/v2\/media?parent=1256"}],"wp:term":[{"taxonomy":"product_brand","embeddable":true,"href":"https:\/\/ringoyotto.com\/en\/wp-json\/wp\/v2\/product_brand?post=1256"},{"taxonomy":"product_cat","embeddable":true,"href":"https:\/\/ringoyotto.com\/en\/wp-json\/wp\/v2\/product_cat?post=1256"},{"taxonomy":"product_tag","embeddable":true,"href":"https:\/\/ringoyotto.com\/en\/wp-json\/wp\/v2\/product_tag?post=1256"},{"taxonomy":"para_quien","embeddable":true,"href":"https:\/\/ringoyotto.com\/en\/wp-json\/wp\/v2\/para_quien?post=1256"}],"curies":[{"name":"wp","href":"https:\/\/api.w.org\/{rel}","templated":true}]}}