{"id":1257,"date":"2025-03-06T12:28:44","date_gmt":"2025-03-06T11:28:44","guid":{"rendered":"https:\/\/ringoyotto.com\/producto\/aceite-natural-de-salmon-noruego\/"},"modified":"2026-01-02T13:10:32","modified_gmt":"2026-01-02T12:10:32","slug":"aceite-natural-de-salmon-noruego","status":"publish","type":"product","link":"https:\/\/ringoyotto.com\/en\/product\/aceite-natural-de-salmon-noruego\/","title":{"rendered":"Aceite natural de Salm\u00f3n noruego"},"content":{"rendered":"<p>Alimento complementario para perros y gatos.<\/p>\n<p>Ingredientes:<br \/>\n100% salm\u00f3n<\/p>\n<p>Informaci\u00f3n nutricional:<br \/>\nProte\u00edna bruta &lt;0,3%<br \/>\nGrasa bruta 98,5%<br \/>\nHumedad &lt;0,5%<br \/>\nMinerales &lt;0,4%<br \/>\nFibra bruta &lt; &lt;2,0%<\/p>\n<p>Beneficios:<br \/>\n\u00b7 Mantiene la piel y el pelo sanos<br \/>\n\u00b7 Cuida la salud cardiovascular<br \/>\n\u00b7 Fortalece el sistema inmunitario<br \/>\n\u00b7 Mantiene las articulaciones flexibles, ayuda a su desarrollo y act\u00faa como antiinflamatorio.<br \/>\n\u00b7 En casos de alergia, ayuda a disminuir picores e irritaci\u00f3n.<br \/>\n\u00b7 Recomendado para la gestaci\u00f3n y la lactancia, ya que estimula el desarrollo adecuado del cerebro.<\/p>\n<p>Dosis recomendada:<br \/>\nLa dosis recomendada de aceite de salm\u00f3n noruego para tu perro o gato depender\u00e1 de su peso. En el caso de que tengas un perro, tendr\u00edas que a\u00f1adir 2,5ml (2 dosificaciones) por cada 5Kg de peso. Si tienes un gato, 2,5ml (2 dosificaciones) por cada 6Kg de peso.<\/p>\n<p>*Nota: 1 dosificaci\u00f3n de aceite equivale a 1,25ml<\/p>\n<p>Recomendaciones:<br \/>\nMant\u00e9n este bote en un lugar fresco (10-25\u00ba) y oscuro, evita la exposici\u00f3n directa a la luz solar. Agitar antes de usar.<br \/>\nSi vas a incluir aceite de salm\u00f3n para mejorar un problema de salud, lo mejor es que consultes a tu veterinario sobre la dosis a darle.<\/p>","protected":false},"excerpt":{"rendered":"<p>El aceite de salm\u00f3n noruego de Wild Balance es un alimento complementario y 100% natural que aporta numerosos beneficios para la salud de tu peludo. Puedes d\u00e1rselo a diario, por ejemplo a\u00f1adi\u00e9ndolo a su raci\u00f3n de BARF Wild Balance o a cualquier otro tipo de alimentaci\u00f3n (h\u00fameda o seca). Recomendado para perros y gatos.<\/p>","protected":false},"featured_media":1216,"template":"","meta":[],"product_brand":[85],"product_cat":[23,27],"product_tag":[],"para_quien":[100,99],"class_list":{"0":"post-1257","1":"product","2":"type-product","3":"status-publish","4":"has-post-thumbnail","6":"product_brand-wild-balance","7":"product_cat-1-alimentacion","8":"product_cat-suplementos","9":"para_quien-gato","10":"para_quien-perro","12":"first","13":"outofstock","14":"taxable","15":"shipping-taxable","16":"purchasable","17":"product-type-simple"},"yoast_head":"<!-- This site is optimized with the Yoast SEO plugin v27.4 - https:\/\/yoast.com\/product\/yoast-seo-wordpress\/ -->\n<title>Aceite natural de Salm\u00f3n noruego - Ringo &amp; Otto<\/title>\n<meta name=\"robots\" content=\"index, follow, max-snippet:-1, max-image-preview:large, max-video-preview:-1\" \/>\n<link rel=\"canonical\" href=\"https:\/\/ringoyotto.com\/en\/product\/aceite-natural-de-salmon-noruego\/\" \/>\n<meta property=\"og:locale\" content=\"en_GB\" \/>\n<meta property=\"og:type\" content=\"article\" \/>\n<meta property=\"og:title\" content=\"Aceite natural de Salm\u00f3n noruego - Ringo &amp; Otto\" \/>\n<meta property=\"og:description\" content=\"El aceite de salm\u00f3n noruego de Wild Balance es un alimento complementario y 100% natural que aporta numerosos beneficios para la salud de tu peludo. Puedes d\u00e1rselo a diario, por ejemplo a\u00f1adi\u00e9ndolo a su raci\u00f3n de BARF Wild Balance o a cualquier otro tipo de alimentaci\u00f3n (h\u00fameda o seca). Recomendado para perros y gatos.\" \/>\n<meta property=\"og:url\" content=\"https:\/\/ringoyotto.com\/en\/product\/aceite-natural-de-salmon-noruego\/\" \/>\n<meta property=\"og:site_name\" content=\"Ringo &amp; Otto\" \/>\n<meta property=\"article:publisher\" content=\"https:\/\/www.facebook.com\/ringoyotto\" \/>\n<meta property=\"article:modified_time\" content=\"2026-01-02T12:10:32+00:00\" \/>\n<meta property=\"og:image\" content=\"https:\/\/ringoyotto.com\/wp-content\/uploads\/2025\/03\/aceite-salmon-wild-balance.webp\" \/>\n\t<meta property=\"og:image:width\" content=\"800\" \/>\n\t<meta property=\"og:image:height\" content=\"800\" \/>\n\t<meta property=\"og:image:type\" content=\"image\/webp\" \/>\n<meta name=\"twitter:card\" content=\"summary_large_image\" \/>\n<meta name=\"twitter:label1\" content=\"Estimated reading time\" \/>\n\t<meta name=\"twitter:data1\" content=\"2 minutes\" \/>\n<script type=\"application\/ld+json\" class=\"yoast-schema-graph\">{\"@context\":\"https:\\\/\\\/schema.org\",\"@graph\":[{\"@type\":\"WebPage\",\"@id\":\"https:\\\/\\\/ringoyotto.com\\\/producto\\\/aceite-natural-de-salmon-noruego\\\/\",\"url\":\"https:\\\/\\\/ringoyotto.com\\\/producto\\\/aceite-natural-de-salmon-noruego\\\/\",\"name\":\"Aceite natural de Salm\u00f3n noruego - Ringo &amp; Otto\",\"isPartOf\":{\"@id\":\"https:\\\/\\\/ringoyotto.com\\\/#website\"},\"primaryImageOfPage\":{\"@id\":\"https:\\\/\\\/ringoyotto.com\\\/producto\\\/aceite-natural-de-salmon-noruego\\\/#primaryimage\"},\"image\":{\"@id\":\"https:\\\/\\\/ringoyotto.com\\\/producto\\\/aceite-natural-de-salmon-noruego\\\/#primaryimage\"},\"thumbnailUrl\":\"https:\\\/\\\/ringoyotto.com\\\/wp-content\\\/uploads\\\/2025\\\/03\\\/aceite-salmon-wild-balance.webp\",\"datePublished\":\"2025-03-06T11:28:44+00:00\",\"dateModified\":\"2026-01-02T12:10:32+00:00\",\"breadcrumb\":{\"@id\":\"https:\\\/\\\/ringoyotto.com\\\/producto\\\/aceite-natural-de-salmon-noruego\\\/#breadcrumb\"},\"inLanguage\":\"en-GB\",\"potentialAction\":[{\"@type\":\"ReadAction\",\"target\":[\"https:\\\/\\\/ringoyotto.com\\\/producto\\\/aceite-natural-de-salmon-noruego\\\/\"]}]},{\"@type\":\"ImageObject\",\"inLanguage\":\"en-GB\",\"@id\":\"https:\\\/\\\/ringoyotto.com\\\/producto\\\/aceite-natural-de-salmon-noruego\\\/#primaryimage\",\"url\":\"https:\\\/\\\/ringoyotto.com\\\/wp-content\\\/uploads\\\/2025\\\/03\\\/aceite-salmon-wild-balance.webp\",\"contentUrl\":\"https:\\\/\\\/ringoyotto.com\\\/wp-content\\\/uploads\\\/2025\\\/03\\\/aceite-salmon-wild-balance.webp\",\"width\":800,\"height\":800},{\"@type\":\"BreadcrumbList\",\"@id\":\"https:\\\/\\\/ringoyotto.com\\\/producto\\\/aceite-natural-de-salmon-noruego\\\/#breadcrumb\",\"itemListElement\":[{\"@type\":\"ListItem\",\"position\":1,\"name\":\"Portada\",\"item\":\"https:\\\/\\\/ringoyotto.com\\\/\"},{\"@type\":\"ListItem\",\"position\":2,\"name\":\"Tienda\",\"item\":\"https:\\\/\\\/ringoyotto.com\\\/tienda\\\/\"},{\"@type\":\"ListItem\",\"position\":3,\"name\":\"Aceite natural de Salm\u00f3n noruego\"}]},{\"@type\":\"WebSite\",\"@id\":\"https:\\\/\\\/ringoyotto.com\\\/#website\",\"url\":\"https:\\\/\\\/ringoyotto.com\\\/\",\"name\":\"Ringo & Otto\",\"description\":\"Productos para perros y gatos\",\"publisher\":{\"@id\":\"https:\\\/\\\/ringoyotto.com\\\/#organization\"},\"potentialAction\":[{\"@type\":\"SearchAction\",\"target\":{\"@type\":\"EntryPoint\",\"urlTemplate\":\"https:\\\/\\\/ringoyotto.com\\\/?s={search_term_string}\"},\"query-input\":{\"@type\":\"PropertyValueSpecification\",\"valueRequired\":true,\"valueName\":\"search_term_string\"}}],\"inLanguage\":\"en-GB\"},{\"@type\":\"Organization\",\"@id\":\"https:\\\/\\\/ringoyotto.com\\\/#organization\",\"name\":\"Ringo & Otto\",\"url\":\"https:\\\/\\\/ringoyotto.com\\\/\",\"logo\":{\"@type\":\"ImageObject\",\"inLanguage\":\"en-GB\",\"@id\":\"https:\\\/\\\/ringoyotto.com\\\/#\\\/schema\\\/logo\\\/image\\\/\",\"url\":\"https:\\\/\\\/ringoyotto.com\\\/wp-content\\\/uploads\\\/2024\\\/09\\\/167919506_134587955336806_6223653715767570006_n-removebg-preview.png\",\"contentUrl\":\"https:\\\/\\\/ringoyotto.com\\\/wp-content\\\/uploads\\\/2024\\\/09\\\/167919506_134587955336806_6223653715767570006_n-removebg-preview.png\",\"width\":568,\"height\":439,\"caption\":\"Ringo & Otto\"},\"image\":{\"@id\":\"https:\\\/\\\/ringoyotto.com\\\/#\\\/schema\\\/logo\\\/image\\\/\"},\"sameAs\":[\"https:\\\/\\\/www.facebook.com\\\/ringoyotto\",\"https:\\\/\\\/www.instagram.com\\\/ringoyotto\\\/?hl=es\",\"https:\\\/\\\/www.tiktok.com\\\/@ringoyotto\"]}]}<\/script>\n<!-- \/ Yoast SEO plugin. -->","yoast_head_json":{"title":"Aceite natural de Salm\u00f3n noruego - Ringo &amp; Otto","robots":{"index":"index","follow":"follow","max-snippet":"max-snippet:-1","max-image-preview":"max-image-preview:large","max-video-preview":"max-video-preview:-1"},"canonical":"https:\/\/ringoyotto.com\/en\/product\/aceite-natural-de-salmon-noruego\/","og_locale":"en_GB","og_type":"article","og_title":"Aceite natural de Salm\u00f3n noruego - Ringo &amp; Otto","og_description":"El aceite de salm\u00f3n noruego de Wild Balance es un alimento complementario y 100% natural que aporta numerosos beneficios para la salud de tu peludo. Puedes d\u00e1rselo a diario, por ejemplo a\u00f1adi\u00e9ndolo a su raci\u00f3n de BARF Wild Balance o a cualquier otro tipo de alimentaci\u00f3n (h\u00fameda o seca). Recomendado para perros y gatos.","og_url":"https:\/\/ringoyotto.com\/en\/product\/aceite-natural-de-salmon-noruego\/","og_site_name":"Ringo &amp; Otto","article_publisher":"https:\/\/www.facebook.com\/ringoyotto","article_modified_time":"2026-01-02T12:10:32+00:00","og_image":[{"width":800,"height":800,"url":"https:\/\/ringoyotto.com\/wp-content\/uploads\/2025\/03\/aceite-salmon-wild-balance.webp","type":"image\/webp"}],"twitter_card":"summary_large_image","twitter_misc":{"Estimated reading time":"2 minutes"},"schema":{"@context":"https:\/\/schema.org","@graph":[{"@type":"WebPage","@id":"https:\/\/ringoyotto.com\/producto\/aceite-natural-de-salmon-noruego\/","url":"https:\/\/ringoyotto.com\/producto\/aceite-natural-de-salmon-noruego\/","name":"Aceite natural de Salm\u00f3n noruego - Ringo &amp; Otto","isPartOf":{"@id":"https:\/\/ringoyotto.com\/#website"},"primaryImageOfPage":{"@id":"https:\/\/ringoyotto.com\/producto\/aceite-natural-de-salmon-noruego\/#primaryimage"},"image":{"@id":"https:\/\/ringoyotto.com\/producto\/aceite-natural-de-salmon-noruego\/#primaryimage"},"thumbnailUrl":"https:\/\/ringoyotto.com\/wp-content\/uploads\/2025\/03\/aceite-salmon-wild-balance.webp","datePublished":"2025-03-06T11:28:44+00:00","dateModified":"2026-01-02T12:10:32+00:00","breadcrumb":{"@id":"https:\/\/ringoyotto.com\/producto\/aceite-natural-de-salmon-noruego\/#breadcrumb"},"inLanguage":"en-GB","potentialAction":[{"@type":"ReadAction","target":["https:\/\/ringoyotto.com\/producto\/aceite-natural-de-salmon-noruego\/"]}]},{"@type":"ImageObject","inLanguage":"en-GB","@id":"https:\/\/ringoyotto.com\/producto\/aceite-natural-de-salmon-noruego\/#primaryimage","url":"https:\/\/ringoyotto.com\/wp-content\/uploads\/2025\/03\/aceite-salmon-wild-balance.webp","contentUrl":"https:\/\/ringoyotto.com\/wp-content\/uploads\/2025\/03\/aceite-salmon-wild-balance.webp","width":800,"height":800},{"@type":"BreadcrumbList","@id":"https:\/\/ringoyotto.com\/producto\/aceite-natural-de-salmon-noruego\/#breadcrumb","itemListElement":[{"@type":"ListItem","position":1,"name":"Portada","item":"https:\/\/ringoyotto.com\/"},{"@type":"ListItem","position":2,"name":"Tienda","item":"https:\/\/ringoyotto.com\/tienda\/"},{"@type":"ListItem","position":3,"name":"Aceite natural de Salm\u00f3n noruego"}]},{"@type":"WebSite","@id":"https:\/\/ringoyotto.com\/#website","url":"https:\/\/ringoyotto.com\/","name":"Ringo & Otto","description":"Productos para perros y gatos","publisher":{"@id":"https:\/\/ringoyotto.com\/#organization"},"potentialAction":[{"@type":"SearchAction","target":{"@type":"EntryPoint","urlTemplate":"https:\/\/ringoyotto.com\/?s={search_term_string}"},"query-input":{"@type":"PropertyValueSpecification","valueRequired":true,"valueName":"search_term_string"}}],"inLanguage":"en-GB"},{"@type":"Organization","@id":"https:\/\/ringoyotto.com\/#organization","name":"Ringo & Otto","url":"https:\/\/ringoyotto.com\/","logo":{"@type":"ImageObject","inLanguage":"en-GB","@id":"https:\/\/ringoyotto.com\/#\/schema\/logo\/image\/","url":"https:\/\/ringoyotto.com\/wp-content\/uploads\/2024\/09\/167919506_134587955336806_6223653715767570006_n-removebg-preview.png","contentUrl":"https:\/\/ringoyotto.com\/wp-content\/uploads\/2024\/09\/167919506_134587955336806_6223653715767570006_n-removebg-preview.png","width":568,"height":439,"caption":"Ringo & Otto"},"image":{"@id":"https:\/\/ringoyotto.com\/#\/schema\/logo\/image\/"},"sameAs":["https:\/\/www.facebook.com\/ringoyotto","https:\/\/www.instagram.com\/ringoyotto\/?hl=es","https:\/\/www.tiktok.com\/@ringoyotto"]}]}},"_links":{"self":[{"href":"https:\/\/ringoyotto.com\/en\/wp-json\/wp\/v2\/product\/1257","targetHints":{"allow":["GET"]}}],"collection":[{"href":"https:\/\/ringoyotto.com\/en\/wp-json\/wp\/v2\/product"}],"about":[{"href":"https:\/\/ringoyotto.com\/en\/wp-json\/wp\/v2\/types\/product"}],"wp:featuredmedia":[{"embeddable":true,"href":"https:\/\/ringoyotto.com\/en\/wp-json\/wp\/v2\/media\/1216"}],"wp:attachment":[{"href":"https:\/\/ringoyotto.com\/en\/wp-json\/wp\/v2\/media?parent=1257"}],"wp:term":[{"taxonomy":"product_brand","embeddable":true,"href":"https:\/\/ringoyotto.com\/en\/wp-json\/wp\/v2\/product_brand?post=1257"},{"taxonomy":"product_cat","embeddable":true,"href":"https:\/\/ringoyotto.com\/en\/wp-json\/wp\/v2\/product_cat?post=1257"},{"taxonomy":"product_tag","embeddable":true,"href":"https:\/\/ringoyotto.com\/en\/wp-json\/wp\/v2\/product_tag?post=1257"},{"taxonomy":"para_quien","embeddable":true,"href":"https:\/\/ringoyotto.com\/en\/wp-json\/wp\/v2\/para_quien?post=1257"}],"curies":[{"name":"wp","href":"https:\/\/api.w.org\/{rel}","templated":true}]}}