{"id":1263,"date":"2025-03-06T12:28:44","date_gmt":"2025-03-06T11:28:44","guid":{"rendered":"https:\/\/ringoyotto.com\/producto\/snacks-para-perros-abueletes\/"},"modified":"2025-11-29T19:43:37","modified_gmt":"2025-11-29T18:43:37","slug":"snacks-para-perros-abueletes","status":"publish","type":"product","link":"https:\/\/ringoyotto.com\/en\/product\/snacks-para-perros-abueletes\/","title":{"rendered":"Snacks para perros abueletesMM`+P"},"content":{"rendered":"<p>Ingredientes : Harina de garbanzo, zanahoria, aceite de oliva virgen extra, aceite de salm\u00f3n salvaje, cardo mariano, harpagofito, pimienta negra, c\u00farcuma y perejil.<br \/>\nHierbas bot\u00e1nicas: Alfalfa, ortiga verde, ra\u00edz de diente de le\u00f3n, ra\u00edz de bardana, ra\u00edz de achicoria, vara de oro.<\/p>\n<p>Componentes nutricionales por cada 100g de producto : Prote\u00edna Cruda 12%, Grasas totales 13%, Fibras brutas 2%, Calcio 176,8 mg, sal menos 0,1% (sodio natural de los ingredientes, sin sal ni aditivos a\u00f1adidos)<\/p>\n<p>No contienen subproductos ni aditivos naturales ni artificiales, s\u00f3lo ingredientes 100% naturales de calidad humana.<\/p>\n<p>Producto Plastic Free.<\/p>","protected":false},"excerpt":{"rendered":"<p>Snacks para perros seniors con una combinaci\u00f3n perfecta de ingredientes para suplementar su dieta diar\u00eda. snacks para perros seniors son la combinaci\u00f3n perfecta para suplementar su dieta diar\u00eda.<br \/>\nCon harpagofito, c\u00farcuma y pimienta negra para sus articulaciones, cardo mariano como hepaprotector, y aceite de salm\u00f3n salvaje y perejil para su coraz\u00f3n.<\/p>\n<p>Hechos a mano con ingredientes 100% naturales de calidad humana.<\/p>\n<p>Perfecto para los est\u00f3magos sensibles.<\/p>\n<p>Para perros mayores de 7 a\u00f1os.<\/p>","protected":false},"featured_media":1158,"template":"","meta":[],"product_brand":[90],"product_cat":[23,26],"product_tag":[],"para_quien":[99],"class_list":{"0":"post-1263","1":"product","2":"type-product","3":"status-publish","4":"has-post-thumbnail","6":"product_brand-waniyanpi","7":"product_cat-1-alimentacion","8":"product_cat-snacks-y-mordedores","9":"para_quien-perro","11":"first","12":"outofstock","13":"taxable","14":"shipping-taxable","15":"purchasable","16":"product-type-simple"},"yoast_head":"<!-- This site is optimized with the Yoast SEO plugin v27.4 - https:\/\/yoast.com\/product\/yoast-seo-wordpress\/ -->\n<title>Snacks para perros abueletesMM`+P - Ringo &amp; Otto<\/title>\n<meta name=\"robots\" content=\"index, follow, max-snippet:-1, max-image-preview:large, max-video-preview:-1\" \/>\n<link rel=\"canonical\" href=\"https:\/\/ringoyotto.com\/en\/product\/snacks-para-perros-abueletes\/\" \/>\n<meta property=\"og:locale\" content=\"en_GB\" \/>\n<meta property=\"og:type\" content=\"article\" \/>\n<meta property=\"og:title\" content=\"Snacks para perros abueletesMM`+P - Ringo &amp; Otto\" \/>\n<meta property=\"og:description\" content=\"Snacks para perros seniors con una combinaci\u00f3n perfecta de ingredientes para suplementar su dieta diar\u00eda. snacks para perros seniors son la combinaci\u00f3n perfecta para suplementar su dieta diar\u00eda. Con harpagofito, c\u00farcuma y pimienta negra para sus articulaciones, cardo mariano como hepaprotector, y aceite de salm\u00f3n salvaje y perejil para su coraz\u00f3n.  Hechos a mano con ingredientes 100% naturales de calidad humana.  Perfecto para los est\u00f3magos sensibles.  Para perros mayores de 7 a\u00f1os.\" \/>\n<meta property=\"og:url\" content=\"https:\/\/ringoyotto.com\/en\/product\/snacks-para-perros-abueletes\/\" \/>\n<meta property=\"og:site_name\" content=\"Ringo &amp; Otto\" \/>\n<meta property=\"article:publisher\" content=\"https:\/\/www.facebook.com\/ringoyotto\" \/>\n<meta property=\"article:modified_time\" content=\"2025-11-29T18:43:37+00:00\" \/>\n<meta property=\"og:image\" content=\"https:\/\/ringoyotto.com\/wp-content\/uploads\/2025\/03\/senior-wani.png\" \/>\n\t<meta property=\"og:image:width\" content=\"875\" \/>\n\t<meta property=\"og:image:height\" content=\"875\" \/>\n\t<meta property=\"og:image:type\" content=\"image\/png\" \/>\n<meta name=\"twitter:card\" content=\"summary_large_image\" \/>\n<meta name=\"twitter:label1\" content=\"Estimated reading time\" \/>\n\t<meta name=\"twitter:data1\" content=\"1 minute\" \/>\n<script type=\"application\/ld+json\" class=\"yoast-schema-graph\">{\"@context\":\"https:\\\/\\\/schema.org\",\"@graph\":[{\"@type\":\"WebPage\",\"@id\":\"https:\\\/\\\/ringoyotto.com\\\/producto\\\/snacks-para-perros-abueletes\\\/\",\"url\":\"https:\\\/\\\/ringoyotto.com\\\/producto\\\/snacks-para-perros-abueletes\\\/\",\"name\":\"Snacks para perros abueletesMM`+P - Ringo &amp; Otto\",\"isPartOf\":{\"@id\":\"https:\\\/\\\/ringoyotto.com\\\/#website\"},\"primaryImageOfPage\":{\"@id\":\"https:\\\/\\\/ringoyotto.com\\\/producto\\\/snacks-para-perros-abueletes\\\/#primaryimage\"},\"image\":{\"@id\":\"https:\\\/\\\/ringoyotto.com\\\/producto\\\/snacks-para-perros-abueletes\\\/#primaryimage\"},\"thumbnailUrl\":\"https:\\\/\\\/ringoyotto.com\\\/wp-content\\\/uploads\\\/2025\\\/03\\\/senior-wani.png\",\"datePublished\":\"2025-03-06T11:28:44+00:00\",\"dateModified\":\"2025-11-29T18:43:37+00:00\",\"breadcrumb\":{\"@id\":\"https:\\\/\\\/ringoyotto.com\\\/producto\\\/snacks-para-perros-abueletes\\\/#breadcrumb\"},\"inLanguage\":\"en-GB\",\"potentialAction\":[{\"@type\":\"ReadAction\",\"target\":[\"https:\\\/\\\/ringoyotto.com\\\/producto\\\/snacks-para-perros-abueletes\\\/\"]}]},{\"@type\":\"ImageObject\",\"inLanguage\":\"en-GB\",\"@id\":\"https:\\\/\\\/ringoyotto.com\\\/producto\\\/snacks-para-perros-abueletes\\\/#primaryimage\",\"url\":\"https:\\\/\\\/ringoyotto.com\\\/wp-content\\\/uploads\\\/2025\\\/03\\\/senior-wani.png\",\"contentUrl\":\"https:\\\/\\\/ringoyotto.com\\\/wp-content\\\/uploads\\\/2025\\\/03\\\/senior-wani.png\",\"width\":875,\"height\":875},{\"@type\":\"BreadcrumbList\",\"@id\":\"https:\\\/\\\/ringoyotto.com\\\/producto\\\/snacks-para-perros-abueletes\\\/#breadcrumb\",\"itemListElement\":[{\"@type\":\"ListItem\",\"position\":1,\"name\":\"Portada\",\"item\":\"https:\\\/\\\/ringoyotto.com\\\/\"},{\"@type\":\"ListItem\",\"position\":2,\"name\":\"Tienda\",\"item\":\"https:\\\/\\\/ringoyotto.com\\\/tienda\\\/\"},{\"@type\":\"ListItem\",\"position\":3,\"name\":\"Snacks para perros abueletesMM`+P\"}]},{\"@type\":\"WebSite\",\"@id\":\"https:\\\/\\\/ringoyotto.com\\\/#website\",\"url\":\"https:\\\/\\\/ringoyotto.com\\\/\",\"name\":\"Ringo & Otto\",\"description\":\"Productos para perros y gatos\",\"publisher\":{\"@id\":\"https:\\\/\\\/ringoyotto.com\\\/#organization\"},\"potentialAction\":[{\"@type\":\"SearchAction\",\"target\":{\"@type\":\"EntryPoint\",\"urlTemplate\":\"https:\\\/\\\/ringoyotto.com\\\/?s={search_term_string}\"},\"query-input\":{\"@type\":\"PropertyValueSpecification\",\"valueRequired\":true,\"valueName\":\"search_term_string\"}}],\"inLanguage\":\"en-GB\"},{\"@type\":\"Organization\",\"@id\":\"https:\\\/\\\/ringoyotto.com\\\/#organization\",\"name\":\"Ringo & Otto\",\"url\":\"https:\\\/\\\/ringoyotto.com\\\/\",\"logo\":{\"@type\":\"ImageObject\",\"inLanguage\":\"en-GB\",\"@id\":\"https:\\\/\\\/ringoyotto.com\\\/#\\\/schema\\\/logo\\\/image\\\/\",\"url\":\"https:\\\/\\\/ringoyotto.com\\\/wp-content\\\/uploads\\\/2024\\\/09\\\/167919506_134587955336806_6223653715767570006_n-removebg-preview.png\",\"contentUrl\":\"https:\\\/\\\/ringoyotto.com\\\/wp-content\\\/uploads\\\/2024\\\/09\\\/167919506_134587955336806_6223653715767570006_n-removebg-preview.png\",\"width\":568,\"height\":439,\"caption\":\"Ringo & Otto\"},\"image\":{\"@id\":\"https:\\\/\\\/ringoyotto.com\\\/#\\\/schema\\\/logo\\\/image\\\/\"},\"sameAs\":[\"https:\\\/\\\/www.facebook.com\\\/ringoyotto\",\"https:\\\/\\\/www.instagram.com\\\/ringoyotto\\\/?hl=es\",\"https:\\\/\\\/www.tiktok.com\\\/@ringoyotto\"]}]}<\/script>\n<!-- \/ Yoast SEO plugin. -->","yoast_head_json":{"title":"Snacks para perros abueletesMM`+P - Ringo &amp; Otto","robots":{"index":"index","follow":"follow","max-snippet":"max-snippet:-1","max-image-preview":"max-image-preview:large","max-video-preview":"max-video-preview:-1"},"canonical":"https:\/\/ringoyotto.com\/en\/product\/snacks-para-perros-abueletes\/","og_locale":"en_GB","og_type":"article","og_title":"Snacks para perros abueletesMM`+P - Ringo &amp; Otto","og_description":"Snacks para perros seniors con una combinaci\u00f3n perfecta de ingredientes para suplementar su dieta diar\u00eda. snacks para perros seniors son la combinaci\u00f3n perfecta para suplementar su dieta diar\u00eda. Con harpagofito, c\u00farcuma y pimienta negra para sus articulaciones, cardo mariano como hepaprotector, y aceite de salm\u00f3n salvaje y perejil para su coraz\u00f3n.  Hechos a mano con ingredientes 100% naturales de calidad humana.  Perfecto para los est\u00f3magos sensibles.  Para perros mayores de 7 a\u00f1os.","og_url":"https:\/\/ringoyotto.com\/en\/product\/snacks-para-perros-abueletes\/","og_site_name":"Ringo &amp; Otto","article_publisher":"https:\/\/www.facebook.com\/ringoyotto","article_modified_time":"2025-11-29T18:43:37+00:00","og_image":[{"width":875,"height":875,"url":"https:\/\/ringoyotto.com\/wp-content\/uploads\/2025\/03\/senior-wani.png","type":"image\/png"}],"twitter_card":"summary_large_image","twitter_misc":{"Estimated reading time":"1 minute"},"schema":{"@context":"https:\/\/schema.org","@graph":[{"@type":"WebPage","@id":"https:\/\/ringoyotto.com\/producto\/snacks-para-perros-abueletes\/","url":"https:\/\/ringoyotto.com\/producto\/snacks-para-perros-abueletes\/","name":"Snacks para perros abueletesMM`+P - Ringo &amp; Otto","isPartOf":{"@id":"https:\/\/ringoyotto.com\/#website"},"primaryImageOfPage":{"@id":"https:\/\/ringoyotto.com\/producto\/snacks-para-perros-abueletes\/#primaryimage"},"image":{"@id":"https:\/\/ringoyotto.com\/producto\/snacks-para-perros-abueletes\/#primaryimage"},"thumbnailUrl":"https:\/\/ringoyotto.com\/wp-content\/uploads\/2025\/03\/senior-wani.png","datePublished":"2025-03-06T11:28:44+00:00","dateModified":"2025-11-29T18:43:37+00:00","breadcrumb":{"@id":"https:\/\/ringoyotto.com\/producto\/snacks-para-perros-abueletes\/#breadcrumb"},"inLanguage":"en-GB","potentialAction":[{"@type":"ReadAction","target":["https:\/\/ringoyotto.com\/producto\/snacks-para-perros-abueletes\/"]}]},{"@type":"ImageObject","inLanguage":"en-GB","@id":"https:\/\/ringoyotto.com\/producto\/snacks-para-perros-abueletes\/#primaryimage","url":"https:\/\/ringoyotto.com\/wp-content\/uploads\/2025\/03\/senior-wani.png","contentUrl":"https:\/\/ringoyotto.com\/wp-content\/uploads\/2025\/03\/senior-wani.png","width":875,"height":875},{"@type":"BreadcrumbList","@id":"https:\/\/ringoyotto.com\/producto\/snacks-para-perros-abueletes\/#breadcrumb","itemListElement":[{"@type":"ListItem","position":1,"name":"Portada","item":"https:\/\/ringoyotto.com\/"},{"@type":"ListItem","position":2,"name":"Tienda","item":"https:\/\/ringoyotto.com\/tienda\/"},{"@type":"ListItem","position":3,"name":"Snacks para perros abueletesMM`+P"}]},{"@type":"WebSite","@id":"https:\/\/ringoyotto.com\/#website","url":"https:\/\/ringoyotto.com\/","name":"Ringo & Otto","description":"Productos para perros y gatos","publisher":{"@id":"https:\/\/ringoyotto.com\/#organization"},"potentialAction":[{"@type":"SearchAction","target":{"@type":"EntryPoint","urlTemplate":"https:\/\/ringoyotto.com\/?s={search_term_string}"},"query-input":{"@type":"PropertyValueSpecification","valueRequired":true,"valueName":"search_term_string"}}],"inLanguage":"en-GB"},{"@type":"Organization","@id":"https:\/\/ringoyotto.com\/#organization","name":"Ringo & Otto","url":"https:\/\/ringoyotto.com\/","logo":{"@type":"ImageObject","inLanguage":"en-GB","@id":"https:\/\/ringoyotto.com\/#\/schema\/logo\/image\/","url":"https:\/\/ringoyotto.com\/wp-content\/uploads\/2024\/09\/167919506_134587955336806_6223653715767570006_n-removebg-preview.png","contentUrl":"https:\/\/ringoyotto.com\/wp-content\/uploads\/2024\/09\/167919506_134587955336806_6223653715767570006_n-removebg-preview.png","width":568,"height":439,"caption":"Ringo & Otto"},"image":{"@id":"https:\/\/ringoyotto.com\/#\/schema\/logo\/image\/"},"sameAs":["https:\/\/www.facebook.com\/ringoyotto","https:\/\/www.instagram.com\/ringoyotto\/?hl=es","https:\/\/www.tiktok.com\/@ringoyotto"]}]}},"_links":{"self":[{"href":"https:\/\/ringoyotto.com\/en\/wp-json\/wp\/v2\/product\/1263","targetHints":{"allow":["GET"]}}],"collection":[{"href":"https:\/\/ringoyotto.com\/en\/wp-json\/wp\/v2\/product"}],"about":[{"href":"https:\/\/ringoyotto.com\/en\/wp-json\/wp\/v2\/types\/product"}],"wp:featuredmedia":[{"embeddable":true,"href":"https:\/\/ringoyotto.com\/en\/wp-json\/wp\/v2\/media\/1158"}],"wp:attachment":[{"href":"https:\/\/ringoyotto.com\/en\/wp-json\/wp\/v2\/media?parent=1263"}],"wp:term":[{"taxonomy":"product_brand","embeddable":true,"href":"https:\/\/ringoyotto.com\/en\/wp-json\/wp\/v2\/product_brand?post=1263"},{"taxonomy":"product_cat","embeddable":true,"href":"https:\/\/ringoyotto.com\/en\/wp-json\/wp\/v2\/product_cat?post=1263"},{"taxonomy":"product_tag","embeddable":true,"href":"https:\/\/ringoyotto.com\/en\/wp-json\/wp\/v2\/product_tag?post=1263"},{"taxonomy":"para_quien","embeddable":true,"href":"https:\/\/ringoyotto.com\/en\/wp-json\/wp\/v2\/para_quien?post=1263"}],"curies":[{"name":"wp","href":"https:\/\/api.w.org\/{rel}","templated":true}]}}