{"id":1267,"date":"2025-03-06T12:28:52","date_gmt":"2025-03-06T11:28:52","guid":{"rendered":"https:\/\/ringoyotto.com\/producto\/snacks-para-perros-con-sobrepeso-y-diabeticos\/"},"modified":"2025-11-29T19:07:59","modified_gmt":"2025-11-29T18:07:59","slug":"snacks-para-perros-con-sobrepeso-y-diabeticos","status":"publish","type":"product","link":"https:\/\/ringoyotto.com\/en\/product\/snacks-para-perros-con-sobrepeso-y-diabeticos\/","title":{"rendered":"Snacks para perros con Sobrepeso y Diab\u00e9ticos"},"content":{"rendered":"<p>Ingredientes : Harina de garbanzo, manzana, aceite de oliva virgen extra, , c\u00farcuma y canela.<br \/>\nHierbas bot\u00e1nicas: Alfalfa, ortiga verde, ra\u00edz de diente de le\u00f3n, ra\u00edz de bardana, ra\u00edz de achicoria, vara de oro.<\/p>\n<p>Componentes nutricionales por cada 100g de producto : Prote\u00edna Cruda 12%, Grasas totales 13%, Fibras brutas 2%, Calcio 176,8 mg, sal menos 0,1% (sodio natural de los ingredientes, sin sal ni aditivos a\u00f1adidos)<\/p>\n<p>No contienen subproductos ni aditivos naturales ni artificiales, s\u00f3lo ingredientes 100% naturales de calidad humana.<\/p>\n<p>Producto Plastic Free.<\/p>","protected":false},"excerpt":{"rendered":"<p>Los snacks para perros con sobrepeso y diab\u00e9tico Waniyanpi son unos snacks con ingredientes simples como la harina de garbanzo, con \u00edndices gluc\u00e9micos bajos. Combinado con buenos paseos son los snacks ideales para perritos con estos problemas, gracias a la canela y la c\u00farcuma, que ayudan a regular los niveles de azucar en sangre y el aceite de oliva que aporta \u00e1cidos grasos esenciales y vitaminas.<\/p>\n<p>Hechos a mano con ingredientes 100% naturales de calidad humana.<\/p>\n<p>Perfecto para los est\u00f3magos sensibles.<\/p>\n<p>Apto para perros de todas las edades.<\/p>","protected":false},"featured_media":1159,"template":"","meta":[],"product_brand":[90],"product_cat":[23,26],"product_tag":[],"para_quien":[99],"class_list":{"0":"post-1267","1":"product","2":"type-product","3":"status-publish","4":"has-post-thumbnail","6":"product_brand-waniyanpi","7":"product_cat-1-alimentacion","8":"product_cat-snacks-y-mordedores","9":"para_quien-perro","11":"first","12":"outofstock","13":"taxable","14":"shipping-taxable","15":"purchasable","16":"product-type-simple"},"yoast_head":"<!-- This site is optimized with the Yoast SEO plugin v27.4 - https:\/\/yoast.com\/product\/yoast-seo-wordpress\/ -->\n<title>Snacks para perros con Sobrepeso y Diab\u00e9ticos - Ringo &amp; Otto<\/title>\n<meta name=\"robots\" content=\"index, follow, max-snippet:-1, max-image-preview:large, max-video-preview:-1\" \/>\n<link rel=\"canonical\" href=\"https:\/\/ringoyotto.com\/en\/product\/snacks-para-perros-con-sobrepeso-y-diabeticos\/\" \/>\n<meta property=\"og:locale\" content=\"en_GB\" \/>\n<meta property=\"og:type\" content=\"article\" \/>\n<meta property=\"og:title\" content=\"Snacks para perros con Sobrepeso y Diab\u00e9ticos - Ringo &amp; Otto\" \/>\n<meta property=\"og:description\" content=\"Los snacks para perros con sobrepeso y diab\u00e9tico Waniyanpi son unos snacks con ingredientes simples como la harina de garbanzo, con \u00edndices gluc\u00e9micos bajos. Combinado con buenos paseos son los snacks ideales para perritos con estos problemas, gracias a la canela y la c\u00farcuma, que ayudan a regular los niveles de azucar en sangre y el aceite de oliva que aporta \u00e1cidos grasos esenciales y vitaminas.  Hechos a mano con ingredientes 100% naturales de calidad humana.  Perfecto para los est\u00f3magos sensibles.  Apto para perros de todas las edades.\" \/>\n<meta property=\"og:url\" content=\"https:\/\/ringoyotto.com\/en\/product\/snacks-para-perros-con-sobrepeso-y-diabeticos\/\" \/>\n<meta property=\"og:site_name\" content=\"Ringo &amp; Otto\" \/>\n<meta property=\"article:publisher\" content=\"https:\/\/www.facebook.com\/ringoyotto\" \/>\n<meta property=\"article:modified_time\" content=\"2025-11-29T18:07:59+00:00\" \/>\n<meta property=\"og:image\" content=\"https:\/\/ringoyotto.com\/wp-content\/uploads\/2025\/03\/sobrepeso-wani.png\" \/>\n\t<meta property=\"og:image:width\" content=\"875\" \/>\n\t<meta property=\"og:image:height\" content=\"875\" \/>\n\t<meta property=\"og:image:type\" content=\"image\/png\" \/>\n<meta name=\"twitter:card\" content=\"summary_large_image\" \/>\n<meta name=\"twitter:label1\" content=\"Estimated reading time\" \/>\n\t<meta name=\"twitter:data1\" content=\"1 minute\" \/>\n<script type=\"application\/ld+json\" class=\"yoast-schema-graph\">{\"@context\":\"https:\\\/\\\/schema.org\",\"@graph\":[{\"@type\":\"WebPage\",\"@id\":\"https:\\\/\\\/ringoyotto.com\\\/producto\\\/snacks-para-perros-con-sobrepeso-y-diabeticos\\\/\",\"url\":\"https:\\\/\\\/ringoyotto.com\\\/producto\\\/snacks-para-perros-con-sobrepeso-y-diabeticos\\\/\",\"name\":\"Snacks para perros con Sobrepeso y Diab\u00e9ticos - Ringo &amp; Otto\",\"isPartOf\":{\"@id\":\"https:\\\/\\\/ringoyotto.com\\\/#website\"},\"primaryImageOfPage\":{\"@id\":\"https:\\\/\\\/ringoyotto.com\\\/producto\\\/snacks-para-perros-con-sobrepeso-y-diabeticos\\\/#primaryimage\"},\"image\":{\"@id\":\"https:\\\/\\\/ringoyotto.com\\\/producto\\\/snacks-para-perros-con-sobrepeso-y-diabeticos\\\/#primaryimage\"},\"thumbnailUrl\":\"https:\\\/\\\/ringoyotto.com\\\/wp-content\\\/uploads\\\/2025\\\/03\\\/sobrepeso-wani.png\",\"datePublished\":\"2025-03-06T11:28:52+00:00\",\"dateModified\":\"2025-11-29T18:07:59+00:00\",\"breadcrumb\":{\"@id\":\"https:\\\/\\\/ringoyotto.com\\\/producto\\\/snacks-para-perros-con-sobrepeso-y-diabeticos\\\/#breadcrumb\"},\"inLanguage\":\"en-GB\",\"potentialAction\":[{\"@type\":\"ReadAction\",\"target\":[\"https:\\\/\\\/ringoyotto.com\\\/producto\\\/snacks-para-perros-con-sobrepeso-y-diabeticos\\\/\"]}]},{\"@type\":\"ImageObject\",\"inLanguage\":\"en-GB\",\"@id\":\"https:\\\/\\\/ringoyotto.com\\\/producto\\\/snacks-para-perros-con-sobrepeso-y-diabeticos\\\/#primaryimage\",\"url\":\"https:\\\/\\\/ringoyotto.com\\\/wp-content\\\/uploads\\\/2025\\\/03\\\/sobrepeso-wani.png\",\"contentUrl\":\"https:\\\/\\\/ringoyotto.com\\\/wp-content\\\/uploads\\\/2025\\\/03\\\/sobrepeso-wani.png\",\"width\":875,\"height\":875},{\"@type\":\"BreadcrumbList\",\"@id\":\"https:\\\/\\\/ringoyotto.com\\\/producto\\\/snacks-para-perros-con-sobrepeso-y-diabeticos\\\/#breadcrumb\",\"itemListElement\":[{\"@type\":\"ListItem\",\"position\":1,\"name\":\"Portada\",\"item\":\"https:\\\/\\\/ringoyotto.com\\\/\"},{\"@type\":\"ListItem\",\"position\":2,\"name\":\"Tienda\",\"item\":\"https:\\\/\\\/ringoyotto.com\\\/tienda\\\/\"},{\"@type\":\"ListItem\",\"position\":3,\"name\":\"Snacks para perros con Sobrepeso y Diab\u00e9ticos\"}]},{\"@type\":\"WebSite\",\"@id\":\"https:\\\/\\\/ringoyotto.com\\\/#website\",\"url\":\"https:\\\/\\\/ringoyotto.com\\\/\",\"name\":\"Ringo & Otto\",\"description\":\"Productos para perros y gatos\",\"publisher\":{\"@id\":\"https:\\\/\\\/ringoyotto.com\\\/#organization\"},\"potentialAction\":[{\"@type\":\"SearchAction\",\"target\":{\"@type\":\"EntryPoint\",\"urlTemplate\":\"https:\\\/\\\/ringoyotto.com\\\/?s={search_term_string}\"},\"query-input\":{\"@type\":\"PropertyValueSpecification\",\"valueRequired\":true,\"valueName\":\"search_term_string\"}}],\"inLanguage\":\"en-GB\"},{\"@type\":\"Organization\",\"@id\":\"https:\\\/\\\/ringoyotto.com\\\/#organization\",\"name\":\"Ringo & Otto\",\"url\":\"https:\\\/\\\/ringoyotto.com\\\/\",\"logo\":{\"@type\":\"ImageObject\",\"inLanguage\":\"en-GB\",\"@id\":\"https:\\\/\\\/ringoyotto.com\\\/#\\\/schema\\\/logo\\\/image\\\/\",\"url\":\"https:\\\/\\\/ringoyotto.com\\\/wp-content\\\/uploads\\\/2024\\\/09\\\/167919506_134587955336806_6223653715767570006_n-removebg-preview.png\",\"contentUrl\":\"https:\\\/\\\/ringoyotto.com\\\/wp-content\\\/uploads\\\/2024\\\/09\\\/167919506_134587955336806_6223653715767570006_n-removebg-preview.png\",\"width\":568,\"height\":439,\"caption\":\"Ringo & Otto\"},\"image\":{\"@id\":\"https:\\\/\\\/ringoyotto.com\\\/#\\\/schema\\\/logo\\\/image\\\/\"},\"sameAs\":[\"https:\\\/\\\/www.facebook.com\\\/ringoyotto\",\"https:\\\/\\\/www.instagram.com\\\/ringoyotto\\\/?hl=es\",\"https:\\\/\\\/www.tiktok.com\\\/@ringoyotto\"]}]}<\/script>\n<!-- \/ Yoast SEO plugin. -->","yoast_head_json":{"title":"Snacks para perros con Sobrepeso y Diab\u00e9ticos - Ringo &amp; Otto","robots":{"index":"index","follow":"follow","max-snippet":"max-snippet:-1","max-image-preview":"max-image-preview:large","max-video-preview":"max-video-preview:-1"},"canonical":"https:\/\/ringoyotto.com\/en\/product\/snacks-para-perros-con-sobrepeso-y-diabeticos\/","og_locale":"en_GB","og_type":"article","og_title":"Snacks para perros con Sobrepeso y Diab\u00e9ticos - Ringo &amp; Otto","og_description":"Los snacks para perros con sobrepeso y diab\u00e9tico Waniyanpi son unos snacks con ingredientes simples como la harina de garbanzo, con \u00edndices gluc\u00e9micos bajos. Combinado con buenos paseos son los snacks ideales para perritos con estos problemas, gracias a la canela y la c\u00farcuma, que ayudan a regular los niveles de azucar en sangre y el aceite de oliva que aporta \u00e1cidos grasos esenciales y vitaminas.  Hechos a mano con ingredientes 100% naturales de calidad humana.  Perfecto para los est\u00f3magos sensibles.  Apto para perros de todas las edades.","og_url":"https:\/\/ringoyotto.com\/en\/product\/snacks-para-perros-con-sobrepeso-y-diabeticos\/","og_site_name":"Ringo &amp; Otto","article_publisher":"https:\/\/www.facebook.com\/ringoyotto","article_modified_time":"2025-11-29T18:07:59+00:00","og_image":[{"width":875,"height":875,"url":"https:\/\/ringoyotto.com\/wp-content\/uploads\/2025\/03\/sobrepeso-wani.png","type":"image\/png"}],"twitter_card":"summary_large_image","twitter_misc":{"Estimated reading time":"1 minute"},"schema":{"@context":"https:\/\/schema.org","@graph":[{"@type":"WebPage","@id":"https:\/\/ringoyotto.com\/producto\/snacks-para-perros-con-sobrepeso-y-diabeticos\/","url":"https:\/\/ringoyotto.com\/producto\/snacks-para-perros-con-sobrepeso-y-diabeticos\/","name":"Snacks para perros con Sobrepeso y Diab\u00e9ticos - Ringo &amp; Otto","isPartOf":{"@id":"https:\/\/ringoyotto.com\/#website"},"primaryImageOfPage":{"@id":"https:\/\/ringoyotto.com\/producto\/snacks-para-perros-con-sobrepeso-y-diabeticos\/#primaryimage"},"image":{"@id":"https:\/\/ringoyotto.com\/producto\/snacks-para-perros-con-sobrepeso-y-diabeticos\/#primaryimage"},"thumbnailUrl":"https:\/\/ringoyotto.com\/wp-content\/uploads\/2025\/03\/sobrepeso-wani.png","datePublished":"2025-03-06T11:28:52+00:00","dateModified":"2025-11-29T18:07:59+00:00","breadcrumb":{"@id":"https:\/\/ringoyotto.com\/producto\/snacks-para-perros-con-sobrepeso-y-diabeticos\/#breadcrumb"},"inLanguage":"en-GB","potentialAction":[{"@type":"ReadAction","target":["https:\/\/ringoyotto.com\/producto\/snacks-para-perros-con-sobrepeso-y-diabeticos\/"]}]},{"@type":"ImageObject","inLanguage":"en-GB","@id":"https:\/\/ringoyotto.com\/producto\/snacks-para-perros-con-sobrepeso-y-diabeticos\/#primaryimage","url":"https:\/\/ringoyotto.com\/wp-content\/uploads\/2025\/03\/sobrepeso-wani.png","contentUrl":"https:\/\/ringoyotto.com\/wp-content\/uploads\/2025\/03\/sobrepeso-wani.png","width":875,"height":875},{"@type":"BreadcrumbList","@id":"https:\/\/ringoyotto.com\/producto\/snacks-para-perros-con-sobrepeso-y-diabeticos\/#breadcrumb","itemListElement":[{"@type":"ListItem","position":1,"name":"Portada","item":"https:\/\/ringoyotto.com\/"},{"@type":"ListItem","position":2,"name":"Tienda","item":"https:\/\/ringoyotto.com\/tienda\/"},{"@type":"ListItem","position":3,"name":"Snacks para perros con Sobrepeso y Diab\u00e9ticos"}]},{"@type":"WebSite","@id":"https:\/\/ringoyotto.com\/#website","url":"https:\/\/ringoyotto.com\/","name":"Ringo & Otto","description":"Productos para perros y gatos","publisher":{"@id":"https:\/\/ringoyotto.com\/#organization"},"potentialAction":[{"@type":"SearchAction","target":{"@type":"EntryPoint","urlTemplate":"https:\/\/ringoyotto.com\/?s={search_term_string}"},"query-input":{"@type":"PropertyValueSpecification","valueRequired":true,"valueName":"search_term_string"}}],"inLanguage":"en-GB"},{"@type":"Organization","@id":"https:\/\/ringoyotto.com\/#organization","name":"Ringo & Otto","url":"https:\/\/ringoyotto.com\/","logo":{"@type":"ImageObject","inLanguage":"en-GB","@id":"https:\/\/ringoyotto.com\/#\/schema\/logo\/image\/","url":"https:\/\/ringoyotto.com\/wp-content\/uploads\/2024\/09\/167919506_134587955336806_6223653715767570006_n-removebg-preview.png","contentUrl":"https:\/\/ringoyotto.com\/wp-content\/uploads\/2024\/09\/167919506_134587955336806_6223653715767570006_n-removebg-preview.png","width":568,"height":439,"caption":"Ringo & Otto"},"image":{"@id":"https:\/\/ringoyotto.com\/#\/schema\/logo\/image\/"},"sameAs":["https:\/\/www.facebook.com\/ringoyotto","https:\/\/www.instagram.com\/ringoyotto\/?hl=es","https:\/\/www.tiktok.com\/@ringoyotto"]}]}},"_links":{"self":[{"href":"https:\/\/ringoyotto.com\/en\/wp-json\/wp\/v2\/product\/1267","targetHints":{"allow":["GET"]}}],"collection":[{"href":"https:\/\/ringoyotto.com\/en\/wp-json\/wp\/v2\/product"}],"about":[{"href":"https:\/\/ringoyotto.com\/en\/wp-json\/wp\/v2\/types\/product"}],"wp:featuredmedia":[{"embeddable":true,"href":"https:\/\/ringoyotto.com\/en\/wp-json\/wp\/v2\/media\/1159"}],"wp:attachment":[{"href":"https:\/\/ringoyotto.com\/en\/wp-json\/wp\/v2\/media?parent=1267"}],"wp:term":[{"taxonomy":"product_brand","embeddable":true,"href":"https:\/\/ringoyotto.com\/en\/wp-json\/wp\/v2\/product_brand?post=1267"},{"taxonomy":"product_cat","embeddable":true,"href":"https:\/\/ringoyotto.com\/en\/wp-json\/wp\/v2\/product_cat?post=1267"},{"taxonomy":"product_tag","embeddable":true,"href":"https:\/\/ringoyotto.com\/en\/wp-json\/wp\/v2\/product_tag?post=1267"},{"taxonomy":"para_quien","embeddable":true,"href":"https:\/\/ringoyotto.com\/en\/wp-json\/wp\/v2\/para_quien?post=1267"}],"curies":[{"name":"wp","href":"https:\/\/api.w.org\/{rel}","templated":true}]}}