{"id":1282,"date":"2025-03-06T12:28:58","date_gmt":"2025-03-06T11:28:58","guid":{"rendered":"https:\/\/ringoyotto.com\/producto\/pienso-para-gatitos-harper-and-bone-flavours-of-the-farm\/"},"modified":"2025-05-10T18:05:36","modified_gmt":"2025-05-10T16:05:36","slug":"pienso-para-gatitos-harper-and-bone-flavours-of-the-farm","status":"publish","type":"product","link":"https:\/\/ringoyotto.com\/en\/product\/pienso-para-gatitos-harper-and-bone-flavours-of-the-farm\/","title":{"rendered":"Pienso para gatitos Harper and Bone: Flavours of the Farm"},"content":{"rendered":"<p>Composici\u00f3n:<br \/>\nPollo deshidratado 18,5%, pollo deshuesado preparado en fresco 15,3%, arroz extrusionado, guisantes verdes enteros, pavo deshidratado 10%, aceite de pollo (protegido con tocoferoles naturales) 4,6%, pato deshuesado preparado en fresco 4%, pavo deshuesado preparado en fresco 3,9%, h\u00edgado de pollo preparado en fresco 3,9%, h\u00edgado de pavo preparado en fresco 3,9%, aceite de pescado (protegido con tocoferoles naturales) 2,3%, h\u00edgado de pollo hidrolizado 2%, arroz integral 1,8%, semillas de lino (fuente natural de \u00e1cidos grasos Omega 3) 0,5%, pulpa de remolacha, fibra de manzana, levaduras (saccharomyces cerevisiae), minerales, br\u00f3coli fresco 1.000 mg\/kg, calabaza fresca 1.000 mg\/kg, zanahorias frescas 1.000 mg\/kg, manzanas frescas 1.000 mg\/kg, pared celular hidrolizada de levaduras (fuente de MOS) 1.000 mg\/kg, achicoria (fuente de FOS) 1.000 mg\/kg, glucosamina 600 mg\/kg, extracto de mandarina 500 mg\/kg, condroitina 350 mg\/kg, yucca schidigera 200 mg\/kg, alga kelp 30 mg\/kg, ar\u00e1ndanos rojos enteros 30 mg\/kg, rosa canina (rica en vitamina C) 30 mg\/kg, t\u00e9 verde 30 mg\/kg, c\u00farcuma 30 mg\/kg.<\/p>\n<p>Componentes anal\u00edticos:<br \/>\nProte\u00edna bruta 36%, grasa bruta 20%, \u00e1cidos grasos Omega 3 0,80%, \u00e1cidos grasos Omega 6 2,95%, EPA+DHA 2.100 mg\/kg, fibra bruta 2,50%, ceniza bruta 8,50%, calcio 1,70%, f\u00f3sforo 1,20%. Energ\u00eda metabolizable 4.049 kcal\/kg.<\/p>\n<p>Aditivos:<br \/>\nAditivos nutricionales\/kg:<br \/>\nVitamina A 25.000 UI\/kg. Vitamina D3 2.000 UI\/kg. Vitamina E 400 mg\/kg. Vitamina C 200 mg\/kg. Hierro (quelato de hierro (II) de amino\u00e1cidos, hidratado) 45 mg\/kg. Cobre (quelato de cobre de amino\u00e1cidos, hidratado) 8 mg\/kg. Manganeso (quelato de manganeso de amino\u00e1cidos, hidratado) 30 mg\/kg. Zinc (quelato de zinc de amino\u00e1cidos, hidratado) 50 mg\/kg. Levadura selenizada Saccharomyces cerevisiae NCYC R397, inactivada (Complejo de levadura de selenio) 0,2 mg\/kg. Taurina 1.650 mg\/kg. DL-metionina 1.000 mg\/kg. Aditivos tecnol\u00f3gicos: antioxidantes: extractos de tocoferol de aceites vegetales 150 mg\/kg.<\/p>","protected":false},"excerpt":{"rendered":"<p>Pienso seco para <strong>cr\u00edas de gato<\/strong> con una mezcla de <strong>sabrosas carnes de granja<\/strong> que incluyen <strong>pavo, pollo y pavo<\/strong> de la mejor calidad.<\/p>\n<p>Receta <strong>baja en cereales.<\/strong><\/p>\n<p>Saco de <strong>2 kg<\/strong>.<\/p>","protected":false},"featured_media":1139,"template":"","meta":[],"product_brand":[91],"product_cat":[23,25],"product_tag":[],"para_quien":[100],"class_list":{"0":"post-1282","1":"product","2":"type-product","3":"status-publish","4":"has-post-thumbnail","6":"product_brand-harper-bone","7":"product_cat-1-alimentacion","8":"product_cat-comida-seca","9":"para_quien-gato","11":"first","12":"instock","13":"taxable","14":"shipping-taxable","15":"purchasable","16":"product-type-simple"},"yoast_head":"<!-- This site is optimized with the Yoast SEO plugin v27.4 - https:\/\/yoast.com\/product\/yoast-seo-wordpress\/ -->\n<title>Pienso para gatitos Harper and Bone: Flavours of the Farm - Ringo &amp; Otto<\/title>\n<meta name=\"robots\" content=\"index, follow, max-snippet:-1, max-image-preview:large, max-video-preview:-1\" \/>\n<link rel=\"canonical\" href=\"https:\/\/ringoyotto.com\/en\/product\/pienso-para-gatitos-harper-and-bone-flavours-of-the-farm\/\" \/>\n<meta property=\"og:locale\" content=\"en_GB\" \/>\n<meta property=\"og:type\" content=\"article\" \/>\n<meta property=\"og:title\" content=\"Pienso para gatitos Harper and Bone: Flavours of the Farm - Ringo &amp; Otto\" \/>\n<meta property=\"og:description\" content=\"Pienso seco para cr\u00edas de gato con una mezcla de sabrosas carnes de granja que incluyen pavo, pollo y pavo de la mejor calidad.  Receta baja en cereales.  Saco de 2 kg.\" \/>\n<meta property=\"og:url\" content=\"https:\/\/ringoyotto.com\/en\/product\/pienso-para-gatitos-harper-and-bone-flavours-of-the-farm\/\" \/>\n<meta property=\"og:site_name\" content=\"Ringo &amp; Otto\" \/>\n<meta property=\"article:publisher\" content=\"https:\/\/www.facebook.com\/ringoyotto\" \/>\n<meta property=\"article:modified_time\" content=\"2025-05-10T16:05:36+00:00\" \/>\n<meta property=\"og:image\" content=\"https:\/\/ringoyotto.com\/wp-content\/uploads\/2025\/03\/kitten-harper.webp\" \/>\n\t<meta property=\"og:image:width\" content=\"900\" \/>\n\t<meta property=\"og:image:height\" content=\"1422\" \/>\n\t<meta property=\"og:image:type\" content=\"image\/webp\" \/>\n<meta name=\"twitter:card\" content=\"summary_large_image\" \/>\n<meta name=\"twitter:label1\" content=\"Estimated reading time\" \/>\n\t<meta name=\"twitter:data1\" content=\"2 minutes\" \/>\n<script type=\"application\/ld+json\" class=\"yoast-schema-graph\">{\"@context\":\"https:\\\/\\\/schema.org\",\"@graph\":[{\"@type\":\"WebPage\",\"@id\":\"https:\\\/\\\/ringoyotto.com\\\/producto\\\/pienso-para-gatitos-harper-and-bone-flavours-of-the-farm\\\/\",\"url\":\"https:\\\/\\\/ringoyotto.com\\\/producto\\\/pienso-para-gatitos-harper-and-bone-flavours-of-the-farm\\\/\",\"name\":\"Pienso para gatitos Harper and Bone: Flavours of the Farm - Ringo &amp; Otto\",\"isPartOf\":{\"@id\":\"https:\\\/\\\/ringoyotto.com\\\/#website\"},\"primaryImageOfPage\":{\"@id\":\"https:\\\/\\\/ringoyotto.com\\\/producto\\\/pienso-para-gatitos-harper-and-bone-flavours-of-the-farm\\\/#primaryimage\"},\"image\":{\"@id\":\"https:\\\/\\\/ringoyotto.com\\\/producto\\\/pienso-para-gatitos-harper-and-bone-flavours-of-the-farm\\\/#primaryimage\"},\"thumbnailUrl\":\"https:\\\/\\\/ringoyotto.com\\\/wp-content\\\/uploads\\\/2025\\\/03\\\/kitten-harper.webp\",\"datePublished\":\"2025-03-06T11:28:58+00:00\",\"dateModified\":\"2025-05-10T16:05:36+00:00\",\"breadcrumb\":{\"@id\":\"https:\\\/\\\/ringoyotto.com\\\/producto\\\/pienso-para-gatitos-harper-and-bone-flavours-of-the-farm\\\/#breadcrumb\"},\"inLanguage\":\"en-GB\",\"potentialAction\":[{\"@type\":\"ReadAction\",\"target\":[\"https:\\\/\\\/ringoyotto.com\\\/producto\\\/pienso-para-gatitos-harper-and-bone-flavours-of-the-farm\\\/\"]}]},{\"@type\":\"ImageObject\",\"inLanguage\":\"en-GB\",\"@id\":\"https:\\\/\\\/ringoyotto.com\\\/producto\\\/pienso-para-gatitos-harper-and-bone-flavours-of-the-farm\\\/#primaryimage\",\"url\":\"https:\\\/\\\/ringoyotto.com\\\/wp-content\\\/uploads\\\/2025\\\/03\\\/kitten-harper.webp\",\"contentUrl\":\"https:\\\/\\\/ringoyotto.com\\\/wp-content\\\/uploads\\\/2025\\\/03\\\/kitten-harper.webp\",\"width\":900,\"height\":1422},{\"@type\":\"BreadcrumbList\",\"@id\":\"https:\\\/\\\/ringoyotto.com\\\/producto\\\/pienso-para-gatitos-harper-and-bone-flavours-of-the-farm\\\/#breadcrumb\",\"itemListElement\":[{\"@type\":\"ListItem\",\"position\":1,\"name\":\"Portada\",\"item\":\"https:\\\/\\\/ringoyotto.com\\\/\"},{\"@type\":\"ListItem\",\"position\":2,\"name\":\"Tienda\",\"item\":\"https:\\\/\\\/ringoyotto.com\\\/tienda\\\/\"},{\"@type\":\"ListItem\",\"position\":3,\"name\":\"Pienso para gatitos Harper and Bone: Flavours of the Farm\"}]},{\"@type\":\"WebSite\",\"@id\":\"https:\\\/\\\/ringoyotto.com\\\/#website\",\"url\":\"https:\\\/\\\/ringoyotto.com\\\/\",\"name\":\"Ringo & Otto\",\"description\":\"Productos para perros y gatos\",\"publisher\":{\"@id\":\"https:\\\/\\\/ringoyotto.com\\\/#organization\"},\"potentialAction\":[{\"@type\":\"SearchAction\",\"target\":{\"@type\":\"EntryPoint\",\"urlTemplate\":\"https:\\\/\\\/ringoyotto.com\\\/?s={search_term_string}\"},\"query-input\":{\"@type\":\"PropertyValueSpecification\",\"valueRequired\":true,\"valueName\":\"search_term_string\"}}],\"inLanguage\":\"en-GB\"},{\"@type\":\"Organization\",\"@id\":\"https:\\\/\\\/ringoyotto.com\\\/#organization\",\"name\":\"Ringo & Otto\",\"url\":\"https:\\\/\\\/ringoyotto.com\\\/\",\"logo\":{\"@type\":\"ImageObject\",\"inLanguage\":\"en-GB\",\"@id\":\"https:\\\/\\\/ringoyotto.com\\\/#\\\/schema\\\/logo\\\/image\\\/\",\"url\":\"https:\\\/\\\/ringoyotto.com\\\/wp-content\\\/uploads\\\/2024\\\/09\\\/167919506_134587955336806_6223653715767570006_n-removebg-preview.png\",\"contentUrl\":\"https:\\\/\\\/ringoyotto.com\\\/wp-content\\\/uploads\\\/2024\\\/09\\\/167919506_134587955336806_6223653715767570006_n-removebg-preview.png\",\"width\":568,\"height\":439,\"caption\":\"Ringo & Otto\"},\"image\":{\"@id\":\"https:\\\/\\\/ringoyotto.com\\\/#\\\/schema\\\/logo\\\/image\\\/\"},\"sameAs\":[\"https:\\\/\\\/www.facebook.com\\\/ringoyotto\",\"https:\\\/\\\/www.instagram.com\\\/ringoyotto\\\/?hl=es\",\"https:\\\/\\\/www.tiktok.com\\\/@ringoyotto\"]}]}<\/script>\n<!-- \/ Yoast SEO plugin. -->","yoast_head_json":{"title":"Pienso para gatitos Harper and Bone: Flavours of the Farm - Ringo &amp; Otto","robots":{"index":"index","follow":"follow","max-snippet":"max-snippet:-1","max-image-preview":"max-image-preview:large","max-video-preview":"max-video-preview:-1"},"canonical":"https:\/\/ringoyotto.com\/en\/product\/pienso-para-gatitos-harper-and-bone-flavours-of-the-farm\/","og_locale":"en_GB","og_type":"article","og_title":"Pienso para gatitos Harper and Bone: Flavours of the Farm - Ringo &amp; Otto","og_description":"Pienso seco para cr\u00edas de gato con una mezcla de sabrosas carnes de granja que incluyen pavo, pollo y pavo de la mejor calidad.  Receta baja en cereales.  Saco de 2 kg.","og_url":"https:\/\/ringoyotto.com\/en\/product\/pienso-para-gatitos-harper-and-bone-flavours-of-the-farm\/","og_site_name":"Ringo &amp; Otto","article_publisher":"https:\/\/www.facebook.com\/ringoyotto","article_modified_time":"2025-05-10T16:05:36+00:00","og_image":[{"width":900,"height":1422,"url":"https:\/\/ringoyotto.com\/wp-content\/uploads\/2025\/03\/kitten-harper.webp","type":"image\/webp"}],"twitter_card":"summary_large_image","twitter_misc":{"Estimated reading time":"2 minutes"},"schema":{"@context":"https:\/\/schema.org","@graph":[{"@type":"WebPage","@id":"https:\/\/ringoyotto.com\/producto\/pienso-para-gatitos-harper-and-bone-flavours-of-the-farm\/","url":"https:\/\/ringoyotto.com\/producto\/pienso-para-gatitos-harper-and-bone-flavours-of-the-farm\/","name":"Pienso para gatitos Harper and Bone: Flavours of the Farm - Ringo &amp; Otto","isPartOf":{"@id":"https:\/\/ringoyotto.com\/#website"},"primaryImageOfPage":{"@id":"https:\/\/ringoyotto.com\/producto\/pienso-para-gatitos-harper-and-bone-flavours-of-the-farm\/#primaryimage"},"image":{"@id":"https:\/\/ringoyotto.com\/producto\/pienso-para-gatitos-harper-and-bone-flavours-of-the-farm\/#primaryimage"},"thumbnailUrl":"https:\/\/ringoyotto.com\/wp-content\/uploads\/2025\/03\/kitten-harper.webp","datePublished":"2025-03-06T11:28:58+00:00","dateModified":"2025-05-10T16:05:36+00:00","breadcrumb":{"@id":"https:\/\/ringoyotto.com\/producto\/pienso-para-gatitos-harper-and-bone-flavours-of-the-farm\/#breadcrumb"},"inLanguage":"en-GB","potentialAction":[{"@type":"ReadAction","target":["https:\/\/ringoyotto.com\/producto\/pienso-para-gatitos-harper-and-bone-flavours-of-the-farm\/"]}]},{"@type":"ImageObject","inLanguage":"en-GB","@id":"https:\/\/ringoyotto.com\/producto\/pienso-para-gatitos-harper-and-bone-flavours-of-the-farm\/#primaryimage","url":"https:\/\/ringoyotto.com\/wp-content\/uploads\/2025\/03\/kitten-harper.webp","contentUrl":"https:\/\/ringoyotto.com\/wp-content\/uploads\/2025\/03\/kitten-harper.webp","width":900,"height":1422},{"@type":"BreadcrumbList","@id":"https:\/\/ringoyotto.com\/producto\/pienso-para-gatitos-harper-and-bone-flavours-of-the-farm\/#breadcrumb","itemListElement":[{"@type":"ListItem","position":1,"name":"Portada","item":"https:\/\/ringoyotto.com\/"},{"@type":"ListItem","position":2,"name":"Tienda","item":"https:\/\/ringoyotto.com\/tienda\/"},{"@type":"ListItem","position":3,"name":"Pienso para gatitos Harper and Bone: Flavours of the Farm"}]},{"@type":"WebSite","@id":"https:\/\/ringoyotto.com\/#website","url":"https:\/\/ringoyotto.com\/","name":"Ringo & Otto","description":"Productos para perros y gatos","publisher":{"@id":"https:\/\/ringoyotto.com\/#organization"},"potentialAction":[{"@type":"SearchAction","target":{"@type":"EntryPoint","urlTemplate":"https:\/\/ringoyotto.com\/?s={search_term_string}"},"query-input":{"@type":"PropertyValueSpecification","valueRequired":true,"valueName":"search_term_string"}}],"inLanguage":"en-GB"},{"@type":"Organization","@id":"https:\/\/ringoyotto.com\/#organization","name":"Ringo & Otto","url":"https:\/\/ringoyotto.com\/","logo":{"@type":"ImageObject","inLanguage":"en-GB","@id":"https:\/\/ringoyotto.com\/#\/schema\/logo\/image\/","url":"https:\/\/ringoyotto.com\/wp-content\/uploads\/2024\/09\/167919506_134587955336806_6223653715767570006_n-removebg-preview.png","contentUrl":"https:\/\/ringoyotto.com\/wp-content\/uploads\/2024\/09\/167919506_134587955336806_6223653715767570006_n-removebg-preview.png","width":568,"height":439,"caption":"Ringo & Otto"},"image":{"@id":"https:\/\/ringoyotto.com\/#\/schema\/logo\/image\/"},"sameAs":["https:\/\/www.facebook.com\/ringoyotto","https:\/\/www.instagram.com\/ringoyotto\/?hl=es","https:\/\/www.tiktok.com\/@ringoyotto"]}]}},"_links":{"self":[{"href":"https:\/\/ringoyotto.com\/en\/wp-json\/wp\/v2\/product\/1282","targetHints":{"allow":["GET"]}}],"collection":[{"href":"https:\/\/ringoyotto.com\/en\/wp-json\/wp\/v2\/product"}],"about":[{"href":"https:\/\/ringoyotto.com\/en\/wp-json\/wp\/v2\/types\/product"}],"wp:featuredmedia":[{"embeddable":true,"href":"https:\/\/ringoyotto.com\/en\/wp-json\/wp\/v2\/media\/1139"}],"wp:attachment":[{"href":"https:\/\/ringoyotto.com\/en\/wp-json\/wp\/v2\/media?parent=1282"}],"wp:term":[{"taxonomy":"product_brand","embeddable":true,"href":"https:\/\/ringoyotto.com\/en\/wp-json\/wp\/v2\/product_brand?post=1282"},{"taxonomy":"product_cat","embeddable":true,"href":"https:\/\/ringoyotto.com\/en\/wp-json\/wp\/v2\/product_cat?post=1282"},{"taxonomy":"product_tag","embeddable":true,"href":"https:\/\/ringoyotto.com\/en\/wp-json\/wp\/v2\/product_tag?post=1282"},{"taxonomy":"para_quien","embeddable":true,"href":"https:\/\/ringoyotto.com\/en\/wp-json\/wp\/v2\/para_quien?post=1282"}],"curies":[{"name":"wp","href":"https:\/\/api.w.org\/{rel}","templated":true}]}}