{"id":1291,"date":"2025-03-06T12:29:06","date_gmt":"2025-03-06T11:29:06","guid":{"rendered":"https:\/\/ringoyotto.com\/producto\/grain-free-venado-con-patata-manzana-y-arandanos-rojos\/"},"modified":"2026-01-19T12:04:28","modified_gmt":"2026-01-19T11:04:28","slug":"grain-free-venado-con-patata-manzana-y-arandanos-rojos","status":"publish","type":"product","link":"https:\/\/ringoyotto.com\/en\/product\/grain-free-venado-con-patata-manzana-y-arandanos-rojos\/","title":{"rendered":"Grain-free: Venado con patata, manzana y ar\u00e1ndanos rojos"},"content":{"rendered":"<p>Composici\u00f3n:<br \/>\nCarne muscular de corzo y ciervo (55 %), zanahoria, calabacin, patata (8 %), chirivia*, manzana (4 %), aceite de colza, harina de coco, harina de semilla de calabaza, arandano rojo (0,5 %), levadura de cerveza*, concha de ostra*, semilla de psyllium*, arcilla mineral*, sal de los Andes, cardamomo*, polen de flor*, alga marina*, minerales *seco<\/p>\n<p>Aditivos nutricionales y fisiol\u00f3gicos\/kg:<br \/>\nVit. A (3a672a): 4.000 UI, Vit. D3 (3a671): 500 UI, Vit E (3a700): 75 IE, cobre (3b405): 2 mg, yodo (3b201): 0,8 mg, zinco (3b603): 20 mg<\/p>\n<p>Proporci\u00f3n:<br \/>\nCarne : verdura \/ fruta \/ hierbas : dem\u00e1s materias primas = 55 % : 42 % : 3 %<\/p>\n<p>Componentes anal\u00edticos<br \/>\nProte\u00edna: 10 % Contenido graso: 3.2 % Fibra bruta: 0.9 % Ceniza bruta: 1.1 % Humedad: 81.4 %<br \/>\n3.1<\/p>\n<p>Cantidad recomendada \/ d\u00eda:<br \/>\n(Perro adulto con peso normal)<br \/>\n2,5 &#8211; 5 kg 160 &#8211; 350<br \/>\n5 &#8211; 10 kg 350 &#8211; 650<br \/>\n10 &#8211; 20 kg 650 &#8211; 1300<br \/>\n20 &#8211; 30 kg 1300 &#8211; 1900<br \/>\n30 &#8211; 40 kg 1900 &#8211; 2600<br \/>\nValores aproximados que deben ajustarse a las circunstancias individuales de su perro (ejercicio, actividad, raza, metabolismo, estaci\u00f3n).<br \/>\nRecomendamos controlar el peso con regularidad.<\/p>","protected":false},"excerpt":{"rendered":"<p>Los men\u00fas GRAIN-FREE de Terra Canis presentan una alta proporci\u00f3n de carne complementada con frutas, verduras y hierbas saludables y ricas en fibras. Los aditivos como el alga marina, la arcilla mineral, el polen de flor, la sal de los Andes y la levadura de cerveza proporcionan numerosas vitaminas y minerales naturales. La harina de coco incluida, sin gluten ni colesterol y de f\u00e1cil digesti\u00f3n, es una aut\u00e9ntica \u00abharina milagrosa\u00bb. Est\u00e1 considerada como una de las fuentes de fibra m\u00e1s abundantes, es suave para el intestino e incluye amino\u00e1cidos importantes. Con su alto contenido en \u00e1cidos grasos Omega 3, el aceite de colza culmina a la perfecci\u00f3n los men\u00fas GRAIN-FREE. Estos men\u00fas son adecuados para todos los perros sanos cuyos due\u00f1os apuestan por una alimentaci\u00f3n GRAIN-FREE y adecuada a su especie. Especialmente adecuados para perros con intolerancias a los cereales y para aquellos que, por motivos m\u00e9dicos, se deben alimentar GRAIN-FREE.<\/p>","protected":false},"featured_media":1184,"template":"","meta":[],"product_brand":[92],"product_cat":[23,24],"product_tag":[],"para_quien":[99],"class_list":{"0":"post-1291","1":"product","2":"type-product","3":"status-publish","4":"has-post-thumbnail","6":"product_brand-terra-canis","7":"product_cat-1-alimentacion","8":"product_cat-comida-humeda","9":"para_quien-perro","11":"first","12":"outofstock","13":"taxable","14":"shipping-taxable","15":"purchasable","16":"product-type-simple"},"yoast_head":"<!-- This site is optimized with the Yoast SEO plugin v27.4 - https:\/\/yoast.com\/product\/yoast-seo-wordpress\/ -->\n<title>Grain-free: Venado con patata, manzana y ar\u00e1ndanos rojos - Ringo &amp; Otto<\/title>\n<meta name=\"robots\" content=\"index, follow, max-snippet:-1, max-image-preview:large, max-video-preview:-1\" \/>\n<link rel=\"canonical\" href=\"https:\/\/ringoyotto.com\/en\/product\/grain-free-venado-con-patata-manzana-y-arandanos-rojos\/\" \/>\n<meta property=\"og:locale\" content=\"en_GB\" \/>\n<meta property=\"og:type\" content=\"article\" \/>\n<meta property=\"og:title\" content=\"Grain-free: Venado con patata, manzana y ar\u00e1ndanos rojos - Ringo &amp; Otto\" \/>\n<meta property=\"og:description\" content=\"Los men\u00fas GRAIN-FREE de Terra Canis presentan una alta proporci\u00f3n de carne complementada con frutas, verduras y hierbas saludables y ricas en fibras. Los aditivos como el alga marina, la arcilla mineral, el polen de flor, la sal de los Andes y la levadura de cerveza proporcionan numerosas vitaminas y minerales naturales. La harina de coco incluida, sin gluten ni colesterol y de f\u00e1cil digesti\u00f3n, es una aut\u00e9ntica \u00abharina milagrosa\u00bb. Est\u00e1 considerada como una de las fuentes de fibra m\u00e1s abundantes, es suave para el intestino e incluye amino\u00e1cidos importantes. Con su alto contenido en \u00e1cidos grasos Omega 3, el aceite de colza culmina a la perfecci\u00f3n los men\u00fas GRAIN-FREE. Estos men\u00fas son adecuados para todos los perros sanos cuyos due\u00f1os apuestan por una alimentaci\u00f3n GRAIN-FREE y adecuada a su especie. Especialmente adecuados para perros con intolerancias a los cereales y para aquellos que, por motivos m\u00e9dicos, se deben alimentar GRAIN-FREE.\" \/>\n<meta property=\"og:url\" content=\"https:\/\/ringoyotto.com\/en\/product\/grain-free-venado-con-patata-manzana-y-arandanos-rojos\/\" \/>\n<meta property=\"og:site_name\" content=\"Ringo &amp; Otto\" \/>\n<meta property=\"article:publisher\" content=\"https:\/\/www.facebook.com\/ringoyotto\" \/>\n<meta property=\"article:modified_time\" content=\"2026-01-19T11:04:28+00:00\" \/>\n<meta name=\"twitter:card\" content=\"summary_large_image\" \/>\n<meta name=\"twitter:label1\" content=\"Estimated reading time\" \/>\n\t<meta name=\"twitter:data1\" content=\"2 minutes\" \/>\n<script type=\"application\/ld+json\" class=\"yoast-schema-graph\">{\"@context\":\"https:\\\/\\\/schema.org\",\"@graph\":[{\"@type\":\"WebPage\",\"@id\":\"https:\\\/\\\/ringoyotto.com\\\/producto\\\/grain-free-venado-con-patata-manzana-y-arandanos-rojos\\\/\",\"url\":\"https:\\\/\\\/ringoyotto.com\\\/producto\\\/grain-free-venado-con-patata-manzana-y-arandanos-rojos\\\/\",\"name\":\"Grain-free: Venado con patata, manzana y ar\u00e1ndanos rojos - Ringo &amp; Otto\",\"isPartOf\":{\"@id\":\"https:\\\/\\\/ringoyotto.com\\\/#website\"},\"primaryImageOfPage\":{\"@id\":\"https:\\\/\\\/ringoyotto.com\\\/producto\\\/grain-free-venado-con-patata-manzana-y-arandanos-rojos\\\/#primaryimage\"},\"image\":{\"@id\":\"https:\\\/\\\/ringoyotto.com\\\/producto\\\/grain-free-venado-con-patata-manzana-y-arandanos-rojos\\\/#primaryimage\"},\"thumbnailUrl\":\"https:\\\/\\\/ringoyotto.com\\\/wp-content\\\/uploads\\\/2025\\\/03\\\/terra-canis-venado.avif\",\"datePublished\":\"2025-03-06T11:29:06+00:00\",\"dateModified\":\"2026-01-19T11:04:28+00:00\",\"breadcrumb\":{\"@id\":\"https:\\\/\\\/ringoyotto.com\\\/producto\\\/grain-free-venado-con-patata-manzana-y-arandanos-rojos\\\/#breadcrumb\"},\"inLanguage\":\"en-GB\",\"potentialAction\":[{\"@type\":\"ReadAction\",\"target\":[\"https:\\\/\\\/ringoyotto.com\\\/producto\\\/grain-free-venado-con-patata-manzana-y-arandanos-rojos\\\/\"]}]},{\"@type\":\"ImageObject\",\"inLanguage\":\"en-GB\",\"@id\":\"https:\\\/\\\/ringoyotto.com\\\/producto\\\/grain-free-venado-con-patata-manzana-y-arandanos-rojos\\\/#primaryimage\",\"url\":\"https:\\\/\\\/ringoyotto.com\\\/wp-content\\\/uploads\\\/2025\\\/03\\\/terra-canis-venado.avif\",\"contentUrl\":\"https:\\\/\\\/ringoyotto.com\\\/wp-content\\\/uploads\\\/2025\\\/03\\\/terra-canis-venado.avif\",\"width\":800,\"height\":800},{\"@type\":\"BreadcrumbList\",\"@id\":\"https:\\\/\\\/ringoyotto.com\\\/producto\\\/grain-free-venado-con-patata-manzana-y-arandanos-rojos\\\/#breadcrumb\",\"itemListElement\":[{\"@type\":\"ListItem\",\"position\":1,\"name\":\"Portada\",\"item\":\"https:\\\/\\\/ringoyotto.com\\\/\"},{\"@type\":\"ListItem\",\"position\":2,\"name\":\"Tienda\",\"item\":\"https:\\\/\\\/ringoyotto.com\\\/tienda\\\/\"},{\"@type\":\"ListItem\",\"position\":3,\"name\":\"Grain-free: Venado con patata, manzana y ar\u00e1ndanos rojos\"}]},{\"@type\":\"WebSite\",\"@id\":\"https:\\\/\\\/ringoyotto.com\\\/#website\",\"url\":\"https:\\\/\\\/ringoyotto.com\\\/\",\"name\":\"Ringo & Otto\",\"description\":\"Productos para perros y gatos\",\"publisher\":{\"@id\":\"https:\\\/\\\/ringoyotto.com\\\/#organization\"},\"potentialAction\":[{\"@type\":\"SearchAction\",\"target\":{\"@type\":\"EntryPoint\",\"urlTemplate\":\"https:\\\/\\\/ringoyotto.com\\\/?s={search_term_string}\"},\"query-input\":{\"@type\":\"PropertyValueSpecification\",\"valueRequired\":true,\"valueName\":\"search_term_string\"}}],\"inLanguage\":\"en-GB\"},{\"@type\":\"Organization\",\"@id\":\"https:\\\/\\\/ringoyotto.com\\\/#organization\",\"name\":\"Ringo & Otto\",\"url\":\"https:\\\/\\\/ringoyotto.com\\\/\",\"logo\":{\"@type\":\"ImageObject\",\"inLanguage\":\"en-GB\",\"@id\":\"https:\\\/\\\/ringoyotto.com\\\/#\\\/schema\\\/logo\\\/image\\\/\",\"url\":\"https:\\\/\\\/ringoyotto.com\\\/wp-content\\\/uploads\\\/2024\\\/09\\\/167919506_134587955336806_6223653715767570006_n-removebg-preview.png\",\"contentUrl\":\"https:\\\/\\\/ringoyotto.com\\\/wp-content\\\/uploads\\\/2024\\\/09\\\/167919506_134587955336806_6223653715767570006_n-removebg-preview.png\",\"width\":568,\"height\":439,\"caption\":\"Ringo & Otto\"},\"image\":{\"@id\":\"https:\\\/\\\/ringoyotto.com\\\/#\\\/schema\\\/logo\\\/image\\\/\"},\"sameAs\":[\"https:\\\/\\\/www.facebook.com\\\/ringoyotto\",\"https:\\\/\\\/www.instagram.com\\\/ringoyotto\\\/?hl=es\",\"https:\\\/\\\/www.tiktok.com\\\/@ringoyotto\"]}]}<\/script>\n<!-- \/ Yoast SEO plugin. -->","yoast_head_json":{"title":"Grain-free: Venado con patata, manzana y ar\u00e1ndanos rojos - Ringo &amp; Otto","robots":{"index":"index","follow":"follow","max-snippet":"max-snippet:-1","max-image-preview":"max-image-preview:large","max-video-preview":"max-video-preview:-1"},"canonical":"https:\/\/ringoyotto.com\/en\/product\/grain-free-venado-con-patata-manzana-y-arandanos-rojos\/","og_locale":"en_GB","og_type":"article","og_title":"Grain-free: Venado con patata, manzana y ar\u00e1ndanos rojos - Ringo &amp; Otto","og_description":"Los men\u00fas GRAIN-FREE de Terra Canis presentan una alta proporci\u00f3n de carne complementada con frutas, verduras y hierbas saludables y ricas en fibras. Los aditivos como el alga marina, la arcilla mineral, el polen de flor, la sal de los Andes y la levadura de cerveza proporcionan numerosas vitaminas y minerales naturales. La harina de coco incluida, sin gluten ni colesterol y de f\u00e1cil digesti\u00f3n, es una aut\u00e9ntica \u00abharina milagrosa\u00bb. Est\u00e1 considerada como una de las fuentes de fibra m\u00e1s abundantes, es suave para el intestino e incluye amino\u00e1cidos importantes. Con su alto contenido en \u00e1cidos grasos Omega 3, el aceite de colza culmina a la perfecci\u00f3n los men\u00fas GRAIN-FREE. Estos men\u00fas son adecuados para todos los perros sanos cuyos due\u00f1os apuestan por una alimentaci\u00f3n GRAIN-FREE y adecuada a su especie. Especialmente adecuados para perros con intolerancias a los cereales y para aquellos que, por motivos m\u00e9dicos, se deben alimentar GRAIN-FREE.","og_url":"https:\/\/ringoyotto.com\/en\/product\/grain-free-venado-con-patata-manzana-y-arandanos-rojos\/","og_site_name":"Ringo &amp; Otto","article_publisher":"https:\/\/www.facebook.com\/ringoyotto","article_modified_time":"2026-01-19T11:04:28+00:00","twitter_card":"summary_large_image","twitter_misc":{"Estimated reading time":"2 minutes"},"schema":{"@context":"https:\/\/schema.org","@graph":[{"@type":"WebPage","@id":"https:\/\/ringoyotto.com\/producto\/grain-free-venado-con-patata-manzana-y-arandanos-rojos\/","url":"https:\/\/ringoyotto.com\/producto\/grain-free-venado-con-patata-manzana-y-arandanos-rojos\/","name":"Grain-free: Venado con patata, manzana y ar\u00e1ndanos rojos - Ringo &amp; Otto","isPartOf":{"@id":"https:\/\/ringoyotto.com\/#website"},"primaryImageOfPage":{"@id":"https:\/\/ringoyotto.com\/producto\/grain-free-venado-con-patata-manzana-y-arandanos-rojos\/#primaryimage"},"image":{"@id":"https:\/\/ringoyotto.com\/producto\/grain-free-venado-con-patata-manzana-y-arandanos-rojos\/#primaryimage"},"thumbnailUrl":"https:\/\/ringoyotto.com\/wp-content\/uploads\/2025\/03\/terra-canis-venado.avif","datePublished":"2025-03-06T11:29:06+00:00","dateModified":"2026-01-19T11:04:28+00:00","breadcrumb":{"@id":"https:\/\/ringoyotto.com\/producto\/grain-free-venado-con-patata-manzana-y-arandanos-rojos\/#breadcrumb"},"inLanguage":"en-GB","potentialAction":[{"@type":"ReadAction","target":["https:\/\/ringoyotto.com\/producto\/grain-free-venado-con-patata-manzana-y-arandanos-rojos\/"]}]},{"@type":"ImageObject","inLanguage":"en-GB","@id":"https:\/\/ringoyotto.com\/producto\/grain-free-venado-con-patata-manzana-y-arandanos-rojos\/#primaryimage","url":"https:\/\/ringoyotto.com\/wp-content\/uploads\/2025\/03\/terra-canis-venado.avif","contentUrl":"https:\/\/ringoyotto.com\/wp-content\/uploads\/2025\/03\/terra-canis-venado.avif","width":800,"height":800},{"@type":"BreadcrumbList","@id":"https:\/\/ringoyotto.com\/producto\/grain-free-venado-con-patata-manzana-y-arandanos-rojos\/#breadcrumb","itemListElement":[{"@type":"ListItem","position":1,"name":"Portada","item":"https:\/\/ringoyotto.com\/"},{"@type":"ListItem","position":2,"name":"Tienda","item":"https:\/\/ringoyotto.com\/tienda\/"},{"@type":"ListItem","position":3,"name":"Grain-free: Venado con patata, manzana y ar\u00e1ndanos rojos"}]},{"@type":"WebSite","@id":"https:\/\/ringoyotto.com\/#website","url":"https:\/\/ringoyotto.com\/","name":"Ringo & Otto","description":"Productos para perros y gatos","publisher":{"@id":"https:\/\/ringoyotto.com\/#organization"},"potentialAction":[{"@type":"SearchAction","target":{"@type":"EntryPoint","urlTemplate":"https:\/\/ringoyotto.com\/?s={search_term_string}"},"query-input":{"@type":"PropertyValueSpecification","valueRequired":true,"valueName":"search_term_string"}}],"inLanguage":"en-GB"},{"@type":"Organization","@id":"https:\/\/ringoyotto.com\/#organization","name":"Ringo & Otto","url":"https:\/\/ringoyotto.com\/","logo":{"@type":"ImageObject","inLanguage":"en-GB","@id":"https:\/\/ringoyotto.com\/#\/schema\/logo\/image\/","url":"https:\/\/ringoyotto.com\/wp-content\/uploads\/2024\/09\/167919506_134587955336806_6223653715767570006_n-removebg-preview.png","contentUrl":"https:\/\/ringoyotto.com\/wp-content\/uploads\/2024\/09\/167919506_134587955336806_6223653715767570006_n-removebg-preview.png","width":568,"height":439,"caption":"Ringo & Otto"},"image":{"@id":"https:\/\/ringoyotto.com\/#\/schema\/logo\/image\/"},"sameAs":["https:\/\/www.facebook.com\/ringoyotto","https:\/\/www.instagram.com\/ringoyotto\/?hl=es","https:\/\/www.tiktok.com\/@ringoyotto"]}]}},"_links":{"self":[{"href":"https:\/\/ringoyotto.com\/en\/wp-json\/wp\/v2\/product\/1291","targetHints":{"allow":["GET"]}}],"collection":[{"href":"https:\/\/ringoyotto.com\/en\/wp-json\/wp\/v2\/product"}],"about":[{"href":"https:\/\/ringoyotto.com\/en\/wp-json\/wp\/v2\/types\/product"}],"wp:featuredmedia":[{"embeddable":true,"href":"https:\/\/ringoyotto.com\/en\/wp-json\/wp\/v2\/media\/1184"}],"wp:attachment":[{"href":"https:\/\/ringoyotto.com\/en\/wp-json\/wp\/v2\/media?parent=1291"}],"wp:term":[{"taxonomy":"product_brand","embeddable":true,"href":"https:\/\/ringoyotto.com\/en\/wp-json\/wp\/v2\/product_brand?post=1291"},{"taxonomy":"product_cat","embeddable":true,"href":"https:\/\/ringoyotto.com\/en\/wp-json\/wp\/v2\/product_cat?post=1291"},{"taxonomy":"product_tag","embeddable":true,"href":"https:\/\/ringoyotto.com\/en\/wp-json\/wp\/v2\/product_tag?post=1291"},{"taxonomy":"para_quien","embeddable":true,"href":"https:\/\/ringoyotto.com\/en\/wp-json\/wp\/v2\/para_quien?post=1291"}],"curies":[{"name":"wp","href":"https:\/\/api.w.org\/{rel}","templated":true}]}}