{"id":1293,"date":"2025-03-06T12:29:06","date_gmt":"2025-03-06T11:29:06","guid":{"rendered":"https:\/\/ringoyotto.com\/producto\/classic-salmon-con-mijo-melocoton-y-hierbas\/"},"modified":"2026-01-19T12:04:49","modified_gmt":"2026-01-19T11:04:49","slug":"classic-salmon-con-mijo-melocoton-y-hierbas","status":"publish","type":"product","link":"https:\/\/ringoyotto.com\/en\/product\/classic-salmon-con-mijo-melocoton-y-hierbas\/","title":{"rendered":"Classic: Salm\u00f3n con mijo, melocot\u00f3n y hierbas"},"content":{"rendered":"<p>Composici\u00f3n:<br \/>\nLomo de salmon (55 %), calabacin, clabaza, melocoton (9 %), patata, mijo (6,5 %), aceite de colza, levadura de cerveza*, concha de ostra*, baya de espino amarillo*, semilla de hinojo* (0,2 %), tomillo* (0,2 %), eneldo* (0,2 %), perejil*, semilla de lino molida, polvo de escaramujo*, arcilla mineral*, alga marina*, minerales *seco<\/p>\n<p>Proporci\u00f3n:<br \/>\nPescado : verdura\/fruta\/hierbas : mijo : dem\u00e1s materias primas = 55 % : 35,5 % : 6,5 % : 3 %<\/p>\n<p>Componentes anal\u00edticos:<br \/>\nProte\u00edna: 8.8 % Contenido graso: 6.8 % Fibra bruta: 0.4 % Ceniza bruta: 2.1 % Humedad: 75.7 %<br \/>\n4.6<\/p>\n<p>Cantidad recomendada \/ d\u00eda:<br \/>\n(Perro adulto con peso normal)<br \/>\n2,5 &#8211; 5 kg 110 &#8211; 250<br \/>\n5 &#8211; 10 kg 250 &#8211; 450<br \/>\n10 &#8211; 20 kg 450 &#8211; 900<br \/>\n20 &#8211; 30 kg 900 &#8211; 1350<br \/>\n30 &#8211; 40 kg 1350 &#8211; 1800<br \/>\nValores aproximados que deben ajustarse a las circunstancias individuales de su perro (ejercicio, actividad, raza, metabolismo, estaci\u00f3n).<br \/>\nRecomendamos controlar el peso con regularidad.<\/p>","protected":false},"excerpt":{"rendered":"<p>Este men\u00fa CLASSIC de Terra Canis se componen en gran parte por lomo de salmon fresco, adem\u00e1s de una parte m\u00e1s peque\u00f1a de fruta, verdura y hierbas frescas. Solo se a\u00f1aden pseudocereales sin gluten muy nutritivos en bajas cantidades y de f\u00e1cil digesti\u00f3n para el perro. Los aditivos naturales (alga marina, arcilla mineral, escaramujo, levadura de cerveza) aportan importantes vitaminas, minerales y oligoelementos. El aceite de colza aporta valiosos \u00e1cidos grasos esenciales, adem\u00e1s de completar estos men\u00fas de manera ideal. Todos los ingredientes ofrecen 100 % calidad human-grade. Los men\u00fas son adecuados para todos los perros adultos de cualquier raza con peso normal.<\/p>","protected":false},"featured_media":1180,"template":"","meta":[],"product_brand":[92],"product_cat":[23,24],"product_tag":[],"para_quien":[99],"class_list":{"0":"post-1293","1":"product","2":"type-product","3":"status-publish","4":"has-post-thumbnail","6":"product_brand-terra-canis","7":"product_cat-1-alimentacion","8":"product_cat-comida-humeda","9":"para_quien-perro","11":"first","12":"outofstock","13":"taxable","14":"shipping-taxable","15":"purchasable","16":"product-type-simple"},"yoast_head":"<!-- This site is optimized with the Yoast SEO plugin v27.4 - https:\/\/yoast.com\/product\/yoast-seo-wordpress\/ -->\n<title>Classic: Salm\u00f3n con mijo, melocot\u00f3n y hierbas - Ringo &amp; Otto<\/title>\n<meta name=\"robots\" content=\"index, follow, max-snippet:-1, max-image-preview:large, max-video-preview:-1\" \/>\n<link rel=\"canonical\" href=\"https:\/\/ringoyotto.com\/en\/product\/classic-salmon-con-mijo-melocoton-y-hierbas\/\" \/>\n<meta property=\"og:locale\" content=\"en_GB\" \/>\n<meta property=\"og:type\" content=\"article\" \/>\n<meta property=\"og:title\" content=\"Classic: Salm\u00f3n con mijo, melocot\u00f3n y hierbas - Ringo &amp; Otto\" \/>\n<meta property=\"og:description\" content=\"Este men\u00fa CLASSIC de Terra Canis se componen en gran parte por lomo de salmon fresco, adem\u00e1s de una parte m\u00e1s peque\u00f1a de fruta, verdura y hierbas frescas. Solo se a\u00f1aden pseudocereales sin gluten muy nutritivos en bajas cantidades y de f\u00e1cil digesti\u00f3n para el perro. Los aditivos naturales (alga marina, arcilla mineral, escaramujo, levadura de cerveza) aportan importantes vitaminas, minerales y oligoelementos. El aceite de colza aporta valiosos \u00e1cidos grasos esenciales, adem\u00e1s de completar estos men\u00fas de manera ideal. Todos los ingredientes ofrecen 100 % calidad human-grade. Los men\u00fas son adecuados para todos los perros adultos de cualquier raza con peso normal.\" \/>\n<meta property=\"og:url\" content=\"https:\/\/ringoyotto.com\/en\/product\/classic-salmon-con-mijo-melocoton-y-hierbas\/\" \/>\n<meta property=\"og:site_name\" content=\"Ringo &amp; Otto\" \/>\n<meta property=\"article:publisher\" content=\"https:\/\/www.facebook.com\/ringoyotto\" \/>\n<meta property=\"article:modified_time\" content=\"2026-01-19T11:04:49+00:00\" \/>\n<meta name=\"twitter:card\" content=\"summary_large_image\" \/>\n<meta name=\"twitter:label1\" content=\"Estimated reading time\" \/>\n\t<meta name=\"twitter:data1\" content=\"1 minute\" \/>\n<script type=\"application\/ld+json\" class=\"yoast-schema-graph\">{\"@context\":\"https:\\\/\\\/schema.org\",\"@graph\":[{\"@type\":\"WebPage\",\"@id\":\"https:\\\/\\\/ringoyotto.com\\\/producto\\\/classic-salmon-con-mijo-melocoton-y-hierbas\\\/\",\"url\":\"https:\\\/\\\/ringoyotto.com\\\/producto\\\/classic-salmon-con-mijo-melocoton-y-hierbas\\\/\",\"name\":\"Classic: Salm\u00f3n con mijo, melocot\u00f3n y hierbas - Ringo &amp; Otto\",\"isPartOf\":{\"@id\":\"https:\\\/\\\/ringoyotto.com\\\/#website\"},\"primaryImageOfPage\":{\"@id\":\"https:\\\/\\\/ringoyotto.com\\\/producto\\\/classic-salmon-con-mijo-melocoton-y-hierbas\\\/#primaryimage\"},\"image\":{\"@id\":\"https:\\\/\\\/ringoyotto.com\\\/producto\\\/classic-salmon-con-mijo-melocoton-y-hierbas\\\/#primaryimage\"},\"thumbnailUrl\":\"https:\\\/\\\/ringoyotto.com\\\/wp-content\\\/uploads\\\/2025\\\/03\\\/terra-canis-salmon.avif\",\"datePublished\":\"2025-03-06T11:29:06+00:00\",\"dateModified\":\"2026-01-19T11:04:49+00:00\",\"breadcrumb\":{\"@id\":\"https:\\\/\\\/ringoyotto.com\\\/producto\\\/classic-salmon-con-mijo-melocoton-y-hierbas\\\/#breadcrumb\"},\"inLanguage\":\"en-GB\",\"potentialAction\":[{\"@type\":\"ReadAction\",\"target\":[\"https:\\\/\\\/ringoyotto.com\\\/producto\\\/classic-salmon-con-mijo-melocoton-y-hierbas\\\/\"]}]},{\"@type\":\"ImageObject\",\"inLanguage\":\"en-GB\",\"@id\":\"https:\\\/\\\/ringoyotto.com\\\/producto\\\/classic-salmon-con-mijo-melocoton-y-hierbas\\\/#primaryimage\",\"url\":\"https:\\\/\\\/ringoyotto.com\\\/wp-content\\\/uploads\\\/2025\\\/03\\\/terra-canis-salmon.avif\",\"contentUrl\":\"https:\\\/\\\/ringoyotto.com\\\/wp-content\\\/uploads\\\/2025\\\/03\\\/terra-canis-salmon.avif\",\"width\":800,\"height\":800},{\"@type\":\"BreadcrumbList\",\"@id\":\"https:\\\/\\\/ringoyotto.com\\\/producto\\\/classic-salmon-con-mijo-melocoton-y-hierbas\\\/#breadcrumb\",\"itemListElement\":[{\"@type\":\"ListItem\",\"position\":1,\"name\":\"Portada\",\"item\":\"https:\\\/\\\/ringoyotto.com\\\/\"},{\"@type\":\"ListItem\",\"position\":2,\"name\":\"Tienda\",\"item\":\"https:\\\/\\\/ringoyotto.com\\\/tienda\\\/\"},{\"@type\":\"ListItem\",\"position\":3,\"name\":\"Classic: Salm\u00f3n con mijo, melocot\u00f3n y hierbas\"}]},{\"@type\":\"WebSite\",\"@id\":\"https:\\\/\\\/ringoyotto.com\\\/#website\",\"url\":\"https:\\\/\\\/ringoyotto.com\\\/\",\"name\":\"Ringo & Otto\",\"description\":\"Productos para perros y gatos\",\"publisher\":{\"@id\":\"https:\\\/\\\/ringoyotto.com\\\/#organization\"},\"potentialAction\":[{\"@type\":\"SearchAction\",\"target\":{\"@type\":\"EntryPoint\",\"urlTemplate\":\"https:\\\/\\\/ringoyotto.com\\\/?s={search_term_string}\"},\"query-input\":{\"@type\":\"PropertyValueSpecification\",\"valueRequired\":true,\"valueName\":\"search_term_string\"}}],\"inLanguage\":\"en-GB\"},{\"@type\":\"Organization\",\"@id\":\"https:\\\/\\\/ringoyotto.com\\\/#organization\",\"name\":\"Ringo & Otto\",\"url\":\"https:\\\/\\\/ringoyotto.com\\\/\",\"logo\":{\"@type\":\"ImageObject\",\"inLanguage\":\"en-GB\",\"@id\":\"https:\\\/\\\/ringoyotto.com\\\/#\\\/schema\\\/logo\\\/image\\\/\",\"url\":\"https:\\\/\\\/ringoyotto.com\\\/wp-content\\\/uploads\\\/2024\\\/09\\\/167919506_134587955336806_6223653715767570006_n-removebg-preview.png\",\"contentUrl\":\"https:\\\/\\\/ringoyotto.com\\\/wp-content\\\/uploads\\\/2024\\\/09\\\/167919506_134587955336806_6223653715767570006_n-removebg-preview.png\",\"width\":568,\"height\":439,\"caption\":\"Ringo & Otto\"},\"image\":{\"@id\":\"https:\\\/\\\/ringoyotto.com\\\/#\\\/schema\\\/logo\\\/image\\\/\"},\"sameAs\":[\"https:\\\/\\\/www.facebook.com\\\/ringoyotto\",\"https:\\\/\\\/www.instagram.com\\\/ringoyotto\\\/?hl=es\",\"https:\\\/\\\/www.tiktok.com\\\/@ringoyotto\"]}]}<\/script>\n<!-- \/ Yoast SEO plugin. -->","yoast_head_json":{"title":"Classic: Salm\u00f3n con mijo, melocot\u00f3n y hierbas - Ringo &amp; Otto","robots":{"index":"index","follow":"follow","max-snippet":"max-snippet:-1","max-image-preview":"max-image-preview:large","max-video-preview":"max-video-preview:-1"},"canonical":"https:\/\/ringoyotto.com\/en\/product\/classic-salmon-con-mijo-melocoton-y-hierbas\/","og_locale":"en_GB","og_type":"article","og_title":"Classic: Salm\u00f3n con mijo, melocot\u00f3n y hierbas - Ringo &amp; Otto","og_description":"Este men\u00fa CLASSIC de Terra Canis se componen en gran parte por lomo de salmon fresco, adem\u00e1s de una parte m\u00e1s peque\u00f1a de fruta, verdura y hierbas frescas. Solo se a\u00f1aden pseudocereales sin gluten muy nutritivos en bajas cantidades y de f\u00e1cil digesti\u00f3n para el perro. Los aditivos naturales (alga marina, arcilla mineral, escaramujo, levadura de cerveza) aportan importantes vitaminas, minerales y oligoelementos. El aceite de colza aporta valiosos \u00e1cidos grasos esenciales, adem\u00e1s de completar estos men\u00fas de manera ideal. Todos los ingredientes ofrecen 100 % calidad human-grade. Los men\u00fas son adecuados para todos los perros adultos de cualquier raza con peso normal.","og_url":"https:\/\/ringoyotto.com\/en\/product\/classic-salmon-con-mijo-melocoton-y-hierbas\/","og_site_name":"Ringo &amp; Otto","article_publisher":"https:\/\/www.facebook.com\/ringoyotto","article_modified_time":"2026-01-19T11:04:49+00:00","twitter_card":"summary_large_image","twitter_misc":{"Estimated reading time":"1 minute"},"schema":{"@context":"https:\/\/schema.org","@graph":[{"@type":"WebPage","@id":"https:\/\/ringoyotto.com\/producto\/classic-salmon-con-mijo-melocoton-y-hierbas\/","url":"https:\/\/ringoyotto.com\/producto\/classic-salmon-con-mijo-melocoton-y-hierbas\/","name":"Classic: Salm\u00f3n con mijo, melocot\u00f3n y hierbas - Ringo &amp; Otto","isPartOf":{"@id":"https:\/\/ringoyotto.com\/#website"},"primaryImageOfPage":{"@id":"https:\/\/ringoyotto.com\/producto\/classic-salmon-con-mijo-melocoton-y-hierbas\/#primaryimage"},"image":{"@id":"https:\/\/ringoyotto.com\/producto\/classic-salmon-con-mijo-melocoton-y-hierbas\/#primaryimage"},"thumbnailUrl":"https:\/\/ringoyotto.com\/wp-content\/uploads\/2025\/03\/terra-canis-salmon.avif","datePublished":"2025-03-06T11:29:06+00:00","dateModified":"2026-01-19T11:04:49+00:00","breadcrumb":{"@id":"https:\/\/ringoyotto.com\/producto\/classic-salmon-con-mijo-melocoton-y-hierbas\/#breadcrumb"},"inLanguage":"en-GB","potentialAction":[{"@type":"ReadAction","target":["https:\/\/ringoyotto.com\/producto\/classic-salmon-con-mijo-melocoton-y-hierbas\/"]}]},{"@type":"ImageObject","inLanguage":"en-GB","@id":"https:\/\/ringoyotto.com\/producto\/classic-salmon-con-mijo-melocoton-y-hierbas\/#primaryimage","url":"https:\/\/ringoyotto.com\/wp-content\/uploads\/2025\/03\/terra-canis-salmon.avif","contentUrl":"https:\/\/ringoyotto.com\/wp-content\/uploads\/2025\/03\/terra-canis-salmon.avif","width":800,"height":800},{"@type":"BreadcrumbList","@id":"https:\/\/ringoyotto.com\/producto\/classic-salmon-con-mijo-melocoton-y-hierbas\/#breadcrumb","itemListElement":[{"@type":"ListItem","position":1,"name":"Portada","item":"https:\/\/ringoyotto.com\/"},{"@type":"ListItem","position":2,"name":"Tienda","item":"https:\/\/ringoyotto.com\/tienda\/"},{"@type":"ListItem","position":3,"name":"Classic: Salm\u00f3n con mijo, melocot\u00f3n y hierbas"}]},{"@type":"WebSite","@id":"https:\/\/ringoyotto.com\/#website","url":"https:\/\/ringoyotto.com\/","name":"Ringo & Otto","description":"Productos para perros y gatos","publisher":{"@id":"https:\/\/ringoyotto.com\/#organization"},"potentialAction":[{"@type":"SearchAction","target":{"@type":"EntryPoint","urlTemplate":"https:\/\/ringoyotto.com\/?s={search_term_string}"},"query-input":{"@type":"PropertyValueSpecification","valueRequired":true,"valueName":"search_term_string"}}],"inLanguage":"en-GB"},{"@type":"Organization","@id":"https:\/\/ringoyotto.com\/#organization","name":"Ringo & Otto","url":"https:\/\/ringoyotto.com\/","logo":{"@type":"ImageObject","inLanguage":"en-GB","@id":"https:\/\/ringoyotto.com\/#\/schema\/logo\/image\/","url":"https:\/\/ringoyotto.com\/wp-content\/uploads\/2024\/09\/167919506_134587955336806_6223653715767570006_n-removebg-preview.png","contentUrl":"https:\/\/ringoyotto.com\/wp-content\/uploads\/2024\/09\/167919506_134587955336806_6223653715767570006_n-removebg-preview.png","width":568,"height":439,"caption":"Ringo & Otto"},"image":{"@id":"https:\/\/ringoyotto.com\/#\/schema\/logo\/image\/"},"sameAs":["https:\/\/www.facebook.com\/ringoyotto","https:\/\/www.instagram.com\/ringoyotto\/?hl=es","https:\/\/www.tiktok.com\/@ringoyotto"]}]}},"_links":{"self":[{"href":"https:\/\/ringoyotto.com\/en\/wp-json\/wp\/v2\/product\/1293","targetHints":{"allow":["GET"]}}],"collection":[{"href":"https:\/\/ringoyotto.com\/en\/wp-json\/wp\/v2\/product"}],"about":[{"href":"https:\/\/ringoyotto.com\/en\/wp-json\/wp\/v2\/types\/product"}],"wp:featuredmedia":[{"embeddable":true,"href":"https:\/\/ringoyotto.com\/en\/wp-json\/wp\/v2\/media\/1180"}],"wp:attachment":[{"href":"https:\/\/ringoyotto.com\/en\/wp-json\/wp\/v2\/media?parent=1293"}],"wp:term":[{"taxonomy":"product_brand","embeddable":true,"href":"https:\/\/ringoyotto.com\/en\/wp-json\/wp\/v2\/product_brand?post=1293"},{"taxonomy":"product_cat","embeddable":true,"href":"https:\/\/ringoyotto.com\/en\/wp-json\/wp\/v2\/product_cat?post=1293"},{"taxonomy":"product_tag","embeddable":true,"href":"https:\/\/ringoyotto.com\/en\/wp-json\/wp\/v2\/product_tag?post=1293"},{"taxonomy":"para_quien","embeddable":true,"href":"https:\/\/ringoyotto.com\/en\/wp-json\/wp\/v2\/para_quien?post=1293"}],"curies":[{"name":"wp","href":"https:\/\/api.w.org\/{rel}","templated":true}]}}