{"id":1697,"date":"2025-03-25T19:58:50","date_gmt":"2025-03-25T18:58:50","guid":{"rendered":"https:\/\/ringoyotto.com\/?post_type=product&#038;p=1697"},"modified":"2026-01-23T11:34:54","modified_gmt":"2026-01-23T10:34:54","slug":"churpi-con-coco","status":"publish","type":"product","link":"https:\/\/ringoyotto.com\/en\/product\/churpi-con-coco\/","title":{"rendered":"Churpi con coco"},"content":{"rendered":"<div class=\"fusion-title title fusion-title-3 fusion-sep-none fusion-title-text fusion-title-size-three tit_bicolor\"><\/div>\n<p>Las barras de<strong> Churpi <\/strong>son un<strong> entretenimiento duradero y saludable<\/strong>\u00a0perfecto para tu mascota. Tu perro las deber\u00e1 roer y ablandar pacientemente en la boca, las ir\u00e1 consumiendo poco a poco, y obtendr\u00e1\u00a0<strong>largas horas de diversi\u00f3n y entretenimiento<\/strong>.<\/p>\n<div class=\"fusion-text fusion-text-16\">\n<p>Propiedades nutricionales beneficiosos de la barra Churpi:<\/p>\n<\/div>\n<ul class=\"fusion-checklist fusion-checklist-1 fusion-checklist-default type-icons\">\n<li class=\"fusion-li-item\"><i class=\"fusion-li-icon fa-paw fas\" aria-hidden=\"true\"><\/i>\n<div class=\"fusion-li-item-content\"><strong>CALCIO<\/strong>, contribuye activamente en el desarrollo de huesos y dientes.<\/div>\n<\/li>\n<li class=\"fusion-li-item\"><i class=\"fusion-li-icon fa-paw fas\" aria-hidden=\"true\"><\/i>\n<div class=\"fusion-li-item-content\">\n<p><strong>POTASIO<\/strong>, regula el sitema nervioso y previene la fatiga, debilidad muscular y calambres.<\/p>\n<\/div>\n<\/li>\n<li class=\"fusion-li-item\"><i class=\"fusion-li-icon fa-paw fas\" aria-hidden=\"true\"><\/i>\n<div class=\"fusion-li-item-content\"><strong>ZINC<\/strong>, favorece el desarrollo\/crecimiento, suaviza la piel y mejora su sistema inmunitario.<\/div>\n<\/li>\n<li class=\"fusion-li-item\"><i class=\"fusion-li-icon fa-paw fas\" aria-hidden=\"true\"><\/i>\n<div class=\"fusion-li-item-content\"><strong>BIOTINA<\/strong>, potencia el crecimiento celular y el metabolismo digestivo.<\/div>\n<\/li>\n<li class=\"fusion-li-item\"><i class=\"fusion-li-icon fa-paw fas\" aria-hidden=\"true\"><\/i>\n<div class=\"fusion-li-item-content\">\n<p><strong>\u00c1CIDO F\u00d3LICO<\/strong>, reduce el riesgo de enfermedades card\u00edacas y c\u00e1ncer.<\/p>\n<\/div>\n<\/li>\n<li class=\"fusion-li-item\"><i class=\"fusion-li-icon fa-paw fas\" aria-hidden=\"true\"><\/i>\n<div class=\"fusion-li-item-content\"><strong>HIERRO, F\u00d3SFORO, MAGNESIO, MANGANESO y SODIO<\/strong>.<\/div>\n<\/li>\n<li class=\"fusion-li-item\"><i class=\"fusion-li-icon fa-paw fas\" aria-hidden=\"true\"><\/i>\n<div class=\"fusion-li-item-content\"><strong>VITAMINAS A, B1, C, D, E i K<\/strong>, incrementan la producci\u00f3n de gl\u00f3bulos rojos y blancos y mejoran la visi\u00f3n.<\/div>\n<div class=\"fusion-li-item-content\"><\/div>\n<table class=\"alignleft\" width=\"100%\">\n<thead>\n<tr>\n<th align=\"left\"><strong>FORMATO<\/strong><\/th>\n<th align=\"left\"><strong>CM\/BARRA<\/strong><\/th>\n<th align=\"left\"><strong>GR\/BARRA APROX<\/strong><\/th>\n<th align=\"left\"><strong>PESO PERRO<\/strong><\/th>\n<\/tr>\n<\/thead>\n<tbody>\n<tr>\n<td align=\"left\">Small<\/td>\n<td align=\"left\">7-9<\/td>\n<td align=\"left\">33 gr.<\/td>\n<td align=\"left\">Hasta 4 kg.<\/td>\n<\/tr>\n<tr>\n<td align=\"left\">Medium<\/td>\n<td align=\"left\">11-13<\/td>\n<td align=\"left\">70 gr.<\/td>\n<td align=\"left\">De 4 a 10 kg.<\/td>\n<\/tr>\n<tr>\n<td align=\"left\">Large<\/td>\n<td align=\"left\">15-17<\/td>\n<td align=\"left\">130 gr.<\/td>\n<td align=\"left\">De 10 a 25 kg.<\/td>\n<\/tr>\n<tr>\n<td align=\"left\">Extra Large<\/td>\n<td align=\"left\">17-19<\/td>\n<td align=\"left\">200 gr.<\/td>\n<td align=\"left\">M\u00e1s de 25 kg.<\/td>\n<\/tr>\n<\/tbody>\n<\/table>\n<\/li>\n<\/ul>","protected":false},"excerpt":{"rendered":"<p>Las barras de <strong>Churpi<\/strong> con <strong>coco<\/strong> elaboradas con <strong>Leche de Yak<\/strong> son una deliciosa y nutritiva opci\u00f3n de snack para tu perro. Hechas con ingredientes 100% naturales.<\/p>\n<p>Una gran opci\u00f3n para <strong>mantener a tu perro entretenido durante horas<\/strong> y para <strong>reducir la ansiedad<\/strong> en aquellos perros que la padecen. Adem\u00e1s, su <strong>dureza<\/strong> ayuda en la <strong>higiene\u00a0dental<\/strong> de tu peludo.<\/p>\n<p>El <strong>Coco<\/strong>\u00a0es conocido por sus propiedades\u00a0<strong>antioxidantes, de fortalecimiento del sistema inmune, regeneraci\u00f3n de la piel y protecci\u00f3n contra hongos y bacterias.<\/strong><\/p>\n<p>Disponibles en tama\u00f1o M y L.<\/p>","protected":false},"featured_media":1700,"template":"","meta":[],"product_brand":[118],"product_cat":[23,26],"product_tag":[],"para_quien":[99],"class_list":{"0":"post-1697","1":"product","2":"type-product","3":"status-publish","4":"has-post-thumbnail","6":"product_brand-churpi","7":"product_cat-1-alimentacion","8":"product_cat-snacks-y-mordedores","9":"para_quien-perro","11":"first","12":"instock","13":"taxable","14":"shipping-taxable","15":"purchasable","16":"product-type-variable"},"yoast_head":"<!-- This site is optimized with the Yoast SEO plugin v27.4 - https:\/\/yoast.com\/product\/yoast-seo-wordpress\/ -->\n<title>Churpi con coco - Ringo &amp; Otto<\/title>\n<meta name=\"robots\" content=\"index, follow, max-snippet:-1, max-image-preview:large, max-video-preview:-1\" \/>\n<link rel=\"canonical\" href=\"https:\/\/ringoyotto.com\/en\/product\/churpi-con-coco\/\" \/>\n<meta property=\"og:locale\" content=\"en_GB\" \/>\n<meta property=\"og:type\" content=\"article\" \/>\n<meta property=\"og:title\" content=\"Churpi con coco - Ringo &amp; Otto\" \/>\n<meta property=\"og:description\" content=\"Las barras de Churpi con coco elaboradas con Leche de Yak son una deliciosa y nutritiva opci\u00f3n de snack para tu perro. Hechas con ingredientes 100% naturales.  Una gran opci\u00f3n para mantener a tu perro entretenido durante horas y para reducir la ansiedad en aquellos perros que la padecen. Adem\u00e1s, su dureza ayuda en la higiene\u00a0dental de tu peludo.  El Coco\u00a0es conocido por sus propiedades\u00a0antioxidantes, de fortalecimiento del sistema inmune, regeneraci\u00f3n de la piel y protecci\u00f3n contra hongos y bacterias.  Disponibles en tama\u00f1o M y L.\" \/>\n<meta property=\"og:url\" content=\"https:\/\/ringoyotto.com\/en\/product\/churpi-con-coco\/\" \/>\n<meta property=\"og:site_name\" content=\"Ringo &amp; Otto\" \/>\n<meta property=\"article:publisher\" content=\"https:\/\/www.facebook.com\/ringoyotto\" \/>\n<meta property=\"article:modified_time\" content=\"2026-01-23T10:34:54+00:00\" \/>\n<meta property=\"og:image\" content=\"https:\/\/ringoyotto.com\/wp-content\/uploads\/2025\/03\/churpi-coco.png\" \/>\n\t<meta property=\"og:image:width\" content=\"600\" \/>\n\t<meta property=\"og:image:height\" content=\"1006\" \/>\n\t<meta property=\"og:image:type\" content=\"image\/png\" \/>\n<meta name=\"twitter:card\" content=\"summary_large_image\" \/>\n<meta name=\"twitter:label1\" content=\"Estimated reading time\" \/>\n\t<meta name=\"twitter:data1\" content=\"1 minute\" \/>\n<script type=\"application\/ld+json\" class=\"yoast-schema-graph\">{\"@context\":\"https:\\\/\\\/schema.org\",\"@graph\":[{\"@type\":\"WebPage\",\"@id\":\"https:\\\/\\\/ringoyotto.com\\\/producto\\\/churpi-con-coco\\\/\",\"url\":\"https:\\\/\\\/ringoyotto.com\\\/producto\\\/churpi-con-coco\\\/\",\"name\":\"Churpi con coco - Ringo &amp; Otto\",\"isPartOf\":{\"@id\":\"https:\\\/\\\/ringoyotto.com\\\/#website\"},\"primaryImageOfPage\":{\"@id\":\"https:\\\/\\\/ringoyotto.com\\\/producto\\\/churpi-con-coco\\\/#primaryimage\"},\"image\":{\"@id\":\"https:\\\/\\\/ringoyotto.com\\\/producto\\\/churpi-con-coco\\\/#primaryimage\"},\"thumbnailUrl\":\"https:\\\/\\\/ringoyotto.com\\\/wp-content\\\/uploads\\\/2025\\\/03\\\/churpi-coco.png\",\"datePublished\":\"2025-03-25T18:58:50+00:00\",\"dateModified\":\"2026-01-23T10:34:54+00:00\",\"breadcrumb\":{\"@id\":\"https:\\\/\\\/ringoyotto.com\\\/producto\\\/churpi-con-coco\\\/#breadcrumb\"},\"inLanguage\":\"en-GB\",\"potentialAction\":[{\"@type\":\"ReadAction\",\"target\":[\"https:\\\/\\\/ringoyotto.com\\\/producto\\\/churpi-con-coco\\\/\"]}]},{\"@type\":\"ImageObject\",\"inLanguage\":\"en-GB\",\"@id\":\"https:\\\/\\\/ringoyotto.com\\\/producto\\\/churpi-con-coco\\\/#primaryimage\",\"url\":\"https:\\\/\\\/ringoyotto.com\\\/wp-content\\\/uploads\\\/2025\\\/03\\\/churpi-coco.png\",\"contentUrl\":\"https:\\\/\\\/ringoyotto.com\\\/wp-content\\\/uploads\\\/2025\\\/03\\\/churpi-coco.png\",\"width\":600,\"height\":1006},{\"@type\":\"BreadcrumbList\",\"@id\":\"https:\\\/\\\/ringoyotto.com\\\/producto\\\/churpi-con-coco\\\/#breadcrumb\",\"itemListElement\":[{\"@type\":\"ListItem\",\"position\":1,\"name\":\"Portada\",\"item\":\"https:\\\/\\\/ringoyotto.com\\\/\"},{\"@type\":\"ListItem\",\"position\":2,\"name\":\"Tienda\",\"item\":\"https:\\\/\\\/ringoyotto.com\\\/tienda\\\/\"},{\"@type\":\"ListItem\",\"position\":3,\"name\":\"Churpi con coco\"}]},{\"@type\":\"WebSite\",\"@id\":\"https:\\\/\\\/ringoyotto.com\\\/#website\",\"url\":\"https:\\\/\\\/ringoyotto.com\\\/\",\"name\":\"Ringo & Otto\",\"description\":\"Productos para perros y gatos\",\"publisher\":{\"@id\":\"https:\\\/\\\/ringoyotto.com\\\/#organization\"},\"potentialAction\":[{\"@type\":\"SearchAction\",\"target\":{\"@type\":\"EntryPoint\",\"urlTemplate\":\"https:\\\/\\\/ringoyotto.com\\\/?s={search_term_string}\"},\"query-input\":{\"@type\":\"PropertyValueSpecification\",\"valueRequired\":true,\"valueName\":\"search_term_string\"}}],\"inLanguage\":\"en-GB\"},{\"@type\":\"Organization\",\"@id\":\"https:\\\/\\\/ringoyotto.com\\\/#organization\",\"name\":\"Ringo & Otto\",\"url\":\"https:\\\/\\\/ringoyotto.com\\\/\",\"logo\":{\"@type\":\"ImageObject\",\"inLanguage\":\"en-GB\",\"@id\":\"https:\\\/\\\/ringoyotto.com\\\/#\\\/schema\\\/logo\\\/image\\\/\",\"url\":\"https:\\\/\\\/ringoyotto.com\\\/wp-content\\\/uploads\\\/2024\\\/09\\\/167919506_134587955336806_6223653715767570006_n-removebg-preview.png\",\"contentUrl\":\"https:\\\/\\\/ringoyotto.com\\\/wp-content\\\/uploads\\\/2024\\\/09\\\/167919506_134587955336806_6223653715767570006_n-removebg-preview.png\",\"width\":568,\"height\":439,\"caption\":\"Ringo & Otto\"},\"image\":{\"@id\":\"https:\\\/\\\/ringoyotto.com\\\/#\\\/schema\\\/logo\\\/image\\\/\"},\"sameAs\":[\"https:\\\/\\\/www.facebook.com\\\/ringoyotto\",\"https:\\\/\\\/www.instagram.com\\\/ringoyotto\\\/?hl=es\",\"https:\\\/\\\/www.tiktok.com\\\/@ringoyotto\"]}]}<\/script>\n<!-- \/ Yoast SEO plugin. -->","yoast_head_json":{"title":"Churpi con coco - Ringo &amp; Otto","robots":{"index":"index","follow":"follow","max-snippet":"max-snippet:-1","max-image-preview":"max-image-preview:large","max-video-preview":"max-video-preview:-1"},"canonical":"https:\/\/ringoyotto.com\/en\/product\/churpi-con-coco\/","og_locale":"en_GB","og_type":"article","og_title":"Churpi con coco - Ringo &amp; Otto","og_description":"Las barras de Churpi con coco elaboradas con Leche de Yak son una deliciosa y nutritiva opci\u00f3n de snack para tu perro. Hechas con ingredientes 100% naturales.  Una gran opci\u00f3n para mantener a tu perro entretenido durante horas y para reducir la ansiedad en aquellos perros que la padecen. Adem\u00e1s, su dureza ayuda en la higiene\u00a0dental de tu peludo.  El Coco\u00a0es conocido por sus propiedades\u00a0antioxidantes, de fortalecimiento del sistema inmune, regeneraci\u00f3n de la piel y protecci\u00f3n contra hongos y bacterias.  Disponibles en tama\u00f1o M y L.","og_url":"https:\/\/ringoyotto.com\/en\/product\/churpi-con-coco\/","og_site_name":"Ringo &amp; Otto","article_publisher":"https:\/\/www.facebook.com\/ringoyotto","article_modified_time":"2026-01-23T10:34:54+00:00","og_image":[{"width":600,"height":1006,"url":"https:\/\/ringoyotto.com\/wp-content\/uploads\/2025\/03\/churpi-coco.png","type":"image\/png"}],"twitter_card":"summary_large_image","twitter_misc":{"Estimated reading time":"1 minute"},"schema":{"@context":"https:\/\/schema.org","@graph":[{"@type":"WebPage","@id":"https:\/\/ringoyotto.com\/producto\/churpi-con-coco\/","url":"https:\/\/ringoyotto.com\/producto\/churpi-con-coco\/","name":"Churpi con coco - Ringo &amp; Otto","isPartOf":{"@id":"https:\/\/ringoyotto.com\/#website"},"primaryImageOfPage":{"@id":"https:\/\/ringoyotto.com\/producto\/churpi-con-coco\/#primaryimage"},"image":{"@id":"https:\/\/ringoyotto.com\/producto\/churpi-con-coco\/#primaryimage"},"thumbnailUrl":"https:\/\/ringoyotto.com\/wp-content\/uploads\/2025\/03\/churpi-coco.png","datePublished":"2025-03-25T18:58:50+00:00","dateModified":"2026-01-23T10:34:54+00:00","breadcrumb":{"@id":"https:\/\/ringoyotto.com\/producto\/churpi-con-coco\/#breadcrumb"},"inLanguage":"en-GB","potentialAction":[{"@type":"ReadAction","target":["https:\/\/ringoyotto.com\/producto\/churpi-con-coco\/"]}]},{"@type":"ImageObject","inLanguage":"en-GB","@id":"https:\/\/ringoyotto.com\/producto\/churpi-con-coco\/#primaryimage","url":"https:\/\/ringoyotto.com\/wp-content\/uploads\/2025\/03\/churpi-coco.png","contentUrl":"https:\/\/ringoyotto.com\/wp-content\/uploads\/2025\/03\/churpi-coco.png","width":600,"height":1006},{"@type":"BreadcrumbList","@id":"https:\/\/ringoyotto.com\/producto\/churpi-con-coco\/#breadcrumb","itemListElement":[{"@type":"ListItem","position":1,"name":"Portada","item":"https:\/\/ringoyotto.com\/"},{"@type":"ListItem","position":2,"name":"Tienda","item":"https:\/\/ringoyotto.com\/tienda\/"},{"@type":"ListItem","position":3,"name":"Churpi con coco"}]},{"@type":"WebSite","@id":"https:\/\/ringoyotto.com\/#website","url":"https:\/\/ringoyotto.com\/","name":"Ringo & Otto","description":"Productos para perros y gatos","publisher":{"@id":"https:\/\/ringoyotto.com\/#organization"},"potentialAction":[{"@type":"SearchAction","target":{"@type":"EntryPoint","urlTemplate":"https:\/\/ringoyotto.com\/?s={search_term_string}"},"query-input":{"@type":"PropertyValueSpecification","valueRequired":true,"valueName":"search_term_string"}}],"inLanguage":"en-GB"},{"@type":"Organization","@id":"https:\/\/ringoyotto.com\/#organization","name":"Ringo & Otto","url":"https:\/\/ringoyotto.com\/","logo":{"@type":"ImageObject","inLanguage":"en-GB","@id":"https:\/\/ringoyotto.com\/#\/schema\/logo\/image\/","url":"https:\/\/ringoyotto.com\/wp-content\/uploads\/2024\/09\/167919506_134587955336806_6223653715767570006_n-removebg-preview.png","contentUrl":"https:\/\/ringoyotto.com\/wp-content\/uploads\/2024\/09\/167919506_134587955336806_6223653715767570006_n-removebg-preview.png","width":568,"height":439,"caption":"Ringo & Otto"},"image":{"@id":"https:\/\/ringoyotto.com\/#\/schema\/logo\/image\/"},"sameAs":["https:\/\/www.facebook.com\/ringoyotto","https:\/\/www.instagram.com\/ringoyotto\/?hl=es","https:\/\/www.tiktok.com\/@ringoyotto"]}]}},"_links":{"self":[{"href":"https:\/\/ringoyotto.com\/en\/wp-json\/wp\/v2\/product\/1697","targetHints":{"allow":["GET"]}}],"collection":[{"href":"https:\/\/ringoyotto.com\/en\/wp-json\/wp\/v2\/product"}],"about":[{"href":"https:\/\/ringoyotto.com\/en\/wp-json\/wp\/v2\/types\/product"}],"wp:featuredmedia":[{"embeddable":true,"href":"https:\/\/ringoyotto.com\/en\/wp-json\/wp\/v2\/media\/1700"}],"wp:attachment":[{"href":"https:\/\/ringoyotto.com\/en\/wp-json\/wp\/v2\/media?parent=1697"}],"wp:term":[{"taxonomy":"product_brand","embeddable":true,"href":"https:\/\/ringoyotto.com\/en\/wp-json\/wp\/v2\/product_brand?post=1697"},{"taxonomy":"product_cat","embeddable":true,"href":"https:\/\/ringoyotto.com\/en\/wp-json\/wp\/v2\/product_cat?post=1697"},{"taxonomy":"product_tag","embeddable":true,"href":"https:\/\/ringoyotto.com\/en\/wp-json\/wp\/v2\/product_tag?post=1697"},{"taxonomy":"para_quien","embeddable":true,"href":"https:\/\/ringoyotto.com\/en\/wp-json\/wp\/v2\/para_quien?post=1697"}],"curies":[{"name":"wp","href":"https:\/\/api.w.org\/{rel}","templated":true}]}}