{"id":1702,"date":"2025-03-25T20:09:09","date_gmt":"2025-03-25T19:09:09","guid":{"rendered":"https:\/\/ringoyotto.com\/?post_type=product&#038;p=1702"},"modified":"2025-11-15T14:02:46","modified_gmt":"2025-11-15T13:02:46","slug":"churpi","status":"publish","type":"product","link":"https:\/\/ringoyotto.com\/en\/product\/churpi\/","title":{"rendered":"Churpi"},"content":{"rendered":"<p>Las barras de<strong>\u00a0Churpi\u00a0<\/strong>son un<strong>\u00a0entretenimiento duradero y saludable<\/strong>\u00a0perfecto para tu mascota. Tu perro las deber\u00e1 roer y ablandar pacientemente en la boca, las ir\u00e1 consumiendo poco a poco, y obtendr\u00e1\u00a0<strong>largas horas de diversi\u00f3n y entretenimiento<\/strong>.<\/p>\n<div class=\"fusion-text fusion-text-16\">\n<p>Propiedades nutricionales beneficiosos de la barra Churpi:<\/p>\n<\/div>\n<ul class=\"fusion-checklist fusion-checklist-1 fusion-checklist-default type-icons\">\n<li class=\"fusion-li-item\"><i class=\"fusion-li-icon fa-paw fas\" aria-hidden=\"true\"><\/i>\n<div class=\"fusion-li-item-content\"><strong>CALCIO<\/strong>, contribuye activamente en el desarrollo de huesos y dientes.<\/div>\n<\/li>\n<li class=\"fusion-li-item\"><i class=\"fusion-li-icon fa-paw fas\" aria-hidden=\"true\"><\/i>\n<div class=\"fusion-li-item-content\">\n<p><strong>POTASIO<\/strong>, regula el sitema nervioso y previene la fatiga, debilidad muscular y calambres.<\/p>\n<\/div>\n<\/li>\n<li class=\"fusion-li-item\"><i class=\"fusion-li-icon fa-paw fas\" aria-hidden=\"true\"><\/i>\n<div class=\"fusion-li-item-content\"><strong>ZINC<\/strong>, favorece el desarrollo\/crecimiento, suaviza la piel y mejora su sistema inmunitario.<\/div>\n<\/li>\n<li class=\"fusion-li-item\"><i class=\"fusion-li-icon fa-paw fas\" aria-hidden=\"true\"><\/i>\n<div class=\"fusion-li-item-content\"><strong>BIOTINA<\/strong>, potencia el crecimiento celular y el metabolismo digestivo.<\/div>\n<\/li>\n<li class=\"fusion-li-item\"><i class=\"fusion-li-icon fa-paw fas\" aria-hidden=\"true\"><\/i>\n<div class=\"fusion-li-item-content\">\n<p><strong>\u00c1CIDO F\u00d3LICO<\/strong>, reduce el riesgo de enfermedades card\u00edacas y c\u00e1ncer.<\/p>\n<\/div>\n<\/li>\n<li class=\"fusion-li-item\"><i class=\"fusion-li-icon fa-paw fas\" aria-hidden=\"true\"><\/i>\n<div class=\"fusion-li-item-content\"><strong>HIERRO, F\u00d3SFORO, MAGNESIO, MANGANESO y SODIO<\/strong>.<\/div>\n<\/li>\n<li class=\"fusion-li-item\"><i class=\"fusion-li-icon fa-paw fas\" aria-hidden=\"true\"><\/i>\n<div class=\"fusion-li-item-content\"><strong>VITAMINAS A, B1, C, D, E i K<\/strong>, incrementan la producci\u00f3n de gl\u00f3bulos rojos y blancos y mejoran la visi\u00f3n.<\/div>\n<\/li>\n<\/ul>\n<table class=\"alignleft\" width=\"100%\">\n<thead>\n<tr>\n<th align=\"left\"><strong>FORMATO<\/strong><\/th>\n<th align=\"left\"><strong>CM\/BARRA<\/strong><\/th>\n<th align=\"left\"><strong>GR\/BARRA APROX<\/strong><\/th>\n<th align=\"left\"><strong>PESO PERRO<\/strong><\/th>\n<\/tr>\n<\/thead>\n<tbody>\n<tr>\n<td align=\"left\">Small<\/td>\n<td align=\"left\">7-9<\/td>\n<td align=\"left\">33 gr.<\/td>\n<td align=\"left\">Hasta 4 kg.<\/td>\n<\/tr>\n<tr>\n<td align=\"left\">Medium<\/td>\n<td align=\"left\">11-13<\/td>\n<td align=\"left\">70 gr.<\/td>\n<td align=\"left\">De 4 a 10 kg.<\/td>\n<\/tr>\n<tr>\n<td align=\"left\">Large<\/td>\n<td align=\"left\">15-17<\/td>\n<td align=\"left\">130 gr.<\/td>\n<td align=\"left\">De 10 a 25 kg.<\/td>\n<\/tr>\n<tr>\n<td align=\"left\">Extra Large<\/td>\n<td align=\"left\">17-19<\/td>\n<td align=\"left\">200 gr.<\/td>\n<td align=\"left\">M\u00e1s de 25 kg.<\/td>\n<\/tr>\n<\/tbody>\n<\/table>\n<div class=\"fusion-text fusion-text-3\">\n<h3 class=\"fusion-responsive-typography-calculated\" data-fontsize=\"24\" data-lineheight=\"28.8px\"><\/h3>\n<\/div>\n<div class=\"fusion-text fusion-text-4\">\n<p><strong>Ingredientes<\/strong>: Leche de yak, leche de vaca ceb\u00fa, zumo de lim\u00f3n y sal.<\/p>\n<\/div>","protected":false},"excerpt":{"rendered":"<p>Las barras de\u00a0<strong>Churpi<\/strong> elaboradas con <strong>Leche de Yak<\/strong>\u00a0son una deliciosa y nutritiva opci\u00f3n de snack para tu perro. Hechas con ingredientes 100% naturales.<\/p>\n<p>Una gran opci\u00f3n para\u00a0<strong>mantener a tu perro entretenido durante horas<\/strong>\u00a0y para\u00a0<strong>reducir la ansiedad<\/strong>\u00a0en aquellos perros que la padecen. Adem\u00e1s, su\u00a0<strong>dureza<\/strong>\u00a0ayuda en la\u00a0<strong>higiene\u00a0dental<\/strong>\u00a0de tu peludo.<\/p>","protected":false},"featured_media":1703,"template":"","meta":[],"product_brand":[118],"product_cat":[23,26],"product_tag":[],"para_quien":[99],"class_list":{"0":"post-1702","1":"product","2":"type-product","3":"status-publish","4":"has-post-thumbnail","6":"product_brand-churpi","7":"product_cat-1-alimentacion","8":"product_cat-snacks-y-mordedores","9":"para_quien-perro","11":"first","12":"instock","13":"taxable","14":"shipping-taxable","15":"purchasable","16":"product-type-variable"},"yoast_head":"<!-- This site is optimized with the Yoast SEO plugin v27.4 - https:\/\/yoast.com\/product\/yoast-seo-wordpress\/ -->\n<title>Churpi - Ringo &amp; Otto<\/title>\n<meta name=\"robots\" content=\"index, follow, max-snippet:-1, max-image-preview:large, max-video-preview:-1\" \/>\n<link rel=\"canonical\" href=\"https:\/\/ringoyotto.com\/en\/product\/churpi\/\" \/>\n<meta property=\"og:locale\" content=\"en_GB\" \/>\n<meta property=\"og:type\" content=\"article\" \/>\n<meta property=\"og:title\" content=\"Churpi - Ringo &amp; Otto\" \/>\n<meta property=\"og:description\" content=\"Las barras de\u00a0Churpi elaboradas con Leche de Yak\u00a0son una deliciosa y nutritiva opci\u00f3n de snack para tu perro. Hechas con ingredientes 100% naturales.  Una gran opci\u00f3n para\u00a0mantener a tu perro entretenido durante horas\u00a0y para\u00a0reducir la ansiedad\u00a0en aquellos perros que la padecen. Adem\u00e1s, su\u00a0dureza\u00a0ayuda en la\u00a0higiene\u00a0dental\u00a0de tu peludo.\" \/>\n<meta property=\"og:url\" content=\"https:\/\/ringoyotto.com\/en\/product\/churpi\/\" \/>\n<meta property=\"og:site_name\" content=\"Ringo &amp; Otto\" \/>\n<meta property=\"article:publisher\" content=\"https:\/\/www.facebook.com\/ringoyotto\" \/>\n<meta property=\"article:modified_time\" content=\"2025-11-15T13:02:46+00:00\" \/>\n<meta property=\"og:image\" content=\"https:\/\/ringoyotto.com\/wp-content\/uploads\/2025\/03\/barrita-churpi.jpg\" \/>\n\t<meta property=\"og:image:width\" content=\"1200\" \/>\n\t<meta property=\"og:image:height\" content=\"1372\" \/>\n\t<meta property=\"og:image:type\" content=\"image\/jpeg\" \/>\n<meta name=\"twitter:card\" content=\"summary_large_image\" \/>\n<meta name=\"twitter:label1\" content=\"Estimated reading time\" \/>\n\t<meta name=\"twitter:data1\" content=\"2 minutes\" \/>\n<script type=\"application\/ld+json\" class=\"yoast-schema-graph\">{\"@context\":\"https:\\\/\\\/schema.org\",\"@graph\":[{\"@type\":\"WebPage\",\"@id\":\"https:\\\/\\\/ringoyotto.com\\\/producto\\\/churpi\\\/\",\"url\":\"https:\\\/\\\/ringoyotto.com\\\/producto\\\/churpi\\\/\",\"name\":\"Churpi - Ringo &amp; Otto\",\"isPartOf\":{\"@id\":\"https:\\\/\\\/ringoyotto.com\\\/#website\"},\"primaryImageOfPage\":{\"@id\":\"https:\\\/\\\/ringoyotto.com\\\/producto\\\/churpi\\\/#primaryimage\"},\"image\":{\"@id\":\"https:\\\/\\\/ringoyotto.com\\\/producto\\\/churpi\\\/#primaryimage\"},\"thumbnailUrl\":\"https:\\\/\\\/ringoyotto.com\\\/wp-content\\\/uploads\\\/2025\\\/03\\\/barrita-churpi.jpg\",\"datePublished\":\"2025-03-25T19:09:09+00:00\",\"dateModified\":\"2025-11-15T13:02:46+00:00\",\"breadcrumb\":{\"@id\":\"https:\\\/\\\/ringoyotto.com\\\/producto\\\/churpi\\\/#breadcrumb\"},\"inLanguage\":\"en-GB\",\"potentialAction\":[{\"@type\":\"ReadAction\",\"target\":[\"https:\\\/\\\/ringoyotto.com\\\/producto\\\/churpi\\\/\"]}]},{\"@type\":\"ImageObject\",\"inLanguage\":\"en-GB\",\"@id\":\"https:\\\/\\\/ringoyotto.com\\\/producto\\\/churpi\\\/#primaryimage\",\"url\":\"https:\\\/\\\/ringoyotto.com\\\/wp-content\\\/uploads\\\/2025\\\/03\\\/barrita-churpi.jpg\",\"contentUrl\":\"https:\\\/\\\/ringoyotto.com\\\/wp-content\\\/uploads\\\/2025\\\/03\\\/barrita-churpi.jpg\",\"width\":1200,\"height\":1372},{\"@type\":\"BreadcrumbList\",\"@id\":\"https:\\\/\\\/ringoyotto.com\\\/producto\\\/churpi\\\/#breadcrumb\",\"itemListElement\":[{\"@type\":\"ListItem\",\"position\":1,\"name\":\"Portada\",\"item\":\"https:\\\/\\\/ringoyotto.com\\\/\"},{\"@type\":\"ListItem\",\"position\":2,\"name\":\"Tienda\",\"item\":\"https:\\\/\\\/ringoyotto.com\\\/tienda\\\/\"},{\"@type\":\"ListItem\",\"position\":3,\"name\":\"Churpi\"}]},{\"@type\":\"WebSite\",\"@id\":\"https:\\\/\\\/ringoyotto.com\\\/#website\",\"url\":\"https:\\\/\\\/ringoyotto.com\\\/\",\"name\":\"Ringo & Otto\",\"description\":\"Productos para perros y gatos\",\"publisher\":{\"@id\":\"https:\\\/\\\/ringoyotto.com\\\/#organization\"},\"potentialAction\":[{\"@type\":\"SearchAction\",\"target\":{\"@type\":\"EntryPoint\",\"urlTemplate\":\"https:\\\/\\\/ringoyotto.com\\\/?s={search_term_string}\"},\"query-input\":{\"@type\":\"PropertyValueSpecification\",\"valueRequired\":true,\"valueName\":\"search_term_string\"}}],\"inLanguage\":\"en-GB\"},{\"@type\":\"Organization\",\"@id\":\"https:\\\/\\\/ringoyotto.com\\\/#organization\",\"name\":\"Ringo & Otto\",\"url\":\"https:\\\/\\\/ringoyotto.com\\\/\",\"logo\":{\"@type\":\"ImageObject\",\"inLanguage\":\"en-GB\",\"@id\":\"https:\\\/\\\/ringoyotto.com\\\/#\\\/schema\\\/logo\\\/image\\\/\",\"url\":\"https:\\\/\\\/ringoyotto.com\\\/wp-content\\\/uploads\\\/2024\\\/09\\\/167919506_134587955336806_6223653715767570006_n-removebg-preview.png\",\"contentUrl\":\"https:\\\/\\\/ringoyotto.com\\\/wp-content\\\/uploads\\\/2024\\\/09\\\/167919506_134587955336806_6223653715767570006_n-removebg-preview.png\",\"width\":568,\"height\":439,\"caption\":\"Ringo & Otto\"},\"image\":{\"@id\":\"https:\\\/\\\/ringoyotto.com\\\/#\\\/schema\\\/logo\\\/image\\\/\"},\"sameAs\":[\"https:\\\/\\\/www.facebook.com\\\/ringoyotto\",\"https:\\\/\\\/www.instagram.com\\\/ringoyotto\\\/?hl=es\",\"https:\\\/\\\/www.tiktok.com\\\/@ringoyotto\"]}]}<\/script>\n<!-- \/ Yoast SEO plugin. -->","yoast_head_json":{"title":"Churpi - Ringo &amp; Otto","robots":{"index":"index","follow":"follow","max-snippet":"max-snippet:-1","max-image-preview":"max-image-preview:large","max-video-preview":"max-video-preview:-1"},"canonical":"https:\/\/ringoyotto.com\/en\/product\/churpi\/","og_locale":"en_GB","og_type":"article","og_title":"Churpi - Ringo &amp; Otto","og_description":"Las barras de\u00a0Churpi elaboradas con Leche de Yak\u00a0son una deliciosa y nutritiva opci\u00f3n de snack para tu perro. Hechas con ingredientes 100% naturales.  Una gran opci\u00f3n para\u00a0mantener a tu perro entretenido durante horas\u00a0y para\u00a0reducir la ansiedad\u00a0en aquellos perros que la padecen. Adem\u00e1s, su\u00a0dureza\u00a0ayuda en la\u00a0higiene\u00a0dental\u00a0de tu peludo.","og_url":"https:\/\/ringoyotto.com\/en\/product\/churpi\/","og_site_name":"Ringo &amp; Otto","article_publisher":"https:\/\/www.facebook.com\/ringoyotto","article_modified_time":"2025-11-15T13:02:46+00:00","og_image":[{"width":1200,"height":1372,"url":"https:\/\/ringoyotto.com\/wp-content\/uploads\/2025\/03\/barrita-churpi.jpg","type":"image\/jpeg"}],"twitter_card":"summary_large_image","twitter_misc":{"Estimated reading time":"2 minutes"},"schema":{"@context":"https:\/\/schema.org","@graph":[{"@type":"WebPage","@id":"https:\/\/ringoyotto.com\/producto\/churpi\/","url":"https:\/\/ringoyotto.com\/producto\/churpi\/","name":"Churpi - Ringo &amp; Otto","isPartOf":{"@id":"https:\/\/ringoyotto.com\/#website"},"primaryImageOfPage":{"@id":"https:\/\/ringoyotto.com\/producto\/churpi\/#primaryimage"},"image":{"@id":"https:\/\/ringoyotto.com\/producto\/churpi\/#primaryimage"},"thumbnailUrl":"https:\/\/ringoyotto.com\/wp-content\/uploads\/2025\/03\/barrita-churpi.jpg","datePublished":"2025-03-25T19:09:09+00:00","dateModified":"2025-11-15T13:02:46+00:00","breadcrumb":{"@id":"https:\/\/ringoyotto.com\/producto\/churpi\/#breadcrumb"},"inLanguage":"en-GB","potentialAction":[{"@type":"ReadAction","target":["https:\/\/ringoyotto.com\/producto\/churpi\/"]}]},{"@type":"ImageObject","inLanguage":"en-GB","@id":"https:\/\/ringoyotto.com\/producto\/churpi\/#primaryimage","url":"https:\/\/ringoyotto.com\/wp-content\/uploads\/2025\/03\/barrita-churpi.jpg","contentUrl":"https:\/\/ringoyotto.com\/wp-content\/uploads\/2025\/03\/barrita-churpi.jpg","width":1200,"height":1372},{"@type":"BreadcrumbList","@id":"https:\/\/ringoyotto.com\/producto\/churpi\/#breadcrumb","itemListElement":[{"@type":"ListItem","position":1,"name":"Portada","item":"https:\/\/ringoyotto.com\/"},{"@type":"ListItem","position":2,"name":"Tienda","item":"https:\/\/ringoyotto.com\/tienda\/"},{"@type":"ListItem","position":3,"name":"Churpi"}]},{"@type":"WebSite","@id":"https:\/\/ringoyotto.com\/#website","url":"https:\/\/ringoyotto.com\/","name":"Ringo & Otto","description":"Productos para perros y gatos","publisher":{"@id":"https:\/\/ringoyotto.com\/#organization"},"potentialAction":[{"@type":"SearchAction","target":{"@type":"EntryPoint","urlTemplate":"https:\/\/ringoyotto.com\/?s={search_term_string}"},"query-input":{"@type":"PropertyValueSpecification","valueRequired":true,"valueName":"search_term_string"}}],"inLanguage":"en-GB"},{"@type":"Organization","@id":"https:\/\/ringoyotto.com\/#organization","name":"Ringo & Otto","url":"https:\/\/ringoyotto.com\/","logo":{"@type":"ImageObject","inLanguage":"en-GB","@id":"https:\/\/ringoyotto.com\/#\/schema\/logo\/image\/","url":"https:\/\/ringoyotto.com\/wp-content\/uploads\/2024\/09\/167919506_134587955336806_6223653715767570006_n-removebg-preview.png","contentUrl":"https:\/\/ringoyotto.com\/wp-content\/uploads\/2024\/09\/167919506_134587955336806_6223653715767570006_n-removebg-preview.png","width":568,"height":439,"caption":"Ringo & Otto"},"image":{"@id":"https:\/\/ringoyotto.com\/#\/schema\/logo\/image\/"},"sameAs":["https:\/\/www.facebook.com\/ringoyotto","https:\/\/www.instagram.com\/ringoyotto\/?hl=es","https:\/\/www.tiktok.com\/@ringoyotto"]}]}},"_links":{"self":[{"href":"https:\/\/ringoyotto.com\/en\/wp-json\/wp\/v2\/product\/1702","targetHints":{"allow":["GET"]}}],"collection":[{"href":"https:\/\/ringoyotto.com\/en\/wp-json\/wp\/v2\/product"}],"about":[{"href":"https:\/\/ringoyotto.com\/en\/wp-json\/wp\/v2\/types\/product"}],"wp:featuredmedia":[{"embeddable":true,"href":"https:\/\/ringoyotto.com\/en\/wp-json\/wp\/v2\/media\/1703"}],"wp:attachment":[{"href":"https:\/\/ringoyotto.com\/en\/wp-json\/wp\/v2\/media?parent=1702"}],"wp:term":[{"taxonomy":"product_brand","embeddable":true,"href":"https:\/\/ringoyotto.com\/en\/wp-json\/wp\/v2\/product_brand?post=1702"},{"taxonomy":"product_cat","embeddable":true,"href":"https:\/\/ringoyotto.com\/en\/wp-json\/wp\/v2\/product_cat?post=1702"},{"taxonomy":"product_tag","embeddable":true,"href":"https:\/\/ringoyotto.com\/en\/wp-json\/wp\/v2\/product_tag?post=1702"},{"taxonomy":"para_quien","embeddable":true,"href":"https:\/\/ringoyotto.com\/en\/wp-json\/wp\/v2\/para_quien?post=1702"}],"curies":[{"name":"wp","href":"https:\/\/api.w.org\/{rel}","templated":true}]}}