{"id":1786,"date":"2025-04-02T13:51:07","date_gmt":"2025-04-02T11:51:07","guid":{"rendered":"https:\/\/ringoyotto.com\/?post_type=product&#038;p=1786"},"modified":"2025-09-25T20:33:51","modified_gmt":"2025-09-25T18:33:51","slug":"yogupet-helado-con-sandia-y-frutos-rojos","status":"publish","type":"product","link":"https:\/\/ringoyotto.com\/en\/product\/yogupet-helado-con-sandia-y-frutos-rojos\/","title":{"rendered":"Yogupet helado con sand\u00eda y frutos rojos"},"content":{"rendered":"<div id=\"div_block-44-124\" class=\"ct-div-block wrap_item_toggle\">\n<div id=\"text_block-39-124\" class=\"ct-text-block wrap_txt_item_toggle\">\n<p class=\"p1\">Los frutos rojos son excelentes antioxidantes, mejoran la circulaci\u00f3n sangu\u00ednea, limpian el organismo de sustancias t\u00f3xicas, bloquean la formaci\u00f3n de co\u00e1gulos peligrosos y disminuyen la formaci\u00f3n de placas de colesterol.<\/p>\n<p class=\"p1\">Congelar unas dos horas antes de d\u00e1rselo.<\/p>\n<p>&nbsp;<\/p>\n<\/div>\n<\/div>\n<div id=\"div_block-132-124\" class=\"ct-div-block wrap_item_toggle\">\n<div id=\"_toggle-133-124\" class=\"oxy-toggle toggle-2853 toggle-2853-expanded\" data-oxy-toggle-initial-state=\"closed\" data-oxy-toggle-active-class=\"toggle-2853-expanded\">\n<div class=\"oxy-expand-collapse-icon\"><strong>Beneficios:<\/strong><\/div>\n<\/div>\n<div id=\"div_block-143-124\" class=\"ct-div-block\">\n<div id=\"text_block-135-124\" class=\"ct-text-block wrap_txt_item_toggle\">\n<div class=\"page\" title=\"Page 25\">\n<div class=\"layoutArea\">\n<div class=\"column\">\n<div class=\"page\" title=\"Page 25\">\n<div class=\"layoutArea\">\n<div class=\"column\">\n<p>Ayuda al sistema inmunitario | Antioxidante | Altamente hidratante<\/p>\n<div class=\"page\" title=\"Page 25\">\n<div class=\"layoutArea\">\n<div class=\"column\">\n<p>A la sand\u00eda y los frutos rojos se le atribuyen los siguientes beneficios:<\/p>\n<ul>\n<li>Alto contenido en vitamina C<\/li>\n<li>Propiedades antioxidantes<\/li>\n<li>Alto contenido en agua<\/li>\n<li>Alto contenido en vitamina A<\/li>\n<li>Aporta calcio<\/li>\n<\/ul>\n<\/div>\n<\/div>\n<\/div>\n<\/div>\n<\/div>\n<\/div>\n<\/div>\n<\/div>\n<\/div>\n<\/div>\n<\/div>\n<\/div>\n<div class=\"oxy-expand-collapse-icon\"><\/div>\n<div><\/div>\n<div id=\"div_block-57-124\" class=\"ct-div-block wrap_item_toggle\">\n<div id=\"text_block-60-124\" class=\"ct-text-block wrap_txt_item_toggle\">\n<p><strong>Ingredientes:<\/strong> Leche, nata, sand\u00eda, frambuesas, moras y remolacha.<\/p>\n<\/div>\n<\/div>\n<div id=\"div_block-64-124\" class=\"ct-div-block wrap_item_toggle\">\n<div id=\"_toggle-65-124\" class=\"oxy-toggle toggle-2853 toggle-2853-expanded\" data-oxy-toggle-initial-state=\"closed\" data-oxy-toggle-active-class=\"toggle-2853-expanded\">\n<div class=\"oxy-expand-collapse-icon\"><strong>Composici\u00f3n:\u00a0<\/strong><\/div>\n<\/div>\n<div id=\"text_block-67-124\" class=\"ct-text-block wrap_txt_item_toggle\">\n<table width=\"142\" cellspacing=\"0\" cellpadding=\"0\">\n<tbody>\n<tr>\n<td colspan=\"3\" valign=\"middle\">Humedad<\/td>\n<td colspan=\"2\" valign=\"middle\">85,0%<\/td>\n<\/tr>\n<tr>\n<td colspan=\"3\" valign=\"middle\">Prote\u00edna<\/td>\n<td colspan=\"2\" valign=\"middle\">3,00%<\/td>\n<\/tr>\n<tr>\n<td colspan=\"3\" valign=\"middle\">Grasa<\/td>\n<td colspan=\"2\" valign=\"middle\">4,0%<\/td>\n<\/tr>\n<tr>\n<td colspan=\"3\" valign=\"middle\">Fibra<\/td>\n<td colspan=\"2\" valign=\"middle\">0,10%<\/td>\n<\/tr>\n<tr>\n<td colspan=\"3\" valign=\"middle\">Cenizas<\/td>\n<td colspan=\"2\" valign=\"middle\">0,75%<\/td>\n<\/tr>\n<tr>\n<td colspan=\"3\" valign=\"middle\">Lactosa<\/td>\n<td colspan=\"2\" valign=\"middle\">0,01%<\/td>\n<\/tr>\n<\/tbody>\n<\/table>\n<p>Una vez abierto, almacenar en la nevera y consumir antes de 2 d\u00edas.<\/p>\n<\/div>\n<\/div>","protected":false},"excerpt":{"rendered":"<p>En los d\u00edas calorosos, no hay nada mejor que un helado de yogur con sand\u00eda y frutos rojos para hidratar y refrescar a nuestro peludo con ingredientes de m\u00e1xima calidad.<\/p>\n<p>Apto para perros y gatos de todas las edades y tama\u00f1os.<\/p>\n<p>Tarrina de 110 gramos.<\/p>","protected":false},"featured_media":1788,"template":"","meta":[],"product_brand":[86],"product_cat":[23,88],"product_tag":[76],"para_quien":[100,99],"class_list":{"0":"post-1786","1":"product","2":"type-product","3":"status-publish","4":"has-post-thumbnail","6":"product_brand-yogupet","7":"product_cat-1-alimentacion","8":"product_cat-cremas-caldos-yogures","9":"product_tag-verano","10":"para_quien-gato","11":"para_quien-perro","13":"first","14":"outofstock","15":"taxable","16":"shipping-taxable","17":"purchasable","18":"product-type-simple"},"yoast_head":"<!-- This site is optimized with the Yoast SEO plugin v27.4 - https:\/\/yoast.com\/product\/yoast-seo-wordpress\/ -->\n<title>Yogupet helado con sand\u00eda y frutos rojos - Ringo &amp; Otto<\/title>\n<meta name=\"robots\" content=\"index, follow, max-snippet:-1, max-image-preview:large, max-video-preview:-1\" \/>\n<link rel=\"canonical\" href=\"https:\/\/ringoyotto.com\/en\/product\/yogupet-helado-con-sandia-y-frutos-rojos\/\" \/>\n<meta property=\"og:locale\" content=\"en_GB\" \/>\n<meta property=\"og:type\" content=\"article\" \/>\n<meta property=\"og:title\" content=\"Yogupet helado con sand\u00eda y frutos rojos - Ringo &amp; Otto\" \/>\n<meta property=\"og:description\" content=\"En los d\u00edas calorosos, no hay nada mejor que un helado de yogur con sand\u00eda y frutos rojos para hidratar y refrescar a nuestro peludo con ingredientes de m\u00e1xima calidad.  Apto para perros y gatos de todas las edades y tama\u00f1os.  Tarrina de 110 gramos.\" \/>\n<meta property=\"og:url\" content=\"https:\/\/ringoyotto.com\/en\/product\/yogupet-helado-con-sandia-y-frutos-rojos\/\" \/>\n<meta property=\"og:site_name\" content=\"Ringo &amp; Otto\" \/>\n<meta property=\"article:publisher\" content=\"https:\/\/www.facebook.com\/ringoyotto\" \/>\n<meta property=\"article:modified_time\" content=\"2025-09-25T18:33:51+00:00\" \/>\n<meta property=\"og:image\" content=\"https:\/\/ringoyotto.com\/wp-content\/uploads\/2025\/04\/yogupet-helados-reed-ice-cerrado.jpg\" \/>\n\t<meta property=\"og:image:width\" content=\"1657\" \/>\n\t<meta property=\"og:image:height\" content=\"1658\" \/>\n\t<meta property=\"og:image:type\" content=\"image\/jpeg\" \/>\n<meta name=\"twitter:card\" content=\"summary_large_image\" \/>\n<meta name=\"twitter:label1\" content=\"Estimated reading time\" \/>\n\t<meta name=\"twitter:data1\" content=\"1 minute\" \/>\n<script type=\"application\/ld+json\" class=\"yoast-schema-graph\">{\"@context\":\"https:\\\/\\\/schema.org\",\"@graph\":[{\"@type\":\"WebPage\",\"@id\":\"https:\\\/\\\/ringoyotto.com\\\/producto\\\/yogupet-helado-con-sandia-y-frutos-rojos\\\/\",\"url\":\"https:\\\/\\\/ringoyotto.com\\\/producto\\\/yogupet-helado-con-sandia-y-frutos-rojos\\\/\",\"name\":\"Yogupet helado con sand\u00eda y frutos rojos - Ringo &amp; Otto\",\"isPartOf\":{\"@id\":\"https:\\\/\\\/ringoyotto.com\\\/#website\"},\"primaryImageOfPage\":{\"@id\":\"https:\\\/\\\/ringoyotto.com\\\/producto\\\/yogupet-helado-con-sandia-y-frutos-rojos\\\/#primaryimage\"},\"image\":{\"@id\":\"https:\\\/\\\/ringoyotto.com\\\/producto\\\/yogupet-helado-con-sandia-y-frutos-rojos\\\/#primaryimage\"},\"thumbnailUrl\":\"https:\\\/\\\/ringoyotto.com\\\/wp-content\\\/uploads\\\/2025\\\/04\\\/yogupet-helados-reed-ice-cerrado.jpg\",\"datePublished\":\"2025-04-02T11:51:07+00:00\",\"dateModified\":\"2025-09-25T18:33:51+00:00\",\"breadcrumb\":{\"@id\":\"https:\\\/\\\/ringoyotto.com\\\/producto\\\/yogupet-helado-con-sandia-y-frutos-rojos\\\/#breadcrumb\"},\"inLanguage\":\"en-GB\",\"potentialAction\":[{\"@type\":\"ReadAction\",\"target\":[\"https:\\\/\\\/ringoyotto.com\\\/producto\\\/yogupet-helado-con-sandia-y-frutos-rojos\\\/\"]}]},{\"@type\":\"ImageObject\",\"inLanguage\":\"en-GB\",\"@id\":\"https:\\\/\\\/ringoyotto.com\\\/producto\\\/yogupet-helado-con-sandia-y-frutos-rojos\\\/#primaryimage\",\"url\":\"https:\\\/\\\/ringoyotto.com\\\/wp-content\\\/uploads\\\/2025\\\/04\\\/yogupet-helados-reed-ice-cerrado.jpg\",\"contentUrl\":\"https:\\\/\\\/ringoyotto.com\\\/wp-content\\\/uploads\\\/2025\\\/04\\\/yogupet-helados-reed-ice-cerrado.jpg\",\"width\":1657,\"height\":1658},{\"@type\":\"BreadcrumbList\",\"@id\":\"https:\\\/\\\/ringoyotto.com\\\/producto\\\/yogupet-helado-con-sandia-y-frutos-rojos\\\/#breadcrumb\",\"itemListElement\":[{\"@type\":\"ListItem\",\"position\":1,\"name\":\"Portada\",\"item\":\"https:\\\/\\\/ringoyotto.com\\\/\"},{\"@type\":\"ListItem\",\"position\":2,\"name\":\"Tienda\",\"item\":\"https:\\\/\\\/ringoyotto.com\\\/tienda\\\/\"},{\"@type\":\"ListItem\",\"position\":3,\"name\":\"Yogupet helado con sand\u00eda y frutos rojos\"}]},{\"@type\":\"WebSite\",\"@id\":\"https:\\\/\\\/ringoyotto.com\\\/#website\",\"url\":\"https:\\\/\\\/ringoyotto.com\\\/\",\"name\":\"Ringo & Otto\",\"description\":\"Productos para perros y gatos\",\"publisher\":{\"@id\":\"https:\\\/\\\/ringoyotto.com\\\/#organization\"},\"potentialAction\":[{\"@type\":\"SearchAction\",\"target\":{\"@type\":\"EntryPoint\",\"urlTemplate\":\"https:\\\/\\\/ringoyotto.com\\\/?s={search_term_string}\"},\"query-input\":{\"@type\":\"PropertyValueSpecification\",\"valueRequired\":true,\"valueName\":\"search_term_string\"}}],\"inLanguage\":\"en-GB\"},{\"@type\":\"Organization\",\"@id\":\"https:\\\/\\\/ringoyotto.com\\\/#organization\",\"name\":\"Ringo & Otto\",\"url\":\"https:\\\/\\\/ringoyotto.com\\\/\",\"logo\":{\"@type\":\"ImageObject\",\"inLanguage\":\"en-GB\",\"@id\":\"https:\\\/\\\/ringoyotto.com\\\/#\\\/schema\\\/logo\\\/image\\\/\",\"url\":\"https:\\\/\\\/ringoyotto.com\\\/wp-content\\\/uploads\\\/2024\\\/09\\\/167919506_134587955336806_6223653715767570006_n-removebg-preview.png\",\"contentUrl\":\"https:\\\/\\\/ringoyotto.com\\\/wp-content\\\/uploads\\\/2024\\\/09\\\/167919506_134587955336806_6223653715767570006_n-removebg-preview.png\",\"width\":568,\"height\":439,\"caption\":\"Ringo & Otto\"},\"image\":{\"@id\":\"https:\\\/\\\/ringoyotto.com\\\/#\\\/schema\\\/logo\\\/image\\\/\"},\"sameAs\":[\"https:\\\/\\\/www.facebook.com\\\/ringoyotto\",\"https:\\\/\\\/www.instagram.com\\\/ringoyotto\\\/?hl=es\",\"https:\\\/\\\/www.tiktok.com\\\/@ringoyotto\"]}]}<\/script>\n<!-- \/ Yoast SEO plugin. -->","yoast_head_json":{"title":"Yogupet helado con sand\u00eda y frutos rojos - Ringo &amp; Otto","robots":{"index":"index","follow":"follow","max-snippet":"max-snippet:-1","max-image-preview":"max-image-preview:large","max-video-preview":"max-video-preview:-1"},"canonical":"https:\/\/ringoyotto.com\/en\/product\/yogupet-helado-con-sandia-y-frutos-rojos\/","og_locale":"en_GB","og_type":"article","og_title":"Yogupet helado con sand\u00eda y frutos rojos - Ringo &amp; Otto","og_description":"En los d\u00edas calorosos, no hay nada mejor que un helado de yogur con sand\u00eda y frutos rojos para hidratar y refrescar a nuestro peludo con ingredientes de m\u00e1xima calidad.  Apto para perros y gatos de todas las edades y tama\u00f1os.  Tarrina de 110 gramos.","og_url":"https:\/\/ringoyotto.com\/en\/product\/yogupet-helado-con-sandia-y-frutos-rojos\/","og_site_name":"Ringo &amp; Otto","article_publisher":"https:\/\/www.facebook.com\/ringoyotto","article_modified_time":"2025-09-25T18:33:51+00:00","og_image":[{"width":1657,"height":1658,"url":"https:\/\/ringoyotto.com\/wp-content\/uploads\/2025\/04\/yogupet-helados-reed-ice-cerrado.jpg","type":"image\/jpeg"}],"twitter_card":"summary_large_image","twitter_misc":{"Estimated reading time":"1 minute"},"schema":{"@context":"https:\/\/schema.org","@graph":[{"@type":"WebPage","@id":"https:\/\/ringoyotto.com\/producto\/yogupet-helado-con-sandia-y-frutos-rojos\/","url":"https:\/\/ringoyotto.com\/producto\/yogupet-helado-con-sandia-y-frutos-rojos\/","name":"Yogupet helado con sand\u00eda y frutos rojos - Ringo &amp; Otto","isPartOf":{"@id":"https:\/\/ringoyotto.com\/#website"},"primaryImageOfPage":{"@id":"https:\/\/ringoyotto.com\/producto\/yogupet-helado-con-sandia-y-frutos-rojos\/#primaryimage"},"image":{"@id":"https:\/\/ringoyotto.com\/producto\/yogupet-helado-con-sandia-y-frutos-rojos\/#primaryimage"},"thumbnailUrl":"https:\/\/ringoyotto.com\/wp-content\/uploads\/2025\/04\/yogupet-helados-reed-ice-cerrado.jpg","datePublished":"2025-04-02T11:51:07+00:00","dateModified":"2025-09-25T18:33:51+00:00","breadcrumb":{"@id":"https:\/\/ringoyotto.com\/producto\/yogupet-helado-con-sandia-y-frutos-rojos\/#breadcrumb"},"inLanguage":"en-GB","potentialAction":[{"@type":"ReadAction","target":["https:\/\/ringoyotto.com\/producto\/yogupet-helado-con-sandia-y-frutos-rojos\/"]}]},{"@type":"ImageObject","inLanguage":"en-GB","@id":"https:\/\/ringoyotto.com\/producto\/yogupet-helado-con-sandia-y-frutos-rojos\/#primaryimage","url":"https:\/\/ringoyotto.com\/wp-content\/uploads\/2025\/04\/yogupet-helados-reed-ice-cerrado.jpg","contentUrl":"https:\/\/ringoyotto.com\/wp-content\/uploads\/2025\/04\/yogupet-helados-reed-ice-cerrado.jpg","width":1657,"height":1658},{"@type":"BreadcrumbList","@id":"https:\/\/ringoyotto.com\/producto\/yogupet-helado-con-sandia-y-frutos-rojos\/#breadcrumb","itemListElement":[{"@type":"ListItem","position":1,"name":"Portada","item":"https:\/\/ringoyotto.com\/"},{"@type":"ListItem","position":2,"name":"Tienda","item":"https:\/\/ringoyotto.com\/tienda\/"},{"@type":"ListItem","position":3,"name":"Yogupet helado con sand\u00eda y frutos rojos"}]},{"@type":"WebSite","@id":"https:\/\/ringoyotto.com\/#website","url":"https:\/\/ringoyotto.com\/","name":"Ringo & Otto","description":"Productos para perros y gatos","publisher":{"@id":"https:\/\/ringoyotto.com\/#organization"},"potentialAction":[{"@type":"SearchAction","target":{"@type":"EntryPoint","urlTemplate":"https:\/\/ringoyotto.com\/?s={search_term_string}"},"query-input":{"@type":"PropertyValueSpecification","valueRequired":true,"valueName":"search_term_string"}}],"inLanguage":"en-GB"},{"@type":"Organization","@id":"https:\/\/ringoyotto.com\/#organization","name":"Ringo & Otto","url":"https:\/\/ringoyotto.com\/","logo":{"@type":"ImageObject","inLanguage":"en-GB","@id":"https:\/\/ringoyotto.com\/#\/schema\/logo\/image\/","url":"https:\/\/ringoyotto.com\/wp-content\/uploads\/2024\/09\/167919506_134587955336806_6223653715767570006_n-removebg-preview.png","contentUrl":"https:\/\/ringoyotto.com\/wp-content\/uploads\/2024\/09\/167919506_134587955336806_6223653715767570006_n-removebg-preview.png","width":568,"height":439,"caption":"Ringo & Otto"},"image":{"@id":"https:\/\/ringoyotto.com\/#\/schema\/logo\/image\/"},"sameAs":["https:\/\/www.facebook.com\/ringoyotto","https:\/\/www.instagram.com\/ringoyotto\/?hl=es","https:\/\/www.tiktok.com\/@ringoyotto"]}]}},"_links":{"self":[{"href":"https:\/\/ringoyotto.com\/en\/wp-json\/wp\/v2\/product\/1786","targetHints":{"allow":["GET"]}}],"collection":[{"href":"https:\/\/ringoyotto.com\/en\/wp-json\/wp\/v2\/product"}],"about":[{"href":"https:\/\/ringoyotto.com\/en\/wp-json\/wp\/v2\/types\/product"}],"wp:featuredmedia":[{"embeddable":true,"href":"https:\/\/ringoyotto.com\/en\/wp-json\/wp\/v2\/media\/1788"}],"wp:attachment":[{"href":"https:\/\/ringoyotto.com\/en\/wp-json\/wp\/v2\/media?parent=1786"}],"wp:term":[{"taxonomy":"product_brand","embeddable":true,"href":"https:\/\/ringoyotto.com\/en\/wp-json\/wp\/v2\/product_brand?post=1786"},{"taxonomy":"product_cat","embeddable":true,"href":"https:\/\/ringoyotto.com\/en\/wp-json\/wp\/v2\/product_cat?post=1786"},{"taxonomy":"product_tag","embeddable":true,"href":"https:\/\/ringoyotto.com\/en\/wp-json\/wp\/v2\/product_tag?post=1786"},{"taxonomy":"para_quien","embeddable":true,"href":"https:\/\/ringoyotto.com\/en\/wp-json\/wp\/v2\/para_quien?post=1786"}],"curies":[{"name":"wp","href":"https:\/\/api.w.org\/{rel}","templated":true}]}}