{"id":1794,"date":"2025-04-02T18:41:55","date_gmt":"2025-04-02T16:41:55","guid":{"rendered":"https:\/\/ringoyotto.com\/?post_type=product&#038;p=1794"},"modified":"2026-02-04T11:33:09","modified_gmt":"2026-02-04T10:33:09","slug":"delicias-de-boqueron","status":"publish","type":"product","link":"https:\/\/ringoyotto.com\/en\/product\/delicias-de-boqueron\/","title":{"rendered":"Delicias de Boquer\u00f3n"},"content":{"rendered":"<p><strong>Ingredientes: <\/strong>Boquerones 100%<\/p>\n<p><strong>Componentes anal\u00edticos:<\/strong> Prote\u00ednas 67,6%, Grasa bruta 12,4%, Fibra 0,39%, Cenizas 4.7%, Humedad 14,1%.<\/p>\n<p>Snack bajo en grasa.<\/p>","protected":false},"excerpt":{"rendered":"<p>[Dureza baja]<\/p>\n<p>Los boquerones deshidratados de Natuka son un snack sabroso a la vez que saludable tanto para tu perro como para tu gato. Son una fuente natural de prote\u00ednas y de \u00e1cidos grasos omega-3 que ayudan a tener una piel sana y un pelaje radiante. Su cuidadoso proceso de deshidrataci\u00f3n hace que se conserven todos los nutrientes esenciales, asegurando que tu peludito obtenga lo mejor de estos ricos pescados.<\/p>\n<p>50 gramos.<\/p>\n","protected":false},"featured_media":1795,"template":"","meta":[],"product_brand":[119],"product_cat":[23,26],"product_tag":[],"para_quien":[100,99],"class_list":{"0":"post-1794","1":"product","2":"type-product","3":"status-publish","4":"has-post-thumbnail","6":"product_brand-natuka","7":"product_cat-1-alimentacion","8":"product_cat-snacks-y-mordedores","9":"para_quien-gato","10":"para_quien-perro","12":"first","13":"instock","14":"taxable","15":"shipping-taxable","16":"purchasable","17":"product-type-simple"},"yoast_head":"<!-- This site is optimized with the Yoast SEO plugin v27.4 - https:\/\/yoast.com\/product\/yoast-seo-wordpress\/ -->\n<title>Delicias de Boquer\u00f3n - Ringo &amp; Otto<\/title>\n<meta name=\"robots\" content=\"index, follow, max-snippet:-1, max-image-preview:large, max-video-preview:-1\" \/>\n<link rel=\"canonical\" href=\"https:\/\/ringoyotto.com\/en\/product\/delicias-de-boqueron\/\" \/>\n<meta property=\"og:locale\" content=\"en_GB\" \/>\n<meta property=\"og:type\" content=\"article\" \/>\n<meta property=\"og:title\" content=\"Delicias de Boquer\u00f3n - Ringo &amp; Otto\" \/>\n<meta property=\"og:description\" content=\"[Dureza baja]  Los boquerones deshidratados de Natuka son un snack sabroso a la vez que saludable tanto para tu perro como para tu gato. Son una fuente natural de prote\u00ednas y de \u00e1cidos grasos omega-3 que ayudan a tener una piel sana y un pelaje radiante. Su cuidadoso proceso de deshidrataci\u00f3n hace que se conserven todos los nutrientes esenciales, asegurando que tu peludito obtenga lo mejor de estos ricos pescados.  50 gramos.\" \/>\n<meta property=\"og:url\" content=\"https:\/\/ringoyotto.com\/en\/product\/delicias-de-boqueron\/\" \/>\n<meta property=\"og:site_name\" content=\"Ringo &amp; Otto\" \/>\n<meta property=\"article:publisher\" content=\"https:\/\/www.facebook.com\/ringoyotto\" \/>\n<meta property=\"article:modified_time\" content=\"2026-02-04T10:33:09+00:00\" \/>\n<meta property=\"og:image\" content=\"https:\/\/ringoyotto.com\/wp-content\/uploads\/2025\/04\/delicias_de_boqueron_natuka.webp\" \/>\n\t<meta property=\"og:image:width\" content=\"1080\" \/>\n\t<meta property=\"og:image:height\" content=\"1080\" \/>\n\t<meta property=\"og:image:type\" content=\"image\/webp\" \/>\n<meta name=\"twitter:card\" content=\"summary_large_image\" \/>\n<meta name=\"twitter:label1\" content=\"Estimated reading time\" \/>\n\t<meta name=\"twitter:data1\" content=\"1 minute\" \/>\n<script type=\"application\/ld+json\" class=\"yoast-schema-graph\">{\"@context\":\"https:\\\/\\\/schema.org\",\"@graph\":[{\"@type\":\"WebPage\",\"@id\":\"https:\\\/\\\/ringoyotto.com\\\/producto\\\/delicias-de-boqueron\\\/\",\"url\":\"https:\\\/\\\/ringoyotto.com\\\/producto\\\/delicias-de-boqueron\\\/\",\"name\":\"Delicias de Boquer\u00f3n - Ringo &amp; Otto\",\"isPartOf\":{\"@id\":\"https:\\\/\\\/ringoyotto.com\\\/#website\"},\"primaryImageOfPage\":{\"@id\":\"https:\\\/\\\/ringoyotto.com\\\/producto\\\/delicias-de-boqueron\\\/#primaryimage\"},\"image\":{\"@id\":\"https:\\\/\\\/ringoyotto.com\\\/producto\\\/delicias-de-boqueron\\\/#primaryimage\"},\"thumbnailUrl\":\"https:\\\/\\\/ringoyotto.com\\\/wp-content\\\/uploads\\\/2025\\\/04\\\/delicias_de_boqueron_natuka.webp\",\"datePublished\":\"2025-04-02T16:41:55+00:00\",\"dateModified\":\"2026-02-04T10:33:09+00:00\",\"breadcrumb\":{\"@id\":\"https:\\\/\\\/ringoyotto.com\\\/producto\\\/delicias-de-boqueron\\\/#breadcrumb\"},\"inLanguage\":\"en-GB\",\"potentialAction\":[{\"@type\":\"ReadAction\",\"target\":[\"https:\\\/\\\/ringoyotto.com\\\/producto\\\/delicias-de-boqueron\\\/\"]}]},{\"@type\":\"ImageObject\",\"inLanguage\":\"en-GB\",\"@id\":\"https:\\\/\\\/ringoyotto.com\\\/producto\\\/delicias-de-boqueron\\\/#primaryimage\",\"url\":\"https:\\\/\\\/ringoyotto.com\\\/wp-content\\\/uploads\\\/2025\\\/04\\\/delicias_de_boqueron_natuka.webp\",\"contentUrl\":\"https:\\\/\\\/ringoyotto.com\\\/wp-content\\\/uploads\\\/2025\\\/04\\\/delicias_de_boqueron_natuka.webp\",\"width\":1080,\"height\":1080},{\"@type\":\"BreadcrumbList\",\"@id\":\"https:\\\/\\\/ringoyotto.com\\\/producto\\\/delicias-de-boqueron\\\/#breadcrumb\",\"itemListElement\":[{\"@type\":\"ListItem\",\"position\":1,\"name\":\"Portada\",\"item\":\"https:\\\/\\\/ringoyotto.com\\\/\"},{\"@type\":\"ListItem\",\"position\":2,\"name\":\"Tienda\",\"item\":\"https:\\\/\\\/ringoyotto.com\\\/tienda\\\/\"},{\"@type\":\"ListItem\",\"position\":3,\"name\":\"Delicias de Boquer\u00f3n\"}]},{\"@type\":\"WebSite\",\"@id\":\"https:\\\/\\\/ringoyotto.com\\\/#website\",\"url\":\"https:\\\/\\\/ringoyotto.com\\\/\",\"name\":\"Ringo & Otto\",\"description\":\"Productos para perros y gatos\",\"publisher\":{\"@id\":\"https:\\\/\\\/ringoyotto.com\\\/#organization\"},\"potentialAction\":[{\"@type\":\"SearchAction\",\"target\":{\"@type\":\"EntryPoint\",\"urlTemplate\":\"https:\\\/\\\/ringoyotto.com\\\/?s={search_term_string}\"},\"query-input\":{\"@type\":\"PropertyValueSpecification\",\"valueRequired\":true,\"valueName\":\"search_term_string\"}}],\"inLanguage\":\"en-GB\"},{\"@type\":\"Organization\",\"@id\":\"https:\\\/\\\/ringoyotto.com\\\/#organization\",\"name\":\"Ringo & Otto\",\"url\":\"https:\\\/\\\/ringoyotto.com\\\/\",\"logo\":{\"@type\":\"ImageObject\",\"inLanguage\":\"en-GB\",\"@id\":\"https:\\\/\\\/ringoyotto.com\\\/#\\\/schema\\\/logo\\\/image\\\/\",\"url\":\"https:\\\/\\\/ringoyotto.com\\\/wp-content\\\/uploads\\\/2024\\\/09\\\/167919506_134587955336806_6223653715767570006_n-removebg-preview.png\",\"contentUrl\":\"https:\\\/\\\/ringoyotto.com\\\/wp-content\\\/uploads\\\/2024\\\/09\\\/167919506_134587955336806_6223653715767570006_n-removebg-preview.png\",\"width\":568,\"height\":439,\"caption\":\"Ringo & Otto\"},\"image\":{\"@id\":\"https:\\\/\\\/ringoyotto.com\\\/#\\\/schema\\\/logo\\\/image\\\/\"},\"sameAs\":[\"https:\\\/\\\/www.facebook.com\\\/ringoyotto\",\"https:\\\/\\\/www.instagram.com\\\/ringoyotto\\\/?hl=es\",\"https:\\\/\\\/www.tiktok.com\\\/@ringoyotto\"]}]}<\/script>\n<!-- \/ Yoast SEO plugin. -->","yoast_head_json":{"title":"Delicias de Boquer\u00f3n - Ringo &amp; Otto","robots":{"index":"index","follow":"follow","max-snippet":"max-snippet:-1","max-image-preview":"max-image-preview:large","max-video-preview":"max-video-preview:-1"},"canonical":"https:\/\/ringoyotto.com\/en\/product\/delicias-de-boqueron\/","og_locale":"en_GB","og_type":"article","og_title":"Delicias de Boquer\u00f3n - Ringo &amp; Otto","og_description":"[Dureza baja]  Los boquerones deshidratados de Natuka son un snack sabroso a la vez que saludable tanto para tu perro como para tu gato. Son una fuente natural de prote\u00ednas y de \u00e1cidos grasos omega-3 que ayudan a tener una piel sana y un pelaje radiante. Su cuidadoso proceso de deshidrataci\u00f3n hace que se conserven todos los nutrientes esenciales, asegurando que tu peludito obtenga lo mejor de estos ricos pescados.  50 gramos.","og_url":"https:\/\/ringoyotto.com\/en\/product\/delicias-de-boqueron\/","og_site_name":"Ringo &amp; Otto","article_publisher":"https:\/\/www.facebook.com\/ringoyotto","article_modified_time":"2026-02-04T10:33:09+00:00","og_image":[{"width":1080,"height":1080,"url":"https:\/\/ringoyotto.com\/wp-content\/uploads\/2025\/04\/delicias_de_boqueron_natuka.webp","type":"image\/webp"}],"twitter_card":"summary_large_image","twitter_misc":{"Estimated reading time":"1 minute"},"schema":{"@context":"https:\/\/schema.org","@graph":[{"@type":"WebPage","@id":"https:\/\/ringoyotto.com\/producto\/delicias-de-boqueron\/","url":"https:\/\/ringoyotto.com\/producto\/delicias-de-boqueron\/","name":"Delicias de Boquer\u00f3n - Ringo &amp; Otto","isPartOf":{"@id":"https:\/\/ringoyotto.com\/#website"},"primaryImageOfPage":{"@id":"https:\/\/ringoyotto.com\/producto\/delicias-de-boqueron\/#primaryimage"},"image":{"@id":"https:\/\/ringoyotto.com\/producto\/delicias-de-boqueron\/#primaryimage"},"thumbnailUrl":"https:\/\/ringoyotto.com\/wp-content\/uploads\/2025\/04\/delicias_de_boqueron_natuka.webp","datePublished":"2025-04-02T16:41:55+00:00","dateModified":"2026-02-04T10:33:09+00:00","breadcrumb":{"@id":"https:\/\/ringoyotto.com\/producto\/delicias-de-boqueron\/#breadcrumb"},"inLanguage":"en-GB","potentialAction":[{"@type":"ReadAction","target":["https:\/\/ringoyotto.com\/producto\/delicias-de-boqueron\/"]}]},{"@type":"ImageObject","inLanguage":"en-GB","@id":"https:\/\/ringoyotto.com\/producto\/delicias-de-boqueron\/#primaryimage","url":"https:\/\/ringoyotto.com\/wp-content\/uploads\/2025\/04\/delicias_de_boqueron_natuka.webp","contentUrl":"https:\/\/ringoyotto.com\/wp-content\/uploads\/2025\/04\/delicias_de_boqueron_natuka.webp","width":1080,"height":1080},{"@type":"BreadcrumbList","@id":"https:\/\/ringoyotto.com\/producto\/delicias-de-boqueron\/#breadcrumb","itemListElement":[{"@type":"ListItem","position":1,"name":"Portada","item":"https:\/\/ringoyotto.com\/"},{"@type":"ListItem","position":2,"name":"Tienda","item":"https:\/\/ringoyotto.com\/tienda\/"},{"@type":"ListItem","position":3,"name":"Delicias de Boquer\u00f3n"}]},{"@type":"WebSite","@id":"https:\/\/ringoyotto.com\/#website","url":"https:\/\/ringoyotto.com\/","name":"Ringo & Otto","description":"Productos para perros y gatos","publisher":{"@id":"https:\/\/ringoyotto.com\/#organization"},"potentialAction":[{"@type":"SearchAction","target":{"@type":"EntryPoint","urlTemplate":"https:\/\/ringoyotto.com\/?s={search_term_string}"},"query-input":{"@type":"PropertyValueSpecification","valueRequired":true,"valueName":"search_term_string"}}],"inLanguage":"en-GB"},{"@type":"Organization","@id":"https:\/\/ringoyotto.com\/#organization","name":"Ringo & Otto","url":"https:\/\/ringoyotto.com\/","logo":{"@type":"ImageObject","inLanguage":"en-GB","@id":"https:\/\/ringoyotto.com\/#\/schema\/logo\/image\/","url":"https:\/\/ringoyotto.com\/wp-content\/uploads\/2024\/09\/167919506_134587955336806_6223653715767570006_n-removebg-preview.png","contentUrl":"https:\/\/ringoyotto.com\/wp-content\/uploads\/2024\/09\/167919506_134587955336806_6223653715767570006_n-removebg-preview.png","width":568,"height":439,"caption":"Ringo & Otto"},"image":{"@id":"https:\/\/ringoyotto.com\/#\/schema\/logo\/image\/"},"sameAs":["https:\/\/www.facebook.com\/ringoyotto","https:\/\/www.instagram.com\/ringoyotto\/?hl=es","https:\/\/www.tiktok.com\/@ringoyotto"]}]}},"_links":{"self":[{"href":"https:\/\/ringoyotto.com\/en\/wp-json\/wp\/v2\/product\/1794","targetHints":{"allow":["GET"]}}],"collection":[{"href":"https:\/\/ringoyotto.com\/en\/wp-json\/wp\/v2\/product"}],"about":[{"href":"https:\/\/ringoyotto.com\/en\/wp-json\/wp\/v2\/types\/product"}],"wp:featuredmedia":[{"embeddable":true,"href":"https:\/\/ringoyotto.com\/en\/wp-json\/wp\/v2\/media\/1795"}],"wp:attachment":[{"href":"https:\/\/ringoyotto.com\/en\/wp-json\/wp\/v2\/media?parent=1794"}],"wp:term":[{"taxonomy":"product_brand","embeddable":true,"href":"https:\/\/ringoyotto.com\/en\/wp-json\/wp\/v2\/product_brand?post=1794"},{"taxonomy":"product_cat","embeddable":true,"href":"https:\/\/ringoyotto.com\/en\/wp-json\/wp\/v2\/product_cat?post=1794"},{"taxonomy":"product_tag","embeddable":true,"href":"https:\/\/ringoyotto.com\/en\/wp-json\/wp\/v2\/product_tag?post=1794"},{"taxonomy":"para_quien","embeddable":true,"href":"https:\/\/ringoyotto.com\/en\/wp-json\/wp\/v2\/para_quien?post=1794"}],"curies":[{"name":"wp","href":"https:\/\/api.w.org\/{rel}","templated":true}]}}