{"id":1823,"date":"2025-04-30T12:45:56","date_gmt":"2025-04-30T10:45:56","guid":{"rendered":"https:\/\/ringoyotto.com\/?post_type=product&#038;p=1823"},"modified":"2025-05-14T12:54:36","modified_gmt":"2025-05-14T10:54:36","slug":"menus-cocinados-natuka","status":"publish","type":"product","link":"https:\/\/ringoyotto.com\/en\/product\/menus-cocinados-natuka\/","title":{"rendered":"Men\u00fas cocinados Natuka"},"content":{"rendered":"<p><strong>Ternera:<\/strong> Ingredientes:\u00a030% carne de ternera, 28% zanahoria, 10% pulm\u00f3n de ternera, 10% coraz\u00f3n de ternera, 10% h\u00edgado de ternera, 10% acelga, 2% br\u00f3coli, aceite de salm\u00f3n, aceite de oliva, tomillo. An\u00e1lisis nutricional: Prote\u00edna 17%,\u00a0Grasas 9%, Hidratos de carbono 2%, Cenizas 1%, Humedad 71%. 155kcal\/100gr<\/p>\n<p><strong>Pavo:<\/strong> Ingredientes: 40% carne de pavo, 25% calabaza, 10% molleja de pavo, 10% coraz\u00f3n de pavo, 10% h\u00edgado de pavo, 10% acelga, 5% boniato, aceite de salm\u00f3n, aceite de oliva, romero. An\u00e1lisis nutricional: Prote\u00edna 12.8%, Grasas 8.5%, Hidratos de carbono 7.6%, Cenizas 1.1%, Humedad 70%. 139kcal\/100gr<\/p>\n<p><strong>Salm\u00f3n y pulpo:\u00a0 <\/strong> Ingredientes:\u00a040% salm\u00f3n, 25% pulpo, 15% chiriv\u00eda, 15% patata, 5% espinacas, 1% aceite de salm\u00f3n, 0.5% aceite de oliva, 0.5% eneldo. An\u00e1lisis nutricional: Prote\u00edna 9%,\u00a0Grasas 12.4%, Hidratos de carbono 5.5%, Cenizas 1.1%, Humedad 71.1%. 158kcal\/100gr<\/p>\n<p><strong>Pollo:<\/strong> Ingredientes:\u00a040% carne de de pollo, 23% zanahoria, 10% coraz\u00f3n de pollo, 10% molleja de pollo, 10% h\u00edgado de pollo, 5% patata, 2% br\u00f3coli, aceite de salm\u00f3n, aceite de oliva y or\u00e9gano. An\u00e1lisis nutricional: Prote\u00edna 12.6%,\u00a0Grasas 6.1%, Hidratos de carbono 6.9%, Cenizas 1,1%, Humedad 73,3%. 122kcal\/100gr<\/p>","protected":false},"excerpt":{"rendered":"<p>[EXCLUSIVO EN TIENDA] <strong>Descongela, calienta y disfruta.<\/strong> Formatos de <strong>250 gramos<\/strong>\u00a0y<strong> 500 gramos<\/strong>.<\/p>\n","protected":false},"featured_media":1824,"template":"","meta":[],"product_brand":[119],"product_cat":[23,24],"product_tag":[],"para_quien":[99],"class_list":{"0":"post-1823","1":"product","2":"type-product","3":"status-publish","4":"has-post-thumbnail","6":"product_brand-natuka","7":"product_cat-1-alimentacion","8":"product_cat-comida-humeda","9":"para_quien-perro","11":"first","12":"outofstock","13":"taxable","14":"shipping-taxable","15":"product-type-simple"},"yoast_head":"<!-- This site is optimized with the Yoast SEO plugin v27.4 - https:\/\/yoast.com\/product\/yoast-seo-wordpress\/ -->\n<title>Men\u00fas cocinados Natuka - Ringo &amp; Otto<\/title>\n<meta name=\"robots\" content=\"index, follow, max-snippet:-1, max-image-preview:large, max-video-preview:-1\" \/>\n<link rel=\"canonical\" href=\"https:\/\/ringoyotto.com\/en\/product\/menus-cocinados-natuka\/\" \/>\n<meta property=\"og:locale\" content=\"en_GB\" \/>\n<meta property=\"og:type\" content=\"article\" \/>\n<meta property=\"og:title\" content=\"Men\u00fas cocinados Natuka - Ringo &amp; Otto\" \/>\n<meta property=\"og:description\" content=\"[EXCLUSIVO EN TIENDA] Descongela, calienta y disfruta. Formatos de 250 gramos\u00a0y 500 gramos.\" \/>\n<meta property=\"og:url\" content=\"https:\/\/ringoyotto.com\/en\/product\/menus-cocinados-natuka\/\" \/>\n<meta property=\"og:site_name\" content=\"Ringo &amp; Otto\" \/>\n<meta property=\"article:publisher\" content=\"https:\/\/www.facebook.com\/ringoyotto\" \/>\n<meta property=\"article:modified_time\" content=\"2025-05-14T10:54:36+00:00\" \/>\n<meta property=\"og:image\" content=\"https:\/\/ringoyotto.com\/wp-content\/uploads\/2025\/04\/Natuka-cocinado.webp\" \/>\n\t<meta property=\"og:image:width\" content=\"720\" \/>\n\t<meta property=\"og:image:height\" content=\"720\" \/>\n\t<meta property=\"og:image:type\" content=\"image\/webp\" \/>\n<meta name=\"twitter:card\" content=\"summary_large_image\" \/>\n<meta name=\"twitter:label1\" content=\"Estimated reading time\" \/>\n\t<meta name=\"twitter:data1\" content=\"2 minutes\" \/>\n<script type=\"application\/ld+json\" class=\"yoast-schema-graph\">{\"@context\":\"https:\\\/\\\/schema.org\",\"@graph\":[{\"@type\":\"WebPage\",\"@id\":\"https:\\\/\\\/ringoyotto.com\\\/producto\\\/menus-cocinados-natuka\\\/\",\"url\":\"https:\\\/\\\/ringoyotto.com\\\/producto\\\/menus-cocinados-natuka\\\/\",\"name\":\"Men\u00fas cocinados Natuka - Ringo &amp; Otto\",\"isPartOf\":{\"@id\":\"https:\\\/\\\/ringoyotto.com\\\/#website\"},\"primaryImageOfPage\":{\"@id\":\"https:\\\/\\\/ringoyotto.com\\\/producto\\\/menus-cocinados-natuka\\\/#primaryimage\"},\"image\":{\"@id\":\"https:\\\/\\\/ringoyotto.com\\\/producto\\\/menus-cocinados-natuka\\\/#primaryimage\"},\"thumbnailUrl\":\"https:\\\/\\\/ringoyotto.com\\\/wp-content\\\/uploads\\\/2025\\\/04\\\/Natuka-cocinado.webp\",\"datePublished\":\"2025-04-30T10:45:56+00:00\",\"dateModified\":\"2025-05-14T10:54:36+00:00\",\"breadcrumb\":{\"@id\":\"https:\\\/\\\/ringoyotto.com\\\/producto\\\/menus-cocinados-natuka\\\/#breadcrumb\"},\"inLanguage\":\"en-GB\",\"potentialAction\":[{\"@type\":\"ReadAction\",\"target\":[\"https:\\\/\\\/ringoyotto.com\\\/producto\\\/menus-cocinados-natuka\\\/\"]}]},{\"@type\":\"ImageObject\",\"inLanguage\":\"en-GB\",\"@id\":\"https:\\\/\\\/ringoyotto.com\\\/producto\\\/menus-cocinados-natuka\\\/#primaryimage\",\"url\":\"https:\\\/\\\/ringoyotto.com\\\/wp-content\\\/uploads\\\/2025\\\/04\\\/Natuka-cocinado.webp\",\"contentUrl\":\"https:\\\/\\\/ringoyotto.com\\\/wp-content\\\/uploads\\\/2025\\\/04\\\/Natuka-cocinado.webp\",\"width\":720,\"height\":720},{\"@type\":\"BreadcrumbList\",\"@id\":\"https:\\\/\\\/ringoyotto.com\\\/producto\\\/menus-cocinados-natuka\\\/#breadcrumb\",\"itemListElement\":[{\"@type\":\"ListItem\",\"position\":1,\"name\":\"Portada\",\"item\":\"https:\\\/\\\/ringoyotto.com\\\/\"},{\"@type\":\"ListItem\",\"position\":2,\"name\":\"Tienda\",\"item\":\"https:\\\/\\\/ringoyotto.com\\\/tienda\\\/\"},{\"@type\":\"ListItem\",\"position\":3,\"name\":\"Men\u00fas cocinados Natuka\"}]},{\"@type\":\"WebSite\",\"@id\":\"https:\\\/\\\/ringoyotto.com\\\/#website\",\"url\":\"https:\\\/\\\/ringoyotto.com\\\/\",\"name\":\"Ringo & Otto\",\"description\":\"Productos para perros y gatos\",\"publisher\":{\"@id\":\"https:\\\/\\\/ringoyotto.com\\\/#organization\"},\"potentialAction\":[{\"@type\":\"SearchAction\",\"target\":{\"@type\":\"EntryPoint\",\"urlTemplate\":\"https:\\\/\\\/ringoyotto.com\\\/?s={search_term_string}\"},\"query-input\":{\"@type\":\"PropertyValueSpecification\",\"valueRequired\":true,\"valueName\":\"search_term_string\"}}],\"inLanguage\":\"en-GB\"},{\"@type\":\"Organization\",\"@id\":\"https:\\\/\\\/ringoyotto.com\\\/#organization\",\"name\":\"Ringo & Otto\",\"url\":\"https:\\\/\\\/ringoyotto.com\\\/\",\"logo\":{\"@type\":\"ImageObject\",\"inLanguage\":\"en-GB\",\"@id\":\"https:\\\/\\\/ringoyotto.com\\\/#\\\/schema\\\/logo\\\/image\\\/\",\"url\":\"https:\\\/\\\/ringoyotto.com\\\/wp-content\\\/uploads\\\/2024\\\/09\\\/167919506_134587955336806_6223653715767570006_n-removebg-preview.png\",\"contentUrl\":\"https:\\\/\\\/ringoyotto.com\\\/wp-content\\\/uploads\\\/2024\\\/09\\\/167919506_134587955336806_6223653715767570006_n-removebg-preview.png\",\"width\":568,\"height\":439,\"caption\":\"Ringo & Otto\"},\"image\":{\"@id\":\"https:\\\/\\\/ringoyotto.com\\\/#\\\/schema\\\/logo\\\/image\\\/\"},\"sameAs\":[\"https:\\\/\\\/www.facebook.com\\\/ringoyotto\",\"https:\\\/\\\/www.instagram.com\\\/ringoyotto\\\/?hl=es\",\"https:\\\/\\\/www.tiktok.com\\\/@ringoyotto\"]}]}<\/script>\n<!-- \/ Yoast SEO plugin. -->","yoast_head_json":{"title":"Men\u00fas cocinados Natuka - Ringo &amp; Otto","robots":{"index":"index","follow":"follow","max-snippet":"max-snippet:-1","max-image-preview":"max-image-preview:large","max-video-preview":"max-video-preview:-1"},"canonical":"https:\/\/ringoyotto.com\/en\/product\/menus-cocinados-natuka\/","og_locale":"en_GB","og_type":"article","og_title":"Men\u00fas cocinados Natuka - Ringo &amp; Otto","og_description":"[EXCLUSIVO EN TIENDA] Descongela, calienta y disfruta. Formatos de 250 gramos\u00a0y 500 gramos.","og_url":"https:\/\/ringoyotto.com\/en\/product\/menus-cocinados-natuka\/","og_site_name":"Ringo &amp; Otto","article_publisher":"https:\/\/www.facebook.com\/ringoyotto","article_modified_time":"2025-05-14T10:54:36+00:00","og_image":[{"width":720,"height":720,"url":"https:\/\/ringoyotto.com\/wp-content\/uploads\/2025\/04\/Natuka-cocinado.webp","type":"image\/webp"}],"twitter_card":"summary_large_image","twitter_misc":{"Estimated reading time":"2 minutes"},"schema":{"@context":"https:\/\/schema.org","@graph":[{"@type":"WebPage","@id":"https:\/\/ringoyotto.com\/producto\/menus-cocinados-natuka\/","url":"https:\/\/ringoyotto.com\/producto\/menus-cocinados-natuka\/","name":"Men\u00fas cocinados Natuka - Ringo &amp; Otto","isPartOf":{"@id":"https:\/\/ringoyotto.com\/#website"},"primaryImageOfPage":{"@id":"https:\/\/ringoyotto.com\/producto\/menus-cocinados-natuka\/#primaryimage"},"image":{"@id":"https:\/\/ringoyotto.com\/producto\/menus-cocinados-natuka\/#primaryimage"},"thumbnailUrl":"https:\/\/ringoyotto.com\/wp-content\/uploads\/2025\/04\/Natuka-cocinado.webp","datePublished":"2025-04-30T10:45:56+00:00","dateModified":"2025-05-14T10:54:36+00:00","breadcrumb":{"@id":"https:\/\/ringoyotto.com\/producto\/menus-cocinados-natuka\/#breadcrumb"},"inLanguage":"en-GB","potentialAction":[{"@type":"ReadAction","target":["https:\/\/ringoyotto.com\/producto\/menus-cocinados-natuka\/"]}]},{"@type":"ImageObject","inLanguage":"en-GB","@id":"https:\/\/ringoyotto.com\/producto\/menus-cocinados-natuka\/#primaryimage","url":"https:\/\/ringoyotto.com\/wp-content\/uploads\/2025\/04\/Natuka-cocinado.webp","contentUrl":"https:\/\/ringoyotto.com\/wp-content\/uploads\/2025\/04\/Natuka-cocinado.webp","width":720,"height":720},{"@type":"BreadcrumbList","@id":"https:\/\/ringoyotto.com\/producto\/menus-cocinados-natuka\/#breadcrumb","itemListElement":[{"@type":"ListItem","position":1,"name":"Portada","item":"https:\/\/ringoyotto.com\/"},{"@type":"ListItem","position":2,"name":"Tienda","item":"https:\/\/ringoyotto.com\/tienda\/"},{"@type":"ListItem","position":3,"name":"Men\u00fas cocinados Natuka"}]},{"@type":"WebSite","@id":"https:\/\/ringoyotto.com\/#website","url":"https:\/\/ringoyotto.com\/","name":"Ringo & Otto","description":"Productos para perros y gatos","publisher":{"@id":"https:\/\/ringoyotto.com\/#organization"},"potentialAction":[{"@type":"SearchAction","target":{"@type":"EntryPoint","urlTemplate":"https:\/\/ringoyotto.com\/?s={search_term_string}"},"query-input":{"@type":"PropertyValueSpecification","valueRequired":true,"valueName":"search_term_string"}}],"inLanguage":"en-GB"},{"@type":"Organization","@id":"https:\/\/ringoyotto.com\/#organization","name":"Ringo & Otto","url":"https:\/\/ringoyotto.com\/","logo":{"@type":"ImageObject","inLanguage":"en-GB","@id":"https:\/\/ringoyotto.com\/#\/schema\/logo\/image\/","url":"https:\/\/ringoyotto.com\/wp-content\/uploads\/2024\/09\/167919506_134587955336806_6223653715767570006_n-removebg-preview.png","contentUrl":"https:\/\/ringoyotto.com\/wp-content\/uploads\/2024\/09\/167919506_134587955336806_6223653715767570006_n-removebg-preview.png","width":568,"height":439,"caption":"Ringo & Otto"},"image":{"@id":"https:\/\/ringoyotto.com\/#\/schema\/logo\/image\/"},"sameAs":["https:\/\/www.facebook.com\/ringoyotto","https:\/\/www.instagram.com\/ringoyotto\/?hl=es","https:\/\/www.tiktok.com\/@ringoyotto"]}]}},"_links":{"self":[{"href":"https:\/\/ringoyotto.com\/en\/wp-json\/wp\/v2\/product\/1823","targetHints":{"allow":["GET"]}}],"collection":[{"href":"https:\/\/ringoyotto.com\/en\/wp-json\/wp\/v2\/product"}],"about":[{"href":"https:\/\/ringoyotto.com\/en\/wp-json\/wp\/v2\/types\/product"}],"wp:featuredmedia":[{"embeddable":true,"href":"https:\/\/ringoyotto.com\/en\/wp-json\/wp\/v2\/media\/1824"}],"wp:attachment":[{"href":"https:\/\/ringoyotto.com\/en\/wp-json\/wp\/v2\/media?parent=1823"}],"wp:term":[{"taxonomy":"product_brand","embeddable":true,"href":"https:\/\/ringoyotto.com\/en\/wp-json\/wp\/v2\/product_brand?post=1823"},{"taxonomy":"product_cat","embeddable":true,"href":"https:\/\/ringoyotto.com\/en\/wp-json\/wp\/v2\/product_cat?post=1823"},{"taxonomy":"product_tag","embeddable":true,"href":"https:\/\/ringoyotto.com\/en\/wp-json\/wp\/v2\/product_tag?post=1823"},{"taxonomy":"para_quien","embeddable":true,"href":"https:\/\/ringoyotto.com\/en\/wp-json\/wp\/v2\/para_quien?post=1823"}],"curies":[{"name":"wp","href":"https:\/\/api.w.org\/{rel}","templated":true}]}}