{"id":1847,"date":"2025-05-17T11:20:25","date_gmt":"2025-05-17T09:20:25","guid":{"rendered":"https:\/\/ringoyotto.com\/?post_type=product&#038;p=1847"},"modified":"2026-03-27T17:44:43","modified_gmt":"2026-03-27T16:44:43","slug":"wild-snacks-pelaje-sano-de-venado","status":"publish","type":"product","link":"https:\/\/ringoyotto.com\/en\/product\/wild-snacks-pelaje-sano-de-venado\/","title":{"rendered":"Wild Snacks Pelaje Sano de Venado"},"content":{"rendered":"<p>Ingredientes:<strong> Venado 91%<\/strong>, ternera, cerdo, glicerina, lecitina de girasol, sustancias minerales. Aditivos: conservantes, antioxidante.<\/p>\n<p>Informaci\u00f3n nutricional: Prote\u00edna bruta: 30,4%, Grasa bruta: 33,2%, Fibra bruta: 0,9%, Materia inorganica: 5,4%, Humedad: 13,0%, Zinc: 130 mg\/kg.<\/p>","protected":false},"excerpt":{"rendered":"<p data-start=\"1528\" data-end=\"1914\">Dale un extra de cuidado a la piel y pelo de tu peludo de la manera m\u00e1s sabrosa. Estos snacks saludables para perros de Wild Balance est\u00e1n elaborados con <strong data-start=\"1774\" data-end=\"1791\">91% de venado<\/strong>, una prote\u00edna altamente digestible, perfecta para perros con piel sensible.<\/p>\n<p data-start=\"1916\" data-end=\"2258\">Cada bocado de estos premios naturales para perros est\u00e1 pensado para aportar los nutrientes esenciales que\u00a0<strong>refuerzan el brillo, la suavidad y la salud de su pelaje<\/strong>. Sin cereales y con una receta adaptada a las necesidades de los peludos m\u00e1s exigentes, se convierten en el complemento ideal para tu perro.<\/p>\n<p>Alimento complementario para perros.<\/p>\n<p>Envase ZIP de 75g.<\/p>\n<p data-start=\"1916\" data-end=\"2258\">","protected":false},"featured_media":1845,"template":"","meta":[],"product_brand":[85],"product_cat":[23,26],"product_tag":[],"para_quien":[99],"class_list":{"0":"post-1847","1":"product","2":"type-product","3":"status-publish","4":"has-post-thumbnail","6":"product_brand-wild-balance","7":"product_cat-1-alimentacion","8":"product_cat-snacks-y-mordedores","9":"para_quien-perro","11":"first","12":"instock","13":"taxable","14":"shipping-taxable","15":"purchasable","16":"product-type-simple"},"yoast_head":"<!-- This site is optimized with the Yoast SEO plugin v27.4 - https:\/\/yoast.com\/product\/yoast-seo-wordpress\/ -->\n<title>Wild Snacks Pelaje Sano de Venado - Ringo &amp; Otto<\/title>\n<meta name=\"robots\" content=\"index, follow, max-snippet:-1, max-image-preview:large, max-video-preview:-1\" \/>\n<link rel=\"canonical\" href=\"https:\/\/ringoyotto.com\/en\/product\/wild-snacks-pelaje-sano-de-venado\/\" \/>\n<meta property=\"og:locale\" content=\"en_GB\" \/>\n<meta property=\"og:type\" content=\"article\" \/>\n<meta property=\"og:title\" content=\"Wild Snacks Pelaje Sano de Venado - Ringo &amp; Otto\" \/>\n<meta property=\"og:description\" content=\"Dale un extra de cuidado a la piel y pelo de tu peludo de la manera m\u00e1s sabrosa. Estos snacks saludables para perros de Wild Balance est\u00e1n elaborados con 91% de venado, una prote\u00edna altamente digestible, perfecta para perros con piel sensible. Cada bocado de estos premios naturales para perros est\u00e1 pensado para aportar los nutrientes esenciales que\u00a0refuerzan el brillo, la suavidad y la salud de su pelaje. Sin cereales y con una receta adaptada a las necesidades de los peludos m\u00e1s exigentes, se convierten en el complemento ideal para tu perro. Alimento complementario para perros.  Envase ZIP de 75g.\" \/>\n<meta property=\"og:url\" content=\"https:\/\/ringoyotto.com\/en\/product\/wild-snacks-pelaje-sano-de-venado\/\" \/>\n<meta property=\"og:site_name\" content=\"Ringo &amp; Otto\" \/>\n<meta property=\"article:publisher\" content=\"https:\/\/www.facebook.com\/ringoyotto\" \/>\n<meta property=\"article:modified_time\" content=\"2026-03-27T16:44:43+00:00\" \/>\n<meta property=\"og:image\" content=\"https:\/\/ringoyotto.com\/wp-content\/uploads\/2025\/05\/wild-balance-pelaje-sano.webp\" \/>\n\t<meta property=\"og:image:width\" content=\"800\" \/>\n\t<meta property=\"og:image:height\" content=\"800\" \/>\n\t<meta property=\"og:image:type\" content=\"image\/webp\" \/>\n<meta name=\"twitter:card\" content=\"summary_large_image\" \/>\n<meta name=\"twitter:label1\" content=\"Estimated reading time\" \/>\n\t<meta name=\"twitter:data1\" content=\"1 minute\" \/>\n<script type=\"application\/ld+json\" class=\"yoast-schema-graph\">{\"@context\":\"https:\\\/\\\/schema.org\",\"@graph\":[{\"@type\":\"WebPage\",\"@id\":\"https:\\\/\\\/ringoyotto.com\\\/producto\\\/wild-snacks-pelaje-sano-de-venado\\\/\",\"url\":\"https:\\\/\\\/ringoyotto.com\\\/producto\\\/wild-snacks-pelaje-sano-de-venado\\\/\",\"name\":\"Wild Snacks Pelaje Sano de Venado - Ringo &amp; Otto\",\"isPartOf\":{\"@id\":\"https:\\\/\\\/ringoyotto.com\\\/#website\"},\"primaryImageOfPage\":{\"@id\":\"https:\\\/\\\/ringoyotto.com\\\/producto\\\/wild-snacks-pelaje-sano-de-venado\\\/#primaryimage\"},\"image\":{\"@id\":\"https:\\\/\\\/ringoyotto.com\\\/producto\\\/wild-snacks-pelaje-sano-de-venado\\\/#primaryimage\"},\"thumbnailUrl\":\"https:\\\/\\\/ringoyotto.com\\\/wp-content\\\/uploads\\\/2025\\\/05\\\/wild-balance-pelaje-sano.webp\",\"datePublished\":\"2025-05-17T09:20:25+00:00\",\"dateModified\":\"2026-03-27T16:44:43+00:00\",\"breadcrumb\":{\"@id\":\"https:\\\/\\\/ringoyotto.com\\\/producto\\\/wild-snacks-pelaje-sano-de-venado\\\/#breadcrumb\"},\"inLanguage\":\"en-GB\",\"potentialAction\":[{\"@type\":\"ReadAction\",\"target\":[\"https:\\\/\\\/ringoyotto.com\\\/producto\\\/wild-snacks-pelaje-sano-de-venado\\\/\"]}]},{\"@type\":\"ImageObject\",\"inLanguage\":\"en-GB\",\"@id\":\"https:\\\/\\\/ringoyotto.com\\\/producto\\\/wild-snacks-pelaje-sano-de-venado\\\/#primaryimage\",\"url\":\"https:\\\/\\\/ringoyotto.com\\\/wp-content\\\/uploads\\\/2025\\\/05\\\/wild-balance-pelaje-sano.webp\",\"contentUrl\":\"https:\\\/\\\/ringoyotto.com\\\/wp-content\\\/uploads\\\/2025\\\/05\\\/wild-balance-pelaje-sano.webp\",\"width\":800,\"height\":800},{\"@type\":\"BreadcrumbList\",\"@id\":\"https:\\\/\\\/ringoyotto.com\\\/producto\\\/wild-snacks-pelaje-sano-de-venado\\\/#breadcrumb\",\"itemListElement\":[{\"@type\":\"ListItem\",\"position\":1,\"name\":\"Portada\",\"item\":\"https:\\\/\\\/ringoyotto.com\\\/\"},{\"@type\":\"ListItem\",\"position\":2,\"name\":\"Tienda\",\"item\":\"https:\\\/\\\/ringoyotto.com\\\/tienda\\\/\"},{\"@type\":\"ListItem\",\"position\":3,\"name\":\"Wild Snacks Pelaje Sano de Venado\"}]},{\"@type\":\"WebSite\",\"@id\":\"https:\\\/\\\/ringoyotto.com\\\/#website\",\"url\":\"https:\\\/\\\/ringoyotto.com\\\/\",\"name\":\"Ringo & Otto\",\"description\":\"Productos para perros y gatos\",\"publisher\":{\"@id\":\"https:\\\/\\\/ringoyotto.com\\\/#organization\"},\"potentialAction\":[{\"@type\":\"SearchAction\",\"target\":{\"@type\":\"EntryPoint\",\"urlTemplate\":\"https:\\\/\\\/ringoyotto.com\\\/?s={search_term_string}\"},\"query-input\":{\"@type\":\"PropertyValueSpecification\",\"valueRequired\":true,\"valueName\":\"search_term_string\"}}],\"inLanguage\":\"en-GB\"},{\"@type\":\"Organization\",\"@id\":\"https:\\\/\\\/ringoyotto.com\\\/#organization\",\"name\":\"Ringo & Otto\",\"url\":\"https:\\\/\\\/ringoyotto.com\\\/\",\"logo\":{\"@type\":\"ImageObject\",\"inLanguage\":\"en-GB\",\"@id\":\"https:\\\/\\\/ringoyotto.com\\\/#\\\/schema\\\/logo\\\/image\\\/\",\"url\":\"https:\\\/\\\/ringoyotto.com\\\/wp-content\\\/uploads\\\/2024\\\/09\\\/167919506_134587955336806_6223653715767570006_n-removebg-preview.png\",\"contentUrl\":\"https:\\\/\\\/ringoyotto.com\\\/wp-content\\\/uploads\\\/2024\\\/09\\\/167919506_134587955336806_6223653715767570006_n-removebg-preview.png\",\"width\":568,\"height\":439,\"caption\":\"Ringo & Otto\"},\"image\":{\"@id\":\"https:\\\/\\\/ringoyotto.com\\\/#\\\/schema\\\/logo\\\/image\\\/\"},\"sameAs\":[\"https:\\\/\\\/www.facebook.com\\\/ringoyotto\",\"https:\\\/\\\/www.instagram.com\\\/ringoyotto\\\/?hl=es\",\"https:\\\/\\\/www.tiktok.com\\\/@ringoyotto\"]}]}<\/script>\n<!-- \/ Yoast SEO plugin. -->","yoast_head_json":{"title":"Wild Snacks Pelaje Sano de Venado - Ringo &amp; Otto","robots":{"index":"index","follow":"follow","max-snippet":"max-snippet:-1","max-image-preview":"max-image-preview:large","max-video-preview":"max-video-preview:-1"},"canonical":"https:\/\/ringoyotto.com\/en\/product\/wild-snacks-pelaje-sano-de-venado\/","og_locale":"en_GB","og_type":"article","og_title":"Wild Snacks Pelaje Sano de Venado - Ringo &amp; Otto","og_description":"Dale un extra de cuidado a la piel y pelo de tu peludo de la manera m\u00e1s sabrosa. Estos snacks saludables para perros de Wild Balance est\u00e1n elaborados con 91% de venado, una prote\u00edna altamente digestible, perfecta para perros con piel sensible. Cada bocado de estos premios naturales para perros est\u00e1 pensado para aportar los nutrientes esenciales que\u00a0refuerzan el brillo, la suavidad y la salud de su pelaje. Sin cereales y con una receta adaptada a las necesidades de los peludos m\u00e1s exigentes, se convierten en el complemento ideal para tu perro. Alimento complementario para perros.  Envase ZIP de 75g.","og_url":"https:\/\/ringoyotto.com\/en\/product\/wild-snacks-pelaje-sano-de-venado\/","og_site_name":"Ringo &amp; Otto","article_publisher":"https:\/\/www.facebook.com\/ringoyotto","article_modified_time":"2026-03-27T16:44:43+00:00","og_image":[{"width":800,"height":800,"url":"https:\/\/ringoyotto.com\/wp-content\/uploads\/2025\/05\/wild-balance-pelaje-sano.webp","type":"image\/webp"}],"twitter_card":"summary_large_image","twitter_misc":{"Estimated reading time":"1 minute"},"schema":{"@context":"https:\/\/schema.org","@graph":[{"@type":"WebPage","@id":"https:\/\/ringoyotto.com\/producto\/wild-snacks-pelaje-sano-de-venado\/","url":"https:\/\/ringoyotto.com\/producto\/wild-snacks-pelaje-sano-de-venado\/","name":"Wild Snacks Pelaje Sano de Venado - Ringo &amp; Otto","isPartOf":{"@id":"https:\/\/ringoyotto.com\/#website"},"primaryImageOfPage":{"@id":"https:\/\/ringoyotto.com\/producto\/wild-snacks-pelaje-sano-de-venado\/#primaryimage"},"image":{"@id":"https:\/\/ringoyotto.com\/producto\/wild-snacks-pelaje-sano-de-venado\/#primaryimage"},"thumbnailUrl":"https:\/\/ringoyotto.com\/wp-content\/uploads\/2025\/05\/wild-balance-pelaje-sano.webp","datePublished":"2025-05-17T09:20:25+00:00","dateModified":"2026-03-27T16:44:43+00:00","breadcrumb":{"@id":"https:\/\/ringoyotto.com\/producto\/wild-snacks-pelaje-sano-de-venado\/#breadcrumb"},"inLanguage":"en-GB","potentialAction":[{"@type":"ReadAction","target":["https:\/\/ringoyotto.com\/producto\/wild-snacks-pelaje-sano-de-venado\/"]}]},{"@type":"ImageObject","inLanguage":"en-GB","@id":"https:\/\/ringoyotto.com\/producto\/wild-snacks-pelaje-sano-de-venado\/#primaryimage","url":"https:\/\/ringoyotto.com\/wp-content\/uploads\/2025\/05\/wild-balance-pelaje-sano.webp","contentUrl":"https:\/\/ringoyotto.com\/wp-content\/uploads\/2025\/05\/wild-balance-pelaje-sano.webp","width":800,"height":800},{"@type":"BreadcrumbList","@id":"https:\/\/ringoyotto.com\/producto\/wild-snacks-pelaje-sano-de-venado\/#breadcrumb","itemListElement":[{"@type":"ListItem","position":1,"name":"Portada","item":"https:\/\/ringoyotto.com\/"},{"@type":"ListItem","position":2,"name":"Tienda","item":"https:\/\/ringoyotto.com\/tienda\/"},{"@type":"ListItem","position":3,"name":"Wild Snacks Pelaje Sano de Venado"}]},{"@type":"WebSite","@id":"https:\/\/ringoyotto.com\/#website","url":"https:\/\/ringoyotto.com\/","name":"Ringo & Otto","description":"Productos para perros y gatos","publisher":{"@id":"https:\/\/ringoyotto.com\/#organization"},"potentialAction":[{"@type":"SearchAction","target":{"@type":"EntryPoint","urlTemplate":"https:\/\/ringoyotto.com\/?s={search_term_string}"},"query-input":{"@type":"PropertyValueSpecification","valueRequired":true,"valueName":"search_term_string"}}],"inLanguage":"en-GB"},{"@type":"Organization","@id":"https:\/\/ringoyotto.com\/#organization","name":"Ringo & Otto","url":"https:\/\/ringoyotto.com\/","logo":{"@type":"ImageObject","inLanguage":"en-GB","@id":"https:\/\/ringoyotto.com\/#\/schema\/logo\/image\/","url":"https:\/\/ringoyotto.com\/wp-content\/uploads\/2024\/09\/167919506_134587955336806_6223653715767570006_n-removebg-preview.png","contentUrl":"https:\/\/ringoyotto.com\/wp-content\/uploads\/2024\/09\/167919506_134587955336806_6223653715767570006_n-removebg-preview.png","width":568,"height":439,"caption":"Ringo & Otto"},"image":{"@id":"https:\/\/ringoyotto.com\/#\/schema\/logo\/image\/"},"sameAs":["https:\/\/www.facebook.com\/ringoyotto","https:\/\/www.instagram.com\/ringoyotto\/?hl=es","https:\/\/www.tiktok.com\/@ringoyotto"]}]}},"_links":{"self":[{"href":"https:\/\/ringoyotto.com\/en\/wp-json\/wp\/v2\/product\/1847","targetHints":{"allow":["GET"]}}],"collection":[{"href":"https:\/\/ringoyotto.com\/en\/wp-json\/wp\/v2\/product"}],"about":[{"href":"https:\/\/ringoyotto.com\/en\/wp-json\/wp\/v2\/types\/product"}],"wp:featuredmedia":[{"embeddable":true,"href":"https:\/\/ringoyotto.com\/en\/wp-json\/wp\/v2\/media\/1845"}],"wp:attachment":[{"href":"https:\/\/ringoyotto.com\/en\/wp-json\/wp\/v2\/media?parent=1847"}],"wp:term":[{"taxonomy":"product_brand","embeddable":true,"href":"https:\/\/ringoyotto.com\/en\/wp-json\/wp\/v2\/product_brand?post=1847"},{"taxonomy":"product_cat","embeddable":true,"href":"https:\/\/ringoyotto.com\/en\/wp-json\/wp\/v2\/product_cat?post=1847"},{"taxonomy":"product_tag","embeddable":true,"href":"https:\/\/ringoyotto.com\/en\/wp-json\/wp\/v2\/product_tag?post=1847"},{"taxonomy":"para_quien","embeddable":true,"href":"https:\/\/ringoyotto.com\/en\/wp-json\/wp\/v2\/para_quien?post=1847"}],"curies":[{"name":"wp","href":"https:\/\/api.w.org\/{rel}","templated":true}]}}