{"id":1848,"date":"2025-05-17T11:29:15","date_gmt":"2025-05-17T09:29:15","guid":{"rendered":"https:\/\/ringoyotto.com\/?post_type=product&#038;p=1848"},"modified":"2026-04-18T13:43:10","modified_gmt":"2026-04-18T11:43:10","slug":"wild-snacks-digestivos-de-pato","status":"publish","type":"product","link":"https:\/\/ringoyotto.com\/en\/product\/wild-snacks-digestivos-de-pato\/","title":{"rendered":"Wild Snacks Digestivos de Pato"},"content":{"rendered":"<p>Ingredientes: <strong>Pato 87%<\/strong>, glicerina, semillas de calabaza 4%, melisa deshidratada 1%, sustancias minerales. Aditivos: conservante, antioxidante, compuestos aromatizantes.<\/p>\n<p>Informaci\u00f3n nutricional: Prote\u00edna bruta: 35,1%, Grasa bruta: 22,2%, Fibra bruta: 1,1%, Materia inorganica: 14,3%, Humedad: 14,0%.<\/p>","protected":false},"excerpt":{"rendered":"<p data-start=\"4004\" data-end=\"4297\">Si tu perro tiene el est\u00f3mago sensible y quieres darle un capricho sin preocupaciones,\u00a0<strong data-start=\"4091\" data-end=\"4116\">Wild Snacks Digestivo<\/strong>\u00a0es la mejor opci\u00f3n. Estos snacks saludables para perros est\u00e1n formulados\u00a0<strong>para cuidar su bienestar digestivo<\/strong>, con ingredientes seleccionados que favorecen una buena digesti\u00f3n.<\/p>\n<p data-start=\"4299\" data-end=\"4643\">Su ingrediente principal es el\u00a0<strong data-start=\"4330\" data-end=\"4344\">pato (87%)<\/strong>, una prote\u00edna suave y digestible, perfecta para perros con est\u00f3magos delicados. Adem\u00e1s, est\u00e1n enriquecidos con\u00a0<strong data-start=\"4456\" data-end=\"4480\">semillas de calabaza<\/strong>, un superalimento conocido por sus propiedades digestivas y su capacidad para favorecer el equilibrio intestinal.<\/p>\n<p data-start=\"4299\" data-end=\"4643\">Alimento complementario para perros.<\/p>\n<p data-start=\"4299\" data-end=\"4643\">Formato ZIP de 75g.<\/p>\n<p data-start=\"4299\" data-end=\"4643\">","protected":false},"featured_media":1849,"template":"","meta":[],"product_brand":[85],"product_cat":[23,26],"product_tag":[],"para_quien":[99],"class_list":{"0":"post-1848","1":"product","2":"type-product","3":"status-publish","4":"has-post-thumbnail","6":"product_brand-wild-balance","7":"product_cat-1-alimentacion","8":"product_cat-snacks-y-mordedores","9":"para_quien-perro","11":"first","12":"instock","13":"taxable","14":"shipping-taxable","15":"purchasable","16":"product-type-simple"},"yoast_head":"<!-- This site is optimized with the Yoast SEO plugin v27.4 - https:\/\/yoast.com\/product\/yoast-seo-wordpress\/ -->\n<title>Wild Snacks Digestivos de Pato - Ringo &amp; Otto<\/title>\n<meta name=\"robots\" content=\"index, follow, max-snippet:-1, max-image-preview:large, max-video-preview:-1\" \/>\n<link rel=\"canonical\" href=\"https:\/\/ringoyotto.com\/en\/product\/wild-snacks-digestivos-de-pato\/\" \/>\n<meta property=\"og:locale\" content=\"en_GB\" \/>\n<meta property=\"og:type\" content=\"article\" \/>\n<meta property=\"og:title\" content=\"Wild Snacks Digestivos de Pato - Ringo &amp; Otto\" \/>\n<meta property=\"og:description\" content=\"Si tu perro tiene el est\u00f3mago sensible y quieres darle un capricho sin preocupaciones,\u00a0Wild Snacks Digestivo\u00a0es la mejor opci\u00f3n. Estos snacks saludables para perros est\u00e1n formulados\u00a0para cuidar su bienestar digestivo, con ingredientes seleccionados que favorecen una buena digesti\u00f3n. Su ingrediente principal es el\u00a0pato (87%), una prote\u00edna suave y digestible, perfecta para perros con est\u00f3magos delicados. Adem\u00e1s, est\u00e1n enriquecidos con\u00a0semillas de calabaza, un superalimento conocido por sus propiedades digestivas y su capacidad para favorecer el equilibrio intestinal. Alimento complementario para perros. Formato ZIP de 75g.\" \/>\n<meta property=\"og:url\" content=\"https:\/\/ringoyotto.com\/en\/product\/wild-snacks-digestivos-de-pato\/\" \/>\n<meta property=\"og:site_name\" content=\"Ringo &amp; Otto\" \/>\n<meta property=\"article:publisher\" content=\"https:\/\/www.facebook.com\/ringoyotto\" \/>\n<meta property=\"article:modified_time\" content=\"2026-04-18T11:43:10+00:00\" \/>\n<meta property=\"og:image\" content=\"https:\/\/ringoyotto.com\/wp-content\/uploads\/2025\/05\/wild-balance-digestivos.webp\" \/>\n\t<meta property=\"og:image:width\" content=\"800\" \/>\n\t<meta property=\"og:image:height\" content=\"800\" \/>\n\t<meta property=\"og:image:type\" content=\"image\/webp\" \/>\n<meta name=\"twitter:card\" content=\"summary_large_image\" \/>\n<meta name=\"twitter:label1\" content=\"Estimated reading time\" \/>\n\t<meta name=\"twitter:data1\" content=\"1 minute\" \/>\n<script type=\"application\/ld+json\" class=\"yoast-schema-graph\">{\"@context\":\"https:\\\/\\\/schema.org\",\"@graph\":[{\"@type\":\"WebPage\",\"@id\":\"https:\\\/\\\/ringoyotto.com\\\/producto\\\/wild-snacks-digestivos-de-pato\\\/\",\"url\":\"https:\\\/\\\/ringoyotto.com\\\/producto\\\/wild-snacks-digestivos-de-pato\\\/\",\"name\":\"Wild Snacks Digestivos de Pato - Ringo &amp; Otto\",\"isPartOf\":{\"@id\":\"https:\\\/\\\/ringoyotto.com\\\/#website\"},\"primaryImageOfPage\":{\"@id\":\"https:\\\/\\\/ringoyotto.com\\\/producto\\\/wild-snacks-digestivos-de-pato\\\/#primaryimage\"},\"image\":{\"@id\":\"https:\\\/\\\/ringoyotto.com\\\/producto\\\/wild-snacks-digestivos-de-pato\\\/#primaryimage\"},\"thumbnailUrl\":\"https:\\\/\\\/ringoyotto.com\\\/wp-content\\\/uploads\\\/2025\\\/05\\\/wild-balance-digestivos.webp\",\"datePublished\":\"2025-05-17T09:29:15+00:00\",\"dateModified\":\"2026-04-18T11:43:10+00:00\",\"breadcrumb\":{\"@id\":\"https:\\\/\\\/ringoyotto.com\\\/producto\\\/wild-snacks-digestivos-de-pato\\\/#breadcrumb\"},\"inLanguage\":\"en-GB\",\"potentialAction\":[{\"@type\":\"ReadAction\",\"target\":[\"https:\\\/\\\/ringoyotto.com\\\/producto\\\/wild-snacks-digestivos-de-pato\\\/\"]}]},{\"@type\":\"ImageObject\",\"inLanguage\":\"en-GB\",\"@id\":\"https:\\\/\\\/ringoyotto.com\\\/producto\\\/wild-snacks-digestivos-de-pato\\\/#primaryimage\",\"url\":\"https:\\\/\\\/ringoyotto.com\\\/wp-content\\\/uploads\\\/2025\\\/05\\\/wild-balance-digestivos.webp\",\"contentUrl\":\"https:\\\/\\\/ringoyotto.com\\\/wp-content\\\/uploads\\\/2025\\\/05\\\/wild-balance-digestivos.webp\",\"width\":800,\"height\":800},{\"@type\":\"BreadcrumbList\",\"@id\":\"https:\\\/\\\/ringoyotto.com\\\/producto\\\/wild-snacks-digestivos-de-pato\\\/#breadcrumb\",\"itemListElement\":[{\"@type\":\"ListItem\",\"position\":1,\"name\":\"Portada\",\"item\":\"https:\\\/\\\/ringoyotto.com\\\/\"},{\"@type\":\"ListItem\",\"position\":2,\"name\":\"Tienda\",\"item\":\"https:\\\/\\\/ringoyotto.com\\\/tienda\\\/\"},{\"@type\":\"ListItem\",\"position\":3,\"name\":\"Wild Snacks Digestivos de Pato\"}]},{\"@type\":\"WebSite\",\"@id\":\"https:\\\/\\\/ringoyotto.com\\\/#website\",\"url\":\"https:\\\/\\\/ringoyotto.com\\\/\",\"name\":\"Ringo & Otto\",\"description\":\"Productos para perros y gatos\",\"publisher\":{\"@id\":\"https:\\\/\\\/ringoyotto.com\\\/#organization\"},\"potentialAction\":[{\"@type\":\"SearchAction\",\"target\":{\"@type\":\"EntryPoint\",\"urlTemplate\":\"https:\\\/\\\/ringoyotto.com\\\/?s={search_term_string}\"},\"query-input\":{\"@type\":\"PropertyValueSpecification\",\"valueRequired\":true,\"valueName\":\"search_term_string\"}}],\"inLanguage\":\"en-GB\"},{\"@type\":\"Organization\",\"@id\":\"https:\\\/\\\/ringoyotto.com\\\/#organization\",\"name\":\"Ringo & Otto\",\"url\":\"https:\\\/\\\/ringoyotto.com\\\/\",\"logo\":{\"@type\":\"ImageObject\",\"inLanguage\":\"en-GB\",\"@id\":\"https:\\\/\\\/ringoyotto.com\\\/#\\\/schema\\\/logo\\\/image\\\/\",\"url\":\"https:\\\/\\\/ringoyotto.com\\\/wp-content\\\/uploads\\\/2024\\\/09\\\/167919506_134587955336806_6223653715767570006_n-removebg-preview.png\",\"contentUrl\":\"https:\\\/\\\/ringoyotto.com\\\/wp-content\\\/uploads\\\/2024\\\/09\\\/167919506_134587955336806_6223653715767570006_n-removebg-preview.png\",\"width\":568,\"height\":439,\"caption\":\"Ringo & Otto\"},\"image\":{\"@id\":\"https:\\\/\\\/ringoyotto.com\\\/#\\\/schema\\\/logo\\\/image\\\/\"},\"sameAs\":[\"https:\\\/\\\/www.facebook.com\\\/ringoyotto\",\"https:\\\/\\\/www.instagram.com\\\/ringoyotto\\\/?hl=es\",\"https:\\\/\\\/www.tiktok.com\\\/@ringoyotto\"]}]}<\/script>\n<!-- \/ Yoast SEO plugin. -->","yoast_head_json":{"title":"Wild Snacks Digestivos de Pato - Ringo &amp; Otto","robots":{"index":"index","follow":"follow","max-snippet":"max-snippet:-1","max-image-preview":"max-image-preview:large","max-video-preview":"max-video-preview:-1"},"canonical":"https:\/\/ringoyotto.com\/en\/product\/wild-snacks-digestivos-de-pato\/","og_locale":"en_GB","og_type":"article","og_title":"Wild Snacks Digestivos de Pato - Ringo &amp; Otto","og_description":"Si tu perro tiene el est\u00f3mago sensible y quieres darle un capricho sin preocupaciones,\u00a0Wild Snacks Digestivo\u00a0es la mejor opci\u00f3n. Estos snacks saludables para perros est\u00e1n formulados\u00a0para cuidar su bienestar digestivo, con ingredientes seleccionados que favorecen una buena digesti\u00f3n. Su ingrediente principal es el\u00a0pato (87%), una prote\u00edna suave y digestible, perfecta para perros con est\u00f3magos delicados. Adem\u00e1s, est\u00e1n enriquecidos con\u00a0semillas de calabaza, un superalimento conocido por sus propiedades digestivas y su capacidad para favorecer el equilibrio intestinal. Alimento complementario para perros. Formato ZIP de 75g.","og_url":"https:\/\/ringoyotto.com\/en\/product\/wild-snacks-digestivos-de-pato\/","og_site_name":"Ringo &amp; Otto","article_publisher":"https:\/\/www.facebook.com\/ringoyotto","article_modified_time":"2026-04-18T11:43:10+00:00","og_image":[{"width":800,"height":800,"url":"https:\/\/ringoyotto.com\/wp-content\/uploads\/2025\/05\/wild-balance-digestivos.webp","type":"image\/webp"}],"twitter_card":"summary_large_image","twitter_misc":{"Estimated reading time":"1 minute"},"schema":{"@context":"https:\/\/schema.org","@graph":[{"@type":"WebPage","@id":"https:\/\/ringoyotto.com\/producto\/wild-snacks-digestivos-de-pato\/","url":"https:\/\/ringoyotto.com\/producto\/wild-snacks-digestivos-de-pato\/","name":"Wild Snacks Digestivos de Pato - Ringo &amp; Otto","isPartOf":{"@id":"https:\/\/ringoyotto.com\/#website"},"primaryImageOfPage":{"@id":"https:\/\/ringoyotto.com\/producto\/wild-snacks-digestivos-de-pato\/#primaryimage"},"image":{"@id":"https:\/\/ringoyotto.com\/producto\/wild-snacks-digestivos-de-pato\/#primaryimage"},"thumbnailUrl":"https:\/\/ringoyotto.com\/wp-content\/uploads\/2025\/05\/wild-balance-digestivos.webp","datePublished":"2025-05-17T09:29:15+00:00","dateModified":"2026-04-18T11:43:10+00:00","breadcrumb":{"@id":"https:\/\/ringoyotto.com\/producto\/wild-snacks-digestivos-de-pato\/#breadcrumb"},"inLanguage":"en-GB","potentialAction":[{"@type":"ReadAction","target":["https:\/\/ringoyotto.com\/producto\/wild-snacks-digestivos-de-pato\/"]}]},{"@type":"ImageObject","inLanguage":"en-GB","@id":"https:\/\/ringoyotto.com\/producto\/wild-snacks-digestivos-de-pato\/#primaryimage","url":"https:\/\/ringoyotto.com\/wp-content\/uploads\/2025\/05\/wild-balance-digestivos.webp","contentUrl":"https:\/\/ringoyotto.com\/wp-content\/uploads\/2025\/05\/wild-balance-digestivos.webp","width":800,"height":800},{"@type":"BreadcrumbList","@id":"https:\/\/ringoyotto.com\/producto\/wild-snacks-digestivos-de-pato\/#breadcrumb","itemListElement":[{"@type":"ListItem","position":1,"name":"Portada","item":"https:\/\/ringoyotto.com\/"},{"@type":"ListItem","position":2,"name":"Tienda","item":"https:\/\/ringoyotto.com\/tienda\/"},{"@type":"ListItem","position":3,"name":"Wild Snacks Digestivos de Pato"}]},{"@type":"WebSite","@id":"https:\/\/ringoyotto.com\/#website","url":"https:\/\/ringoyotto.com\/","name":"Ringo & Otto","description":"Productos para perros y gatos","publisher":{"@id":"https:\/\/ringoyotto.com\/#organization"},"potentialAction":[{"@type":"SearchAction","target":{"@type":"EntryPoint","urlTemplate":"https:\/\/ringoyotto.com\/?s={search_term_string}"},"query-input":{"@type":"PropertyValueSpecification","valueRequired":true,"valueName":"search_term_string"}}],"inLanguage":"en-GB"},{"@type":"Organization","@id":"https:\/\/ringoyotto.com\/#organization","name":"Ringo & Otto","url":"https:\/\/ringoyotto.com\/","logo":{"@type":"ImageObject","inLanguage":"en-GB","@id":"https:\/\/ringoyotto.com\/#\/schema\/logo\/image\/","url":"https:\/\/ringoyotto.com\/wp-content\/uploads\/2024\/09\/167919506_134587955336806_6223653715767570006_n-removebg-preview.png","contentUrl":"https:\/\/ringoyotto.com\/wp-content\/uploads\/2024\/09\/167919506_134587955336806_6223653715767570006_n-removebg-preview.png","width":568,"height":439,"caption":"Ringo & Otto"},"image":{"@id":"https:\/\/ringoyotto.com\/#\/schema\/logo\/image\/"},"sameAs":["https:\/\/www.facebook.com\/ringoyotto","https:\/\/www.instagram.com\/ringoyotto\/?hl=es","https:\/\/www.tiktok.com\/@ringoyotto"]}]}},"_links":{"self":[{"href":"https:\/\/ringoyotto.com\/en\/wp-json\/wp\/v2\/product\/1848","targetHints":{"allow":["GET"]}}],"collection":[{"href":"https:\/\/ringoyotto.com\/en\/wp-json\/wp\/v2\/product"}],"about":[{"href":"https:\/\/ringoyotto.com\/en\/wp-json\/wp\/v2\/types\/product"}],"wp:featuredmedia":[{"embeddable":true,"href":"https:\/\/ringoyotto.com\/en\/wp-json\/wp\/v2\/media\/1849"}],"wp:attachment":[{"href":"https:\/\/ringoyotto.com\/en\/wp-json\/wp\/v2\/media?parent=1848"}],"wp:term":[{"taxonomy":"product_brand","embeddable":true,"href":"https:\/\/ringoyotto.com\/en\/wp-json\/wp\/v2\/product_brand?post=1848"},{"taxonomy":"product_cat","embeddable":true,"href":"https:\/\/ringoyotto.com\/en\/wp-json\/wp\/v2\/product_cat?post=1848"},{"taxonomy":"product_tag","embeddable":true,"href":"https:\/\/ringoyotto.com\/en\/wp-json\/wp\/v2\/product_tag?post=1848"},{"taxonomy":"para_quien","embeddable":true,"href":"https:\/\/ringoyotto.com\/en\/wp-json\/wp\/v2\/para_quien?post=1848"}],"curies":[{"name":"wp","href":"https:\/\/api.w.org\/{rel}","templated":true}]}}