{"id":1861,"date":"2025-05-28T14:02:46","date_gmt":"2025-05-28T12:02:46","guid":{"rendered":"https:\/\/ringoyotto.com\/?post_type=product&#038;p=1861"},"modified":"2026-01-27T19:33:04","modified_gmt":"2026-01-27T18:33:04","slug":"sticks-dentales-de-conejo-camomila-y-salvia-estomagos-sensibles","status":"publish","type":"product","link":"https:\/\/ringoyotto.com\/en\/product\/sticks-dentales-de-conejo-camomila-y-salvia-estomagos-sensibles\/","title":{"rendered":"Sticks Dentales de Conejo, Camomila y Salvia &#8211; Est\u00f3magos Sensibles"},"content":{"rendered":"<p>Ingredientes: <strong>Conejo 89%,<\/strong>, subproductos de origen vegetal, manzanilla 3%, salvia 0,5%, sustancias minerales. Aditivos: conservante, antioxidante, compuestos aromatizantes.<\/p>\n<p>Informaci\u00f3n nutricional: Prote\u00edna bruta: 33,7%, Grasa bruta: 15,6%, Fibra bruta: 1,8%, Materia inorganica: 9,5%, Humedad: 13,5%<\/p>\n<p>Alimento complementario para perros.<\/p>","protected":false},"excerpt":{"rendered":"<p style=\"font-weight: 400;\">La combinaci\u00f3n perfecta entre cuidado bucal y bienestar digestivo, elaborados con ingredientes de alta calidad <strong style=\"font-style: inherit; font-weight: 600;\">para favorecer su salud intestinal<\/strong>.<\/p>\n<p style=\"font-weight: 400;\">Cada dental stick est\u00e1 elaborado con un\u00a0<strong style=\"font-style: inherit; font-weight: 600;\">89% de conejo<\/strong>,\u00a0<strong style=\"font-style: inherit; font-weight: 600;\">camomila<\/strong>\u00a0<strong style=\"font-style: inherit; font-weight: 600;\">y\u00a0<\/strong><strong style=\"font-style: inherit; font-weight: 600;\">salvia<\/strong>, ingredientes naturales que ayudan a prevenir la placa y el sarro mientras\u00a0<strong style=\"font-style: inherit; font-weight: 600;\">favorecen la digesti\u00f3n y reducen molestias estomacales.<\/strong><\/p>\n<p>Cada paquete contiene 7 unidades, una para cada d\u00eda de la semana, y su pr\u00e1ctico cierre ZIP mantiene los sticks frescos por m\u00e1s tiempo, garantizando su calidad.<\/p>\n<p>&nbsp;<\/p>","protected":false},"featured_media":1862,"template":"","meta":[],"product_brand":[85],"product_cat":[23,26],"product_tag":[],"para_quien":[99],"class_list":{"0":"post-1861","1":"product","2":"type-product","3":"status-publish","4":"has-post-thumbnail","6":"product_brand-wild-balance","7":"product_cat-1-alimentacion","8":"product_cat-snacks-y-mordedores","9":"para_quien-perro","11":"first","12":"instock","13":"taxable","14":"shipping-taxable","15":"purchasable","16":"product-type-simple"},"yoast_head":"<!-- This site is optimized with the Yoast SEO plugin v27.4 - https:\/\/yoast.com\/product\/yoast-seo-wordpress\/ -->\n<title>Sticks Dentales de Conejo, Camomila y Salvia - Est\u00f3magos Sensibles - Ringo &amp; Otto<\/title>\n<meta name=\"robots\" content=\"index, follow, max-snippet:-1, max-image-preview:large, max-video-preview:-1\" \/>\n<link rel=\"canonical\" href=\"https:\/\/ringoyotto.com\/en\/product\/sticks-dentales-de-conejo-camomila-y-salvia-estomagos-sensibles\/\" \/>\n<meta property=\"og:locale\" content=\"en_GB\" \/>\n<meta property=\"og:type\" content=\"article\" \/>\n<meta property=\"og:title\" content=\"Sticks Dentales de Conejo, Camomila y Salvia - Est\u00f3magos Sensibles - Ringo &amp; Otto\" \/>\n<meta property=\"og:description\" content=\"La combinaci\u00f3n perfecta entre cuidado bucal y bienestar digestivo, elaborados con ingredientes de alta calidad para favorecer su salud intestinal. Cada dental stick est\u00e1 elaborado con un\u00a089% de conejo,\u00a0camomila\u00a0y\u00a0salvia, ingredientes naturales que ayudan a prevenir la placa y el sarro mientras\u00a0favorecen la digesti\u00f3n y reducen molestias estomacales. Cada paquete contiene 7 unidades, una para cada d\u00eda de la semana, y su pr\u00e1ctico cierre ZIP mantiene los sticks frescos por m\u00e1s tiempo, garantizando su calidad.  &nbsp;\" \/>\n<meta property=\"og:url\" content=\"https:\/\/ringoyotto.com\/en\/product\/sticks-dentales-de-conejo-camomila-y-salvia-estomagos-sensibles\/\" \/>\n<meta property=\"og:site_name\" content=\"Ringo &amp; Otto\" \/>\n<meta property=\"article:publisher\" content=\"https:\/\/www.facebook.com\/ringoyotto\" \/>\n<meta property=\"article:modified_time\" content=\"2026-01-27T18:33:04+00:00\" \/>\n<meta property=\"og:image\" content=\"https:\/\/ringoyotto.com\/wp-content\/uploads\/2025\/05\/dentales-sensitive.webp\" \/>\n\t<meta property=\"og:image:width\" content=\"800\" \/>\n\t<meta property=\"og:image:height\" content=\"800\" \/>\n\t<meta property=\"og:image:type\" content=\"image\/webp\" \/>\n<meta name=\"twitter:card\" content=\"summary_large_image\" \/>\n<meta name=\"twitter:label1\" content=\"Estimated reading time\" \/>\n\t<meta name=\"twitter:data1\" content=\"1 minute\" \/>\n<script type=\"application\/ld+json\" class=\"yoast-schema-graph\">{\"@context\":\"https:\\\/\\\/schema.org\",\"@graph\":[{\"@type\":\"WebPage\",\"@id\":\"https:\\\/\\\/ringoyotto.com\\\/producto\\\/sticks-dentales-de-conejo-camomila-y-salvia-estomagos-sensibles\\\/\",\"url\":\"https:\\\/\\\/ringoyotto.com\\\/producto\\\/sticks-dentales-de-conejo-camomila-y-salvia-estomagos-sensibles\\\/\",\"name\":\"Sticks Dentales de Conejo, Camomila y Salvia - Est\u00f3magos Sensibles - Ringo &amp; Otto\",\"isPartOf\":{\"@id\":\"https:\\\/\\\/ringoyotto.com\\\/#website\"},\"primaryImageOfPage\":{\"@id\":\"https:\\\/\\\/ringoyotto.com\\\/producto\\\/sticks-dentales-de-conejo-camomila-y-salvia-estomagos-sensibles\\\/#primaryimage\"},\"image\":{\"@id\":\"https:\\\/\\\/ringoyotto.com\\\/producto\\\/sticks-dentales-de-conejo-camomila-y-salvia-estomagos-sensibles\\\/#primaryimage\"},\"thumbnailUrl\":\"https:\\\/\\\/ringoyotto.com\\\/wp-content\\\/uploads\\\/2025\\\/05\\\/dentales-sensitive.webp\",\"datePublished\":\"2025-05-28T12:02:46+00:00\",\"dateModified\":\"2026-01-27T18:33:04+00:00\",\"breadcrumb\":{\"@id\":\"https:\\\/\\\/ringoyotto.com\\\/producto\\\/sticks-dentales-de-conejo-camomila-y-salvia-estomagos-sensibles\\\/#breadcrumb\"},\"inLanguage\":\"en-GB\",\"potentialAction\":[{\"@type\":\"ReadAction\",\"target\":[\"https:\\\/\\\/ringoyotto.com\\\/producto\\\/sticks-dentales-de-conejo-camomila-y-salvia-estomagos-sensibles\\\/\"]}]},{\"@type\":\"ImageObject\",\"inLanguage\":\"en-GB\",\"@id\":\"https:\\\/\\\/ringoyotto.com\\\/producto\\\/sticks-dentales-de-conejo-camomila-y-salvia-estomagos-sensibles\\\/#primaryimage\",\"url\":\"https:\\\/\\\/ringoyotto.com\\\/wp-content\\\/uploads\\\/2025\\\/05\\\/dentales-sensitive.webp\",\"contentUrl\":\"https:\\\/\\\/ringoyotto.com\\\/wp-content\\\/uploads\\\/2025\\\/05\\\/dentales-sensitive.webp\",\"width\":800,\"height\":800},{\"@type\":\"BreadcrumbList\",\"@id\":\"https:\\\/\\\/ringoyotto.com\\\/producto\\\/sticks-dentales-de-conejo-camomila-y-salvia-estomagos-sensibles\\\/#breadcrumb\",\"itemListElement\":[{\"@type\":\"ListItem\",\"position\":1,\"name\":\"Portada\",\"item\":\"https:\\\/\\\/ringoyotto.com\\\/\"},{\"@type\":\"ListItem\",\"position\":2,\"name\":\"Tienda\",\"item\":\"https:\\\/\\\/ringoyotto.com\\\/tienda\\\/\"},{\"@type\":\"ListItem\",\"position\":3,\"name\":\"Sticks Dentales de Conejo, Camomila y Salvia &#8211; Est\u00f3magos Sensibles\"}]},{\"@type\":\"WebSite\",\"@id\":\"https:\\\/\\\/ringoyotto.com\\\/#website\",\"url\":\"https:\\\/\\\/ringoyotto.com\\\/\",\"name\":\"Ringo & Otto\",\"description\":\"Productos para perros y gatos\",\"publisher\":{\"@id\":\"https:\\\/\\\/ringoyotto.com\\\/#organization\"},\"potentialAction\":[{\"@type\":\"SearchAction\",\"target\":{\"@type\":\"EntryPoint\",\"urlTemplate\":\"https:\\\/\\\/ringoyotto.com\\\/?s={search_term_string}\"},\"query-input\":{\"@type\":\"PropertyValueSpecification\",\"valueRequired\":true,\"valueName\":\"search_term_string\"}}],\"inLanguage\":\"en-GB\"},{\"@type\":\"Organization\",\"@id\":\"https:\\\/\\\/ringoyotto.com\\\/#organization\",\"name\":\"Ringo & Otto\",\"url\":\"https:\\\/\\\/ringoyotto.com\\\/\",\"logo\":{\"@type\":\"ImageObject\",\"inLanguage\":\"en-GB\",\"@id\":\"https:\\\/\\\/ringoyotto.com\\\/#\\\/schema\\\/logo\\\/image\\\/\",\"url\":\"https:\\\/\\\/ringoyotto.com\\\/wp-content\\\/uploads\\\/2024\\\/09\\\/167919506_134587955336806_6223653715767570006_n-removebg-preview.png\",\"contentUrl\":\"https:\\\/\\\/ringoyotto.com\\\/wp-content\\\/uploads\\\/2024\\\/09\\\/167919506_134587955336806_6223653715767570006_n-removebg-preview.png\",\"width\":568,\"height\":439,\"caption\":\"Ringo & Otto\"},\"image\":{\"@id\":\"https:\\\/\\\/ringoyotto.com\\\/#\\\/schema\\\/logo\\\/image\\\/\"},\"sameAs\":[\"https:\\\/\\\/www.facebook.com\\\/ringoyotto\",\"https:\\\/\\\/www.instagram.com\\\/ringoyotto\\\/?hl=es\",\"https:\\\/\\\/www.tiktok.com\\\/@ringoyotto\"]}]}<\/script>\n<!-- \/ Yoast SEO plugin. -->","yoast_head_json":{"title":"Sticks Dentales de Conejo, Camomila y Salvia - Est\u00f3magos Sensibles - Ringo &amp; Otto","robots":{"index":"index","follow":"follow","max-snippet":"max-snippet:-1","max-image-preview":"max-image-preview:large","max-video-preview":"max-video-preview:-1"},"canonical":"https:\/\/ringoyotto.com\/en\/product\/sticks-dentales-de-conejo-camomila-y-salvia-estomagos-sensibles\/","og_locale":"en_GB","og_type":"article","og_title":"Sticks Dentales de Conejo, Camomila y Salvia - Est\u00f3magos Sensibles - Ringo &amp; Otto","og_description":"La combinaci\u00f3n perfecta entre cuidado bucal y bienestar digestivo, elaborados con ingredientes de alta calidad para favorecer su salud intestinal. Cada dental stick est\u00e1 elaborado con un\u00a089% de conejo,\u00a0camomila\u00a0y\u00a0salvia, ingredientes naturales que ayudan a prevenir la placa y el sarro mientras\u00a0favorecen la digesti\u00f3n y reducen molestias estomacales. Cada paquete contiene 7 unidades, una para cada d\u00eda de la semana, y su pr\u00e1ctico cierre ZIP mantiene los sticks frescos por m\u00e1s tiempo, garantizando su calidad.  &nbsp;","og_url":"https:\/\/ringoyotto.com\/en\/product\/sticks-dentales-de-conejo-camomila-y-salvia-estomagos-sensibles\/","og_site_name":"Ringo &amp; Otto","article_publisher":"https:\/\/www.facebook.com\/ringoyotto","article_modified_time":"2026-01-27T18:33:04+00:00","og_image":[{"width":800,"height":800,"url":"https:\/\/ringoyotto.com\/wp-content\/uploads\/2025\/05\/dentales-sensitive.webp","type":"image\/webp"}],"twitter_card":"summary_large_image","twitter_misc":{"Estimated reading time":"1 minute"},"schema":{"@context":"https:\/\/schema.org","@graph":[{"@type":"WebPage","@id":"https:\/\/ringoyotto.com\/producto\/sticks-dentales-de-conejo-camomila-y-salvia-estomagos-sensibles\/","url":"https:\/\/ringoyotto.com\/producto\/sticks-dentales-de-conejo-camomila-y-salvia-estomagos-sensibles\/","name":"Sticks Dentales de Conejo, Camomila y Salvia - Est\u00f3magos Sensibles - Ringo &amp; Otto","isPartOf":{"@id":"https:\/\/ringoyotto.com\/#website"},"primaryImageOfPage":{"@id":"https:\/\/ringoyotto.com\/producto\/sticks-dentales-de-conejo-camomila-y-salvia-estomagos-sensibles\/#primaryimage"},"image":{"@id":"https:\/\/ringoyotto.com\/producto\/sticks-dentales-de-conejo-camomila-y-salvia-estomagos-sensibles\/#primaryimage"},"thumbnailUrl":"https:\/\/ringoyotto.com\/wp-content\/uploads\/2025\/05\/dentales-sensitive.webp","datePublished":"2025-05-28T12:02:46+00:00","dateModified":"2026-01-27T18:33:04+00:00","breadcrumb":{"@id":"https:\/\/ringoyotto.com\/producto\/sticks-dentales-de-conejo-camomila-y-salvia-estomagos-sensibles\/#breadcrumb"},"inLanguage":"en-GB","potentialAction":[{"@type":"ReadAction","target":["https:\/\/ringoyotto.com\/producto\/sticks-dentales-de-conejo-camomila-y-salvia-estomagos-sensibles\/"]}]},{"@type":"ImageObject","inLanguage":"en-GB","@id":"https:\/\/ringoyotto.com\/producto\/sticks-dentales-de-conejo-camomila-y-salvia-estomagos-sensibles\/#primaryimage","url":"https:\/\/ringoyotto.com\/wp-content\/uploads\/2025\/05\/dentales-sensitive.webp","contentUrl":"https:\/\/ringoyotto.com\/wp-content\/uploads\/2025\/05\/dentales-sensitive.webp","width":800,"height":800},{"@type":"BreadcrumbList","@id":"https:\/\/ringoyotto.com\/producto\/sticks-dentales-de-conejo-camomila-y-salvia-estomagos-sensibles\/#breadcrumb","itemListElement":[{"@type":"ListItem","position":1,"name":"Portada","item":"https:\/\/ringoyotto.com\/"},{"@type":"ListItem","position":2,"name":"Tienda","item":"https:\/\/ringoyotto.com\/tienda\/"},{"@type":"ListItem","position":3,"name":"Sticks Dentales de Conejo, Camomila y Salvia &#8211; Est\u00f3magos Sensibles"}]},{"@type":"WebSite","@id":"https:\/\/ringoyotto.com\/#website","url":"https:\/\/ringoyotto.com\/","name":"Ringo & Otto","description":"Productos para perros y gatos","publisher":{"@id":"https:\/\/ringoyotto.com\/#organization"},"potentialAction":[{"@type":"SearchAction","target":{"@type":"EntryPoint","urlTemplate":"https:\/\/ringoyotto.com\/?s={search_term_string}"},"query-input":{"@type":"PropertyValueSpecification","valueRequired":true,"valueName":"search_term_string"}}],"inLanguage":"en-GB"},{"@type":"Organization","@id":"https:\/\/ringoyotto.com\/#organization","name":"Ringo & Otto","url":"https:\/\/ringoyotto.com\/","logo":{"@type":"ImageObject","inLanguage":"en-GB","@id":"https:\/\/ringoyotto.com\/#\/schema\/logo\/image\/","url":"https:\/\/ringoyotto.com\/wp-content\/uploads\/2024\/09\/167919506_134587955336806_6223653715767570006_n-removebg-preview.png","contentUrl":"https:\/\/ringoyotto.com\/wp-content\/uploads\/2024\/09\/167919506_134587955336806_6223653715767570006_n-removebg-preview.png","width":568,"height":439,"caption":"Ringo & Otto"},"image":{"@id":"https:\/\/ringoyotto.com\/#\/schema\/logo\/image\/"},"sameAs":["https:\/\/www.facebook.com\/ringoyotto","https:\/\/www.instagram.com\/ringoyotto\/?hl=es","https:\/\/www.tiktok.com\/@ringoyotto"]}]}},"_links":{"self":[{"href":"https:\/\/ringoyotto.com\/en\/wp-json\/wp\/v2\/product\/1861","targetHints":{"allow":["GET"]}}],"collection":[{"href":"https:\/\/ringoyotto.com\/en\/wp-json\/wp\/v2\/product"}],"about":[{"href":"https:\/\/ringoyotto.com\/en\/wp-json\/wp\/v2\/types\/product"}],"wp:featuredmedia":[{"embeddable":true,"href":"https:\/\/ringoyotto.com\/en\/wp-json\/wp\/v2\/media\/1862"}],"wp:attachment":[{"href":"https:\/\/ringoyotto.com\/en\/wp-json\/wp\/v2\/media?parent=1861"}],"wp:term":[{"taxonomy":"product_brand","embeddable":true,"href":"https:\/\/ringoyotto.com\/en\/wp-json\/wp\/v2\/product_brand?post=1861"},{"taxonomy":"product_cat","embeddable":true,"href":"https:\/\/ringoyotto.com\/en\/wp-json\/wp\/v2\/product_cat?post=1861"},{"taxonomy":"product_tag","embeddable":true,"href":"https:\/\/ringoyotto.com\/en\/wp-json\/wp\/v2\/product_tag?post=1861"},{"taxonomy":"para_quien","embeddable":true,"href":"https:\/\/ringoyotto.com\/en\/wp-json\/wp\/v2\/para_quien?post=1861"}],"curies":[{"name":"wp","href":"https:\/\/api.w.org\/{rel}","templated":true}]}}