{"id":1871,"date":"2025-06-19T12:41:22","date_gmt":"2025-06-19T10:41:22","guid":{"rendered":"https:\/\/ringoyotto.com\/?post_type=product&#038;p=1871"},"modified":"2025-06-23T14:12:52","modified_gmt":"2025-06-23T12:12:52","slug":"daikidoggy-cocktail-veraniego-para-perros-y-gatos","status":"publish","type":"product","link":"https:\/\/ringoyotto.com\/en\/product\/daikidoggy-cocktail-veraniego-para-perros-y-gatos\/","title":{"rendered":"Daikidoggy \u2013 Cocktail Veraniego para perros y gatos"},"content":{"rendered":"<p>Usos:<\/p>\n<p>\u2013 Reponer electrolitos: En d\u00edas calurosos o simplemente despu\u00e9s de un intenso paseo o juegos, unos sorbitos de nuestro caldo ayuda a reponer electrolitos y valiosos nutrientes para ellos.<\/p>\n<p>\u2013 Fomentar la hidrataci\u00f3n: Dispensar el caldo a temperatura ambiente o a\u00f1adir de 2 a 5 cucharadas a su agua diaria para promover la toma de agua.<\/p>\n<p>\u2013 Refrescar: Servir fr\u00edo o congelar en cubitos. Puede darse como polo (helado) o para a\u00f1adir al pienso o dieta barf.<\/p>\n<p>\u2013 Ablandar pienso: Para ayudar a perros con problemas de dentici\u00f3n o cachorros que transitan a piensos.<\/p>\n<p><span class=\"title\">Ingredientes :\u00a0<\/span>Caldo de ternera, remolacha, romero y frutos rojos.<\/p>\n<p><span class=\"title\">Componentes nutricionales por cada 100ml: <\/span>Prote\u00edna bruta &lt;0,5%. Grasa bruta &lt;0,8%, Cenizas &lt;0,3% ,Fibra bruta 0,5%, Humedad 99%<\/p>\n<p>Una vez abierto conservar cerrado en nevera 2 d\u00edas o congelar.<\/p>","protected":false},"excerpt":{"rendered":"<p>Caldo de Ternera, Remolacha, romero y frutos rojos.<\/p>\n<p>Indicado para ayudar a la hidrataci\u00f3n y refuerzo inmunitario para gatos y perros a partir de 3 meses de edad, reponiendo electrolitos y aportando valiosos oligoelementos y nutrientes como amino\u00e1cidos esenciales para la formaci\u00f3n de col\u00e1geno.<\/p>\n<p>24o ml<\/p>","protected":false},"featured_media":1881,"template":"","meta":[],"product_brand":[90],"product_cat":[23,88],"product_tag":[76],"para_quien":[100,99],"class_list":{"0":"post-1871","1":"product","2":"type-product","3":"status-publish","4":"has-post-thumbnail","6":"product_brand-waniyanpi","7":"product_cat-1-alimentacion","8":"product_cat-cremas-caldos-yogures","9":"product_tag-verano","10":"para_quien-gato","11":"para_quien-perro","13":"first","14":"instock","15":"taxable","16":"shipping-taxable","17":"purchasable","18":"product-type-simple"},"yoast_head":"<!-- This site is optimized with the Yoast SEO plugin v27.4 - https:\/\/yoast.com\/product\/yoast-seo-wordpress\/ -->\n<title>Daikidoggy \u2013 Cocktail Veraniego para perros y gatos - Ringo &amp; Otto<\/title>\n<meta name=\"robots\" content=\"index, follow, max-snippet:-1, max-image-preview:large, max-video-preview:-1\" \/>\n<link rel=\"canonical\" href=\"https:\/\/ringoyotto.com\/en\/product\/daikidoggy-cocktail-veraniego-para-perros-y-gatos\/\" \/>\n<meta property=\"og:locale\" content=\"en_GB\" \/>\n<meta property=\"og:type\" content=\"article\" \/>\n<meta property=\"og:title\" content=\"Daikidoggy \u2013 Cocktail Veraniego para perros y gatos - Ringo &amp; Otto\" \/>\n<meta property=\"og:description\" content=\"Caldo de Ternera, Remolacha, romero y frutos rojos.  Indicado para ayudar a la hidrataci\u00f3n y refuerzo inmunitario para gatos y perros a partir de 3 meses de edad, reponiendo electrolitos y aportando valiosos oligoelementos y nutrientes como amino\u00e1cidos esenciales para la formaci\u00f3n de col\u00e1geno.  24o ml\" \/>\n<meta property=\"og:url\" content=\"https:\/\/ringoyotto.com\/en\/product\/daikidoggy-cocktail-veraniego-para-perros-y-gatos\/\" \/>\n<meta property=\"og:site_name\" content=\"Ringo &amp; Otto\" \/>\n<meta property=\"article:publisher\" content=\"https:\/\/www.facebook.com\/ringoyotto\" \/>\n<meta property=\"article:modified_time\" content=\"2025-06-23T12:12:52+00:00\" \/>\n<meta property=\"og:image\" content=\"https:\/\/ringoyotto.com\/wp-content\/uploads\/2025\/06\/daikiri-para-perro.png\" \/>\n\t<meta property=\"og:image:width\" content=\"1080\" \/>\n\t<meta property=\"og:image:height\" content=\"1080\" \/>\n\t<meta property=\"og:image:type\" content=\"image\/png\" \/>\n<meta name=\"twitter:card\" content=\"summary_large_image\" \/>\n<meta name=\"twitter:label1\" content=\"Estimated reading time\" \/>\n\t<meta name=\"twitter:data1\" content=\"1 minute\" \/>\n<script type=\"application\/ld+json\" class=\"yoast-schema-graph\">{\"@context\":\"https:\\\/\\\/schema.org\",\"@graph\":[{\"@type\":\"WebPage\",\"@id\":\"https:\\\/\\\/ringoyotto.com\\\/producto\\\/daikidoggy-cocktail-veraniego-para-perros-y-gatos\\\/\",\"url\":\"https:\\\/\\\/ringoyotto.com\\\/producto\\\/daikidoggy-cocktail-veraniego-para-perros-y-gatos\\\/\",\"name\":\"Daikidoggy \u2013 Cocktail Veraniego para perros y gatos - Ringo &amp; Otto\",\"isPartOf\":{\"@id\":\"https:\\\/\\\/ringoyotto.com\\\/#website\"},\"primaryImageOfPage\":{\"@id\":\"https:\\\/\\\/ringoyotto.com\\\/producto\\\/daikidoggy-cocktail-veraniego-para-perros-y-gatos\\\/#primaryimage\"},\"image\":{\"@id\":\"https:\\\/\\\/ringoyotto.com\\\/producto\\\/daikidoggy-cocktail-veraniego-para-perros-y-gatos\\\/#primaryimage\"},\"thumbnailUrl\":\"https:\\\/\\\/ringoyotto.com\\\/wp-content\\\/uploads\\\/2025\\\/06\\\/daikiri-para-perro.png\",\"datePublished\":\"2025-06-19T10:41:22+00:00\",\"dateModified\":\"2025-06-23T12:12:52+00:00\",\"breadcrumb\":{\"@id\":\"https:\\\/\\\/ringoyotto.com\\\/producto\\\/daikidoggy-cocktail-veraniego-para-perros-y-gatos\\\/#breadcrumb\"},\"inLanguage\":\"en-GB\",\"potentialAction\":[{\"@type\":\"ReadAction\",\"target\":[\"https:\\\/\\\/ringoyotto.com\\\/producto\\\/daikidoggy-cocktail-veraniego-para-perros-y-gatos\\\/\"]}]},{\"@type\":\"ImageObject\",\"inLanguage\":\"en-GB\",\"@id\":\"https:\\\/\\\/ringoyotto.com\\\/producto\\\/daikidoggy-cocktail-veraniego-para-perros-y-gatos\\\/#primaryimage\",\"url\":\"https:\\\/\\\/ringoyotto.com\\\/wp-content\\\/uploads\\\/2025\\\/06\\\/daikiri-para-perro.png\",\"contentUrl\":\"https:\\\/\\\/ringoyotto.com\\\/wp-content\\\/uploads\\\/2025\\\/06\\\/daikiri-para-perro.png\",\"width\":1080,\"height\":1080},{\"@type\":\"BreadcrumbList\",\"@id\":\"https:\\\/\\\/ringoyotto.com\\\/producto\\\/daikidoggy-cocktail-veraniego-para-perros-y-gatos\\\/#breadcrumb\",\"itemListElement\":[{\"@type\":\"ListItem\",\"position\":1,\"name\":\"Portada\",\"item\":\"https:\\\/\\\/ringoyotto.com\\\/\"},{\"@type\":\"ListItem\",\"position\":2,\"name\":\"Tienda\",\"item\":\"https:\\\/\\\/ringoyotto.com\\\/tienda\\\/\"},{\"@type\":\"ListItem\",\"position\":3,\"name\":\"Daikidoggy \u2013 Cocktail Veraniego para perros y gatos\"}]},{\"@type\":\"WebSite\",\"@id\":\"https:\\\/\\\/ringoyotto.com\\\/#website\",\"url\":\"https:\\\/\\\/ringoyotto.com\\\/\",\"name\":\"Ringo & Otto\",\"description\":\"Productos para perros y gatos\",\"publisher\":{\"@id\":\"https:\\\/\\\/ringoyotto.com\\\/#organization\"},\"potentialAction\":[{\"@type\":\"SearchAction\",\"target\":{\"@type\":\"EntryPoint\",\"urlTemplate\":\"https:\\\/\\\/ringoyotto.com\\\/?s={search_term_string}\"},\"query-input\":{\"@type\":\"PropertyValueSpecification\",\"valueRequired\":true,\"valueName\":\"search_term_string\"}}],\"inLanguage\":\"en-GB\"},{\"@type\":\"Organization\",\"@id\":\"https:\\\/\\\/ringoyotto.com\\\/#organization\",\"name\":\"Ringo & Otto\",\"url\":\"https:\\\/\\\/ringoyotto.com\\\/\",\"logo\":{\"@type\":\"ImageObject\",\"inLanguage\":\"en-GB\",\"@id\":\"https:\\\/\\\/ringoyotto.com\\\/#\\\/schema\\\/logo\\\/image\\\/\",\"url\":\"https:\\\/\\\/ringoyotto.com\\\/wp-content\\\/uploads\\\/2024\\\/09\\\/167919506_134587955336806_6223653715767570006_n-removebg-preview.png\",\"contentUrl\":\"https:\\\/\\\/ringoyotto.com\\\/wp-content\\\/uploads\\\/2024\\\/09\\\/167919506_134587955336806_6223653715767570006_n-removebg-preview.png\",\"width\":568,\"height\":439,\"caption\":\"Ringo & Otto\"},\"image\":{\"@id\":\"https:\\\/\\\/ringoyotto.com\\\/#\\\/schema\\\/logo\\\/image\\\/\"},\"sameAs\":[\"https:\\\/\\\/www.facebook.com\\\/ringoyotto\",\"https:\\\/\\\/www.instagram.com\\\/ringoyotto\\\/?hl=es\",\"https:\\\/\\\/www.tiktok.com\\\/@ringoyotto\"]}]}<\/script>\n<!-- \/ Yoast SEO plugin. -->","yoast_head_json":{"title":"Daikidoggy \u2013 Cocktail Veraniego para perros y gatos - Ringo &amp; Otto","robots":{"index":"index","follow":"follow","max-snippet":"max-snippet:-1","max-image-preview":"max-image-preview:large","max-video-preview":"max-video-preview:-1"},"canonical":"https:\/\/ringoyotto.com\/en\/product\/daikidoggy-cocktail-veraniego-para-perros-y-gatos\/","og_locale":"en_GB","og_type":"article","og_title":"Daikidoggy \u2013 Cocktail Veraniego para perros y gatos - Ringo &amp; Otto","og_description":"Caldo de Ternera, Remolacha, romero y frutos rojos.  Indicado para ayudar a la hidrataci\u00f3n y refuerzo inmunitario para gatos y perros a partir de 3 meses de edad, reponiendo electrolitos y aportando valiosos oligoelementos y nutrientes como amino\u00e1cidos esenciales para la formaci\u00f3n de col\u00e1geno.  24o ml","og_url":"https:\/\/ringoyotto.com\/en\/product\/daikidoggy-cocktail-veraniego-para-perros-y-gatos\/","og_site_name":"Ringo &amp; Otto","article_publisher":"https:\/\/www.facebook.com\/ringoyotto","article_modified_time":"2025-06-23T12:12:52+00:00","og_image":[{"width":1080,"height":1080,"url":"https:\/\/ringoyotto.com\/wp-content\/uploads\/2025\/06\/daikiri-para-perro.png","type":"image\/png"}],"twitter_card":"summary_large_image","twitter_misc":{"Estimated reading time":"1 minute"},"schema":{"@context":"https:\/\/schema.org","@graph":[{"@type":"WebPage","@id":"https:\/\/ringoyotto.com\/producto\/daikidoggy-cocktail-veraniego-para-perros-y-gatos\/","url":"https:\/\/ringoyotto.com\/producto\/daikidoggy-cocktail-veraniego-para-perros-y-gatos\/","name":"Daikidoggy \u2013 Cocktail Veraniego para perros y gatos - Ringo &amp; Otto","isPartOf":{"@id":"https:\/\/ringoyotto.com\/#website"},"primaryImageOfPage":{"@id":"https:\/\/ringoyotto.com\/producto\/daikidoggy-cocktail-veraniego-para-perros-y-gatos\/#primaryimage"},"image":{"@id":"https:\/\/ringoyotto.com\/producto\/daikidoggy-cocktail-veraniego-para-perros-y-gatos\/#primaryimage"},"thumbnailUrl":"https:\/\/ringoyotto.com\/wp-content\/uploads\/2025\/06\/daikiri-para-perro.png","datePublished":"2025-06-19T10:41:22+00:00","dateModified":"2025-06-23T12:12:52+00:00","breadcrumb":{"@id":"https:\/\/ringoyotto.com\/producto\/daikidoggy-cocktail-veraniego-para-perros-y-gatos\/#breadcrumb"},"inLanguage":"en-GB","potentialAction":[{"@type":"ReadAction","target":["https:\/\/ringoyotto.com\/producto\/daikidoggy-cocktail-veraniego-para-perros-y-gatos\/"]}]},{"@type":"ImageObject","inLanguage":"en-GB","@id":"https:\/\/ringoyotto.com\/producto\/daikidoggy-cocktail-veraniego-para-perros-y-gatos\/#primaryimage","url":"https:\/\/ringoyotto.com\/wp-content\/uploads\/2025\/06\/daikiri-para-perro.png","contentUrl":"https:\/\/ringoyotto.com\/wp-content\/uploads\/2025\/06\/daikiri-para-perro.png","width":1080,"height":1080},{"@type":"BreadcrumbList","@id":"https:\/\/ringoyotto.com\/producto\/daikidoggy-cocktail-veraniego-para-perros-y-gatos\/#breadcrumb","itemListElement":[{"@type":"ListItem","position":1,"name":"Portada","item":"https:\/\/ringoyotto.com\/"},{"@type":"ListItem","position":2,"name":"Tienda","item":"https:\/\/ringoyotto.com\/tienda\/"},{"@type":"ListItem","position":3,"name":"Daikidoggy \u2013 Cocktail Veraniego para perros y gatos"}]},{"@type":"WebSite","@id":"https:\/\/ringoyotto.com\/#website","url":"https:\/\/ringoyotto.com\/","name":"Ringo & Otto","description":"Productos para perros y gatos","publisher":{"@id":"https:\/\/ringoyotto.com\/#organization"},"potentialAction":[{"@type":"SearchAction","target":{"@type":"EntryPoint","urlTemplate":"https:\/\/ringoyotto.com\/?s={search_term_string}"},"query-input":{"@type":"PropertyValueSpecification","valueRequired":true,"valueName":"search_term_string"}}],"inLanguage":"en-GB"},{"@type":"Organization","@id":"https:\/\/ringoyotto.com\/#organization","name":"Ringo & Otto","url":"https:\/\/ringoyotto.com\/","logo":{"@type":"ImageObject","inLanguage":"en-GB","@id":"https:\/\/ringoyotto.com\/#\/schema\/logo\/image\/","url":"https:\/\/ringoyotto.com\/wp-content\/uploads\/2024\/09\/167919506_134587955336806_6223653715767570006_n-removebg-preview.png","contentUrl":"https:\/\/ringoyotto.com\/wp-content\/uploads\/2024\/09\/167919506_134587955336806_6223653715767570006_n-removebg-preview.png","width":568,"height":439,"caption":"Ringo & Otto"},"image":{"@id":"https:\/\/ringoyotto.com\/#\/schema\/logo\/image\/"},"sameAs":["https:\/\/www.facebook.com\/ringoyotto","https:\/\/www.instagram.com\/ringoyotto\/?hl=es","https:\/\/www.tiktok.com\/@ringoyotto"]}]}},"_links":{"self":[{"href":"https:\/\/ringoyotto.com\/en\/wp-json\/wp\/v2\/product\/1871","targetHints":{"allow":["GET"]}}],"collection":[{"href":"https:\/\/ringoyotto.com\/en\/wp-json\/wp\/v2\/product"}],"about":[{"href":"https:\/\/ringoyotto.com\/en\/wp-json\/wp\/v2\/types\/product"}],"wp:featuredmedia":[{"embeddable":true,"href":"https:\/\/ringoyotto.com\/en\/wp-json\/wp\/v2\/media\/1881"}],"wp:attachment":[{"href":"https:\/\/ringoyotto.com\/en\/wp-json\/wp\/v2\/media?parent=1871"}],"wp:term":[{"taxonomy":"product_brand","embeddable":true,"href":"https:\/\/ringoyotto.com\/en\/wp-json\/wp\/v2\/product_brand?post=1871"},{"taxonomy":"product_cat","embeddable":true,"href":"https:\/\/ringoyotto.com\/en\/wp-json\/wp\/v2\/product_cat?post=1871"},{"taxonomy":"product_tag","embeddable":true,"href":"https:\/\/ringoyotto.com\/en\/wp-json\/wp\/v2\/product_tag?post=1871"},{"taxonomy":"para_quien","embeddable":true,"href":"https:\/\/ringoyotto.com\/en\/wp-json\/wp\/v2\/para_quien?post=1871"}],"curies":[{"name":"wp","href":"https:\/\/api.w.org\/{rel}","templated":true}]}}