{"id":1953,"date":"2026-01-14T19:50:42","date_gmt":"2026-01-14T18:50:42","guid":{"rendered":"https:\/\/ringoyotto.com\/?post_type=product&#038;p=1953"},"modified":"2026-04-11T12:29:01","modified_gmt":"2026-04-11T10:29:01","slug":"lata-de-conejo-con-calabaza","status":"publish","type":"product","link":"https:\/\/ringoyotto.com\/en\/product\/lata-de-conejo-con-calabaza\/","title":{"rendered":"Lata de conejo con calabaza"},"content":{"rendered":"<div class=\"ff-ff_short_desc_Q6g7PW-short_desc ff-main-product_short-description-container\">La latas de conejo de Natuka son una excelente opci\u00f3n para perros con tendencia a problemas digestivos. Adem\u00e1s, su receta es baja en grasa, por lo que son una opci\u00f3n perfecta\u00a0para perros con sobrepeso o dietas espec\u00edficas.<\/div>\n<div><\/div>\n<div>Alimento completo para perro.<\/div>\n<div><\/div>\n<div><\/div>\n<div><\/div>\n<div><strong>Composici\u00f3n:<\/strong><\/div>\n<div>\n<div class=\"swiper-slide ff-main-product_info_ingredient swiper-slide-active\" role=\"group\" aria-label=\"1 \/ 12\">\n<p>Carne de conejo (50%), calabaza (4%), patata (4%), manzana (4%), aceite de linaza (1%), semillas de hinojo (1%); espino amarillo, extracto de\u00a0<em data-end=\"1008\" data-start=\"990\">Yucca schidigera<\/em>, fructooligosac\u00e1ridos (FOS).<\/p>\n<p><strong>Composici\u00f3n anal\u00edtica:<\/strong><\/p>\n<p>Prote\u00ednas: 6,4%, Grasas: 3,1%, Carbohidratos: 1,7%, Fibra: 0,86%, Cenizas: 3,25%, Humedad: 84,67%<\/p>\n<\/div>\n<p><img fetchpriority=\"high\" decoding=\"async\" class=\"alignnone size-medium wp-image-1932\" src=\"https:\/\/ringoyotto.com\/wp-content\/uploads\/2025\/10\/Captura-de-pantalla-2025-10-31-201853-238x300.jpg\" alt=\"\" width=\"238\" height=\"300\" srcset=\"https:\/\/ringoyotto.com\/wp-content\/uploads\/2025\/10\/Captura-de-pantalla-2025-10-31-201853-238x300.jpg 238w, https:\/\/ringoyotto.com\/wp-content\/uploads\/2025\/10\/Captura-de-pantalla-2025-10-31-201853-10x12.jpg 10w, https:\/\/ringoyotto.com\/wp-content\/uploads\/2025\/10\/Captura-de-pantalla-2025-10-31-201853-600x755.jpg 600w, https:\/\/ringoyotto.com\/wp-content\/uploads\/2025\/10\/Captura-de-pantalla-2025-10-31-201853.jpg 661w\" sizes=\"(max-width: 238px) 100vw, 238px\" \/><\/p>\n<\/div>","protected":false},"excerpt":{"rendered":"<p><span class=\"metafield-multi_line_text_field\">Comida natural para perros elaborada con carne de conejo e ingredientes 100 % naturales y de alta calidad, cocinada al vapor. Alimento completo, monoproteico y sin hueso, que sentar\u00e1 bien hasta a los peludos m\u00e1s delicados.<\/span><\/p>\n<p>400 gr.<\/p>","protected":false},"featured_media":1954,"template":"","meta":[],"product_brand":[119],"product_cat":[23,24],"product_tag":[],"para_quien":[99],"class_list":{"0":"post-1953","1":"product","2":"type-product","3":"status-publish","4":"has-post-thumbnail","6":"product_brand-natuka","7":"product_cat-1-alimentacion","8":"product_cat-comida-humeda","9":"para_quien-perro","11":"first","12":"instock","13":"taxable","14":"shipping-taxable","15":"purchasable","16":"product-type-simple"},"yoast_head":"<!-- This site is optimized with the Yoast SEO plugin v27.4 - https:\/\/yoast.com\/product\/yoast-seo-wordpress\/ -->\n<title>Lata de conejo con calabaza - Ringo &amp; Otto<\/title>\n<meta name=\"robots\" content=\"index, follow, max-snippet:-1, max-image-preview:large, max-video-preview:-1\" \/>\n<link rel=\"canonical\" href=\"https:\/\/ringoyotto.com\/en\/product\/lata-de-conejo-con-calabaza\/\" \/>\n<meta property=\"og:locale\" content=\"en_GB\" \/>\n<meta property=\"og:type\" content=\"article\" \/>\n<meta property=\"og:title\" content=\"Lata de conejo con calabaza - Ringo &amp; Otto\" \/>\n<meta property=\"og:description\" content=\"Comida natural para perros elaborada con carne de conejo e ingredientes 100 % naturales y de alta calidad, cocinada al vapor. Alimento completo, monoproteico y sin hueso, que sentar\u00e1 bien hasta a los peludos m\u00e1s delicados.  400 gr.\" \/>\n<meta property=\"og:url\" content=\"https:\/\/ringoyotto.com\/en\/product\/lata-de-conejo-con-calabaza\/\" \/>\n<meta property=\"og:site_name\" content=\"Ringo &amp; Otto\" \/>\n<meta property=\"article:publisher\" content=\"https:\/\/www.facebook.com\/ringoyotto\" \/>\n<meta property=\"article:modified_time\" content=\"2026-04-11T10:29:01+00:00\" \/>\n<meta property=\"og:image\" content=\"https:\/\/ringoyotto.com\/wp-content\/uploads\/2026\/01\/Natuka-lata-conejo.webp\" \/>\n\t<meta property=\"og:image:width\" content=\"1080\" \/>\n\t<meta property=\"og:image:height\" content=\"1080\" \/>\n\t<meta property=\"og:image:type\" content=\"image\/webp\" \/>\n<meta name=\"twitter:card\" content=\"summary_large_image\" \/>\n<meta name=\"twitter:label1\" content=\"Estimated reading time\" \/>\n\t<meta name=\"twitter:data1\" content=\"1 minute\" \/>\n<script type=\"application\/ld+json\" class=\"yoast-schema-graph\">{\"@context\":\"https:\\\/\\\/schema.org\",\"@graph\":[{\"@type\":\"WebPage\",\"@id\":\"https:\\\/\\\/ringoyotto.com\\\/producto\\\/lata-de-conejo-con-calabaza\\\/\",\"url\":\"https:\\\/\\\/ringoyotto.com\\\/producto\\\/lata-de-conejo-con-calabaza\\\/\",\"name\":\"Lata de conejo con calabaza - Ringo &amp; Otto\",\"isPartOf\":{\"@id\":\"https:\\\/\\\/ringoyotto.com\\\/#website\"},\"primaryImageOfPage\":{\"@id\":\"https:\\\/\\\/ringoyotto.com\\\/producto\\\/lata-de-conejo-con-calabaza\\\/#primaryimage\"},\"image\":{\"@id\":\"https:\\\/\\\/ringoyotto.com\\\/producto\\\/lata-de-conejo-con-calabaza\\\/#primaryimage\"},\"thumbnailUrl\":\"https:\\\/\\\/ringoyotto.com\\\/wp-content\\\/uploads\\\/2026\\\/01\\\/Natuka-lata-conejo.webp\",\"datePublished\":\"2026-01-14T18:50:42+00:00\",\"dateModified\":\"2026-04-11T10:29:01+00:00\",\"breadcrumb\":{\"@id\":\"https:\\\/\\\/ringoyotto.com\\\/producto\\\/lata-de-conejo-con-calabaza\\\/#breadcrumb\"},\"inLanguage\":\"en-GB\",\"potentialAction\":[{\"@type\":\"ReadAction\",\"target\":[\"https:\\\/\\\/ringoyotto.com\\\/producto\\\/lata-de-conejo-con-calabaza\\\/\"]}]},{\"@type\":\"ImageObject\",\"inLanguage\":\"en-GB\",\"@id\":\"https:\\\/\\\/ringoyotto.com\\\/producto\\\/lata-de-conejo-con-calabaza\\\/#primaryimage\",\"url\":\"https:\\\/\\\/ringoyotto.com\\\/wp-content\\\/uploads\\\/2026\\\/01\\\/Natuka-lata-conejo.webp\",\"contentUrl\":\"https:\\\/\\\/ringoyotto.com\\\/wp-content\\\/uploads\\\/2026\\\/01\\\/Natuka-lata-conejo.webp\",\"width\":1080,\"height\":1080},{\"@type\":\"BreadcrumbList\",\"@id\":\"https:\\\/\\\/ringoyotto.com\\\/producto\\\/lata-de-conejo-con-calabaza\\\/#breadcrumb\",\"itemListElement\":[{\"@type\":\"ListItem\",\"position\":1,\"name\":\"Portada\",\"item\":\"https:\\\/\\\/ringoyotto.com\\\/\"},{\"@type\":\"ListItem\",\"position\":2,\"name\":\"Tienda\",\"item\":\"https:\\\/\\\/ringoyotto.com\\\/tienda\\\/\"},{\"@type\":\"ListItem\",\"position\":3,\"name\":\"Lata de conejo con calabaza\"}]},{\"@type\":\"WebSite\",\"@id\":\"https:\\\/\\\/ringoyotto.com\\\/#website\",\"url\":\"https:\\\/\\\/ringoyotto.com\\\/\",\"name\":\"Ringo & Otto\",\"description\":\"Productos para perros y gatos\",\"publisher\":{\"@id\":\"https:\\\/\\\/ringoyotto.com\\\/#organization\"},\"potentialAction\":[{\"@type\":\"SearchAction\",\"target\":{\"@type\":\"EntryPoint\",\"urlTemplate\":\"https:\\\/\\\/ringoyotto.com\\\/?s={search_term_string}\"},\"query-input\":{\"@type\":\"PropertyValueSpecification\",\"valueRequired\":true,\"valueName\":\"search_term_string\"}}],\"inLanguage\":\"en-GB\"},{\"@type\":\"Organization\",\"@id\":\"https:\\\/\\\/ringoyotto.com\\\/#organization\",\"name\":\"Ringo & Otto\",\"url\":\"https:\\\/\\\/ringoyotto.com\\\/\",\"logo\":{\"@type\":\"ImageObject\",\"inLanguage\":\"en-GB\",\"@id\":\"https:\\\/\\\/ringoyotto.com\\\/#\\\/schema\\\/logo\\\/image\\\/\",\"url\":\"https:\\\/\\\/ringoyotto.com\\\/wp-content\\\/uploads\\\/2024\\\/09\\\/167919506_134587955336806_6223653715767570006_n-removebg-preview.png\",\"contentUrl\":\"https:\\\/\\\/ringoyotto.com\\\/wp-content\\\/uploads\\\/2024\\\/09\\\/167919506_134587955336806_6223653715767570006_n-removebg-preview.png\",\"width\":568,\"height\":439,\"caption\":\"Ringo & Otto\"},\"image\":{\"@id\":\"https:\\\/\\\/ringoyotto.com\\\/#\\\/schema\\\/logo\\\/image\\\/\"},\"sameAs\":[\"https:\\\/\\\/www.facebook.com\\\/ringoyotto\",\"https:\\\/\\\/www.instagram.com\\\/ringoyotto\\\/?hl=es\",\"https:\\\/\\\/www.tiktok.com\\\/@ringoyotto\"]}]}<\/script>\n<!-- \/ Yoast SEO plugin. -->","yoast_head_json":{"title":"Lata de conejo con calabaza - Ringo &amp; Otto","robots":{"index":"index","follow":"follow","max-snippet":"max-snippet:-1","max-image-preview":"max-image-preview:large","max-video-preview":"max-video-preview:-1"},"canonical":"https:\/\/ringoyotto.com\/en\/product\/lata-de-conejo-con-calabaza\/","og_locale":"en_GB","og_type":"article","og_title":"Lata de conejo con calabaza - Ringo &amp; Otto","og_description":"Comida natural para perros elaborada con carne de conejo e ingredientes 100 % naturales y de alta calidad, cocinada al vapor. Alimento completo, monoproteico y sin hueso, que sentar\u00e1 bien hasta a los peludos m\u00e1s delicados.  400 gr.","og_url":"https:\/\/ringoyotto.com\/en\/product\/lata-de-conejo-con-calabaza\/","og_site_name":"Ringo &amp; Otto","article_publisher":"https:\/\/www.facebook.com\/ringoyotto","article_modified_time":"2026-04-11T10:29:01+00:00","og_image":[{"width":1080,"height":1080,"url":"https:\/\/ringoyotto.com\/wp-content\/uploads\/2026\/01\/Natuka-lata-conejo.webp","type":"image\/webp"}],"twitter_card":"summary_large_image","twitter_misc":{"Estimated reading time":"1 minute"},"schema":{"@context":"https:\/\/schema.org","@graph":[{"@type":"WebPage","@id":"https:\/\/ringoyotto.com\/producto\/lata-de-conejo-con-calabaza\/","url":"https:\/\/ringoyotto.com\/producto\/lata-de-conejo-con-calabaza\/","name":"Lata de conejo con calabaza - Ringo &amp; Otto","isPartOf":{"@id":"https:\/\/ringoyotto.com\/#website"},"primaryImageOfPage":{"@id":"https:\/\/ringoyotto.com\/producto\/lata-de-conejo-con-calabaza\/#primaryimage"},"image":{"@id":"https:\/\/ringoyotto.com\/producto\/lata-de-conejo-con-calabaza\/#primaryimage"},"thumbnailUrl":"https:\/\/ringoyotto.com\/wp-content\/uploads\/2026\/01\/Natuka-lata-conejo.webp","datePublished":"2026-01-14T18:50:42+00:00","dateModified":"2026-04-11T10:29:01+00:00","breadcrumb":{"@id":"https:\/\/ringoyotto.com\/producto\/lata-de-conejo-con-calabaza\/#breadcrumb"},"inLanguage":"en-GB","potentialAction":[{"@type":"ReadAction","target":["https:\/\/ringoyotto.com\/producto\/lata-de-conejo-con-calabaza\/"]}]},{"@type":"ImageObject","inLanguage":"en-GB","@id":"https:\/\/ringoyotto.com\/producto\/lata-de-conejo-con-calabaza\/#primaryimage","url":"https:\/\/ringoyotto.com\/wp-content\/uploads\/2026\/01\/Natuka-lata-conejo.webp","contentUrl":"https:\/\/ringoyotto.com\/wp-content\/uploads\/2026\/01\/Natuka-lata-conejo.webp","width":1080,"height":1080},{"@type":"BreadcrumbList","@id":"https:\/\/ringoyotto.com\/producto\/lata-de-conejo-con-calabaza\/#breadcrumb","itemListElement":[{"@type":"ListItem","position":1,"name":"Portada","item":"https:\/\/ringoyotto.com\/"},{"@type":"ListItem","position":2,"name":"Tienda","item":"https:\/\/ringoyotto.com\/tienda\/"},{"@type":"ListItem","position":3,"name":"Lata de conejo con calabaza"}]},{"@type":"WebSite","@id":"https:\/\/ringoyotto.com\/#website","url":"https:\/\/ringoyotto.com\/","name":"Ringo & Otto","description":"Productos para perros y gatos","publisher":{"@id":"https:\/\/ringoyotto.com\/#organization"},"potentialAction":[{"@type":"SearchAction","target":{"@type":"EntryPoint","urlTemplate":"https:\/\/ringoyotto.com\/?s={search_term_string}"},"query-input":{"@type":"PropertyValueSpecification","valueRequired":true,"valueName":"search_term_string"}}],"inLanguage":"en-GB"},{"@type":"Organization","@id":"https:\/\/ringoyotto.com\/#organization","name":"Ringo & Otto","url":"https:\/\/ringoyotto.com\/","logo":{"@type":"ImageObject","inLanguage":"en-GB","@id":"https:\/\/ringoyotto.com\/#\/schema\/logo\/image\/","url":"https:\/\/ringoyotto.com\/wp-content\/uploads\/2024\/09\/167919506_134587955336806_6223653715767570006_n-removebg-preview.png","contentUrl":"https:\/\/ringoyotto.com\/wp-content\/uploads\/2024\/09\/167919506_134587955336806_6223653715767570006_n-removebg-preview.png","width":568,"height":439,"caption":"Ringo & Otto"},"image":{"@id":"https:\/\/ringoyotto.com\/#\/schema\/logo\/image\/"},"sameAs":["https:\/\/www.facebook.com\/ringoyotto","https:\/\/www.instagram.com\/ringoyotto\/?hl=es","https:\/\/www.tiktok.com\/@ringoyotto"]}]}},"_links":{"self":[{"href":"https:\/\/ringoyotto.com\/en\/wp-json\/wp\/v2\/product\/1953","targetHints":{"allow":["GET"]}}],"collection":[{"href":"https:\/\/ringoyotto.com\/en\/wp-json\/wp\/v2\/product"}],"about":[{"href":"https:\/\/ringoyotto.com\/en\/wp-json\/wp\/v2\/types\/product"}],"wp:featuredmedia":[{"embeddable":true,"href":"https:\/\/ringoyotto.com\/en\/wp-json\/wp\/v2\/media\/1954"}],"wp:attachment":[{"href":"https:\/\/ringoyotto.com\/en\/wp-json\/wp\/v2\/media?parent=1953"}],"wp:term":[{"taxonomy":"product_brand","embeddable":true,"href":"https:\/\/ringoyotto.com\/en\/wp-json\/wp\/v2\/product_brand?post=1953"},{"taxonomy":"product_cat","embeddable":true,"href":"https:\/\/ringoyotto.com\/en\/wp-json\/wp\/v2\/product_cat?post=1953"},{"taxonomy":"product_tag","embeddable":true,"href":"https:\/\/ringoyotto.com\/en\/wp-json\/wp\/v2\/product_tag?post=1953"},{"taxonomy":"para_quien","embeddable":true,"href":"https:\/\/ringoyotto.com\/en\/wp-json\/wp\/v2\/para_quien?post=1953"}],"curies":[{"name":"wp","href":"https:\/\/api.w.org\/{rel}","templated":true}]}}