{"id":733,"date":"2024-11-05T22:33:16","date_gmt":"2024-11-05T22:33:16","guid":{"rendered":"https:\/\/ringoyotto.com\/producto\/pienso-harper-and-bone-para-gatos-esterilizados-fresh-market\/"},"modified":"2025-05-10T18:05:55","modified_gmt":"2025-05-10T16:05:55","slug":"pienso-harper-and-bone-para-gatos-esterilizados-fresh-market","status":"publish","type":"product","link":"https:\/\/ringoyotto.com\/en\/product\/pienso-harper-and-bone-para-gatos-esterilizados-fresh-market\/","title":{"rendered":"Pienso Harper and Bone para gatos esterilizados: Fresh Market"},"content":{"rendered":"<p>COMPOSICI\u00d3N: cerdo ib\u00e9rico deshidratado 13,7%, cerdo ib\u00e9rico deshuesado preparado en fresco 12,3%, guisantes verdes enteros, pavo deshidratado 10,2%, patata deshidratada, fibra de manzana, pato deshuesado preparado en fresco 4%, pulpa de remolacha, h\u00edgado de cordero preparado en fresco 3,9%, pavo deshuesado preparado en fresco 3,9%, cordero deshidratado 3,9%, h\u00edgado de pavo preparado en fresco 3,9%, h\u00edgado de pollo hidrolizado 2%, semillas de lino (fuente natural de \u00e1cidos grasos \u03c93) 1,1%, aceite de pollo (protegido con tocoferoles naturales) 0,8%, levaduras (Saccharomyces cerevisiae), aceite de pescado (protegido con tocoferoles naturales) 0,4%, minerales, br\u00f3coli fresco 1000 mg\/kg, calabaza fresca 1000 mg\/kg, zanahorias frescas 1000 mg\/kg, manzanas frescas 1000 mg\/kg, pared celular hidrolizada de levaduras (fuente de MOS) 1000 mg\/kg, achicoria (fuente de FOS) 1000 mg\/kg, glucosamina 500 mg\/ kg, extracto de mandarina 500 mg\/kg, condroitina 300 mg\/kg, Yucca schidigera 200 mg\/kg, alga kelp 30 mg\/kg, ar\u00e1ndanos rojos enteros 30 mg\/kg, rosa canina (rica en vitamina C) 30 mg\/kg, t\u00e9 verde 30 mg\/kg, c\u00farcuma 30 mg\/kg.<\/p>","protected":false},"excerpt":{"rendered":"<p>2 kilos Alimentaci\u00f3n completa para gatos sin cerecales<\/p>","protected":false},"featured_media":676,"template":"","meta":[],"product_brand":[91],"product_cat":[25],"product_tag":[],"para_quien":[100],"class_list":{"0":"post-733","1":"product","2":"type-product","3":"status-publish","4":"has-post-thumbnail","6":"product_brand-harper-bone","7":"product_cat-comida-seca","8":"para_quien-gato","10":"first","11":"instock","12":"taxable","13":"shipping-taxable","14":"purchasable","15":"product-type-simple"},"yoast_head":"<!-- This site is optimized with the Yoast SEO plugin v27.4 - https:\/\/yoast.com\/product\/yoast-seo-wordpress\/ -->\n<title>Pienso Harper and Bone para gatos esterilizados: Fresh Market - Ringo &amp; Otto<\/title>\n<meta name=\"robots\" content=\"index, follow, max-snippet:-1, max-image-preview:large, max-video-preview:-1\" \/>\n<link rel=\"canonical\" href=\"https:\/\/ringoyotto.com\/en\/product\/pienso-harper-and-bone-para-gatos-esterilizados-fresh-market\/\" \/>\n<meta property=\"og:locale\" content=\"en_GB\" \/>\n<meta property=\"og:type\" content=\"article\" \/>\n<meta property=\"og:title\" content=\"Pienso Harper and Bone para gatos esterilizados: Fresh Market - Ringo &amp; Otto\" \/>\n<meta property=\"og:description\" content=\"2 kilos Alimentaci\u00f3n completa para gatos sin cerecales\" \/>\n<meta property=\"og:url\" content=\"https:\/\/ringoyotto.com\/en\/product\/pienso-harper-and-bone-para-gatos-esterilizados-fresh-market\/\" \/>\n<meta property=\"og:site_name\" content=\"Ringo &amp; Otto\" \/>\n<meta property=\"article:publisher\" content=\"https:\/\/www.facebook.com\/ringoyotto\" \/>\n<meta property=\"article:modified_time\" content=\"2025-05-10T16:05:55+00:00\" \/>\n<meta property=\"og:image\" content=\"https:\/\/ringoyotto.com\/wp-content\/uploads\/2024\/11\/Imagen15-removebg-preview.png\" \/>\n\t<meta property=\"og:image:width\" content=\"397\" \/>\n\t<meta property=\"og:image:height\" content=\"628\" \/>\n\t<meta property=\"og:image:type\" content=\"image\/png\" \/>\n<meta name=\"twitter:card\" content=\"summary_large_image\" \/>\n<meta name=\"twitter:label1\" content=\"Estimated reading time\" \/>\n\t<meta name=\"twitter:data1\" content=\"1 minute\" \/>\n<script type=\"application\/ld+json\" class=\"yoast-schema-graph\">{\"@context\":\"https:\\\/\\\/schema.org\",\"@graph\":[{\"@type\":\"WebPage\",\"@id\":\"https:\\\/\\\/ringoyotto.com\\\/producto\\\/pienso-harper-and-bone-para-gatos-esterilizados-fresh-market\\\/\",\"url\":\"https:\\\/\\\/ringoyotto.com\\\/producto\\\/pienso-harper-and-bone-para-gatos-esterilizados-fresh-market\\\/\",\"name\":\"Pienso Harper and Bone para gatos esterilizados: Fresh Market - Ringo &amp; Otto\",\"isPartOf\":{\"@id\":\"https:\\\/\\\/ringoyotto.com\\\/#website\"},\"primaryImageOfPage\":{\"@id\":\"https:\\\/\\\/ringoyotto.com\\\/producto\\\/pienso-harper-and-bone-para-gatos-esterilizados-fresh-market\\\/#primaryimage\"},\"image\":{\"@id\":\"https:\\\/\\\/ringoyotto.com\\\/producto\\\/pienso-harper-and-bone-para-gatos-esterilizados-fresh-market\\\/#primaryimage\"},\"thumbnailUrl\":\"https:\\\/\\\/ringoyotto.com\\\/wp-content\\\/uploads\\\/2024\\\/11\\\/Imagen15-removebg-preview.png\",\"datePublished\":\"2024-11-05T22:33:16+00:00\",\"dateModified\":\"2025-05-10T16:05:55+00:00\",\"breadcrumb\":{\"@id\":\"https:\\\/\\\/ringoyotto.com\\\/producto\\\/pienso-harper-and-bone-para-gatos-esterilizados-fresh-market\\\/#breadcrumb\"},\"inLanguage\":\"en-GB\",\"potentialAction\":[{\"@type\":\"ReadAction\",\"target\":[\"https:\\\/\\\/ringoyotto.com\\\/producto\\\/pienso-harper-and-bone-para-gatos-esterilizados-fresh-market\\\/\"]}]},{\"@type\":\"ImageObject\",\"inLanguage\":\"en-GB\",\"@id\":\"https:\\\/\\\/ringoyotto.com\\\/producto\\\/pienso-harper-and-bone-para-gatos-esterilizados-fresh-market\\\/#primaryimage\",\"url\":\"https:\\\/\\\/ringoyotto.com\\\/wp-content\\\/uploads\\\/2024\\\/11\\\/Imagen15-removebg-preview.png\",\"contentUrl\":\"https:\\\/\\\/ringoyotto.com\\\/wp-content\\\/uploads\\\/2024\\\/11\\\/Imagen15-removebg-preview.png\",\"width\":397,\"height\":628},{\"@type\":\"BreadcrumbList\",\"@id\":\"https:\\\/\\\/ringoyotto.com\\\/producto\\\/pienso-harper-and-bone-para-gatos-esterilizados-fresh-market\\\/#breadcrumb\",\"itemListElement\":[{\"@type\":\"ListItem\",\"position\":1,\"name\":\"Portada\",\"item\":\"https:\\\/\\\/ringoyotto.com\\\/\"},{\"@type\":\"ListItem\",\"position\":2,\"name\":\"Tienda\",\"item\":\"https:\\\/\\\/ringoyotto.com\\\/tienda\\\/\"},{\"@type\":\"ListItem\",\"position\":3,\"name\":\"Pienso Harper and Bone para gatos esterilizados: Fresh Market\"}]},{\"@type\":\"WebSite\",\"@id\":\"https:\\\/\\\/ringoyotto.com\\\/#website\",\"url\":\"https:\\\/\\\/ringoyotto.com\\\/\",\"name\":\"Ringo & Otto\",\"description\":\"Productos para perros y gatos\",\"publisher\":{\"@id\":\"https:\\\/\\\/ringoyotto.com\\\/#organization\"},\"potentialAction\":[{\"@type\":\"SearchAction\",\"target\":{\"@type\":\"EntryPoint\",\"urlTemplate\":\"https:\\\/\\\/ringoyotto.com\\\/?s={search_term_string}\"},\"query-input\":{\"@type\":\"PropertyValueSpecification\",\"valueRequired\":true,\"valueName\":\"search_term_string\"}}],\"inLanguage\":\"en-GB\"},{\"@type\":\"Organization\",\"@id\":\"https:\\\/\\\/ringoyotto.com\\\/#organization\",\"name\":\"Ringo & Otto\",\"url\":\"https:\\\/\\\/ringoyotto.com\\\/\",\"logo\":{\"@type\":\"ImageObject\",\"inLanguage\":\"en-GB\",\"@id\":\"https:\\\/\\\/ringoyotto.com\\\/#\\\/schema\\\/logo\\\/image\\\/\",\"url\":\"https:\\\/\\\/ringoyotto.com\\\/wp-content\\\/uploads\\\/2024\\\/09\\\/167919506_134587955336806_6223653715767570006_n-removebg-preview.png\",\"contentUrl\":\"https:\\\/\\\/ringoyotto.com\\\/wp-content\\\/uploads\\\/2024\\\/09\\\/167919506_134587955336806_6223653715767570006_n-removebg-preview.png\",\"width\":568,\"height\":439,\"caption\":\"Ringo & Otto\"},\"image\":{\"@id\":\"https:\\\/\\\/ringoyotto.com\\\/#\\\/schema\\\/logo\\\/image\\\/\"},\"sameAs\":[\"https:\\\/\\\/www.facebook.com\\\/ringoyotto\",\"https:\\\/\\\/www.instagram.com\\\/ringoyotto\\\/?hl=es\",\"https:\\\/\\\/www.tiktok.com\\\/@ringoyotto\"]}]}<\/script>\n<!-- \/ Yoast SEO plugin. -->","yoast_head_json":{"title":"Pienso Harper and Bone para gatos esterilizados: Fresh Market - Ringo &amp; Otto","robots":{"index":"index","follow":"follow","max-snippet":"max-snippet:-1","max-image-preview":"max-image-preview:large","max-video-preview":"max-video-preview:-1"},"canonical":"https:\/\/ringoyotto.com\/en\/product\/pienso-harper-and-bone-para-gatos-esterilizados-fresh-market\/","og_locale":"en_GB","og_type":"article","og_title":"Pienso Harper and Bone para gatos esterilizados: Fresh Market - Ringo &amp; Otto","og_description":"2 kilos Alimentaci\u00f3n completa para gatos sin cerecales","og_url":"https:\/\/ringoyotto.com\/en\/product\/pienso-harper-and-bone-para-gatos-esterilizados-fresh-market\/","og_site_name":"Ringo &amp; Otto","article_publisher":"https:\/\/www.facebook.com\/ringoyotto","article_modified_time":"2025-05-10T16:05:55+00:00","og_image":[{"width":397,"height":628,"url":"https:\/\/ringoyotto.com\/wp-content\/uploads\/2024\/11\/Imagen15-removebg-preview.png","type":"image\/png"}],"twitter_card":"summary_large_image","twitter_misc":{"Estimated reading time":"1 minute"},"schema":{"@context":"https:\/\/schema.org","@graph":[{"@type":"WebPage","@id":"https:\/\/ringoyotto.com\/producto\/pienso-harper-and-bone-para-gatos-esterilizados-fresh-market\/","url":"https:\/\/ringoyotto.com\/producto\/pienso-harper-and-bone-para-gatos-esterilizados-fresh-market\/","name":"Pienso Harper and Bone para gatos esterilizados: Fresh Market - Ringo &amp; Otto","isPartOf":{"@id":"https:\/\/ringoyotto.com\/#website"},"primaryImageOfPage":{"@id":"https:\/\/ringoyotto.com\/producto\/pienso-harper-and-bone-para-gatos-esterilizados-fresh-market\/#primaryimage"},"image":{"@id":"https:\/\/ringoyotto.com\/producto\/pienso-harper-and-bone-para-gatos-esterilizados-fresh-market\/#primaryimage"},"thumbnailUrl":"https:\/\/ringoyotto.com\/wp-content\/uploads\/2024\/11\/Imagen15-removebg-preview.png","datePublished":"2024-11-05T22:33:16+00:00","dateModified":"2025-05-10T16:05:55+00:00","breadcrumb":{"@id":"https:\/\/ringoyotto.com\/producto\/pienso-harper-and-bone-para-gatos-esterilizados-fresh-market\/#breadcrumb"},"inLanguage":"en-GB","potentialAction":[{"@type":"ReadAction","target":["https:\/\/ringoyotto.com\/producto\/pienso-harper-and-bone-para-gatos-esterilizados-fresh-market\/"]}]},{"@type":"ImageObject","inLanguage":"en-GB","@id":"https:\/\/ringoyotto.com\/producto\/pienso-harper-and-bone-para-gatos-esterilizados-fresh-market\/#primaryimage","url":"https:\/\/ringoyotto.com\/wp-content\/uploads\/2024\/11\/Imagen15-removebg-preview.png","contentUrl":"https:\/\/ringoyotto.com\/wp-content\/uploads\/2024\/11\/Imagen15-removebg-preview.png","width":397,"height":628},{"@type":"BreadcrumbList","@id":"https:\/\/ringoyotto.com\/producto\/pienso-harper-and-bone-para-gatos-esterilizados-fresh-market\/#breadcrumb","itemListElement":[{"@type":"ListItem","position":1,"name":"Portada","item":"https:\/\/ringoyotto.com\/"},{"@type":"ListItem","position":2,"name":"Tienda","item":"https:\/\/ringoyotto.com\/tienda\/"},{"@type":"ListItem","position":3,"name":"Pienso Harper and Bone para gatos esterilizados: Fresh Market"}]},{"@type":"WebSite","@id":"https:\/\/ringoyotto.com\/#website","url":"https:\/\/ringoyotto.com\/","name":"Ringo & Otto","description":"Productos para perros y gatos","publisher":{"@id":"https:\/\/ringoyotto.com\/#organization"},"potentialAction":[{"@type":"SearchAction","target":{"@type":"EntryPoint","urlTemplate":"https:\/\/ringoyotto.com\/?s={search_term_string}"},"query-input":{"@type":"PropertyValueSpecification","valueRequired":true,"valueName":"search_term_string"}}],"inLanguage":"en-GB"},{"@type":"Organization","@id":"https:\/\/ringoyotto.com\/#organization","name":"Ringo & Otto","url":"https:\/\/ringoyotto.com\/","logo":{"@type":"ImageObject","inLanguage":"en-GB","@id":"https:\/\/ringoyotto.com\/#\/schema\/logo\/image\/","url":"https:\/\/ringoyotto.com\/wp-content\/uploads\/2024\/09\/167919506_134587955336806_6223653715767570006_n-removebg-preview.png","contentUrl":"https:\/\/ringoyotto.com\/wp-content\/uploads\/2024\/09\/167919506_134587955336806_6223653715767570006_n-removebg-preview.png","width":568,"height":439,"caption":"Ringo & Otto"},"image":{"@id":"https:\/\/ringoyotto.com\/#\/schema\/logo\/image\/"},"sameAs":["https:\/\/www.facebook.com\/ringoyotto","https:\/\/www.instagram.com\/ringoyotto\/?hl=es","https:\/\/www.tiktok.com\/@ringoyotto"]}]}},"_links":{"self":[{"href":"https:\/\/ringoyotto.com\/en\/wp-json\/wp\/v2\/product\/733","targetHints":{"allow":["GET"]}}],"collection":[{"href":"https:\/\/ringoyotto.com\/en\/wp-json\/wp\/v2\/product"}],"about":[{"href":"https:\/\/ringoyotto.com\/en\/wp-json\/wp\/v2\/types\/product"}],"wp:featuredmedia":[{"embeddable":true,"href":"https:\/\/ringoyotto.com\/en\/wp-json\/wp\/v2\/media\/676"}],"wp:attachment":[{"href":"https:\/\/ringoyotto.com\/en\/wp-json\/wp\/v2\/media?parent=733"}],"wp:term":[{"taxonomy":"product_brand","embeddable":true,"href":"https:\/\/ringoyotto.com\/en\/wp-json\/wp\/v2\/product_brand?post=733"},{"taxonomy":"product_cat","embeddable":true,"href":"https:\/\/ringoyotto.com\/en\/wp-json\/wp\/v2\/product_cat?post=733"},{"taxonomy":"product_tag","embeddable":true,"href":"https:\/\/ringoyotto.com\/en\/wp-json\/wp\/v2\/product_tag?post=733"},{"taxonomy":"para_quien","embeddable":true,"href":"https:\/\/ringoyotto.com\/en\/wp-json\/wp\/v2\/para_quien?post=733"}],"curies":[{"name":"wp","href":"https:\/\/api.w.org\/{rel}","templated":true}]}}