{"id":743,"date":"2024-11-05T22:33:17","date_gmt":"2024-11-05T22:33:17","guid":{"rendered":"https:\/\/ringoyotto.com\/producto\/pienso-harper-and-bone-para-adultos-mini-fresh-market\/"},"modified":"2025-05-10T18:05:53","modified_gmt":"2025-05-10T16:05:53","slug":"pienso-harper-and-bone-para-adultos-mini-fresh-market","status":"publish","type":"product","link":"https:\/\/ringoyotto.com\/en\/product\/pienso-harper-and-bone-para-adultos-mini-fresh-market\/","title":{"rendered":"Pienso Harper and Bone para adultos mini: Fresh market"},"content":{"rendered":"<p>Composici\u00f3n:<\/p>\n<p>Pavo deshidratado 15,1%, patata deshidratada, guisantes verdes enteros, aceite de pollo (protegido con tocoferoles naturales) 9,5%, pato deshidratado 4,3%, h\u00edgado de cordero preparado en fresco 4,3%, pavo deshuesado preparado en fresco 4,3%, cordero deshidratado 4,3%, garbanzos enteros 4,3%, cerdo ib\u00e9rico deshuesado preparado en fresco 4,3%, fibra de manzana, pulpa de remolacha, cerdo ib\u00e9rico deshidratado 3,3%, patata dulce deshidratada 2,6%, pavo hidrolizado 1,7%, h\u00edgado de cerdo hidrolizado 0,9%, h\u00edgado de cordero hidrolizado 0,9%, h\u00edgado de pollo hidrolizado 0,9%, semillas de lino (fuente natural de \u00e1cidos grasos \u03c93) 0,6%, aceite de pescado (protegido con tocoferoles naturales) 0,4%, levaduras (Saccharomyces cerevisiae), algarroba, minerales, br\u00f3coli fresco 1000 mg\/kg, calabaza fresca 1000 mg\/ kg, manzanas frescas 1000 mg\/kg, zanahorias frescas 1000 mg\/kg, glucosamina 1000 mg\/kg, condroitina 600 mg\/kg, pared celular hidrolizada de levaduras (fuente de MOS) 500 mg\/kg, achicoria (fuente de FOS) 500 mg\/kg, extracto de mandarina 500 mg\/kg, Yucca schidigera 200 mg\/kg, alga kelp 30 mg\/kg, ar\u00e1ndanos rojos enteros 30 mg\/kg, rosa canina (rica en vitamina C) 30 mg\/kg, t\u00e9 verde 30 mg\/kg, c\u00farcuma 30 mg\/kg.<\/p>\n<div class=\"product_detail-description\">\n<div class=\"block__container\">\n<p class=\"composition__title\">Componentes anal\u00edticos:<\/p>\n<p class=\"composition__value\">Prote\u00edna bruta 29%, grasa bruta 18%, fibra bruta 4%, ceniza bruta 7,75%. \u00e1cidos grasos Omega 6 2,75%, \u00e1cidos grasos Omega 3 0,40%, calcio 1,90%.<\/p>\n<p class=\"composition__value\">Energ\u00eda metabolizable 3.840kcal\/kg.<\/p>\n<\/div>\n<\/div>\n<div class=\"product_detail-description\">\n<div class=\"block__container\">\n<p class=\"composition__title\">Aditivos nutricionales\/kg:<\/p>\n<p class=\"composition__value\">Vitamina A 20.000 IU\/kg. Vitamina D3 1.800 IU\/kg. Vitamina E 200 mg\/kg. Vitamina C 75 mg\/kg. Hierro (quelato de hierro (II) de amino\u00e1cidos hidratado) 45 mg\/kg. Cobre (quelato de cobre (II) de amino\u00e1cidos hidratado) 7 mg\/kg. Manganeso (quelato de manganeso de amino\u00e1cidos hidratado) 15 mg\/kg. Zinc (quelato de zinc de amino\u00e1cidos hidratado) 85 mg\/kg. Levadura selenizada Saccharomyces cerevisiae NCYC R397, inactivada (Complejo de levadura de selenio) 0,2 mg\/kg. Taurina 370 mg\/kg.<\/p>\n<\/div>\n<\/div>\n<p>&nbsp;<\/p>\n<p>&nbsp;<\/p>","protected":false},"excerpt":{"rendered":"<p>Alimentaci\u00f3n seca completa para perros adultos peque\u00f1os. Repleto de los fant\u00e1sticos sabores que nos ofrecen los <strong>productos frescos del mercado<\/strong>. Una mezcla sabrosa y rebosante de prote\u00ednas que incluye <strong>pato, pavo, cordero y cerdo ib\u00e9rico<\/strong> de la mejor calidad, adem\u00e1s de frutas y verduras frescas.<\/p>\n<p>Receta <strong>sin cereales<\/strong>.<\/p>\n<p>Saco de\u00a0<strong>2 kg.<\/strong><\/p>","protected":false},"featured_media":666,"template":"","meta":[],"product_brand":[91],"product_cat":[23,25],"product_tag":[],"para_quien":[99],"class_list":{"0":"post-743","1":"product","2":"type-product","3":"status-publish","4":"has-post-thumbnail","6":"product_brand-harper-bone","7":"product_cat-1-alimentacion","8":"product_cat-comida-seca","9":"para_quien-perro","11":"first","12":"instock","13":"taxable","14":"shipping-taxable","15":"purchasable","16":"product-type-simple"},"yoast_head":"<!-- This site is optimized with the Yoast SEO plugin v27.4 - https:\/\/yoast.com\/product\/yoast-seo-wordpress\/ -->\n<title>Pienso Harper and Bone para adultos mini: Fresh market - Ringo &amp; Otto<\/title>\n<meta name=\"robots\" content=\"index, follow, max-snippet:-1, max-image-preview:large, max-video-preview:-1\" \/>\n<link rel=\"canonical\" href=\"https:\/\/ringoyotto.com\/en\/product\/pienso-harper-and-bone-para-adultos-mini-fresh-market\/\" \/>\n<meta property=\"og:locale\" content=\"en_GB\" \/>\n<meta property=\"og:type\" content=\"article\" \/>\n<meta property=\"og:title\" content=\"Pienso Harper and Bone para adultos mini: Fresh market - Ringo &amp; Otto\" \/>\n<meta property=\"og:description\" content=\"Alimentaci\u00f3n seca completa para perros adultos peque\u00f1os. Repleto de los fant\u00e1sticos sabores que nos ofrecen los productos frescos del mercado. Una mezcla sabrosa y rebosante de prote\u00ednas que incluye pato, pavo, cordero y cerdo ib\u00e9rico de la mejor calidad, adem\u00e1s de frutas y verduras frescas.  Receta sin cereales.  Saco de\u00a02 kg.\" \/>\n<meta property=\"og:url\" content=\"https:\/\/ringoyotto.com\/en\/product\/pienso-harper-and-bone-para-adultos-mini-fresh-market\/\" \/>\n<meta property=\"og:site_name\" content=\"Ringo &amp; Otto\" \/>\n<meta property=\"article:publisher\" content=\"https:\/\/www.facebook.com\/ringoyotto\" \/>\n<meta property=\"article:modified_time\" content=\"2025-05-10T16:05:53+00:00\" \/>\n<meta property=\"og:image\" content=\"https:\/\/ringoyotto.com\/wp-content\/uploads\/2024\/11\/Imagen25-removebg-preview.png\" \/>\n\t<meta property=\"og:image:width\" content=\"397\" \/>\n\t<meta property=\"og:image:height\" content=\"628\" \/>\n\t<meta property=\"og:image:type\" content=\"image\/png\" \/>\n<meta name=\"twitter:card\" content=\"summary_large_image\" \/>\n<meta name=\"twitter:label1\" content=\"Estimated reading time\" \/>\n\t<meta name=\"twitter:data1\" content=\"2 minutes\" \/>\n<script type=\"application\/ld+json\" class=\"yoast-schema-graph\">{\"@context\":\"https:\\\/\\\/schema.org\",\"@graph\":[{\"@type\":\"WebPage\",\"@id\":\"https:\\\/\\\/ringoyotto.com\\\/producto\\\/pienso-harper-and-bone-para-adultos-mini-fresh-market\\\/\",\"url\":\"https:\\\/\\\/ringoyotto.com\\\/producto\\\/pienso-harper-and-bone-para-adultos-mini-fresh-market\\\/\",\"name\":\"Pienso Harper and Bone para adultos mini: Fresh market - Ringo &amp; Otto\",\"isPartOf\":{\"@id\":\"https:\\\/\\\/ringoyotto.com\\\/#website\"},\"primaryImageOfPage\":{\"@id\":\"https:\\\/\\\/ringoyotto.com\\\/producto\\\/pienso-harper-and-bone-para-adultos-mini-fresh-market\\\/#primaryimage\"},\"image\":{\"@id\":\"https:\\\/\\\/ringoyotto.com\\\/producto\\\/pienso-harper-and-bone-para-adultos-mini-fresh-market\\\/#primaryimage\"},\"thumbnailUrl\":\"https:\\\/\\\/ringoyotto.com\\\/wp-content\\\/uploads\\\/2024\\\/11\\\/Imagen25-removebg-preview.png\",\"datePublished\":\"2024-11-05T22:33:17+00:00\",\"dateModified\":\"2025-05-10T16:05:53+00:00\",\"breadcrumb\":{\"@id\":\"https:\\\/\\\/ringoyotto.com\\\/producto\\\/pienso-harper-and-bone-para-adultos-mini-fresh-market\\\/#breadcrumb\"},\"inLanguage\":\"en-GB\",\"potentialAction\":[{\"@type\":\"ReadAction\",\"target\":[\"https:\\\/\\\/ringoyotto.com\\\/producto\\\/pienso-harper-and-bone-para-adultos-mini-fresh-market\\\/\"]}]},{\"@type\":\"ImageObject\",\"inLanguage\":\"en-GB\",\"@id\":\"https:\\\/\\\/ringoyotto.com\\\/producto\\\/pienso-harper-and-bone-para-adultos-mini-fresh-market\\\/#primaryimage\",\"url\":\"https:\\\/\\\/ringoyotto.com\\\/wp-content\\\/uploads\\\/2024\\\/11\\\/Imagen25-removebg-preview.png\",\"contentUrl\":\"https:\\\/\\\/ringoyotto.com\\\/wp-content\\\/uploads\\\/2024\\\/11\\\/Imagen25-removebg-preview.png\",\"width\":397,\"height\":628},{\"@type\":\"BreadcrumbList\",\"@id\":\"https:\\\/\\\/ringoyotto.com\\\/producto\\\/pienso-harper-and-bone-para-adultos-mini-fresh-market\\\/#breadcrumb\",\"itemListElement\":[{\"@type\":\"ListItem\",\"position\":1,\"name\":\"Portada\",\"item\":\"https:\\\/\\\/ringoyotto.com\\\/\"},{\"@type\":\"ListItem\",\"position\":2,\"name\":\"Tienda\",\"item\":\"https:\\\/\\\/ringoyotto.com\\\/tienda\\\/\"},{\"@type\":\"ListItem\",\"position\":3,\"name\":\"Pienso Harper and Bone para adultos mini: Fresh market\"}]},{\"@type\":\"WebSite\",\"@id\":\"https:\\\/\\\/ringoyotto.com\\\/#website\",\"url\":\"https:\\\/\\\/ringoyotto.com\\\/\",\"name\":\"Ringo & Otto\",\"description\":\"Productos para perros y gatos\",\"publisher\":{\"@id\":\"https:\\\/\\\/ringoyotto.com\\\/#organization\"},\"potentialAction\":[{\"@type\":\"SearchAction\",\"target\":{\"@type\":\"EntryPoint\",\"urlTemplate\":\"https:\\\/\\\/ringoyotto.com\\\/?s={search_term_string}\"},\"query-input\":{\"@type\":\"PropertyValueSpecification\",\"valueRequired\":true,\"valueName\":\"search_term_string\"}}],\"inLanguage\":\"en-GB\"},{\"@type\":\"Organization\",\"@id\":\"https:\\\/\\\/ringoyotto.com\\\/#organization\",\"name\":\"Ringo & Otto\",\"url\":\"https:\\\/\\\/ringoyotto.com\\\/\",\"logo\":{\"@type\":\"ImageObject\",\"inLanguage\":\"en-GB\",\"@id\":\"https:\\\/\\\/ringoyotto.com\\\/#\\\/schema\\\/logo\\\/image\\\/\",\"url\":\"https:\\\/\\\/ringoyotto.com\\\/wp-content\\\/uploads\\\/2024\\\/09\\\/167919506_134587955336806_6223653715767570006_n-removebg-preview.png\",\"contentUrl\":\"https:\\\/\\\/ringoyotto.com\\\/wp-content\\\/uploads\\\/2024\\\/09\\\/167919506_134587955336806_6223653715767570006_n-removebg-preview.png\",\"width\":568,\"height\":439,\"caption\":\"Ringo & Otto\"},\"image\":{\"@id\":\"https:\\\/\\\/ringoyotto.com\\\/#\\\/schema\\\/logo\\\/image\\\/\"},\"sameAs\":[\"https:\\\/\\\/www.facebook.com\\\/ringoyotto\",\"https:\\\/\\\/www.instagram.com\\\/ringoyotto\\\/?hl=es\",\"https:\\\/\\\/www.tiktok.com\\\/@ringoyotto\"]}]}<\/script>\n<!-- \/ Yoast SEO plugin. -->","yoast_head_json":{"title":"Pienso Harper and Bone para adultos mini: Fresh market - Ringo &amp; Otto","robots":{"index":"index","follow":"follow","max-snippet":"max-snippet:-1","max-image-preview":"max-image-preview:large","max-video-preview":"max-video-preview:-1"},"canonical":"https:\/\/ringoyotto.com\/en\/product\/pienso-harper-and-bone-para-adultos-mini-fresh-market\/","og_locale":"en_GB","og_type":"article","og_title":"Pienso Harper and Bone para adultos mini: Fresh market - Ringo &amp; Otto","og_description":"Alimentaci\u00f3n seca completa para perros adultos peque\u00f1os. Repleto de los fant\u00e1sticos sabores que nos ofrecen los productos frescos del mercado. Una mezcla sabrosa y rebosante de prote\u00ednas que incluye pato, pavo, cordero y cerdo ib\u00e9rico de la mejor calidad, adem\u00e1s de frutas y verduras frescas.  Receta sin cereales.  Saco de\u00a02 kg.","og_url":"https:\/\/ringoyotto.com\/en\/product\/pienso-harper-and-bone-para-adultos-mini-fresh-market\/","og_site_name":"Ringo &amp; Otto","article_publisher":"https:\/\/www.facebook.com\/ringoyotto","article_modified_time":"2025-05-10T16:05:53+00:00","og_image":[{"width":397,"height":628,"url":"https:\/\/ringoyotto.com\/wp-content\/uploads\/2024\/11\/Imagen25-removebg-preview.png","type":"image\/png"}],"twitter_card":"summary_large_image","twitter_misc":{"Estimated reading time":"2 minutes"},"schema":{"@context":"https:\/\/schema.org","@graph":[{"@type":"WebPage","@id":"https:\/\/ringoyotto.com\/producto\/pienso-harper-and-bone-para-adultos-mini-fresh-market\/","url":"https:\/\/ringoyotto.com\/producto\/pienso-harper-and-bone-para-adultos-mini-fresh-market\/","name":"Pienso Harper and Bone para adultos mini: Fresh market - Ringo &amp; Otto","isPartOf":{"@id":"https:\/\/ringoyotto.com\/#website"},"primaryImageOfPage":{"@id":"https:\/\/ringoyotto.com\/producto\/pienso-harper-and-bone-para-adultos-mini-fresh-market\/#primaryimage"},"image":{"@id":"https:\/\/ringoyotto.com\/producto\/pienso-harper-and-bone-para-adultos-mini-fresh-market\/#primaryimage"},"thumbnailUrl":"https:\/\/ringoyotto.com\/wp-content\/uploads\/2024\/11\/Imagen25-removebg-preview.png","datePublished":"2024-11-05T22:33:17+00:00","dateModified":"2025-05-10T16:05:53+00:00","breadcrumb":{"@id":"https:\/\/ringoyotto.com\/producto\/pienso-harper-and-bone-para-adultos-mini-fresh-market\/#breadcrumb"},"inLanguage":"en-GB","potentialAction":[{"@type":"ReadAction","target":["https:\/\/ringoyotto.com\/producto\/pienso-harper-and-bone-para-adultos-mini-fresh-market\/"]}]},{"@type":"ImageObject","inLanguage":"en-GB","@id":"https:\/\/ringoyotto.com\/producto\/pienso-harper-and-bone-para-adultos-mini-fresh-market\/#primaryimage","url":"https:\/\/ringoyotto.com\/wp-content\/uploads\/2024\/11\/Imagen25-removebg-preview.png","contentUrl":"https:\/\/ringoyotto.com\/wp-content\/uploads\/2024\/11\/Imagen25-removebg-preview.png","width":397,"height":628},{"@type":"BreadcrumbList","@id":"https:\/\/ringoyotto.com\/producto\/pienso-harper-and-bone-para-adultos-mini-fresh-market\/#breadcrumb","itemListElement":[{"@type":"ListItem","position":1,"name":"Portada","item":"https:\/\/ringoyotto.com\/"},{"@type":"ListItem","position":2,"name":"Tienda","item":"https:\/\/ringoyotto.com\/tienda\/"},{"@type":"ListItem","position":3,"name":"Pienso Harper and Bone para adultos mini: Fresh market"}]},{"@type":"WebSite","@id":"https:\/\/ringoyotto.com\/#website","url":"https:\/\/ringoyotto.com\/","name":"Ringo & Otto","description":"Productos para perros y gatos","publisher":{"@id":"https:\/\/ringoyotto.com\/#organization"},"potentialAction":[{"@type":"SearchAction","target":{"@type":"EntryPoint","urlTemplate":"https:\/\/ringoyotto.com\/?s={search_term_string}"},"query-input":{"@type":"PropertyValueSpecification","valueRequired":true,"valueName":"search_term_string"}}],"inLanguage":"en-GB"},{"@type":"Organization","@id":"https:\/\/ringoyotto.com\/#organization","name":"Ringo & Otto","url":"https:\/\/ringoyotto.com\/","logo":{"@type":"ImageObject","inLanguage":"en-GB","@id":"https:\/\/ringoyotto.com\/#\/schema\/logo\/image\/","url":"https:\/\/ringoyotto.com\/wp-content\/uploads\/2024\/09\/167919506_134587955336806_6223653715767570006_n-removebg-preview.png","contentUrl":"https:\/\/ringoyotto.com\/wp-content\/uploads\/2024\/09\/167919506_134587955336806_6223653715767570006_n-removebg-preview.png","width":568,"height":439,"caption":"Ringo & Otto"},"image":{"@id":"https:\/\/ringoyotto.com\/#\/schema\/logo\/image\/"},"sameAs":["https:\/\/www.facebook.com\/ringoyotto","https:\/\/www.instagram.com\/ringoyotto\/?hl=es","https:\/\/www.tiktok.com\/@ringoyotto"]}]}},"_links":{"self":[{"href":"https:\/\/ringoyotto.com\/en\/wp-json\/wp\/v2\/product\/743","targetHints":{"allow":["GET"]}}],"collection":[{"href":"https:\/\/ringoyotto.com\/en\/wp-json\/wp\/v2\/product"}],"about":[{"href":"https:\/\/ringoyotto.com\/en\/wp-json\/wp\/v2\/types\/product"}],"wp:featuredmedia":[{"embeddable":true,"href":"https:\/\/ringoyotto.com\/en\/wp-json\/wp\/v2\/media\/666"}],"wp:attachment":[{"href":"https:\/\/ringoyotto.com\/en\/wp-json\/wp\/v2\/media?parent=743"}],"wp:term":[{"taxonomy":"product_brand","embeddable":true,"href":"https:\/\/ringoyotto.com\/en\/wp-json\/wp\/v2\/product_brand?post=743"},{"taxonomy":"product_cat","embeddable":true,"href":"https:\/\/ringoyotto.com\/en\/wp-json\/wp\/v2\/product_cat?post=743"},{"taxonomy":"product_tag","embeddable":true,"href":"https:\/\/ringoyotto.com\/en\/wp-json\/wp\/v2\/product_tag?post=743"},{"taxonomy":"para_quien","embeddable":true,"href":"https:\/\/ringoyotto.com\/en\/wp-json\/wp\/v2\/para_quien?post=743"}],"curies":[{"name":"wp","href":"https:\/\/api.w.org\/{rel}","templated":true}]}}